{"id":23327,"date":"2024-04-26T09:55:29","date_gmt":"2024-04-26T14:55:29","guid":{"rendered":"http:\/\/3.131.240.186\/lesiones-cerebrales-traumaticas-tbi\/"},"modified":"2026-01-06T02:30:48","modified_gmt":"2026-01-06T07:30:48","slug":"lesiones-cerebrales-traumaticas-tbi","status":"publish","type":"page","link":"https:\/\/austinaccidentlawyer.com\/es\/lesiones-cerebrales-traumaticas-tbi\/","title":{"rendered":"Lesiones cerebrales traum\u00e1ticas (TBI)"},"content":{"rendered":"<h1>Lesiones cerebrales traum\u00e1ticas (TBI)<\/h1>\n\n<p><strong>Causas de lesiones cerebrales traum\u00e1ticas<\/strong><\/p>\n\n<p>M\u00e1s de la mitad de las lesiones cerebrales traum\u00e1ticas o TCE son el resultado de una <a href=\"https:\/\/austinaccidentlawyer.com\/practice-areas\/slip-and-fall-injury-lawyers\/\">ca\u00edda<\/a>, seg\u00fan los Centros para el Control y la Prevenci\u00f3n de Enfermedades.\u00bb Otras causas principales de TBI son los <a href=\"https:\/\/austinaccidentlawyer.com\/practice-areas\/car-accident-lawyers\/\">accidentes automovil\u00edsticos que involucran autom\u00f3viles<\/a> , <a href=\"https:\/\/austinaccidentlawyer.com\/practice-areas\/motorcycle-accident-attorney\/\">motocicletas<\/a> , bicicletas, <a href=\"https:\/\/austinaccidentlawyer.com\/practice-areas\/pedestrian-accident-lawyers\/\">peatones<\/a> e incluso botes. La violencia es otra causa de TBI que incluye heridas de bala, violencia dom\u00e9stica, abuso infantil y otros tipos de agresiones. Las lesiones deportivas son causas muy comunes de TBI (conmociones cerebrales), especialmente en el f\u00fatbol y el f\u00fatbol. Las explosiones y otras lesiones relacionadas con el combate tambi\u00e9n son causas comunes de TCE en el personal militar en servicio activo. Los investigadores creen que la onda de presi\u00f3n que atraviesa el cerebro interrumpe significativamente la funci\u00f3n cerebral. Cada vez que una persona es golpeada por o contra un objeto con fuerza contundente, un traumatismo accidental, una agresi\u00f3n, un objeto que penetra el tejido cerebral (bala) o un trozo roto de cr\u00e1neo y un accidente automovil\u00edstico la pone en riesgo de sufrir una <a href=\"https:\/\/austinaccidentlawyer.com\/practice-areas\/austin-personal-injury-attorney-lawyer\/austin-brain-injury-lawyers\/\">lesi\u00f3n cerebral traum\u00e1tica.<\/a><\/p>\n\n<figure class=\"wp-block-image aligncenter size-large is-resized\"><img decoding=\"async\" width=\"1024\" height=\"683\" src=\"https:\/\/austinaccidentlawyer.com\/wp-content\/uploads\/2018\/12\/billionphotos-1633677-4-1024x683.jpg\" alt=\"lesi&#xF3;n cerebral traum&#xE1;tica\" class=\"wp-image-8257\" style=\"width:512px;height:342px\" srcset=\"https:\/\/austinaccidentlawyer.com\/wp-content\/uploads\/2018\/12\/billionphotos-1633677-4-1024x683.jpg 1024w, https:\/\/austinaccidentlawyer.com\/wp-content\/uploads\/2018\/12\/billionphotos-1633677-4-300x200.jpg 300w, https:\/\/austinaccidentlawyer.com\/wp-content\/uploads\/2018\/12\/billionphotos-1633677-4-768x512.jpg 768w, https:\/\/austinaccidentlawyer.com\/wp-content\/uploads\/2018\/12\/billionphotos-1633677-4-1536x1024.jpg 1536w, https:\/\/austinaccidentlawyer.com\/wp-content\/uploads\/2018\/12\/billionphotos-1633677-4-2048x1365.jpg 2048w, https:\/\/austinaccidentlawyer.com\/wp-content\/uploads\/2018\/12\/billionphotos-1633677-4-1080x720.jpg 1080w, https:\/\/austinaccidentlawyer.com\/wp-content\/uploads\/2018\/12\/billionphotos-1633677-4-1280x854.jpg 1280w, https:\/\/austinaccidentlawyer.com\/wp-content\/uploads\/2018\/12\/billionphotos-1633677-4-980x653.jpg 980w, https:\/\/austinaccidentlawyer.com\/wp-content\/uploads\/2018\/12\/billionphotos-1633677-4-480x320.jpg 480w\" sizes=\"(max-width: 1024px) 100vw, 1024px\" \/><\/figure>\n\n<p>Una lesi\u00f3n cerebral traum\u00e1tica es causada por un golpe o sacudida en la cabeza que interrumpe el funcionamiento normal del cerebro. No todos los golpes o sacudidas en la cabeza resultan en una lesi\u00f3n cerebral traum\u00e1tica. La mayor\u00eda de las LCT que ocurren son leves y lo que normalmente llamamos <a href=\"https:\/\/austinaccidentlawyer.com\/practice-areas\/serious-personal-injury\/brain-injury-lawyers\/concussion-injury\/\">conmoci\u00f3n cerebral<\/a> .<\/p>\n\n<h2 class=\"wp-block-heading\">Efectos de una lesi\u00f3n cerebral traum\u00e1tica<\/h2>\n\n<p>Despu\u00e9s de una lesi\u00f3n, es posible que ciertas partes del cerebro no funcionen de manera \u00f3ptima y que los <strong>efectos completos de una lesi\u00f3n cerebral no aparezcan durante meses o incluso a\u00f1os<\/strong> . Algunas de estas lesiones cerebrales pueden afectar s\u00f3lo temporalmente las c\u00e9lulas cerebrales, mientras que una lesi\u00f3n cerebral m\u00e1s grave, como una hemorragia cerebral, puede provocar <a href=\"https:\/\/austinaccidentlawyer.com\/practice-areas\/serious-personal-injury\/\">complicaciones a largo plazo<\/a> o la<a href=\"https:\/\/austinaccidentlawyer.com\/practice-areas\/wrongful-death-attorney\/\"> muerte<\/a>.<\/p>\n\n<h2 class=\"wp-block-heading\">S\u00edntomas de una lesi\u00f3n cerebral traum\u00e1tica<\/h2>\n\n<p>Algunos s\u00edntomas de una lesi\u00f3n cerebral traum\u00e1tica son:<\/p>\n\n<ul class=\"wp-block-list\">\n<li>dificultad para pensar con claridad<\/li>\n\n\n\n<li>sentirse ralentizado<\/li>\n\n\n\n<li>dificultad para concentrarse<\/li>\n\n\n\n<li>dificultad para recordar nueva informaci\u00f3n<\/li>\n\n\n\n<li>dolor de cabeza<\/li>\n\n\n\n<li>visi\u00f3n borrosa o borrosa<\/li>\n\n\n\n<li>n\u00e1useas o v\u00f3mitos<\/li>\n\n\n\n<li>mareo<\/li>\n\n\n\n<li>sensibilidad al ruido o la luz<\/li>\n\n\n\n<li>problemas de equilibrio<\/li>\n\n\n\n<li>sensaci\u00f3n de cansancio<\/li>\n\n\n\n<li>sin energ\u00eda<\/li>\n\n\n\n<li>irritabilidad<\/li>\n\n\n\n<li>tristeza<\/li>\n\n\n\n<li>more emotional, nervousness, or anxiety<\/li>\n\n\n\n<li>durmiendo m\u00e1s de lo habitual<\/li>\n\n\n\n<li>dormir menos de lo habitual o dificultad para conciliar el sue\u00f1o.<\/li>\n<\/ul>\n\n<p>Estos s\u00edntomas suelen aparecer de inmediato, pero pueden pasarse por alto durante meses despu\u00e9s de la lesi\u00f3n o hasta que la persona intente reanudar sus actividades diarias. Las personas pueden verse bien, pero pueden actuar y sentirse de manera diferente.<\/p>\n\n<p>Si ha sufrido un golpe o sacudida en la cabeza y tiene dolor de cabeza que empeora y no desaparece, debilidad, entumecimiento o disminuci\u00f3n de la coordinaci\u00f3n, v\u00f3mitos o n\u00e1useas repetidos y dificultad para hablar, debe buscar atenci\u00f3n m\u00e9dica de inmediato. Estos s\u00edntomas pueden ser una se\u00f1al de sangrado en el cerebro y requieren cirug\u00eda inmediata.<\/p>\n\n<h3 class=\"wp-block-heading\">Reducir el riesgo de lesi\u00f3n cerebral traum\u00e1tica en los autom\u00f3viles<\/h3>\n\n<p>Estos s\u00edntomas pueden ser una se\u00f1al de sangrado en el cerebro y requieren cirug\u00eda inmediata. Los ni\u00f1os peque\u00f1os siempre deben sentarse en el asiento trasero del autom\u00f3vil con un asiento para autom\u00f3vil o un asiento elevado, lo que sea m\u00e1s apropiado para su altura y peso.<\/p>\n\n<p>No conduzca bajo los efectos del alcohol o las drogas. Tenga un conductor designado o use UBER.<\/p>\n\n<p>Use siempre casco mientras conduce una bicicleta, patineta, motocicleta o scooter motorizado como un scooter LIME.<\/p>\n\n<h3 class=\"wp-block-heading\">\u00bfTengo una lesi\u00f3n cerebral por un accidente automovil\u00edstico?<\/h3>\n\n<p>Si usted o un ser querido ha estado involucrado en un accidente automovil\u00edstico y ha sufrido una lesi\u00f3n cerebral traum\u00e1tica, entonces el PC de Traub Law Office puede ayudarlo. Ll\u00e1menos al (512) 246-9191 o <a href=\"#contact\">complete el formulario para hablar con un abogado hoy mismo!<\/a><\/p>\n","protected":false},"excerpt":{"rendered":"<p>Lesiones cerebrales traum\u00e1ticas (TBI) Causas de lesiones cerebrales traum\u00e1ticas M\u00e1s de la mitad de las lesiones cerebrales traum\u00e1ticas o TCE son el resultado de una ca\u00edda, seg\u00fan los Centros para el Control y la Prevenci\u00f3n de Enfermedades.\u00bb Otras causas principales de TBI son los accidentes automovil\u00edsticos que involucran autom\u00f3viles , motocicletas , bicicletas, peatones e&#8230;<\/p>\n","protected":false},"author":2,"featured_media":0,"parent":0,"menu_order":0,"comment_status":"closed","ping_status":"closed","template":"","meta":{"_analytify_skip_tracking":false,"footnotes":""},"tags":[],"class_list":[],"_links":{"self":[{"href":"https:\/\/austinaccidentlawyer.com\/es\/wp-json\/wp\/v2\/pages\/23327","targetHints":{"allow":["GET"]}}],"collection":[{"href":"https:\/\/austinaccidentlawyer.com\/es\/wp-json\/wp\/v2\/pages"}],"about":[{"href":"https:\/\/austinaccidentlawyer.com\/es\/wp-json\/wp\/v2\/types\/page"}],"author":[{"embeddable":true,"href":"https:\/\/austinaccidentlawyer.com\/es\/wp-json\/wp\/v2\/users\/2"}],"replies":[{"embeddable":true,"href":"https:\/\/austinaccidentlawyer.com\/es\/wp-json\/wp\/v2\/comments?post=23327"}],"version-history":[{"count":0,"href":"https:\/\/austinaccidentlawyer.com\/es\/wp-json\/wp\/v2\/pages\/23327\/revisions"}],"wp:attachment":[{"href":"https:\/\/austinaccidentlawyer.com\/es\/wp-json\/wp\/v2\/media?parent=23327"}],"wp:term":[{"taxonomy":"post_tag","embeddable":true,"href":"https:\/\/austinaccidentlawyer.com\/es\/wp-json\/wp\/v2\/tags?post=23327"}],"curies":[{"name":"wp","href":"https:\/\/api.w.org\/{rel}","templated":true}]}}