{"id":23328,"date":"2024-04-26T09:55:32","date_gmt":"2024-04-26T14:55:32","guid":{"rendered":"http:\/\/3.131.240.186\/disco-herniado-disco-roto-o-disco-deslizado\/"},"modified":"2024-08-16T11:06:29","modified_gmt":"2024-08-16T16:06:29","slug":"disco-herniado-disco-roto-o-disco-deslizado","status":"publish","type":"page","link":"https:\/\/austinaccidentlawyer.com\/es\/disco-herniado-disco-roto-o-disco-deslizado\/","title":{"rendered":"Disco herniado (disco roto o disco deslizado)"},"content":{"rendered":"\n<h1 class=\"wp-block-heading\">Disco herniado (disco roto o disco deslizado)<\/h1>\n\n\n\n<h2 class=\"wp-block-heading\">\u00bfQu\u00e9 es una hernia de disco?<\/h2>\n\n\n\n<figure class=\"wp-block-image aligncenter size-full\"><img decoding=\"async\" width=\"460\" height=\"300\" src=\"https:\/\/austinaccidentlawyer.com\/wp-content\/uploads\/2017\/09\/herniated-disc-5.jpg\" alt=\"\" class=\"wp-image-23141\" srcset=\"https:\/\/austinaccidentlawyer.com\/wp-content\/uploads\/2017\/09\/herniated-disc-5.jpg 460w, https:\/\/austinaccidentlawyer.com\/wp-content\/uploads\/2017\/09\/herniated-disc-5-300x196.jpg 300w\" sizes=\"(max-width: 460px) 100vw, 460px\" \/><\/figure>\n\n\n\n<p>Un disco es un coj\u00edn de goma con forma de rosquilla entre cada uno de los huesos o v\u00e9rtebras individuales que se apilan para formar la columna. El disco es un poco como una rosquilla de gelatina con el centro del disco encerrado dentro de un exterior m\u00e1s resistente. Una hernia de disco tambi\u00e9n se puede denominar disco deslizado o disco roto. Una hernia de disco ocurre cuando parte de la \u00abgelatina\u00bb sale a trav\u00e9s de un desgarro en el exterior m\u00e1s duro.<\/p>\n\n\n\n<p>Cuando se hernia un disco, puede irritar los nervios y provocar dolor, entumecimiento o debilidad que se irradia por el brazo o la pierna, seg\u00fan el disco que est\u00e9 herniado.<\/p>\n\n\n\n<p>Algunas personas pueden tener una hernia de disco y no experimentar ning\u00fan s\u00edntoma, mientras que otras pueden necesitar cirug\u00eda para corregir la hernia.<\/p>\n\n\n\n<h2 class=\"wp-block-heading\">\u00bfQu\u00e9 causa una hernia de disco?<\/h2>\n\n\n\n<p>La causa m\u00e1s com\u00fan de una hernia es el desgaste gradual relacionado con el envejecimiento, llamado degeneraci\u00f3n del disco. los El <strong>proceso de envejecimiento<\/strong> puede hacer que los discos espinales pierdan algo de su contenido de agua, lo que los hace menos flexibles y m\u00e1s propensos a romperse o romperse incluso con una tensi\u00f3n o torsi\u00f3n menor. El t\u00e9rmino m\u00e9dico para esta afecci\u00f3n es enfermedad degenerativa del disco y eventualmente todos tienen esto condici\u00f3n.<\/p>\n\n\n\n<p>A veces, usar los m\u00fasculos de la espalda en lugar de los m\u00fasculos de las piernas y los muslos para levantar un objeto pesado puede provocar una hernia de disco.<\/p>\n\n\n\n<p>Otra causa puede ser un trauma como una <a href=\"https:\/\/austinaccidentlawyer.com\/practice-areas\/slip-and-fall-injury-lawyers\/\">ca\u00edda<\/a> o <a href=\"https:\/\/austinaccidentlawyer.com\/practice-areas\/car-accident-lawyers\/\">un accidente automovil\u00edstico<\/a> . El impacto de un accidente automovil\u00edstico puede causar una hernia de disco, especialmente si la persona est\u00e1 predispuesta a desarrollar una hernia de disco.<\/p>\n\n\n\n<h2 class=\"wp-block-heading\">\u00bfQu\u00e9 factores contribuyen a que se produzca una hernia de disco?<\/h2>\n\n\n\n<p>Algunos factores que pueden aumentar el riesgo de una hernia de disco son el sobrepeso porque el peso corporal adicional provoca una tensi\u00f3n adicional en los discos de la zona lumbar.<\/p>\n\n\n\n<p>Una ocupaci\u00f3n f\u00edsicamente exigente puede aumentar el riesgo, como un trabajo con levantar, tirar, empujar o agacharse y girar repetidamente.<\/p>\n\n\n\n<p>Finalmente, la gen\u00e9tica puede representar un riesgo mayor porque algunas personas est\u00e1n predispuestas a desarrollar una hernia de disco.<\/p>\n\n\n\n<h2 class=\"wp-block-heading\">\u00bfQu\u00e9 debo hacer si creo que tengo una hernia de disco?<\/h2>\n\n\n\n<p>Debe buscar atenci\u00f3n m\u00e9dica de emergencia si tiene s\u00edntomas que empeoran, como dolor, entumecimiento o debilidad hasta el punto de que no pueda realizar sus actividades diarias habituales, si tiene disfunci\u00f3n de la vejiga o del intestino, como incontinencia o dificultad para orinar incluso con un vejiga llena. Busque atenci\u00f3n m\u00e9dica de emergencia si tiene \u00abAnestesia en silla de montar\u00bb, que es la p\u00e9rdida progresiva de la sensibilidad que afecta las \u00e1reas que tocar\u00edan una silla de montar, la parte interna de los muslos, la parte posterior de las piernas y el \u00e1rea alrededor del recto.<\/p>\n\n\n\n<p>Para prevenir una hernia que no sea causada por un traumatismo, mantenga una buena postura, haga ejercicio para fortalecer los m\u00fasculos del tronco que ayudan a estabilizar y sostener la columna y mantener un peso saludable.<\/p>\n\n\n\n<p>Si ha experimentado un trauma, como un accidente automovil\u00edstico, una vez que haya obtenido atenci\u00f3n m\u00e9dica, el siguiente paso ser\u00eda comunicarse con un abogado de lesiones personales para que lo ayude con las facturas m\u00e9dicas, la p\u00e9rdida de salarios y los da\u00f1os a la propiedad.<\/p>\n\n\n\n<p>La oficina de abogados de Traub se destaca por ayudar a nuestros clientes que sufrieron una hernia de disco debido a un trauma. Ll\u00e1menos al (512) 246-9191 o complete el formulario a continuaci\u00f3n si necesita nuestra ayuda.<\/p>\n","protected":false},"excerpt":{"rendered":"<p>Disco herniado (disco roto o disco deslizado) \u00bfQu\u00e9 es una hernia de disco? Un disco es un coj\u00edn de goma con forma de rosquilla entre cada uno de los huesos o v\u00e9rtebras individuales que se apilan para formar la columna. El disco es un poco como una rosquilla de gelatina con el centro del disco&#8230;<\/p>\n","protected":false},"author":3,"featured_media":0,"parent":0,"menu_order":0,"comment_status":"closed","ping_status":"closed","template":"","meta":{"_analytify_skip_tracking":false,"footnotes":""},"tags":[],"class_list":[],"_links":{"self":[{"href":"https:\/\/austinaccidentlawyer.com\/es\/wp-json\/wp\/v2\/pages\/23328","targetHints":{"allow":["GET"]}}],"collection":[{"href":"https:\/\/austinaccidentlawyer.com\/es\/wp-json\/wp\/v2\/pages"}],"about":[{"href":"https:\/\/austinaccidentlawyer.com\/es\/wp-json\/wp\/v2\/types\/page"}],"author":[{"embeddable":true,"href":"https:\/\/austinaccidentlawyer.com\/es\/wp-json\/wp\/v2\/users\/3"}],"replies":[{"embeddable":true,"href":"https:\/\/austinaccidentlawyer.com\/es\/wp-json\/wp\/v2\/comments?post=23328"}],"version-history":[{"count":0,"href":"https:\/\/austinaccidentlawyer.com\/es\/wp-json\/wp\/v2\/pages\/23328\/revisions"}],"wp:attachment":[{"href":"https:\/\/austinaccidentlawyer.com\/es\/wp-json\/wp\/v2\/media?parent=23328"}],"wp:term":[{"taxonomy":"post_tag","embeddable":true,"href":"https:\/\/austinaccidentlawyer.com\/es\/wp-json\/wp\/v2\/tags?post=23328"}],"curies":[{"name":"wp","href":"https:\/\/api.w.org\/{rel}","templated":true}]}}