{"id":23330,"date":"2024-04-26T09:55:37","date_gmt":"2024-04-26T14:55:37","guid":{"rendered":"http:\/\/3.131.240.186\/abogado-de-lesiones-por-quemaduras-en-austin\/"},"modified":"2024-08-07T17:00:41","modified_gmt":"2024-08-07T22:00:41","slug":"abogado-de-lesiones-por-quemaduras-en-austin","status":"publish","type":"page","link":"https:\/\/austinaccidentlawyer.com\/es\/abogado-de-lesiones-por-quemaduras-en-austin\/","title":{"rendered":"Abogado de lesiones por quemaduras en Austin"},"content":{"rendered":"<h1>Abogado de lesiones por quemaduras en Austin<\/h1><div style=\"width: 1280px;\" class=\"wp-video\"><video class=\"wp-video-shortcode\" id=\"video-23330-1\" width=\"1280\" height=\"720\" preload=\"metadata\" controls=\"controls\"><source type=\"video\/mp4\" src=\"https:\/\/austinaccidentlawyer.com\/wp-content\/uploads\/2021\/12\/burn-injury.mp4?_=1\" \/><a href=\"https:\/\/austinaccidentlawyer.com\/wp-content\/uploads\/2021\/12\/burn-injury.mp4\">https:\/\/austinaccidentlawyer.com\/wp-content\/uploads\/2021\/12\/burn-injury.mp4<\/a><\/video><\/div>\n<p>\u00bfHa estado expuesto a quemaduras graves debido a un accidente o lesi\u00f3n? Si ha estado expuesto a quemaduras graves, ya sea en un <a href=\"https:\/\/austinaccidentlawyer.com\/practice-areas\/car-accident-lawyers\/\">accidente automovil\u00edstico<\/a> u otro tipo de accidente, debe buscar atenci\u00f3n m\u00e9dica de inmediato. El costo del tratamiento de las quemaduras puede ser muy alto y deber\u00eda considerar contratar a un <a href=\"https:\/\/austinaccidentlawyer.com\/practice-areas\/serious-personal-injury\/burn-injury-lawyer\/\">abogado especializado en lesiones por quemaduras<\/a> . Investigue y contrate al mejor abogado de lesiones personales para quemaduras que pueda encontrar.<\/p>\n<h1>Lesiones por quemaduras<\/h1>\n<p><img decoding=\"async\" class=\"aligncenter wp-image-23157 size-large\" src=\"https:\/\/austinaccidentlawyer.com\/wp-content\/uploads\/2017\/10\/billionphotos-2298910-4-1024x708.jpg\" alt=\"burn injury lawyer image\" width=\"1024\" height=\"708\" srcset=\"https:\/\/austinaccidentlawyer.com\/wp-content\/uploads\/2017\/10\/billionphotos-2298910-4-1024x708.jpg 1024w, https:\/\/austinaccidentlawyer.com\/wp-content\/uploads\/2017\/10\/billionphotos-2298910-4-300x207.jpg 300w, https:\/\/austinaccidentlawyer.com\/wp-content\/uploads\/2017\/10\/billionphotos-2298910-4-768x531.jpg 768w, https:\/\/austinaccidentlawyer.com\/wp-content\/uploads\/2017\/10\/billionphotos-2298910-4-1080x746.jpg 1080w, https:\/\/austinaccidentlawyer.com\/wp-content\/uploads\/2017\/10\/billionphotos-2298910-4-1280x885.jpg 1280w, https:\/\/austinaccidentlawyer.com\/wp-content\/uploads\/2017\/10\/billionphotos-2298910-4-980x677.jpg 980w, https:\/\/austinaccidentlawyer.com\/wp-content\/uploads\/2017\/10\/billionphotos-2298910-4-480x332.jpg 480w, https:\/\/austinaccidentlawyer.com\/wp-content\/uploads\/2017\/10\/billionphotos-2298910-4.jpg 1447w\" sizes=\"(max-width: 1024px) 100vw, 1024px\" \/><br \/>Existen diferentes tipos de quemaduras que puede sufrir una persona, clasificadas por grado. Cada grado se basa en la gravedad del da\u00f1o a la piel, siendo el primer grado el m\u00e1s leve y el tercer grado el m\u00e1s severo.<\/p>\n<h1>Quemaduras de primer grado<\/h1>\n<p>Las quemaduras de primer grado no son demasiado graves. <span class=\"hardreadability\"><span data-offset-key=\"9umvr-1-0\">A\u00fan debe buscar atenci\u00f3n m\u00e9dica dentro de un per\u00edodo corto para evitar casos en los que su piel estar\u00e1<\/span><\/span> <span class=\"passivevoice\"><span data-offset-key=\"9umvr-2-0\">expuesta<\/span><\/span> <span class=\"hardreadability\"><span data-offset-key=\"9umvr-3-0\">a m\u00e1s complicaciones<\/span><\/span> .<span data-offset-key=\"9umvr-4-0\">. Quemaduras de primer grado <\/span><span class=\"passivevoice\"><span data-offset-key=\"9umvr-5-0\">se caracterizan por<\/span><\/span><span data-offset-key=\"9umvr-6-0\"> enrojecimiento de la piel con piel sin ampollas. Causan un da\u00f1o m\u00ednimo a la piel, por lo que <\/span><span class=\"passivevoice\"><span data-offset-key=\"9umvr-7-0\">se denominan<\/span><\/span><span data-offset-key=\"9umvr-8-0\"> como quemaduras superficiales. Afectan la parte m\u00e1s externa de su piel. Los signos de quemaduras de primer grado incluyen:<\/span><\/p>\n<ul class=\"public-DraftStyleDefault-ul\" data-offset-key=\"t9nl-0-0\">\n<li>enrojecimiento<\/li>\n<li>inflamaci\u00f3n leve o hinchaz\u00f3n<\/li>\n<li>dolor<\/li>\n<li>Se produce piel seca y descamada a medida que cicatriza la quemadura.<\/li>\n<\/ul>\n<p>Las quemaduras de primer grado generalmente se curan en 7 a 10 d\u00edas sin dejar cicatrices. Debe consultar a un m\u00e9dico si la quemadura afecta m\u00e1s de tres pulgadas de su piel o si est\u00e1 en su cara o una articulaci\u00f3n importante.<\/p>\n<h2 class=\"public-DraftStyleDefault-block public-DraftStyleDefault-ltr\" data-offset-key=\"b6rg9-0-0\">Quemaduras de segundo grado<\/h2>\n<p>Los s\u00edntomas de las quemaduras de segundo grado incluyen engrosamiento y ampollas en la piel. <span class=\"hardreadability\"><span data-offset-key=\"c5jti-1-0\">Las quemaduras de segundo grado son m\u00e1s graves que las de primer grado porque el da\u00f1o va m\u00e1s all\u00e1 de la capa superior de la piel.<\/span><\/span><span data-offset-key=\"c5jti-2-0\">. Las quemaduras de segundo grado hacen que la piel se ampolle y se ponga roja y dolorida.<\/span><\/p>\n<div class=\"\" data-block=\"true\" data-editor=\"fh3ft\" data-offset-key=\"3i65l-0-0\">\n<div class=\"public-DraftStyleDefault-block public-DraftStyleDefault-ltr\" data-offset-key=\"3i65l-0-0\">Si deja las quemaduras de segundo grado sin tratar durante mucho tiempo, pueden provocar m\u00e1s da\u00f1o a las c\u00e9lulas de la piel. Las ampollas formadas en la piel pueden abrirse y empeorar la situaci\u00f3n. Con el tiempo, es posible que se desarrolle un exudado fibrinoso (tejido grueso, blando, similar a una costra) sobre la herida.<\/div>\n<\/div>\n<div class=\"\" data-block=\"true\" data-editor=\"fh3ft\" data-offset-key=\"4pu25-0-0\">\n<div class=\"public-DraftStyleDefault-block public-DraftStyleDefault-ltr\" data-offset-key=\"4pu25-0-0\"> <\/div>\n<\/div>\n<div class=\"\" data-block=\"true\" data-editor=\"fh3ft\" data-offset-key=\"ekicn-0-0\">\n<div class=\"public-DraftStyleDefault-block public-DraftStyleDefault-ltr\" data-offset-key=\"ekicn-0-0\"><span class=\"hardreadability\"><span data-offset-key=\"ekicn-0-0\">Busque los servicios de un m\u00e9dico experto que vendar\u00e1 el \u00e1rea y le aplicar\u00e1 medicamentos para prevenir infecciones<\/span><\/span> <span data-offset-key=\"ekicn-1-0\">.<\/span><\/div>\n<div data-offset-key=\"ekicn-0-0\"> <\/div>\n<div class=\"public-DraftStyleDefault-block public-DraftStyleDefault-ltr\" data-offset-key=\"ekicn-0-0\"><span data-offset-key=\"80ap1-0-0\">Las quemaduras de segundo grado pueden tardar varias semanas en sanar. La mayor\u00eda cura sin dejar cicatrices, pero pueden producirse cambios de pigmento en la piel. En casos extremos, los injertos de piel pueden <\/span><span class=\"passivevoice\"><span data-offset-key=\"80ap1-1-0\">Ser necesario<\/span><\/span> <span data-offset-key=\"80ap1-2-0\">para reparar las <a href=\"https:\/\/austinaccidentlawyer.com\/practice-areas\/serious-personal-injury\/facial-disfigurement-or-scars\/\">cicatrices de las quemaduras<\/a> .<\/span><\/div>\n<\/div>\n<div class=\"\" data-block=\"true\" data-editor=\"fh3ft\" data-offset-key=\"5c4ur-0-0\">\n<h2 class=\"public-DraftStyleDefault-block public-DraftStyleDefault-ltr\" data-offset-key=\"5c4ur-0-0\">Quemaduras de tercer grado<\/h2>\n<\/div>\n<div class=\"\" data-block=\"true\" data-editor=\"fh3ft\" data-offset-key=\"14ip3-0-0\">\n<div class=\"public-DraftStyleDefault-block public-DraftStyleDefault-ltr\" data-offset-key=\"14ip3-0-0\">Las quemaduras de tercer grado son las m\u00e1s graves que puede experimentar en su piel. Las quemaduras de tercer grado se extienden por todas las capas de la piel. Debido a que las quemaduras son tan extensas, puede ocurrir da\u00f1o a los nervios y es posible que la v\u00edctima no sienta dolor en el \u00e1rea quemada.<\/div>\n<\/div>\n<div class=\"\" data-block=\"true\" data-editor=\"fh3ft\" data-offset-key=\"7u1l8-0-0\">\n<div class=\"public-DraftStyleDefault-block public-DraftStyleDefault-ltr\" data-offset-key=\"7u1l8-0-0\"> <\/div>\n<\/div>\n<div class=\"\" data-block=\"true\" data-editor=\"fh3ft\" data-offset-key=\"dd5kt-0-0\">\n<div class=\"public-DraftStyleDefault-block public-DraftStyleDefault-ltr\" data-offset-key=\"dd5kt-0-0\"><span data-offset-key=\"dd5kt-0-0\">Los s\u00edntomas de las quemaduras de tercer grado incluyen:<\/span><\/div>\n<ul>\n<li class=\"public-DraftStyleDefault-block public-DraftStyleDefault-ltr\" data-offset-key=\"dd5kt-0-0\">color blanco y ceroso<\/li>\n<li class=\"public-DraftStyleDefault-block public-DraftStyleDefault-ltr\" data-offset-key=\"dd5kt-0-0\"><span data-offset-key=\"49rh8-0-0\">carbonizaci\u00f3n<\/span><\/li>\n<li class=\"public-DraftStyleDefault-block public-DraftStyleDefault-ltr\" data-offset-key=\"dd5kt-0-0\"><span data-offset-key=\"9ovd1-0-0\">color marr\u00f3n oscuro<\/span><\/li>\n<li class=\"public-DraftStyleDefault-block public-DraftStyleDefault-ltr\" data-offset-key=\"dd5kt-0-0\"><span data-offset-key=\"apsu-0-0\">textura elevada y correosa<\/span><\/li>\n<\/ul>\n<\/div>\n<div class=\"\" data-block=\"true\" data-editor=\"fh3ft\" data-offset-key=\"3fsdr-0-0\">\n<div class=\"public-DraftStyleDefault-block public-DraftStyleDefault-ltr\" data-offset-key=\"3fsdr-0-0\"><span data-offset-key=\"3fsdr-0-0\">Las quemaduras de tercer grado pueden ser permanentes. Sin cirug\u00eda, se producir\u00e1n cicatrices y contracturas del \u00e1rea quemada. Obtenga tratamiento m\u00e9dico inmediato.<\/span><\/div>\n<\/div>\n<div class=\"\" data-block=\"true\" data-editor=\"fh3ft\" data-offset-key=\"feht1-0-0\">\n<div class=\"public-DraftStyleDefault-block public-DraftStyleDefault-ltr\" data-offset-key=\"feht1-0-0\"> <\/div>\n<\/div>\n<div class=\"\" data-block=\"true\" data-editor=\"fh3ft\" data-offset-key=\"3ql70-0-0\">\n<div class=\"public-DraftStyleDefault-block public-DraftStyleDefault-ltr\" data-offset-key=\"3ql70-0-0\"><span data-offset-key=\"3ql70-0-0\">Las quemaduras de tercer grado conllevan el mayor riesgo de complicaciones, que incluyen:<\/span><\/div>\n<ul>\n<li class=\"public-DraftStyleDefault-block public-DraftStyleDefault-ltr\" data-offset-key=\"3ql70-0-0\">infecciones;<\/li>\n<li class=\"public-DraftStyleDefault-block public-DraftStyleDefault-ltr\" data-offset-key=\"3ql70-0-0\"><span data-offset-key=\"ae5mq-0-0\">p\u00e9rdida de sangre;<\/span><\/li>\n<li class=\"public-DraftStyleDefault-block public-DraftStyleDefault-ltr\" data-offset-key=\"3ql70-0-0\"><span data-offset-key=\"7mvh3-0-0\">conmoci\u00f3n;<\/span><\/li>\n<li class=\"public-DraftStyleDefault-block public-DraftStyleDefault-ltr\" data-offset-key=\"3ql70-0-0\"><span data-offset-key=\"46vk4-0-0\">hipotermia;<\/span><\/li>\n<li class=\"public-DraftStyleDefault-block public-DraftStyleDefault-ltr\" data-offset-key=\"3ql70-0-0\"><span data-offset-key=\"4a7bt-0-0\">hipovolemia;<\/span><\/li>\n<li class=\"public-DraftStyleDefault-block public-DraftStyleDefault-ltr\" data-offset-key=\"3ql70-0-0\"><span data-offset-key=\"6gh85-0-0\">y <a href=\"https:\/\/austinaccidentlawyer.com\/practice-areas\/wrongful-death-attorney\/\">muerte<\/a> .<\/span> <\/li>\n<\/ul>\n<\/div>\n<div class=\"\" data-block=\"true\" data-editor=\"fh3ft\" data-offset-key=\"9l6e3-0-0\">\n<h2 class=\"public-DraftStyleDefault-block public-DraftStyleDefault-ltr\" data-offset-key=\"9l6e3-0-0\">Quemaduras de cuarto grado<\/h2>\n<\/div>\n<div class=\"\" data-block=\"true\" data-editor=\"fh3ft\" data-offset-key=\"4hb2h-0-0\">\n<div class=\"public-DraftStyleDefault-block public-DraftStyleDefault-ltr\" data-offset-key=\"4hb2h-0-0\">Las quemaduras llevan todos los s\u00edntomas de las quemaduras de tercer grado, pero se extienden y da\u00f1an los huesos y tendones.<\/div>\n<\/div>\n<div class=\"\" data-block=\"true\" data-editor=\"fh3ft\" data-offset-key=\"7hbta-0-0\">\n<div class=\"public-DraftStyleDefault-block public-DraftStyleDefault-ltr\" data-offset-key=\"7hbta-0-0\"> <\/div>\n<\/div>\n<div class=\"\" data-block=\"true\" data-editor=\"fh3ft\" data-offset-key=\"b4jd1-0-0\">\n<div class=\"public-DraftStyleDefault-block public-DraftStyleDefault-ltr\" data-offset-key=\"b4jd1-0-0\"><span data-offset-key=\"b4jd1-0-0\">El da\u00f1o extenso de las quemaduras puede provocar problemas en los tejidos profundos de la piel, los huesos y los \u00f3rganos. Los pacientes pueden <\/span><span class=\"complexword\"><span data-offset-key=\"b4jd1-1-0\">requieren<\/span><\/span> <span data-offset-key=\"b4jd1-2-0\">:<\/span><\/div>\n<\/div>\n<ul>\n<li><a href=\"https:\/\/austinaccidentlawyer.com\/practice-areas\/serious-personal-injury\/\">cirug\u00eda<\/a><\/li>\n<li>terapia f\u00edsica<\/li>\n<li>rehabilitaci\u00f3n<\/li>\n<li>cuidado asistido de por vida<\/li>\n<\/ul>\n<p>Si ha sufrido quemaduras graves debido a la negligencia de otra persona, entonces necesita nuestros servicios. Si necesita un <strong>abogado de lesiones por quemaduras graves<\/strong> , comun\u00edquese con nosotros al (512) 246-9191 o complete el formulario a continuaci\u00f3n.<\/p>\n\n<p><\/p>\n","protected":false},"excerpt":{"rendered":"<p>Abogado de lesiones por quemaduras en Austin \u00bfHa estado expuesto a quemaduras graves debido a un accidente o lesi\u00f3n? Si ha estado expuesto a quemaduras graves, ya sea en un accidente automovil\u00edstico u otro tipo de accidente, debe buscar atenci\u00f3n m\u00e9dica de inmediato. El costo del tratamiento de las quemaduras puede ser muy alto y&#8230;<\/p>\n","protected":false},"author":2,"featured_media":23088,"parent":0,"menu_order":0,"comment_status":"closed","ping_status":"closed","template":"","meta":{"_analytify_skip_tracking":false,"footnotes":""},"tags":[],"class_list":[],"_links":{"self":[{"href":"https:\/\/austinaccidentlawyer.com\/es\/wp-json\/wp\/v2\/pages\/23330","targetHints":{"allow":["GET"]}}],"collection":[{"href":"https:\/\/austinaccidentlawyer.com\/es\/wp-json\/wp\/v2\/pages"}],"about":[{"href":"https:\/\/austinaccidentlawyer.com\/es\/wp-json\/wp\/v2\/types\/page"}],"author":[{"embeddable":true,"href":"https:\/\/austinaccidentlawyer.com\/es\/wp-json\/wp\/v2\/users\/2"}],"replies":[{"embeddable":true,"href":"https:\/\/austinaccidentlawyer.com\/es\/wp-json\/wp\/v2\/comments?post=23330"}],"version-history":[{"count":0,"href":"https:\/\/austinaccidentlawyer.com\/es\/wp-json\/wp\/v2\/pages\/23330\/revisions"}],"wp:featuredmedia":[{"embeddable":true,"href":"https:\/\/austinaccidentlawyer.com\/es\/wp-json\/wp\/v2\/media\/23088"}],"wp:attachment":[{"href":"https:\/\/austinaccidentlawyer.com\/es\/wp-json\/wp\/v2\/media?parent=23330"}],"wp:term":[{"taxonomy":"post_tag","embeddable":true,"href":"https:\/\/austinaccidentlawyer.com\/es\/wp-json\/wp\/v2\/tags?post=23330"}],"curies":[{"name":"wp","href":"https:\/\/api.w.org\/{rel}","templated":true}]}}