{"id":23333,"date":"2024-04-26T09:56:09","date_gmt":"2024-04-26T14:56:09","guid":{"rendered":"http:\/\/3.131.240.186\/abogado-de-sindrome-de-dolor-regional-cronico-crps\/"},"modified":"2025-06-06T14:29:32","modified_gmt":"2025-06-06T19:29:32","slug":"abogado-de-sindrome-de-dolor-regional-cronico-crps","status":"publish","type":"page","link":"https:\/\/austinaccidentlawyer.com\/es\/austin-serious-personal-injury-attorney\/abogado-de-sindrome-de-dolor-regional-cronico-crps\/","title":{"rendered":"Abogados de SDRC"},"content":{"rendered":"<h1>La Dedicaci\u00f3n de Nuestros Abogados de Austin especializados en CRPS \u2013 Traub Law Office<\/h1>\n\n<p>Nuestra oficina ha observado un aumento en el n\u00famero de pacientes diagnosticados con S\u00edndrome de Dolor Regional Cr\u00f3nico (SDRC) tras diversos traumas. Aunque relativamente desconocido, el SDRC est\u00e1 ganando reconocimiento. Sin embargo, la comprensi\u00f3n y las opciones de tratamiento siguen siendo limitadas. Si sospecha que padece SDRC despu\u00e9s de un accidente automovil\u00edstico, busque atenci\u00f3n m\u00e9dica de inmediato. El diagn\u00f3stico y la intervenci\u00f3n tempranos pueden mejorar los resultados y controlar los s\u00edntomas eficazmente. Consultar con <strong>abogados especializados en SDRC en Austin<\/strong> tambi\u00e9n puede ser recomendable para explorar las opciones legales de compensaci\u00f3n que cubran los gastos m\u00e9dicos y otras p\u00e9rdidas.     <\/p>\n<div style=\"--video-image:url(&#039;https:\/\/austinaccidentlawyer.com\/wp-content\/uploads\/2018\/04\/crps-pain-2.jpg&#039;);\" class=\"video-popup\"><a href=\"https:\/\/youtu.be\/jtglN_NDi_Q\"> <div class=\"play-button-container\">\n            <div class=\"play-button\">\n                <svg>\n                    <title>\n                        Play Button                    <\/title>\n                    <polygon points=\"10 33 10 1 34 17\">\n                        Play Video                    <\/polygon>\n                <\/svg>\n            <\/div>\n        <\/div> <\/a>\n<\/div>\n\n<h2 class=\"wp-block-heading\">\u00bfQu\u00e9 es SDRC?<\/h2>\n\n<p>El SDRC, tambi\u00e9n conocido como S\u00edndrome de Dolor Regional Complejo (SDRC), es una condicion que altera la vida. Se caracteriza por dolor cr\u00f3nico e intenso, a menudo acompa\u00f1ado de hinchaz\u00f3n y cambios en la piel. Generalmente, se desencadena por un traumatismo, que puede parecer leve en comparaci\u00f3n con los problemas posteriores. No existe cura conocida, aunque se est\u00e1n desarrollando tratamientos experimentales.   <\/p>\n\n<p>(Para obtener una descripci\u00f3n general amplia inicial de los tratamientos experimentales, consulte la discusi\u00f3n sobre el tratamiento en la <a target=\"_blank\" rel=\"noreferrer noopener\" href=\"http:\/\/en.wikipedia.org\/wiki\/Complex_regional_pain_syndrome\">entrada de Wikipedia para el s\u00edndrome de dolor regional complejo<\/a> )<\/p>\n\n<h3 class=\"wp-block-heading\">Antecedentes Hist\u00f3ricos<\/h3>\n\n<p>El SDRC fue descrito por primera vez en 1864 por los Doctores, Mitchell, Moorehouse y Keen. Estudiaron a soldados de la Guerra Civil con dolor urente persistente y cambios tr\u00f3ficos progresivos. Inicialmente, se denomin\u00f3 \u00aberitromelalgia\u00bb. El nombre cambi\u00f3 a \u00abcausalgia\u00bb en 1867. A lo largo de los a\u00f1os, el s\u00edndrome ha recibido diversos nombres, como atrofia de Sudeck, vasoespasmo traum\u00e1tico y s\u00edndrome de distrofia simp\u00e1tica refleja (DSR).      <\/p>\n\n<h3 class=\"wp-block-heading\">\u00bfQu\u00e9 causa el CRPS?<\/h3>\n\n<p>Se desconoce la causa exacta del SDRC, pero se cree que afecta al sistema nervioso simp\u00e1tico. Un traumatismo, incluso leve, suele ser un factor desencadenante. Los estudios sugieren que el traumatismo provoca hiperactividad de las fibras C, lo que provoca dolor espont\u00e1neo, hiperestesia y alodinia. El sistema nervioso simp\u00e1tico permanece hiperactivo, lo que provoca sensibilizaciones anormales y dolor persistente.   <\/p>\n\n<p>El trauma, incluso un trauma menor, es el principal factor desencadenante del CRPS. La cirug\u00eda, las fracturas y las mordeduras de animales pueden causar SDRC.<\/p>\n\n<p>En un estudio, el CRPS comenz\u00f3 de la siguiente manera:<\/p>\n\n<ul class=\"wp-block-list\">\n<li>Cirug\u00eda (33.5%)<\/li>\n\n\n\n<li><a href=\"https:\/\/austinaccidentlawyer.com\/practice-areas\/slip-and-fall-injury-lawyers\/\" target=\"_blank\" rel=\"noreferrer noopener\">Resbalones y ca\u00eddas<\/a> (19.8%)<\/li>\n\n\n\n<li><a href=\"https:\/\/austinaccidentlawyer.com\/practice-areas\/broken-bone-injury-attorneys\/\" target=\"_blank\" rel=\"noreferrer noopener\">Fractura<\/a> (18.8%)<\/li>\n\n\n\n<li>Esguince (14.6%)<\/li>\n\n\n\n<li>Lesi\u00f3n por aplastamiento (14.2%)<\/li>\n\n\n\n<li>Contusi\u00f3n (12.3%)<\/li>\n\n\n\n<li><a href=\"https:\/\/austinaccidentlawyer.com\/practice-areas\/car-accident-lawyers\/\" target=\"_blank\" rel=\"noreferrer noopener\">Accidente automovil\u00edstico<\/a> (3.9%)<\/li>\n\n\n\n<li>Otro trauma (3.2%)<\/li>\n\n\n\n<li>Laceraciones (1.0%)<\/li>\n<\/ul>\n\n<p>En ese estudio, el lapso de tiempo entre el inicio de los s\u00edntomas y el momento del diagn\u00f3stico fue de aproximadamente 10 meses y medio.<\/p>\n\n<h3 class=\"wp-block-heading\">\u00bfQu\u00e9 \u00e1reas se ven afectadas por CRPS?<\/h3>\n\n<p>El CRPS puede ocurrir en cualquier \u00e1rea del cuerpo, pero el m\u00e1s com\u00fan es en una o m\u00e1s de las extremidades.<\/p>\n\n<p>El s\u00edndrome afecta a todos los niveles de tejido:<\/p>\n\n<ul class=\"wp-block-list\">\n<li>Piel<\/li>\n\n\n\n<li>Subcut\u00e1neo<\/li>\n\n\n\n<li>Fascia<\/li>\n\n\n\n<li>M\u00fasculo<\/li>\n\n\n\n<li>Sinovio<\/li>\n\n\n\n<li>Hueso<\/li>\n<\/ul>\n\n<h3 class=\"wp-block-heading\">Zonas Afectadas y S\u00edntomas<\/h3>\n\n<p>El SDRC puede afectar cualquier parte del cuerpo, pero afecta con mayor frecuencia las extremidades. Afecta todos los tejidos, incluyendo la piel, el tejido subcut\u00e1neo, la fascia, el m\u00fasculo, la membrana sinovial y el hueso. Los s\u00edntomas incluyen dolor espont\u00e1neo, hinchaz\u00f3n, cambios en el color y la temperatura de la piel, y aumento de la sudoraci\u00f3n y del crecimiento del vello. El dolor puede desencadenarse por un roce ligero o incluso una brisa. Esto puede provocar disminuci\u00f3n del rango de movimiento, atrofia y osteoporosis grave.    <\/p>\n\n<h3 class=\"wp-block-heading\"><strong>Tipos de SDRC<\/strong><\/h3>\n\n<p>El SDRC se clasifica en Tipo I y Tipo II. El Tipo I se desarrolla tras un evento desencadenante sin lesi\u00f3n nerviosa observable, mientras que el Tipo II implica una lesi\u00f3n nerviosa. Esta distinci\u00f3n es crucial para el diagn\u00f3stico y el tratamiento.  <\/p>\n\n<h3 class=\"wp-block-heading\">\u00bfC\u00f3mo se diagnostica el CRPS?<\/h3>\n\n<p>El diagn\u00f3stico del SDRC se basa en la evaluaci\u00f3n cl\u00ednica, la gammagraf\u00eda \u00f3sea, la termograf\u00eda, los cambios histol\u00f3gicos y los bloqueos simp\u00e1ticos. Ninguna prueba por s\u00ed sola confirma el SDRC, pero una combinaci\u00f3n de pruebas puede respaldar el diagn\u00f3stico. Afecciones como la artritis reumatoide, el herpes y la gota pueden confundirse con el SDRC, mientras que otras, como el infarto de miocardio y la esclerosis m\u00faltiple, pueden presentarse simult\u00e1neamente.  <\/p>\n\n<h3 class=\"wp-block-heading\">\u00bfQu\u00e9 tan doloroso es el CRPS?<\/h3>\n\n<p>El SDRC se considera la afecci\u00f3n m\u00e1s dolorosa conocida, con una puntuaci\u00f3n de 42 en el \u00cdndice de Dolor de McGill. Esta puntuaci\u00f3n es superior a la del parto, la amputaci\u00f3n y el dolor de espalda cr\u00f3nico. El dolor suele ser constante y puede extenderse a otras zonas del cuerpo.  <\/p>\n\n<figure class=\"wp-block-image aligncenter size-full\"><img decoding=\"async\" width=\"640\" height=\"426\" src=\"https:\/\/austinaccidentlawyer.com\/wp-content\/uploads\/2018\/04\/crps-pain-2.jpg\" alt=\"Abogados de CRPS de Austin\" class=\"wp-image-5521\" srcset=\"https:\/\/austinaccidentlawyer.com\/wp-content\/uploads\/2018\/04\/crps-pain-2.jpg 640w, https:\/\/austinaccidentlawyer.com\/wp-content\/uploads\/2018\/04\/crps-pain-2-300x200.jpg 300w, https:\/\/austinaccidentlawyer.com\/wp-content\/uploads\/2018\/04\/crps-pain-2-480x320.jpg 480w\" sizes=\"(max-width: 640px) 100vw, 640px\" \/><\/figure>\n\n<p>A continuaci\u00f3n se muestra un cuadro de un estudio sobre el dolor en un conjunto de SDRC:<\/p>\n\n<figure class=\"wp-block-table\"><table><tbody><tr><td>\u00a0<\/td><td>Escribe<\/td><td>Constante<\/td><td>Intermitente<\/td><\/tr><tr><td>Afilado<\/td><td>77.2%<\/td><td>41.2%<\/td><td>56.1%<\/td><\/tr><tr><td>Tiroteo<\/td><td>61.6%<\/td><td>29.4%<\/td><td>68.2%<\/td><\/tr><tr><td>Tedioso<\/td><td>40.9%<\/td><td>72.8%<\/td><td>25.1%<\/td><\/tr><tr><td>Dolor<\/td><td>76.5%<\/td><td>79.2%<\/td><td>18.1%<\/td><\/tr><tr><td>Palpitante<\/td><td>66.5%<\/td><td>59.4%<\/td><td>37.6%<\/td><\/tr><tr><td>Incendio<\/td><td>80.4%<\/td><td>57.9%<\/td><td>35.1%<\/td><\/tr><tr><td>Descarga el\u00e9ctrica<\/td><td>37.6%<\/td><td>25.6%<\/td><td>72.0%<\/td><\/tr><tr><td>Constante<\/td><td>58.3%<\/td><td>85.2%<\/td><td>3.9%<\/td><\/tr><tr><td>Intermitente<\/td><td>24.3%<\/td><td>20.8%<\/td><td>67.0%<\/td><\/tr><tr><td>Irradiando<\/td><td>48.7%<\/td><td>47.0%<\/td><td>48.9%<\/td><\/tr><tr><td>Pu\u00f1alada<\/td><td>50.4%<\/td><td>33.3%<\/td><td>63.5%<\/td><\/tr><tr><td>Calambres<\/td><td>49.0%<\/td><td>31.3%<\/td><td>66.3%<\/td><\/tr><tr><td>Hormigueo<\/td><td>70.3%<\/td><td>47.0%<\/td><td>50.2%<\/td><\/tr><\/tbody><\/table><\/figure>\n\n<p>Aqu\u00ed est\u00e1n las respuestas sobre la frecuencia con la que ocurri\u00f3 el dolor:<\/p>\n\n<p>Constante 80-100% del tiempo 70,8%<\/p>\n\n<p>Casi constante 50-80% del tiempo 17,5%<\/p>\n\n<p>Intermitente 25-50% del tiempo 6,7%<\/p>\n\n<p>Ocasional menos del 25% del tiempo 5.0%<\/p>\n\n<h3 class=\"wp-block-heading\">Duraci\u00f3n y Tratamiento<\/h3>\n\n<p>El SDRC suele ser una afecci\u00f3n permanente, con periodos de remisi\u00f3n. El diagn\u00f3stico temprano es crucial para un tratamiento eficaz. Las opciones var\u00edan desde analg\u00e9sicos hasta neuroestimuladores e incluso la amputaci\u00f3n en casos graves. Los tratamientos incluyen inmersi\u00f3n en agua fr\u00eda, elevaci\u00f3n, f\u00e9rulas, ejercicios de rango de movimiento, corticosteroides, neuroestimuladores, antiinflamatorios y bloqueos nerviosos.   <\/p>\n\n<h3 class=\"wp-block-heading\">Impacto psicol\u00f3gico<\/h3>\n\n<p>El SDRC causa un grave malestar psicol\u00f3gico que afecta a la familia, el trabajo, el sue\u00f1o y la calidad de vida. Un diagn\u00f3stico err\u00f3neo puede agravar el problema, generando frustraci\u00f3n y desesperanza. El tratamiento m\u00e9dico es costoso y a menudo implica procedimientos innecesarios.  <\/p>\n\n<h3 class=\"wp-block-heading\">\u00bfCu\u00e1les son los efectos de sufrir CRPS?<\/h3>\n\n<p>No es sorprendente que las personas que sufren de un dolor extremo que se prolonga durante toda la vida tambi\u00e9n sufran superposiciones psicol\u00f3gicas graves. El hecho de que los m\u00e9dicos no hagan un diagn\u00f3stico adecuado a menudo agrava el problema al etiquetarlo como un problema psicol\u00f3gico. El CRPS interrumpir\u00e1 todas las fases de la vida de una persona: la familia, el trabajo (m\u00e1s del 75% cambia de trabajo debido al CRPS), el sue\u00f1o, el descanso, la calidad de vida y el suicidio es una posibilidad a tener en cuenta. El tratamiento m\u00e9dico es caro (lo que puede agravarse con tratamientos innecesarios basados en un diagn\u00f3stico err\u00f3neo).<\/p>\n\n<p>De un estudio de CRPS, la siguiente tabla muestra cu\u00e1nto ha interferido el dolor con la vida:<\/p>\n\n<figure class=\"wp-block-table\"><table><tbody><tr><td>\u00a0<\/td><td>Todo el tiempo<\/td><td>La mayor parte del tiempo<\/td><td>Algo de tiempo<\/td><td>Para nada<\/td><\/tr><tr><td>Apetito<\/td><td>8.5%<\/td><td>18.7%<\/td><td>50.6%<\/td><td>22.2%<\/td><\/tr><tr><td>Dormir<\/td><td>36.1%<\/td><td>35.1%<\/td><td>25.4%<\/td><td>3.4%<\/td><\/tr><tr><td>Matrimonio y vida familiar<\/td><td>30.6%<\/td><td>28.9%<\/td><td>32.8%<\/td><td>7.7%<\/td><\/tr><tr><td>Actividades sociales \/ amistades<\/td><td>35.2%<\/td><td>30.5%<\/td><td>28.9%<\/td><td>5.4%<\/td><\/tr><tr><td>Actividad sexual<\/td><td>33.0%<\/td><td>23.2%<\/td><td>31.0%<\/td><td>12.8%<\/td><\/tr><tr><td>Empleo<\/td><td>62.9%<\/td><td>18.2%<\/td><td>14.9%<\/td><td>4.0%<\/td><\/tr><tr><td>Tareas dom\u00e9sticas \/ quehaceres<\/td><td>47.8%<\/td><td>32.2%<\/td><td>17.3%<\/td><td>2.6%<\/td><\/tr><tr><td>Pasatiempos \/ Recreaci\u00f3n<\/td><td>47.0%<\/td><td>33.0%<\/td><td>17.0%<\/td><td>3.0%<\/td><\/tr><tr><td>Asistencia a la escuela \/ Estudiar<\/td><td>40.1%<\/td><td>21.5%<\/td><td>17.0%<\/td><td>21.4%<\/td><\/tr><\/tbody><\/table><\/figure>\n\n<h3 class=\"wp-block-heading\">Buscando Ayuda Legal<\/h3>\n\n<p>Si le diagnostican SDRC despu\u00e9s de una lesi\u00f3n o si sospecha que lo padece debido a un accidente, es fundamental obtener asesoramiento legal profesional. Investigue bufetes de abogados especializados en casos de SDRC, prepare su informaci\u00f3n y cont\u00e1ctelos para una consulta gratuita. Durante la consulta, hable sobre su condici\u00f3n, c\u00f3mo se produjo y las posibles estrategias legales.  <\/p>\n\n<h3 class=\"wp-block-heading\">C\u00f3mo obtener una consulta gratuita para su caso de SDRC<\/h3>\n\n<p>Si le han diagnosticado s\u00edndrome de dolor regional complejo (SDRC) tras una lesi\u00f3n o sospecha que lo padece debido a un accidente, podr\u00eda necesitar asesoramiento profesional. Siga estos pasos para obtener una consulta gratuita: <\/p>\n\n<p>1.<strong> Investigue oficinas de abogados:<\/strong> Busque abogados especializados en lesiones personales que se especialicen en casos de SDRC. Sitios web como Avvo o Martindale-Hubbell ofrecen rese\u00f1as y calificaciones detalladas. <\/p>\n\n<p>2<strong>. Prepare su informaci\u00f3n<\/strong>: Re\u00fana todos los registros m\u00e9dicos relevantes, informes de accidentes y cualquier prueba que respalde su caso. Esto ayudar\u00e1 al abogado a evaluar su situaci\u00f3n con mayor eficacia. <\/p>\n\n<p>3. <strong>Comun\u00edquese con la firma<\/strong>: visite los sitios web de las firmas de abogados que le interesan. Muchas ofrecen opciones de consulta gratuita que se muestran de forma destacada en su p\u00e1gina de inicio o p\u00e1gina de contacto. <\/p>\n\n<p>4. <strong>Complete el formulario<\/strong>: La mayor\u00eda de los bufetes de abogados tienen un formulario en l\u00ednea donde puede ingresar sus datos y describir brevemente su caso. Generalmente, requiere su nombre, informaci\u00f3n de contacto y una breve descripci\u00f3n de su condici\u00f3n de SDRC y el incidente que la provoc\u00f3. <\/p>\n\n<p>5. <strong>Fijar el horario de la consulta:<\/strong> Despu\u00e9s de enviar su formulario, recibir\u00e1 un correo electr\u00f3nico de confirmaci\u00f3n o una llamada telef\u00f3nica para programar su consulta. Elija un horario en el que pueda hablar sobre su caso sin interrupciones. <\/p>\n\n<p>6. <strong>D\u00eda de consulta<\/strong>: Durante la consulta, hable sobre su condici\u00f3n, c\u00f3mo se desarroll\u00f3 y las posibles estrategias legales. Sea honesto y detallado para obtener el mejor asesoramiento. <\/p>\n\n<p>Siguiendo estos pasos, puede dar el primer paso crucial para obtener la ayuda legal que necesita para su caso de SDRC. No permita que esta condici\u00f3n controle su vida; busque asesoramiento profesional para explorar sus opciones. <\/p>\n\n<h3 class=\"wp-block-heading\">Resumen<\/h3>\n\n<p>El SDRC causa dolor intenso y problemas musculares. Suele comenzar con lesiones menores. Los s\u00edntomas pueden ser confusos, lo que lleva a la conclusi\u00f3n err\u00f3nea de que el dolor es imaginario. A medida que la afecci\u00f3n empeora, su tratamiento se vuelve m\u00e1s dif\u00edcil. Los pacientes y sus familias suelen sentirse frustrados, enojados y desesperados.     <\/p>\n\n<h2 class=\"wp-block-heading\"><a target=\"_blank\" rel=\"noreferrer noopener\" href=\"http:\/\/hopeless.Contact\">P\u00f3ngase en contacto<\/a> con los abogados de SDRC de Austin AHORA!<\/h2>\n\n<p>Si le han diagnosticado SDRC despu\u00e9s de una lesi\u00f3n, cont\u00e1ctenos para una consulta gratuita. Colaboramos con profesionales m\u00e9dicos para determinar la magnitud del da\u00f1o y documentar reclamaciones por p\u00e9rdida de ingresos, gastos m\u00e9dicos y dolor y sufrimiento. Ll\u00e1menos al (512) 246-9191 o <a target=\"_blank\" rel=\"noreferrer noopener\" href=\"https:\/\/austinaccidentlawyer.com\/injuries\/soft-tissue-damage-attorneys\/#contact\">complete el formulario de contacto.<\/a> Nuestro objetivo es garantizar que reciba la justicia y la compensaci\u00f3n que merece.   <\/p>\n","protected":false},"excerpt":{"rendered":"<p>La Dedicaci\u00f3n de Nuestros Abogados de Austin especializados en CRPS \u2013 Traub Law Office Nuestra oficina ha observado un aumento en el n\u00famero de pacientes diagnosticados con S\u00edndrome de Dolor Regional Cr\u00f3nico (SDRC) tras diversos traumas. Aunque relativamente desconocido, el SDRC est\u00e1 ganando reconocimiento. Sin embargo, la comprensi\u00f3n y las opciones de tratamiento siguen siendo&#8230;<\/p>\n","protected":false},"author":2,"featured_media":0,"parent":23429,"menu_order":0,"comment_status":"closed","ping_status":"closed","template":"","meta":{"_analytify_skip_tracking":false,"footnotes":""},"tags":[],"class_list":[],"_links":{"self":[{"href":"https:\/\/austinaccidentlawyer.com\/es\/wp-json\/wp\/v2\/pages\/23333","targetHints":{"allow":["GET"]}}],"collection":[{"href":"https:\/\/austinaccidentlawyer.com\/es\/wp-json\/wp\/v2\/pages"}],"about":[{"href":"https:\/\/austinaccidentlawyer.com\/es\/wp-json\/wp\/v2\/types\/page"}],"author":[{"embeddable":true,"href":"https:\/\/austinaccidentlawyer.com\/es\/wp-json\/wp\/v2\/users\/2"}],"replies":[{"embeddable":true,"href":"https:\/\/austinaccidentlawyer.com\/es\/wp-json\/wp\/v2\/comments?post=23333"}],"version-history":[{"count":0,"href":"https:\/\/austinaccidentlawyer.com\/es\/wp-json\/wp\/v2\/pages\/23333\/revisions"}],"up":[{"embeddable":true,"href":"https:\/\/austinaccidentlawyer.com\/es\/wp-json\/wp\/v2\/pages\/23429"}],"wp:attachment":[{"href":"https:\/\/austinaccidentlawyer.com\/es\/wp-json\/wp\/v2\/media?parent=23333"}],"wp:term":[{"taxonomy":"post_tag","embeddable":true,"href":"https:\/\/austinaccidentlawyer.com\/es\/wp-json\/wp\/v2\/tags?post=23333"}],"curies":[{"name":"wp","href":"https:\/\/api.w.org\/{rel}","templated":true}]}}