{"id":23336,"date":"2024-04-26T09:56:11","date_gmt":"2024-04-26T14:56:11","guid":{"rendered":"http:\/\/3.131.240.186\/desfiguracion-facial-o-cicatrices\/"},"modified":"2024-08-07T17:00:30","modified_gmt":"2024-08-07T22:00:30","slug":"desfiguracion-facial-o-cicatrices","status":"publish","type":"page","link":"https:\/\/austinaccidentlawyer.com\/es\/desfiguracion-facial-o-cicatrices\/","title":{"rendered":"Desfiguraci\u00f3n facial o cicatrices"},"content":{"rendered":"<h1>Desfiguraci\u00f3n facial o cicatrices<\/h1>\n<p>Durante un accidente automovil\u00edstico, la desfiguraci\u00f3n facial o las cicatrices pueden ocurrir de diferentes maneras. Las bolsas de aire se despliegan con mucha fuerza y provocan lesiones faciales y quemaduras. El parabrisas delantero est\u00e1 hecho de una fina capa de butiral de polivinilo (PVB) insertada entre dos capas de vidrio macizo. El parabrisas delantero est\u00e1 dise\u00f1ado para agrietarse pero no romperse. Las ventanas laterales y traseras, sin embargo, no son resistentes a roturas. A\u00fan se pueden expulsar escombros del parabrisas delantero dependiendo de la fuerza que se le aplique. El vidrio que vuela es a menudo una causa de desfiguraci\u00f3n facial y cicatrices. Otros elementos del autom\u00f3vil que no est\u00e9n fijos pueden convertirse en peligros voladores en caso de accidente.<\/p>\n<p><img decoding=\"async\" class=\"aligncenter wp-image-23155 size-large\" src=\"https:\/\/austinaccidentlawyer.com\/wp-content\/uploads\/2017\/10\/1976-e1535811239990-2-1024x881.jpg\" alt=\"shattered glass image\" width=\"1024\" height=\"881\" srcset=\"https:\/\/austinaccidentlawyer.com\/wp-content\/uploads\/2017\/10\/1976-e1535811239990-2-1024x881.jpg 1024w, https:\/\/austinaccidentlawyer.com\/wp-content\/uploads\/2017\/10\/1976-e1535811239990-2-300x258.jpg 300w, https:\/\/austinaccidentlawyer.com\/wp-content\/uploads\/2017\/10\/1976-e1535811239990-2-768x660.jpg 768w, https:\/\/austinaccidentlawyer.com\/wp-content\/uploads\/2017\/10\/1976-e1535811239990-2-1536x1321.jpg 1536w, https:\/\/austinaccidentlawyer.com\/wp-content\/uploads\/2017\/10\/1976-e1535811239990-2-2048x1761.jpg 2048w, https:\/\/austinaccidentlawyer.com\/wp-content\/uploads\/2017\/10\/1976-e1535811239990-2-1080x929.jpg 1080w, https:\/\/austinaccidentlawyer.com\/wp-content\/uploads\/2017\/10\/1976-e1535811239990-2-1280x1101.jpg 1280w, https:\/\/austinaccidentlawyer.com\/wp-content\/uploads\/2017\/10\/1976-e1535811239990-2-980x843.jpg 980w, https:\/\/austinaccidentlawyer.com\/wp-content\/uploads\/2017\/10\/1976-e1535811239990-2-480x413.jpg 480w\" sizes=\"(max-width: 1024px) 100vw, 1024px\" \/><\/p>\n<p>Busque atenci\u00f3n m\u00e9dica de inmediato si ha estado expuesto a lesiones. Los profesionales m\u00e9dicos evaluar\u00e1n el estado de su rostro y le aplicar\u00e1n puntos de sutura. Los puntos ayudar\u00e1n a que su piel sane. Pueden quedar cicatrices. Si aparecen cicatrices, consulte con un cirujano pl\u00e1stico sobre sus opciones de tratamiento. Su abogado de desfiguraci\u00f3n facial o cicatrices incluir\u00e1 el costo de la cirug\u00eda pl\u00e1stica con su reclamo.<\/p>\n<p>Las lesiones faciales comunes que pueden provocar desfiguraci\u00f3n facial o cicatrices incluyen las siguientes:<\/p>\n<h2>Laceraciones<\/h2>\n<p>En un accidente, puede estar expuesto a cortes profundos. Por ejemplo, puede cortarse con el vidrio de la ventana si se ve involucrado en un accidente automovil\u00edstico de colisi\u00f3n frontal, o incluso si lo golpea por detr\u00e1s. Las partes met\u00e1licas del autom\u00f3vil pueden cortarle la cara si la fuerza del choque hace que se inmiscuyan en el autom\u00f3vil.<\/p>\n<h2>Fracturas<\/h2>\n<p>La cara est\u00e1 formada por varios huesos que pueden romperse si se expone a un trauma durante un accidente automovil\u00edstico. Si el autom\u00f3vil no tiene bolsas de aire o no se despliegan (com\u00fan en las colisiones traseras), la cabeza o la cara podr\u00edan golpear el volante. Es posible que los huesos no se fusionen correctamente incluso despu\u00e9s del tratamiento, lo que puede dejar a la v\u00edctima desfigurada. Si tiene alg\u00fan tipo de fractura por un accidente automovil\u00edstico, debe <a href=\"https:\/\/austinaccidentlawyer.com\/practice-areas\/broken-bone-injury-attorneys\/\">contratar a un abogado con experiencia en huesos rotos<\/a> .<\/p>\n<h2>Lesiones oculares<\/h2>\n<p>Los escombros que vuelan durante un accidente automovil\u00edstico pueden golpear los ojos. Las lesiones oculares pueden provocar ceguera o incluso desfiguraci\u00f3n de la cara. Si experimenta sensibilidad a la luz, visi\u00f3n borrosa o n\u00e1useas, esto suele ser un s\u00edntoma de una <a href=\"https:\/\/austinaccidentlawyer.com\/practice-areas\/serious-personal-injury\/brain-injury-lawyers\/\">lesi\u00f3n cerebral traum\u00e1tica leve o una conmoci\u00f3n cerebral<\/a> , y no una lesi\u00f3n ocular. Sin embargo, ser\u00eda aconsejable preguntarle a su m\u00e9dico sobre la posibilidad de una lesi\u00f3n ocular si recuerda que algo ha estado en contacto con su cara. Consulte con un <a href=\"https:\/\/austinaccidentlawyer.com\/practice-areas\/serious-personal-injury\/eye-injury-or-loss-due-to-trauma\/\">abogado especializado en lesiones oculares<\/a> si sufre alguna p\u00e9rdida de visi\u00f3n a causa de un accidente.<\/p>\n<h2>Quemaduras<\/h2>\n<p>A veces, un autom\u00f3vil puede verse involucrado en un accidente y termina incendi\u00e1ndose. El despliegue de las bolsas de aire tambi\u00e9n puede causar quemaduras en los brazos o la cara. Si est\u00e1 atrapado en un autom\u00f3vil aplastado y en llamas, puede quedar expuesto a cicatrices y desfiguraci\u00f3n.<\/p>\n<p>Hay tres tipos principales de quemaduras: primero, segundo y tercer grado. Cada grado se basa en la gravedad del da\u00f1o a la piel, siendo el primer grado el m\u00e1s leve y el tercer grado el m\u00e1s severo. El da\u00f1o incluye:<\/p>\n<ul>\n<li>Quemaduras de primer grado: piel enrojecida y sin ampollas.<\/li>\n<li>Quemaduras de segundo grado: ampollas y algo de engrosamiento de la piel.<\/li>\n<li>Quemaduras de tercer grado: grosor generalizado con apariencia blanca y correosa.<\/li>\n<\/ul>\n<p>Tambi\u00e9n hay quemaduras de cuarto grado. Este tipo de quemadura incluye todos los s\u00edntomas de una quemadura de tercer grado y tambi\u00e9n se extiende m\u00e1s all\u00e1 de la piel hacia los tendones y huesos.<\/p>\n<p>Las opciones de tratamiento que puede aplicar el m\u00e9dico incluyen injertos de piel, entre otros procedimientos.<\/p>\n<p>Contrate a un <a href=\"https:\/\/austinaccidentlawyer.com\/practice-areas\/serious-personal-injury\/burn-injury-lawyer\/\">abogado de lesiones por quemaduras<\/a> si sufri\u00f3 una quemadura debido al descuido de otra persona.<\/p>\n<h2>Lesiones de tejidos blandos<\/h2>\n<p>Los m\u00fasculos, ligamentos, cart\u00edlagos y tendones pueden estar expuestos a lesiones durante un accidente. Un corte en un m\u00fasculo facial puede dejar a la v\u00edctima con una funci\u00f3n facial deteriorada y deformidades. Las <a href=\"https:\/\/austinaccidentlawyer.com\/practice-areas\/serious-personal-injury\/\">deformidades pueden ser permanentes<\/a> o pueden tratarse con cirug\u00eda pl\u00e1stica.<\/p>\n<p>Somos <a href=\"https:\/\/austinaccidentlawyer.com\/practice-areas\/austin-shoulder-injury-lawyer\/\">abogados altamente calificados y experimentados en lesiones personales<\/a> . Si tiene desfiguraci\u00f3n facial o cicatrices de un accidente, debe comunicarse con nosotros. Complete el formulario en esta p\u00e1gina o ll\u00e1menos y nos comunicaremos con usted de inmediato. Estamos dedicados a ayudarlo a lograr la mejor compensaci\u00f3n posible. Hemos ayudado a muchas, muchas v\u00edctimas de accidentes graves.<\/p>\n","protected":false},"excerpt":{"rendered":"<p>Desfiguraci\u00f3n facial o cicatrices Durante un accidente automovil\u00edstico, la desfiguraci\u00f3n facial o las cicatrices pueden ocurrir de diferentes maneras. Las bolsas de aire se despliegan con mucha fuerza y provocan lesiones faciales y quemaduras. El parabrisas delantero est\u00e1 hecho de una fina capa de butiral de polivinilo (PVB) insertada entre dos capas de vidrio macizo&#8230;.<\/p>\n","protected":false},"author":1,"featured_media":0,"parent":0,"menu_order":0,"comment_status":"closed","ping_status":"closed","template":"","meta":{"_analytify_skip_tracking":false,"footnotes":""},"tags":[],"class_list":[],"_links":{"self":[{"href":"https:\/\/austinaccidentlawyer.com\/es\/wp-json\/wp\/v2\/pages\/23336","targetHints":{"allow":["GET"]}}],"collection":[{"href":"https:\/\/austinaccidentlawyer.com\/es\/wp-json\/wp\/v2\/pages"}],"about":[{"href":"https:\/\/austinaccidentlawyer.com\/es\/wp-json\/wp\/v2\/types\/page"}],"author":[{"embeddable":true,"href":"https:\/\/austinaccidentlawyer.com\/es\/wp-json\/wp\/v2\/users\/1"}],"replies":[{"embeddable":true,"href":"https:\/\/austinaccidentlawyer.com\/es\/wp-json\/wp\/v2\/comments?post=23336"}],"version-history":[{"count":0,"href":"https:\/\/austinaccidentlawyer.com\/es\/wp-json\/wp\/v2\/pages\/23336\/revisions"}],"wp:attachment":[{"href":"https:\/\/austinaccidentlawyer.com\/es\/wp-json\/wp\/v2\/media?parent=23336"}],"wp:term":[{"taxonomy":"post_tag","embeddable":true,"href":"https:\/\/austinaccidentlawyer.com\/es\/wp-json\/wp\/v2\/tags?post=23336"}],"curies":[{"name":"wp","href":"https:\/\/api.w.org\/{rel}","templated":true}]}}