{"id":23342,"date":"2024-04-26T09:56:11","date_gmt":"2024-04-26T14:56:11","guid":{"rendered":"http:\/\/3.131.240.186\/lesion-o-perdida-ocular-debida-a-un-trauma\/"},"modified":"2024-08-07T17:00:26","modified_gmt":"2024-08-07T22:00:26","slug":"lesion-o-perdida-ocular-debida-a-un-trauma","status":"publish","type":"page","link":"https:\/\/austinaccidentlawyer.com\/es\/lesion-o-perdida-ocular-debida-a-un-trauma\/","title":{"rendered":"Lesi\u00f3n o p\u00e9rdida ocular debida a un trauma"},"content":{"rendered":"<h1>Lesi\u00f3n o p\u00e9rdida ocular debida a un trauma<\/h1>\n<p>Las lesiones oculares son muy comunes en caso de accidentes de tr\u00e1fico que involucran autom\u00f3viles, motocicletas y otros veh\u00edculos similares. Tales lesiones podr\u00edan resultar en la p\u00e9rdida de la visi\u00f3n de cualquiera de los ojos o, a veces, incluso de ambos ojos. Dichos accidentes tambi\u00e9n podr\u00edan resultar en <a href=\"https:\/\/austinaccidentlawyer.com\/practice-areas\/serious-personal-injury\/\">desfiguraci\u00f3n permanente<\/a> o lesiones que la v\u00edctima debe llevar por el resto de su vida. La p\u00e9rdida de visi\u00f3n o ceguera causada a una persona debido a accidentes de tr\u00e1fico debe ser tratada con asistencia m\u00e9dica inmediata, y la persona acusada de causar el accidente corre con los gastos.<\/p>\n<p><img decoding=\"async\" class=\"aligncenter wp-image-23125 size-medium\" src=\"https:\/\/austinaccidentlawyer.com\/wp-content\/uploads\/2017\/07\/billionphotos-2160477-e1535811164368-2-298x300.jpg\" alt=\"Herida de ojo\" width=\"298\" height=\"300\" srcset=\"https:\/\/austinaccidentlawyer.com\/wp-content\/uploads\/2017\/07\/billionphotos-2160477-e1535811164368-2-298x300.jpg 298w, https:\/\/austinaccidentlawyer.com\/wp-content\/uploads\/2017\/07\/billionphotos-2160477-e1535811164368-2-1017x1024.jpg 1017w, https:\/\/austinaccidentlawyer.com\/wp-content\/uploads\/2017\/07\/billionphotos-2160477-e1535811164368-2-150x150.jpg 150w, https:\/\/austinaccidentlawyer.com\/wp-content\/uploads\/2017\/07\/billionphotos-2160477-e1535811164368-2-768x774.jpg 768w, https:\/\/austinaccidentlawyer.com\/wp-content\/uploads\/2017\/07\/billionphotos-2160477-e1535811164368-2-1080x1088.jpg 1080w, https:\/\/austinaccidentlawyer.com\/wp-content\/uploads\/2017\/07\/billionphotos-2160477-e1535811164368-2-1280x1289.jpg 1280w, https:\/\/austinaccidentlawyer.com\/wp-content\/uploads\/2017\/07\/billionphotos-2160477-e1535811164368-2-980x987.jpg 980w, https:\/\/austinaccidentlawyer.com\/wp-content\/uploads\/2017\/07\/billionphotos-2160477-e1535811164368-2-480x484.jpg 480w, https:\/\/austinaccidentlawyer.com\/wp-content\/uploads\/2017\/07\/billionphotos-2160477-e1535811164368-2.jpg 1497w\" sizes=\"(max-width: 298px) 100vw, 298px\" \/><\/p>\n<p>La p\u00e9rdida de visi\u00f3n en un ojo afecta la percepci\u00f3n de la profundidad, lo que a su vez hace que sea m\u00e1s dif\u00edcil moverse y conducir. Peor a\u00fan, el ojo restante ahora se convierte en la diferencia entre una vida deteriorada y ceguera total, ya que ya no hay un ojo \u00abde respaldo\u00bb.<\/p>\n<h2>Lesiones oculares m\u00e1s que meras lesiones f\u00edsicas<\/h2>\n<p>Las lesiones oculares o la p\u00e9rdida de la visi\u00f3n debido a un traumatismo, que conduce a la ceguera parcial o total en uno o ambos ojos, pueden causar m\u00e1s que un simple <a href=\"https:\/\/austinaccidentlawyer.com\/es\/dolor-y-sufrimiento\/\">dolor f\u00edsico<\/a> . La incapacidad de ver el mundo puede ser muy angustiosa, pero el estr\u00e9s mental es mucho mayor. La v\u00edctima tiene que vivir el resto de su vida sin poder utilizar la vista, y esto puede plantearle una gran cantidad de problemas. Otros problemas relacionados que tambi\u00e9n pueden causar mucho estr\u00e9s mental incluyen el <a href=\"https:\/\/austinaccidentlawyer.com\/es\/sin-seguro-medico-no-hay-problema\/\">gastos financieros de tratamiento m\u00e9dico<\/a> , incapacidad para trabajar eficientemente causando <a href=\"https:\/\/austinaccidentlawyer.com\/es\/salarios-perdidos-debido-a-una-lesion\/\">p\u00e9rdida sustancial de salarios e ingresos<\/a> , y otros da\u00f1os financieros similares. <a href=\"https:\/\/austinaccidentlawyer.com\/practice-areas\/serious-personal-injury\/\">Las v\u00edctimas de accidentes graves<\/a> tienen derecho a recibir una indemnizaci\u00f3n monetaria de las partes responsables del accidente.<\/p>\n<h2>Los abogados de lesiones personales pueden ayudarlo a obtener las compensaciones financieras adecuadas.<\/h2>\n<p>En caso de accidentes de tr\u00e1fico, donde se trata de grandes gastos, puede resultar muy dif\u00edcil obtener las compensaciones econ\u00f3micas de los responsables debido a las numerosas ramificaciones legales que implican. En tales escenarios, se vuelve imperativo contratar los servicios de un <a href=\"https:\/\/austinaccidentlawyer.com\/meet-us\/staff\/andrew-traub\/\">abogado de lesiones personales<\/a> para obtener las compensaciones monetarias adecuadas. Estos abogados tienen los conocimientos adecuados y est\u00e1n bien versados en los m\u00e9todos legales para obtener las cantidades adecuadas que puedan ayudar a las v\u00edctimas con sus gastos m\u00e9dicos y con sus vidas futuras. Despu\u00e9s de todo, el estr\u00e9s postraum\u00e1tico de tales accidentes tiene mucho que ver con los aspectos financieros de la v\u00edctima durante y despu\u00e9s de la recuperaci\u00f3n de tales accidentes.<\/p>\n<p>Los abogados de lesiones personales tambi\u00e9n pueden ayudar mucho a obtener una compensaci\u00f3n financiera suficiente para los casos de p\u00e9rdida de la visi\u00f3n que se produzcan en accidentes de tr\u00e1fico. Otros escenarios en los que las personas pueden perder la visi\u00f3n son los accidentes en obras de construcci\u00f3n, lugares de trabajo y muchos otros lugares similares.<\/p>\n<p>Sin <a href=\"https:\/\/austinaccidentlawyer.com\/practice-areas\/insurance-settlements\/uninsured-and-underinsured-claims\/\">un seguro adecuado<\/a> , puede resultar muy dif\u00edcil para las v\u00edctimas obtener la asistencia financiera adecuada necesaria para el tratamiento, as\u00ed como para establecer sus vidas posteriormente. En algunos casos, incluso las compa\u00f1\u00edas de seguros no suelen ayudar a las v\u00edctimas con su seguro m\u00e9dico, y un abogado con experiencia en lesiones personales puede ayudar a obtener los montos del seguro.<\/p>\n<p>Las lesiones oculares o la p\u00e9rdida de la visi\u00f3n debido a un trauma pueden causar mucha agon\u00eda a las v\u00edctimas durante y despu\u00e9s del proceso de recuperaci\u00f3n, y la ayuda financiera suficiente puede reducir este estr\u00e9s de manera significativa. Obtener dicha asistencia financiera a menudo puede ser dif\u00edcil, pero con la ayuda de un asesoramiento legal adecuado, puede resultar m\u00e1s f\u00e1cil para las v\u00edctimas obtener las compensaciones que les corresponden.<\/p>\n","protected":false},"excerpt":{"rendered":"<p>Lesi\u00f3n o p\u00e9rdida ocular debida a un trauma Las lesiones oculares son muy comunes en caso de accidentes de tr\u00e1fico que involucran autom\u00f3viles, motocicletas y otros veh\u00edculos similares. Tales lesiones podr\u00edan resultar en la p\u00e9rdida de la visi\u00f3n de cualquiera de los ojos o, a veces, incluso de ambos ojos. Dichos accidentes tambi\u00e9n podr\u00edan resultar&#8230;<\/p>\n","protected":false},"author":1,"featured_media":23126,"parent":0,"menu_order":0,"comment_status":"closed","ping_status":"closed","template":"","meta":{"_analytify_skip_tracking":false,"footnotes":""},"tags":[],"class_list":[],"_links":{"self":[{"href":"https:\/\/austinaccidentlawyer.com\/es\/wp-json\/wp\/v2\/pages\/23342","targetHints":{"allow":["GET"]}}],"collection":[{"href":"https:\/\/austinaccidentlawyer.com\/es\/wp-json\/wp\/v2\/pages"}],"about":[{"href":"https:\/\/austinaccidentlawyer.com\/es\/wp-json\/wp\/v2\/types\/page"}],"author":[{"embeddable":true,"href":"https:\/\/austinaccidentlawyer.com\/es\/wp-json\/wp\/v2\/users\/1"}],"replies":[{"embeddable":true,"href":"https:\/\/austinaccidentlawyer.com\/es\/wp-json\/wp\/v2\/comments?post=23342"}],"version-history":[{"count":0,"href":"https:\/\/austinaccidentlawyer.com\/es\/wp-json\/wp\/v2\/pages\/23342\/revisions"}],"wp:featuredmedia":[{"embeddable":true,"href":"https:\/\/austinaccidentlawyer.com\/es\/wp-json\/wp\/v2\/media\/23126"}],"wp:attachment":[{"href":"https:\/\/austinaccidentlawyer.com\/es\/wp-json\/wp\/v2\/media?parent=23342"}],"wp:term":[{"taxonomy":"post_tag","embeddable":true,"href":"https:\/\/austinaccidentlawyer.com\/es\/wp-json\/wp\/v2\/tags?post=23342"}],"curies":[{"name":"wp","href":"https:\/\/api.w.org\/{rel}","templated":true}]}}