{"id":23343,"date":"2024-04-26T09:55:25","date_gmt":"2024-04-26T14:55:25","guid":{"rendered":"http:\/\/3.131.240.186\/mecanismo-de-lesion-por-conmocion-cerebral\/"},"modified":"2024-08-07T17:01:43","modified_gmt":"2024-08-07T22:01:43","slug":"mecanismo-de-lesion-por-conmocion-cerebral","status":"publish","type":"page","link":"https:\/\/austinaccidentlawyer.com\/es\/mecanismo-de-lesion-por-conmocion-cerebral\/","title":{"rendered":"Mecanismo de lesi\u00f3n por conmoci\u00f3n cerebral"},"content":{"rendered":"<h1>Mecanismo de lesi\u00f3n por conmoci\u00f3n cerebral<\/h1>\n<p>Se ha realizado una nueva investigaci\u00f3n sobre las causas de una lesi\u00f3n por conmoci\u00f3n cerebral que examina c\u00f3mo el ax\u00f3n de la neurona se ve afectado por los golpes en la cabeza. Esta investigaci\u00f3n examina c\u00f3mo un golpe en la cabeza causa inflamaci\u00f3n a lo largo del ax\u00f3n de la neurona. Estos nuevos hallazgos podr\u00edan ayudar a los investigadores a mejorar los s\u00edntomas en pacientes con conmociones cerebrales.<\/p>\n<p><img decoding=\"async\" class=\"aligncenter wp-image-4891 size-medium\" src=\"https:\/\/austinaccidentlawyer.com\/wp-content\/uploads\/2017\/06\/billionphotos-1056039-4-263x300.jpg\" alt=\"lesi\u00f3n por conmoci\u00f3n cerebral\" width=\"263\" height=\"300\" srcset=\"https:\/\/austinaccidentlawyer.com\/wp-content\/uploads\/2017\/06\/billionphotos-1056039-4-263x300.jpg 263w, https:\/\/austinaccidentlawyer.com\/wp-content\/uploads\/2017\/06\/billionphotos-1056039-4-897x1024.jpg 897w, https:\/\/austinaccidentlawyer.com\/wp-content\/uploads\/2017\/06\/billionphotos-1056039-4-768x877.jpg 768w, https:\/\/austinaccidentlawyer.com\/wp-content\/uploads\/2017\/06\/billionphotos-1056039-4-1346x1536.jpg 1346w, https:\/\/austinaccidentlawyer.com\/wp-content\/uploads\/2017\/06\/billionphotos-1056039-4-1794x2048.jpg 1794w, https:\/\/austinaccidentlawyer.com\/wp-content\/uploads\/2017\/06\/billionphotos-1056039-4-1080x1233.jpg 1080w, https:\/\/austinaccidentlawyer.com\/wp-content\/uploads\/2017\/06\/billionphotos-1056039-4-1280x1461.jpg 1280w, https:\/\/austinaccidentlawyer.com\/wp-content\/uploads\/2017\/06\/billionphotos-1056039-4-980x1119.jpg 980w, https:\/\/austinaccidentlawyer.com\/wp-content\/uploads\/2017\/06\/billionphotos-1056039-4-480x548.jpg 480w\" sizes=\"(max-width: 263px) 100vw, 263px\" \/><\/p>\n<p>Un trauma repentino, como cuando la cabeza golpea una superficie dura o cuando un objeto atraviesa el cr\u00e1neo, se denomina <a href=\"https:\/\/austinaccidentlawyer.com\/practice-areas\/serious-personal-injury\/brain-injury-lawyers\/traumatic-brain-injuries-tbi\/\">lesi\u00f3n cerebral traum\u00e1tica o TBI<\/a> y tambi\u00e9n se conoce como conmoci\u00f3n cerebral.<\/p>\n<p>En 2013, las lesiones por TBI representaron 2.5 millones de visitas a la sala de emergencias y 56,000 muertes seg\u00fan los Centros para el Control y la Prevenci\u00f3n de Enfermedades.<\/p>\n<p>El nuevo estudio que fue publicado por el <a href=\"http:\/\/jcb.rupress.org\/\">Journal of Cell Biology<\/a> y realizado por un equipo de cient\u00edficos de la Universidad Estatal de Ohio en Columbus.<\/p>\n<p>El primer autor del estudio fue Chen Gu. Gu y sus colegas descubrieron que pod\u00edan inducir inflamaci\u00f3n en las neuronas del hipocampo, la regi\u00f3n del cerebro responsable de crear y almacenar recuerdos.<\/p>\n<p>En una lesi\u00f3n por conmoci\u00f3n cerebral, los axones desarrollan peque\u00f1as hinchazones en forma de perlas a lo largo de su longitud, al igual que las neurodegeneraciones que ocurren en los pacientes con enfermedad de Alzheimer y Parkinson.<\/p>\n<p>Gu y su equipo indujeron repetidamente varicosidades axonales (hinchazones) imitando los efectos de golpes repetitivos en la cabeza. Los compararon con la hinchaz\u00f3n que hab\u00edan inducido en ratones.<\/p>\n<p>Descubrieron que una prote\u00edna llamada TRPV4, una prote\u00edna de canal que se encuentra m\u00e1s abundantemente en la membrana de los axones neuronales, se activa cuando se produce el \u00absoplo\u00bb.<\/p>\n<p>Lograron inhibir este canal y, en consecuencia, bloquear la formaci\u00f3n de hinchaz\u00f3n adicional a lo largo de los axones.<\/p>\n<p>Los investigadores pudieron identificar con mayor precisi\u00f3n el mecanismo responsable de la formaci\u00f3n de hinchaz\u00f3n.<\/p>\n<p>Pudieron ver que las neuronas m\u00e1s viejas tienen cantidades m\u00e1s bajas de la prote\u00edna TRPV4 y niveles m\u00e1s altos de una prote\u00edna llamada STOP que interrumpe el transporte de materiales celulares a lo largo de los axones.<\/p>\n<p>Este estudio muestra que los golpes en la cabeza activan una prote\u00edna y las neuronas m\u00e1s j\u00f3venes reaccionan de manera diferente a las neuronas m\u00e1s viejas.<\/p>\n<p>Por lo tanto, este proceso puede desempe\u00f1ar un papel clave en el desarrollo neuronal y la funci\u00f3n del sistema nervioso central en adultos, as\u00ed como en los trastornos cerebrales cr\u00f3nicos y diversas lesiones cerebrales agudas \u00ab, dice Gu.<\/p>\n<p>Si cree que ha sufrido una lesi\u00f3n cerebral, llame hoy mismo a los <a href=\"https:\/\/austinaccidentlawyer.com\/practice-areas\/serious-personal-injury\/brain-injury-lawyers\/\">abogados de lesiones cerebrales<\/a> de Traub Law Office, PC al (512) 246-9191 o complete el formulario a continuaci\u00f3n.<\/p>\n","protected":false},"excerpt":{"rendered":"<p>Mecanismo de lesi\u00f3n por conmoci\u00f3n cerebral Se ha realizado una nueva investigaci\u00f3n sobre las causas de una lesi\u00f3n por conmoci\u00f3n cerebral que examina c\u00f3mo el ax\u00f3n de la neurona se ve afectado por los golpes en la cabeza. Esta investigaci\u00f3n examina c\u00f3mo un golpe en la cabeza causa inflamaci\u00f3n a lo largo del ax\u00f3n de&#8230;<\/p>\n","protected":false},"author":1,"featured_media":0,"parent":0,"menu_order":0,"comment_status":"closed","ping_status":"closed","template":"","meta":{"_analytify_skip_tracking":false,"footnotes":""},"tags":[],"class_list":[],"_links":{"self":[{"href":"https:\/\/austinaccidentlawyer.com\/es\/wp-json\/wp\/v2\/pages\/23343","targetHints":{"allow":["GET"]}}],"collection":[{"href":"https:\/\/austinaccidentlawyer.com\/es\/wp-json\/wp\/v2\/pages"}],"about":[{"href":"https:\/\/austinaccidentlawyer.com\/es\/wp-json\/wp\/v2\/types\/page"}],"author":[{"embeddable":true,"href":"https:\/\/austinaccidentlawyer.com\/es\/wp-json\/wp\/v2\/users\/1"}],"replies":[{"embeddable":true,"href":"https:\/\/austinaccidentlawyer.com\/es\/wp-json\/wp\/v2\/comments?post=23343"}],"version-history":[{"count":0,"href":"https:\/\/austinaccidentlawyer.com\/es\/wp-json\/wp\/v2\/pages\/23343\/revisions"}],"wp:attachment":[{"href":"https:\/\/austinaccidentlawyer.com\/es\/wp-json\/wp\/v2\/media?parent=23343"}],"wp:term":[{"taxonomy":"post_tag","embeddable":true,"href":"https:\/\/austinaccidentlawyer.com\/es\/wp-json\/wp\/v2\/tags?post=23343"}],"curies":[{"name":"wp","href":"https:\/\/api.w.org\/{rel}","templated":true}]}}