{"id":23344,"date":"2024-04-26T09:56:14","date_gmt":"2024-04-26T14:56:14","guid":{"rendered":"http:\/\/3.131.240.186\/abogado-de-costillas-rotas\/"},"modified":"2024-08-07T17:00:14","modified_gmt":"2024-08-07T22:00:14","slug":"abogado-de-costillas-rotas","status":"publish","type":"page","link":"https:\/\/austinaccidentlawyer.com\/es\/austin-serious-personal-injury-attorney\/abogado-de-costillas-rotas\/","title":{"rendered":"Abogado de costillas rotas"},"content":{"rendered":"<h1>Abogado de costillas rotas<\/h1>\n<div style=\"width: 1280px;\" class=\"wp-video\"><video class=\"wp-video-shortcode\" id=\"video-23344-1\" width=\"1280\" height=\"720\" preload=\"metadata\" controls=\"controls\"><source type=\"video\/mp4\" src=\"https:\/\/austinaccidentlawyer.com\/wp-content\/uploads\/2021\/12\/rib-injuries.mp4?_=1\" \/><a href=\"https:\/\/austinaccidentlawyer.com\/wp-content\/uploads\/2021\/12\/rib-injuries.mp4\">https:\/\/austinaccidentlawyer.com\/wp-content\/uploads\/2021\/12\/rib-injuries.mp4<\/a><\/video><\/div>\n<p>Las costillas son los huesos largos y curvos que forman la caja tor\u00e1cica y encierran y protegen los \u00f3rganos internos como los pulmones y el coraz\u00f3n y otros \u00f3rganos dentro de la cavidad tor\u00e1cica. Permiten que los pulmones se expandan y facilitan la respiraci\u00f3n dentro de la cavidad tor\u00e1cica. Como resultado, las lesiones en las costillas pueden ser devastadoras. Un abogado experimentado en costillas rotas puede ayudarlo a recuperar la compensaci\u00f3n total que se merece.<\/p>\n<p><img decoding=\"async\" class=\"aligncenter wp-image-23122 size-full\" src=\"https:\/\/austinaccidentlawyer.com\/wp-content\/uploads\/2017\/03\/ribs-2.png\" alt=\"rib injuries\" width=\"511\" height=\"715\" srcset=\"https:\/\/austinaccidentlawyer.com\/wp-content\/uploads\/2017\/03\/ribs-2.png 511w, https:\/\/austinaccidentlawyer.com\/wp-content\/uploads\/2017\/03\/ribs-2-214x300.png 214w, https:\/\/austinaccidentlawyer.com\/wp-content\/uploads\/2017\/03\/ribs-2-480x672.png 480w\" sizes=\"(max-width: 511px) 100vw, 511px\" \/><\/p>\n<p>Tenemos 24 costillas, doce de cada lado. Tanto los hombres como las mujeres tienen la misma cantidad de costillas. Las costillas est\u00e1n unidas a un hueso de la columna en la espalda. Los primeros siete pares de costillas se unen al estern\u00f3n en el centro del pecho. Los extremos frontales del octavo, noveno y <sup>d\u00e9cimo<\/sup><\/p>\n<p>Un golpe directo en el pecho por un <a href=\"https:\/\/austinaccidentlawyer.com\/practice-areas\/car-accident-lawyers\/\">accidente automovil\u00edstico<\/a> o una situaci\u00f3n de <a href=\"https:\/\/austinaccidentlawyer.com\/practice-areas\/slip-and-fall-injury-lawyers\/\">resbal\u00f3n y ca\u00edda<\/a> puede causar lesiones en las costillas, como una <a href=\"https:\/\/austinaccidentlawyer.com\/practice-areas\/broken-bone-injury-attorneys\/\">fractura de costilla<\/a> . <span data-offset-key=\"33vqd-0-0\">En un accidente automovil\u00edstico, las costillas pueden lesionarse de muchas formas. Una colisi\u00f3n de impacto lateral podr\u00eda empujar la puerta o la consola central hacia el conductor o el pasajero. <\/span><span class=\"hardreadability\"><span data-offset-key=\"33vqd-1-0\">Si el coche rueda por el impacto, los ocupantes rodar\u00e1n con \u00e9l, exponiendo a las personas que se encuentran dentro a todo tipo de lesiones.<\/span><\/span><span data-offset-key=\"33vqd-2-0\">. La fuerza del impacto tambi\u00e9n puede hacer que los objetos <\/span><span class=\"adverb\"><span data-offset-key=\"33vqd-3-0\">volar<\/span><\/span><span data-offset-key=\"33vqd-4-0\"> sobre el interior, incluso cortando piezas atornilladas del autom\u00f3vil. Esos objetos pueden golpear las costillas u otras partes del cuerpo a alta velocidad y causar lesiones. Otra c<\/span><span class=\"veryhardreadability\"><span data-offset-key=\"33vqd-5-0\">La causa com\u00fan de lesiones en las costillas en un accidente implica el despliegue r\u00e1pido de bolsas de aire que pueden ejercer mucha fuerza sobre el pecho y provocar lesiones en las costillas.<\/span><\/span><span data-offset-key=\"33vqd-6-0\">. La parada repentina del impulso cuando el cintur\u00f3n de seguridad detiene un cuerpo en movimiento tambi\u00e9n puede causar lesiones en las costillas.<\/span><\/p>\n<h2>Tipos de lesiones costales<\/h2>\n<h3>Costillas rotas<\/h3>\n<div class=\"\" data-block=\"true\" data-editor=\"7cpl5\" data-offset-key=\"4kclc-0-0\">\n<div class=\"public-DraftStyleDefault-block public-DraftStyleDefault-ltr\" data-offset-key=\"4kclc-0-0\"><span data-offset-key=\"4kclc-0-0\">La gran fuerza de tracci\u00f3n hacia los cinturones de seguridad durante una acci\u00f3n de rodadura de un autom\u00f3vil puede provocar la rotura de las costillas.<\/span> <span class=\"hardreadability\"><span data-offset-key=\"4kclc-1-0\">Algunas personas incluso desarrollan costillas rotas debido a la colisi\u00f3n que puede ejercer demasiada presi\u00f3n en el \u00e1rea de la caja tor\u00e1cica<\/span><\/span> <span data-offset-key=\"4kclc-2-0\">.<\/span><\/div>\n<\/div>\n<div class=\"\" data-block=\"true\" data-editor=\"7cpl5\" data-offset-key=\"pjjj-0-0\">\n<div class=\"public-DraftStyleDefault-block public-DraftStyleDefault-ltr\" data-offset-key=\"pjjj-0-0\"><\/div>\n<\/div>\n<div class=\"\" data-block=\"true\" data-editor=\"7cpl5\" data-offset-key=\"5pmh1-0-0\">\n<div class=\"public-DraftStyleDefault-block public-DraftStyleDefault-ltr\" data-offset-key=\"5pmh1-0-0\"><span data-offset-key=\"5pmh1-0-0\">Si experimenta costillas rotas, es necesario buscar atenci\u00f3n m\u00e9dica urgente.<\/span><\/div>\n<h3 data-offset-key=\"5pmh1-0-0\">Fracturas de costillas<\/h3>\n<p><span class=\"hardreadability\"><span data-offset-key=\"2se6f-0-0\">La fuerza ejercida sobre su pecho debido a tirar del cintur\u00f3n de seguridad o del airbag puede exponerlo a una fuerza extrema que puede hacerle sufrir fracturas de costillas<\/span><\/span> <span data-offset-key=\"2se6f-1-0\">.<\/span><\/p>\n<h3>Cart\u00edlago de la costilla inflamado<\/h3>\n<p>El traumatismo en el \u00e1rea del pecho puede provocar inflamaci\u00f3n del cart\u00edlago de las costillas. La exposici\u00f3n de la costilla a demasiada fuerza provoca una lesi\u00f3n muscular alrededor del \u00e1rea de la caja tor\u00e1cica. El resultado ser\u00e1 un dolor que ser\u00e1 demasiado para usted.<\/p>\n<\/div>\n<h2>S\u00edntomas, complicaciones y tratamiento de las lesiones costales<\/h2>\n<p>Si alguien tiene una costilla fracturada, le resultar\u00e1 dif\u00edcil respirar porque todos los m\u00fasculos que se usan para respirar tiran de las costillas. Debido a la dificultad para respirar profundamente, la neumon\u00eda es un efecto secundario com\u00fan de las lesiones en las costillas.<\/p>\n<p>Es muy importante buscar atenci\u00f3n m\u00e9dica si sospecha que su costilla est\u00e1 fracturada. Un accidente que provoc\u00f3 un impacto que fractur\u00f3 una costilla tambi\u00e9n puede provocar lesiones en los pulmones, el bazo, los vasos sangu\u00edneos u otras partes del cuerpo. Un pulm\u00f3n colapsado es una lesi\u00f3n com\u00fan cuando se fractura o perfora una costilla.<\/p>\n<p>Los s\u00edntomas que puede experimentar si tiene una costilla fracturada incluyen dolor leve a severo en el \u00e1rea lesionada, dolor al respirar, dolor alrededor de la fractura si se aplica presi\u00f3n en el estern\u00f3n.<\/p>\n<p>Tambi\u00e9n puede sentir dificultad para respirar, ansiedad, inquietud o puede tener miedo. Es posible que tenga dolor de cabeza y se sienta mareado, cansado o somnoliento.<\/p>\n<p>El m\u00e9dico realizar\u00e1 un examen f\u00edsico que incluir\u00e1 aplicar presi\u00f3n en el pecho para averiguar la ubicaci\u00f3n de la lesi\u00f3n, observar su respiraci\u00f3n y asegurarse de que sus pulmones funcionen correctamente, escuchar su coraz\u00f3n y controlar la cabeza, el cuello y la columna vertebral. aseg\u00farese de que no haya otras lesiones.<\/p>\n<p>Desafortunadamente, las fracturas de costillas no siempre aparecen en im\u00e1genes o radiograf\u00edas, por lo que el m\u00e9dico puede tratarlo de todos modos por una fractura de costilla solo para estar seguro.<\/p>\n<p>Una fractura de costilla puede tardar hasta seis semanas en sanar. El mejor tratamiento es el reposo y el manejo del dolor con aspirina o ibuprofeno. Es muy importante respirar profundamente o toser al menos una vez por hora para prevenir la neumon\u00eda y el colapso parcial del tejido pulmonar.<\/p>\n<p>No envuelva bien la lesi\u00f3n porque esto evitar\u00e1 que las respiraciones profundas aumenten el riesgo de neumon\u00eda. Dormir del lado lesionado tambi\u00e9n ayudar\u00e1 a respirar profundamente. Esto puede parecer contrario a la intuici\u00f3n al principio, pero ayudar\u00e1. Solo duerma del lado lesionado, si no se ha <a href=\"https:\/\/austinaccidentlawyer.com\/practice-areas\/neck-injuries\/\">lesionado el cuello<\/a> o <a href=\"https:\/\/austinaccidentlawyer.com\/practice-areas\/serious-personal-injury\/austin-back-injury-lawyers\/\">la espalda<\/a> , lo que puede requerir acostarse en otras posiciones.<\/p>\n<p>Considere contactar a un abogado con experiencia en costillas rotas si su lesi\u00f3n en las costillas se debi\u00f3 al descuido de otra persona.<\/p>\n<h2>Abogado experimentado de costillas rotas<\/h2>\n<p>Si tiene una lesi\u00f3n en las costillas debido a un accidente automovil\u00edstico, un accidente de <a href=\"https:\/\/austinaccidentlawyer.com\/practice-areas\/motorcycle-accident-attorney\/\">motocicleta o un accidente<\/a> de resbal\u00f3n y ca\u00edda, y desea hablar con un abogado experimentado en costillas rotas, llame o env\u00ede un mensaje de texto a la oficina legal de Traub al 512-246-9191 o complete el formulario a continuaci\u00f3n para m\u00e1s informaci\u00f3n.<\/p>\n<p>Esperamos poder ayudarle.<\/p>\n","protected":false},"excerpt":{"rendered":"<p>Abogado de costillas rotas Las costillas son los huesos largos y curvos que forman la caja tor\u00e1cica y encierran y protegen los \u00f3rganos internos como los pulmones y el coraz\u00f3n y otros \u00f3rganos dentro de la cavidad tor\u00e1cica. Permiten que los pulmones se expandan y facilitan la respiraci\u00f3n dentro de la cavidad tor\u00e1cica. Como resultado,&#8230;<\/p>\n","protected":false},"author":2,"featured_media":0,"parent":23429,"menu_order":0,"comment_status":"closed","ping_status":"closed","template":"","meta":{"_analytify_skip_tracking":false,"footnotes":""},"tags":[],"class_list":[],"_links":{"self":[{"href":"https:\/\/austinaccidentlawyer.com\/es\/wp-json\/wp\/v2\/pages\/23344","targetHints":{"allow":["GET"]}}],"collection":[{"href":"https:\/\/austinaccidentlawyer.com\/es\/wp-json\/wp\/v2\/pages"}],"about":[{"href":"https:\/\/austinaccidentlawyer.com\/es\/wp-json\/wp\/v2\/types\/page"}],"author":[{"embeddable":true,"href":"https:\/\/austinaccidentlawyer.com\/es\/wp-json\/wp\/v2\/users\/2"}],"replies":[{"embeddable":true,"href":"https:\/\/austinaccidentlawyer.com\/es\/wp-json\/wp\/v2\/comments?post=23344"}],"version-history":[{"count":0,"href":"https:\/\/austinaccidentlawyer.com\/es\/wp-json\/wp\/v2\/pages\/23344\/revisions"}],"up":[{"embeddable":true,"href":"https:\/\/austinaccidentlawyer.com\/es\/wp-json\/wp\/v2\/pages\/23429"}],"wp:attachment":[{"href":"https:\/\/austinaccidentlawyer.com\/es\/wp-json\/wp\/v2\/media?parent=23344"}],"wp:term":[{"taxonomy":"post_tag","embeddable":true,"href":"https:\/\/austinaccidentlawyer.com\/es\/wp-json\/wp\/v2\/tags?post=23344"}],"curies":[{"name":"wp","href":"https:\/\/api.w.org\/{rel}","templated":true}]}}