{"id":23347,"date":"2024-04-26T09:56:16","date_gmt":"2024-04-26T14:56:16","guid":{"rendered":"http:\/\/3.131.240.186\/abogados-de-lesiones-de-rodilla-en-austin\/"},"modified":"2024-08-07T17:00:03","modified_gmt":"2024-08-07T22:00:03","slug":"abogados-de-lesiones-de-rodilla-en-austin","status":"publish","type":"page","link":"https:\/\/austinaccidentlawyer.com\/es\/austin-serious-personal-injury-attorney\/abogados-de-lesiones-de-rodilla-en-austin\/","title":{"rendered":"Abogados de lesiones de rodilla en Austin"},"content":{"rendered":"<h1>Abogados de lesiones de rodilla en Austin<\/h1>\n\n\n<p>Las lesiones de rodilla pueden ser debilitantes. Cuando no puedes caminar correctamente, es posible que pongas m\u00e1s peso en tu otra pierna, lo que resulta en un mecanismo de compensaci\u00f3n deficiente. El equilibrio desigual del peso te pone en riesgo de caer y lesionarte a\u00fan m\u00e1s. Muchas personas encuentran dif\u00edcil conducir y desplazarse cuando han sufrido una lesi\u00f3n de rodilla.<\/p>\n\n\n\n<p>Aunque el dolor de rodilla puede surgir debido al desgaste diario o al uso excesivo, la causa m\u00e1s com\u00fan del dolor de rodilla es una lesi\u00f3n. Una lesi\u00f3n puede ser causada por deportes, un accidente laboral, un resbal\u00f3n y ca\u00edda, o un accidente automovil\u00edstico.<\/p>\n\n\n\n<p>Las lesiones repentinas pueden ser causadas por un golpe directo en la rodilla desde el tablero de un coche, o por torcer, doblar o caer de la manera incorrecta.<\/p>\n\n\n\n<h2 class=\"wp-block-heading\">Estructura de la Rodilla<\/h2>\n\n\n\n<p>La rodilla est\u00e1 compuesta por ligamentos y discos, adem\u00e1s de los huesos de la rodilla.<\/p>\n\n\n\n<p>Los ligamentos cruzados anterior y posterior (LCA y LCP) se encuentran dentro de tu articulaci\u00f3n de la rodilla y forman una X, parecido a un pretzel. Estos ligamentos controlan el movimiento de adelante hacia atr\u00e1s en la rodilla y tambi\u00e9n ofrecen estabilizaci\u00f3n de la rodilla.<\/p>\n\n\n\n<p>Los huesos superior e inferior de la rodilla est\u00e1n separados por los meniscos, que son cart\u00edlagos que act\u00faan como amortiguadores entre los huesos. Los meniscos protegen la superficie de la articulaci\u00f3n de la rodilla. Los meniscos absorben impactos de actividades diarias como caminar y correr.<\/p>\n\n\n\n<p>Los tipos de lesiones de rodilla son lesiones por uso excesivo, esguinces y torceduras, desgarros de ligamentos en el LCA o LCP, fracturas y luxaci\u00f3n de r\u00f3tula m\u00e1s comunes en chicas de 13 a 18 a\u00f1os.<\/p>\n\n\n\n<h2 class=\"wp-block-heading\">Tipos de Lesiones de Rodilla<\/h2>\n\n\n\n<p>Un esguince o torcedura es una lesi\u00f3n de los ligamentos y tendones que conectan y soportan la r\u00f3tula. Los tendones pueden torcerse o estirarse, hiperextenderse o incluso ir m\u00e1s all\u00e1 de su radio previsto dependiendo de la fuerza con la que se produce una colisi\u00f3n entre veh\u00edculos.<\/p>\n\n\n\n<p>Una fractura de la r\u00f3tula puede ocurrir en la parte inferior del f\u00e9mur o en la parte superior de la tibia o peron\u00e9. Estos tipos de lesiones graves son causadas com\u00fanmente por fuerzas anormales, como caerse sobre la rodilla, un movimiento de torsi\u00f3n severo o cuando la rodilla golpea un objeto muy duro, como un coche en un accidente.<\/p>\n\n\n\n<p>Otro tipo com\u00fan de lesi\u00f3n de rodilla es el desgarro del menisco. Se dice que el menisco es una masa en forma de disco que tiene cart\u00edlago y tejidos blandos detr\u00e1s de la rodilla. Cuando ocurre un accidente, la fuerza creada por el impacto puede desgarrar o romper los meniscos. Un peque\u00f1o desgarro produce una molestia y dolor moderados, a diferencia de una rotura, que es muy dolorosa.<\/p>\n\n\n\n<h2 class=\"wp-block-heading\">Tratamiento de Lesiones de Rodilla<\/h2>\n\n\n\n<p>Los tratamientos para lesiones graves de rodilla var\u00edan desde hielo y reposo hasta tratamientos m\u00e1s invasivos como la cirug\u00eda. El tipo de tratamiento est\u00e1 determinado por la ubicaci\u00f3n, el tipo y la gravedad de la lesi\u00f3n.<\/p>\n\n\n\n<p>\u00bfCu\u00e1ndo debes buscar tratamiento y llamar al m\u00e9dico? Si no puedes apoyar peso o estirar la rodilla, sientes un dolor severo, aumenta la hinchaz\u00f3n dentro de los 30 minutos posteriores a una lesi\u00f3n, o si la hinchaz\u00f3n y el dolor no mejoran en 2 d\u00edas con primeros auxilios en casa y tratamiento m\u00e9dico.<\/p>\n\n\n\n<p>Si experimentas adormecimiento o hormigueo o no puedes mover la rodilla normalmente debido a debilidad, entonces debes buscar atenci\u00f3n m\u00e9dica de inmediato.<\/p>\n\n\n\n<h3 class=\"wp-block-heading\">Abogados de Lesiones de Rodilla<\/h3>\n\n\n\n<p>Si sufriste una lesi\u00f3n de rodilla en un accidente automovil\u00edstico o por un resbal\u00f3n y ca\u00edda, contacta a nuestros abogados de lesiones para ver si puedes tener un reclamo. Llama al (512) 246-9191 o completa el formulario a continuaci\u00f3n.<\/p>\n","protected":false},"excerpt":{"rendered":"<p>Abogados de lesiones de rodilla en Austin Las lesiones de rodilla pueden ser debilitantes. Cuando no puedes caminar correctamente, es posible que pongas m\u00e1s peso en tu otra pierna, lo que resulta en un mecanismo de compensaci\u00f3n deficiente. El equilibrio desigual del peso te pone en riesgo de caer y lesionarte a\u00fan m\u00e1s. Muchas personas&#8230;<\/p>\n","protected":false},"author":2,"featured_media":0,"parent":23429,"menu_order":0,"comment_status":"closed","ping_status":"closed","template":"","meta":{"_analytify_skip_tracking":false,"footnotes":""},"tags":[],"class_list":[],"_links":{"self":[{"href":"https:\/\/austinaccidentlawyer.com\/es\/wp-json\/wp\/v2\/pages\/23347","targetHints":{"allow":["GET"]}}],"collection":[{"href":"https:\/\/austinaccidentlawyer.com\/es\/wp-json\/wp\/v2\/pages"}],"about":[{"href":"https:\/\/austinaccidentlawyer.com\/es\/wp-json\/wp\/v2\/types\/page"}],"author":[{"embeddable":true,"href":"https:\/\/austinaccidentlawyer.com\/es\/wp-json\/wp\/v2\/users\/2"}],"replies":[{"embeddable":true,"href":"https:\/\/austinaccidentlawyer.com\/es\/wp-json\/wp\/v2\/comments?post=23347"}],"version-history":[{"count":0,"href":"https:\/\/austinaccidentlawyer.com\/es\/wp-json\/wp\/v2\/pages\/23347\/revisions"}],"up":[{"embeddable":true,"href":"https:\/\/austinaccidentlawyer.com\/es\/wp-json\/wp\/v2\/pages\/23429"}],"wp:attachment":[{"href":"https:\/\/austinaccidentlawyer.com\/es\/wp-json\/wp\/v2\/media?parent=23347"}],"wp:term":[{"taxonomy":"post_tag","embeddable":true,"href":"https:\/\/austinaccidentlawyer.com\/es\/wp-json\/wp\/v2\/tags?post=23347"}],"curies":[{"name":"wp","href":"https:\/\/api.w.org\/{rel}","templated":true}]}}