{"id":23349,"date":"2024-04-26T09:56:08","date_gmt":"2024-04-26T14:56:08","guid":{"rendered":"http:\/\/3.131.240.186\/dolor-irradiante\/"},"modified":"2026-02-19T02:28:36","modified_gmt":"2026-02-19T07:28:36","slug":"dolor-irradiante","status":"publish","type":"page","link":"https:\/\/austinaccidentlawyer.com\/es\/abogados-de-austin-en-lesiones-de-la-medula-espinal\/dolor-irradiante\/","title":{"rendered":"Lesiones por Dolor Irradiado"},"content":{"rendered":"\n<h1 class=\"wp-block-heading\">Manejo del Dolor Irradiado: Estrategias para el Alivio y la Recuperaci\u00f3n<\/h1>\n\n<p>El dolor irradiado es com\u00fan despu\u00e9s de un accidente automovil\u00edstico. El dolor puede deberse a discos o placas intervertebrales da\u00f1ados. Estas son estructuras cartilaginosas que amortiguan las uniones entre v\u00e9rtebras.  Estas placas sirven para amortiguar los movimientos de la columna y facilitar la flexi\u00f3n de la columna sin esfuerzo.<\/p>\n\n<p><\/p>\n\n<figure class=\"wp-block-image aligncenter\"><img decoding=\"async\" width=\"550\" height=\"530\" src=\"https:\/\/austinaccidentlawyer.com\/wp-content\/uploads\/2017\/01\/radiating-pain-2.png\" alt=\"radiating pain image\" class=\"wp-image-3603\" srcset=\"https:\/\/austinaccidentlawyer.com\/wp-content\/uploads\/2017\/01\/radiating-pain-2.png 550w, https:\/\/austinaccidentlawyer.com\/wp-content\/uploads\/2017\/01\/radiating-pain-2-300x289.png 300w, https:\/\/austinaccidentlawyer.com\/wp-content\/uploads\/2017\/01\/radiating-pain-2-480x463.png 480w\" sizes=\"(max-width: 550px) 100vw, 550px\" \/><\/figure>\n\n<p><\/p>\n\n<p>Da\u00f1o a los m\u00fasculos alrededor de la columna al debilitarse. El dolor irradiado provoca un aumento de la presi\u00f3n sobre la columna vertebral y, por tanto, sobre los discos (presentes entre dos v\u00e9rtebras), lo que provoca cierta presi\u00f3n sobre los nervios y da lugar a un dolor irradiado.<\/p>\n\n<p>El dolor de espalda se localiza com\u00fanmente alrededor de la columna; puede ser en la regi\u00f3n cervical (cuello), tor\u00e1cica (pecho) o lumbar (espalda baja). A diferencia del dolor de cabeza y el dolor articular, su intensidad es baja. Generalmente, el dolor de espalda, seg\u00fan la causa, se caracteriza por ser sordo, urente o punzante. En algunos casos, se irradia desde el punto de origen hacia las piernas y las manos, y puede presentar elementos de parestesia (hormigueo o cosquilleo en la piel). <\/p>\n\n<p>El dolor de espalda puede originarse en los m\u00fasculos de la espalda, los huesos, los nervios, los elementos estructurales de la columna y las articulaciones. En algunos casos, el efecto agravante de los problemas puede provocar problemas de espalda. Por lo tanto, una simple pomada para el dolor de espalda puede no brindar suficiente alivio.<\/p>\n\n<p>Las personas que han tenido accidentes automovil\u00edsticos y han tenido que someterse a una cirug\u00eda en la columna vertebral a\u00fan pueden experimentar dolor mucho despu\u00e9s de que se haya realizado la cirug\u00eda y las incisiones hayan cicatrizado. Esta manifestaci\u00f3n de dolor puede deberse a tejidos cicatriciales que han crecido hasta convertirse en ramas nerviosas y est\u00e1n ejerciendo una presi\u00f3n innecesaria sobre ellas.<\/p>\n\n<p>Es muy posible que durante el tratamiento de las <a href=\"https:\/\/austinaccidentlawyer.com\/practice-areas\/car-accident-lawyers\/\">lesiones debidas a accidentes automovil\u00edsticos<\/a> , la atenci\u00f3n del m\u00e9dico se dirigiera al da\u00f1o m\u00e1s grave de <a href=\"https:\/\/austinaccidentlawyer.com\/practice-areas\/broken-bone-injury-attorneys\/\">los huesos fracturados<\/a> . No ser\u00e1 hasta que la operaci\u00f3n haya sanado durante mucho tiempo que los problemas causados por la ruptura de los discos intervertebrales se har\u00e1n evidentes.<\/p>\n\n<p>Para aliviar al paciente del dolor provocado de esta manera, es eficaz simplemente eliminar las sustancias procedentes de los discos da\u00f1ados que han sobresalido hacia el canal central de la columna vertebral.<\/p>\n\n<p>El dolor de espalda es una epidemia moderna. Las encuestas sugieren que afecta al 80 por ciento de nosotros en alg\u00fan momento y supone un enorme drenaje de recursos. Al comprender el inmenso efecto que el dolor de espalda tiene en nuestras vidas, es de suma importancia contratar a un <a href=\"https:\/\/austinaccidentlawyer.com\/practice-areas\/serious-personal-injury\/\">abogado con experiencia en lesiones personales graves<\/a> si <a href=\"https:\/\/austinaccidentlawyer.com\/practice-areas\/serious-personal-injury\/austin-back-injury-lawyers\/\">se lastim\u00f3 la espalda en un accidente<\/a> .<\/p>\n\n<p>Un paso importante a seguir son los <a href=\"https:\/\/www.mayoclinic.org\/healthy-lifestyle\/adult-health\/in-depth\/back-pain\/art-20546859\">ejercicios para aliviar el dolor de espalda.<\/a> Estos ejercicios son generalmente f\u00e1ciles de integrar en nuestra rutina diaria y tampoco requieren ning\u00fan equipo especial. Los estiramientos, la movilizaci\u00f3n, los movimientos funcionales y el yoga son formas de ejercicios para aliviar el dolor lumbar.<\/p>\n\n<p>Por supuesto, el ejercicio por s\u00ed solo no es suficiente para tratar el dolor lumbar. Es necesario abordar la causa ra\u00edz del problema. Consulte a su m\u00e9dico si experimenta un <a href=\"https:\/\/austinaccidentlawyer.com\/practice-areas\/soft-tissue-damage-attorneys\/\">dolor irradiado en el cuello<\/a> o la espalda.<\/p>\n\n<p>La otra cosa a tener en cuenta es c\u00f3mo evitar que el dolor lumbar paralice su estilo de vida. Si tiene dolor de espalda, es importante asegurarse de aprender a utilizar medidas preventivas en su rutina diaria tanto como sea posible.<\/p>\n\n<h2 class=\"wp-block-heading\">Buscando Ayuda Profesional para el Dolor Irradiado<\/h2>\n\n<p>En resumen, resolver el dolor irradiado implica un enfoque integral y hol\u00edstico. En primer lugar, es fundamental buscar evaluaci\u00f3n m\u00e9dica para identificar la causa subyacente y desarrollar un plan de tratamiento adecuado. Este puede incluir medicamentos para controlar el dolor y la inflamaci\u00f3n, fisioterapia para fortalecer los m\u00fasculos y mejorar la movilidad, o incluso intervenciones quir\u00fargicas en casos graves.  <\/p>\n\n<p>Adem\u00e1s, las modificaciones del estilo de vida, como los ajustes ergon\u00f3micos, el ejercicio regular y las t\u00e9cnicas de manejo del estr\u00e9s, pueden desempe\u00f1ar un papel importante en el control del dolor cr\u00f3nico.<\/p>\n\n<p>Adem\u00e1s, resolver los aspectos psicol\u00f3gicos del dolor mediante terapia o pr\u00e1cticas de atenci\u00f3n plena puede ayudar a las personas a sobrellevar el impacto emocional de su condici\u00f3n y mejorar su bienestar general. Al combinar estas estrategias y colaborar estrechamente con profesionales de la salud, las personas pueden controlar mejor el dolor irradiado y mejorar su calidad de vida. <\/p>\n\n<p>Estos consejos, aunque \u00fatiles para tratar el dolor irradiado, no deber\u00edan ser lo \u00fanico que tenga en su arsenal para buscar alivio del dolor. Lo m\u00e1s importante es lidiar con las causas del dolor irradiado.<\/p>\n<\/p>\n","protected":false},"excerpt":{"rendered":"<p>Manejo del Dolor Irradiado: Estrategias para el Alivio y la Recuperaci\u00f3n El dolor irradiado es com\u00fan despu\u00e9s de un accidente automovil\u00edstico. El dolor puede deberse a discos o placas intervertebrales da\u00f1ados. Estas son estructuras cartilaginosas que amortiguan las uniones entre v\u00e9rtebras. Estas placas sirven para amortiguar los movimientos de la columna y facilitar la flexi\u00f3n&#8230;<\/p>\n","protected":false},"author":2,"featured_media":0,"parent":23406,"menu_order":0,"comment_status":"closed","ping_status":"closed","template":"","meta":{"_analytify_skip_tracking":false,"footnotes":""},"tags":[],"class_list":[],"_links":{"self":[{"href":"https:\/\/austinaccidentlawyer.com\/es\/wp-json\/wp\/v2\/pages\/23349","targetHints":{"allow":["GET"]}}],"collection":[{"href":"https:\/\/austinaccidentlawyer.com\/es\/wp-json\/wp\/v2\/pages"}],"about":[{"href":"https:\/\/austinaccidentlawyer.com\/es\/wp-json\/wp\/v2\/types\/page"}],"author":[{"embeddable":true,"href":"https:\/\/austinaccidentlawyer.com\/es\/wp-json\/wp\/v2\/users\/2"}],"replies":[{"embeddable":true,"href":"https:\/\/austinaccidentlawyer.com\/es\/wp-json\/wp\/v2\/comments?post=23349"}],"version-history":[{"count":0,"href":"https:\/\/austinaccidentlawyer.com\/es\/wp-json\/wp\/v2\/pages\/23349\/revisions"}],"up":[{"embeddable":true,"href":"https:\/\/austinaccidentlawyer.com\/es\/wp-json\/wp\/v2\/pages\/23406"}],"wp:attachment":[{"href":"https:\/\/austinaccidentlawyer.com\/es\/wp-json\/wp\/v2\/media?parent=23349"}],"wp:term":[{"taxonomy":"post_tag","embeddable":true,"href":"https:\/\/austinaccidentlawyer.com\/es\/wp-json\/wp\/v2\/tags?post=23349"}],"curies":[{"name":"wp","href":"https:\/\/api.w.org\/{rel}","templated":true}]}}