{"id":23353,"date":"2024-04-26T09:56:47","date_gmt":"2024-04-26T14:56:47","guid":{"rendered":"http:\/\/3.131.240.186\/abogado-de-lesiones-por-mordedura-de-perro\/"},"modified":"2024-08-07T16:59:12","modified_gmt":"2024-08-07T21:59:12","slug":"abogado-de-lesiones-por-mordedura-de-perro","status":"publish","type":"page","link":"https:\/\/austinaccidentlawyer.com\/es\/areas-de-practica\/negligencia\/abogado-de-lesiones-por-mordedura-de-perro\/","title":{"rendered":"Abogado de lesiones por mordedura de perro"},"content":{"rendered":"<h1>Abogado de lesiones por mordedura de perro<\/h1>\n<div style=\"width: 1280px;\" class=\"wp-video\"><video class=\"wp-video-shortcode\" id=\"video-23353-1\" width=\"1280\" height=\"720\" preload=\"metadata\" controls=\"controls\"><source type=\"video\/mp4\" src=\"https:\/\/austinaccidentlawyer.com\/wp-content\/uploads\/2021\/12\/dog-bite-injury-video.mp4?_=1\" \/><a href=\"https:\/\/austinaccidentlawyer.com\/wp-content\/uploads\/2021\/12\/dog-bite-injury-video.mp4\">https:\/\/austinaccidentlawyer.com\/wp-content\/uploads\/2021\/12\/dog-bite-injury-video.mp4<\/a><\/video><\/div>\n<p>Un <strong>abogado especializado en lesiones por mordedura de perro<\/strong> ser\u00e1 su mejor amigo si lo muerde un perro. Los perros son el mejor amigo del hombre. Excepto cuando no lo son. A veces, un due\u00f1o descuidado, combinado con la naturaleza peligrosa de ciertos perros, conduce a la tragedia.<\/p>\n<p><img decoding=\"async\" class=\"aligncenter wp-image-23115 size-full\" src=\"https:\/\/austinaccidentlawyer.com\/wp-content\/uploads\/2015\/05\/pit-bull-attacking-2.jpg\" alt=\"dog bit injury lawyer image\" width=\"635\" height=\"505\" srcset=\"https:\/\/austinaccidentlawyer.com\/wp-content\/uploads\/2015\/05\/pit-bull-attacking-2.jpg 635w, https:\/\/austinaccidentlawyer.com\/wp-content\/uploads\/2015\/05\/pit-bull-attacking-2-300x239.jpg 300w, https:\/\/austinaccidentlawyer.com\/wp-content\/uploads\/2015\/05\/pit-bull-attacking-2-480x382.jpg 480w\" sizes=\"(max-width: 635px) 100vw, 635px\" \/><\/p>\n<p>Presentar un reclamo contra <a href=\"https:\/\/austinaccidentlawyer.com\/practice-areas\/negligence\/\">el due\u00f1o de un perro negligente<\/a> por las lesiones por mordedura de su perro le permite obtener tratamiento m\u00e9dico que incluye reparaci\u00f3n y rehabilitaci\u00f3n de cicatrices que le permiten volver a la vida normal, as\u00ed como <a href=\"https:\/\/austinaccidentlawyer.com\/lost-wages-due-to-an-injury\/\">salarios perdidos<\/a> y <a href=\"https:\/\/austinaccidentlawyer.com\/faq\/pain-and-suffering\/\">una compensaci\u00f3n por su dolor y sufrimiento<\/a> . Tambi\u00e9n puede perseguir da\u00f1os y perjuicios por el miedo y el trauma de soportar un ataque de perro y ayudar a evitar que le suceda lo mismo a otra persona en el futuro.<\/p>\n<p>Las mordeduras de perro pueden provocar <a href=\"https:\/\/austinaccidentlawyer.com\/practice-areas\/serious-personal-injury\/\">lesiones muy graves<\/a> o incluso la <a href=\"https:\/\/austinaccidentlawyer.com\/practice-areas\/wrongful-death-attorney\/\">muerte<\/a> . Una lesi\u00f3n grave requiere atenci\u00f3n inmediata y tambi\u00e9n debe consultar con un <em>abogado con experiencia en lesiones por mordedura de perro<\/em> .<\/p>\n<p>Cuando un perro ataca, sus dientes dejan cicatrices irregulares y desgarro en la piel. Como resultado, la piel no se cura tan bien con el tiempo como lo har\u00eda si fuera cortada con un cuchillo. Adem\u00e1s de las cicatrices a largo plazo, la mordedura a menudo puede causar da\u00f1o a los nervios en el \u00e1rea. Un <em>abogado con experiencia en lesiones por mordedura de perro<\/em> hablar\u00e1 con sus m\u00e9dicos para asegurarse de que est\u00e9 recibiendo el tratamiento que necesita.<\/p>\n<h2>Contratar a un abogado con experiencia en lesiones por mordedura de perro<\/h2>\n<p>Andrew Traub, abogado de Austin, Texas, se dedica a buscar justicia para las v\u00edctimas de mordeduras de perro en Austin y en todo Texas. Hemos ayudado a las personas a recuperarse de estas devastadoras lesiones, incluida la asistencia a audiencias para que sacrifiquen al perro responsable.<\/p>\n<p>Discuta su situaci\u00f3n y sus opciones con <strong>el abogado de lesiones por mordedura de perro<\/strong> Andrew Traub y aprenda la diferencia que un experto puede hacer en su caso.<\/p>\n<p>Revise nuestras <a href=\"https:\/\/austinaccidentlawyer.com\/resources\/\">gu\u00edas gratuitas<\/a> y lea los testimonios de los clientes en nuestro sitio web. Aprenda c\u00f3mo podemos ayudar a proteger su reclamo legal por mordedura de perro y resolver con \u00e9xito su caso.<\/p>\n<p>Si usted o un ser querido ha sufrido una mordedura de perro, cont\u00e1ctenos hoy para una evaluaci\u00f3n gratuita de su caso llamando al (512) 246-9191 o completando el formulario a continuaci\u00f3n.<\/p>\n","protected":false},"excerpt":{"rendered":"<p>Abogado de lesiones por mordedura de perro Un abogado especializado en lesiones por mordedura de perro ser\u00e1 su mejor amigo si lo muerde un perro. Los perros son el mejor amigo del hombre. Excepto cuando no lo son. A veces, un due\u00f1o descuidado, combinado con la naturaleza peligrosa de ciertos perros, conduce a la tragedia&#8230;.<\/p>\n","protected":false},"author":2,"featured_media":29927,"parent":23652,"menu_order":0,"comment_status":"closed","ping_status":"closed","template":"","meta":{"_analytify_skip_tracking":false,"footnotes":""},"tags":[],"class_list":["post-23353","page","type-page","status-publish","has-post-thumbnail","hentry"],"_links":{"self":[{"href":"https:\/\/austinaccidentlawyer.com\/es\/wp-json\/wp\/v2\/pages\/23353","targetHints":{"allow":["GET"]}}],"collection":[{"href":"https:\/\/austinaccidentlawyer.com\/es\/wp-json\/wp\/v2\/pages"}],"about":[{"href":"https:\/\/austinaccidentlawyer.com\/es\/wp-json\/wp\/v2\/types\/page"}],"author":[{"embeddable":true,"href":"https:\/\/austinaccidentlawyer.com\/es\/wp-json\/wp\/v2\/users\/2"}],"replies":[{"embeddable":true,"href":"https:\/\/austinaccidentlawyer.com\/es\/wp-json\/wp\/v2\/comments?post=23353"}],"version-history":[{"count":0,"href":"https:\/\/austinaccidentlawyer.com\/es\/wp-json\/wp\/v2\/pages\/23353\/revisions"}],"up":[{"embeddable":true,"href":"https:\/\/austinaccidentlawyer.com\/es\/wp-json\/wp\/v2\/pages\/23652"}],"wp:featuredmedia":[{"embeddable":true,"href":"https:\/\/austinaccidentlawyer.com\/es\/wp-json\/wp\/v2\/media\/29927"}],"wp:attachment":[{"href":"https:\/\/austinaccidentlawyer.com\/es\/wp-json\/wp\/v2\/media?parent=23353"}],"wp:term":[{"taxonomy":"post_tag","embeddable":true,"href":"https:\/\/austinaccidentlawyer.com\/es\/wp-json\/wp\/v2\/tags?post=23353"}],"curies":[{"name":"wp","href":"https:\/\/api.w.org\/{rel}","templated":true}]}}