{"id":23361,"date":"2024-04-26T09:55:36","date_gmt":"2024-04-26T14:55:36","guid":{"rendered":"http:\/\/3.131.240.186\/abogado-de-lesiones-por-paraplejia\/"},"modified":"2024-08-07T17:00:45","modified_gmt":"2024-08-07T22:00:45","slug":"abogado-de-lesiones-por-paraplejia","status":"publish","type":"page","link":"https:\/\/austinaccidentlawyer.com\/es\/austin-serious-personal-injury-attorney\/abogado-de-lesiones-por-paraplejia\/","title":{"rendered":"Abogado de lesiones por paraplejia"},"content":{"rendered":"<h1>Abogado de lesiones por paraplejia<\/h1>\n<div style=\"width: 1280px;\" class=\"wp-video\"><video class=\"wp-video-shortcode\" id=\"video-23361-1\" width=\"1280\" height=\"720\" preload=\"metadata\" controls=\"controls\"><source type=\"video\/mp4\" src=\"https:\/\/austinaccidentlawyer.com\/wp-content\/uploads\/2021\/12\/paraplegia-injury-video.mp4?_=1\" \/><a href=\"https:\/\/austinaccidentlawyer.com\/wp-content\/uploads\/2021\/12\/paraplegia-injury-video.mp4\">https:\/\/austinaccidentlawyer.com\/wp-content\/uploads\/2021\/12\/paraplegia-injury-video.mp4<\/a><\/video><\/div>\n<p>Contrate a un abogado con experiencia en lesiones por paraplej\u00eda si usted o un ser querido ha sido v\u00edctima de esta <a href=\"https:\/\/austinaccidentlawyer.com\/practice-areas\/serious-personal-injury\/\">lesi\u00f3n grave devastadora, permanente y que altera la vida<\/a> .<\/p>\n<p><img decoding=\"async\" class=\"aligncenter wp-image-23081 size-full\" src=\"https:\/\/austinaccidentlawyer.com\/wp-content\/uploads\/2016\/12\/hospital-bed-2.jpg\" alt=\"paraplegia injury attorney image\" width=\"640\" height=\"418\" srcset=\"https:\/\/austinaccidentlawyer.com\/wp-content\/uploads\/2016\/12\/hospital-bed-2.jpg 640w, https:\/\/austinaccidentlawyer.com\/wp-content\/uploads\/2016\/12\/hospital-bed-2-300x196.jpg 300w, https:\/\/austinaccidentlawyer.com\/wp-content\/uploads\/2016\/12\/hospital-bed-2-480x314.jpg 480w\" sizes=\"(max-width: 640px) 100vw, 640px\" \/><\/p>\n<h2>La par\u00e1lisis da\u00f1a vidas de muchas formas<\/h2>\n<p>Si una lesi\u00f3n que le provoc\u00f3 par\u00e1lisis a usted oa un ser querido fue el resultado del descuido de otra persona, la persona paralizada puede tener derecho a buscar una compensaci\u00f3n en forma de atenci\u00f3n m\u00e9dica pasada y futura (incluida la asistencia con la vida diaria y las tareas del hogar). <a href=\"https:\/\/austinaccidentlawyer.com\/lost-wages-due-to-an-injury\/\">la p\u00e9rdida de salarios en el pasado y la p\u00e9rdida de la capacidad de generar ingresos en el futuro<\/a> , y la incapacidad de disfrutar la vida como la persona lo hab\u00eda hecho antes. Este tipo de lesi\u00f3n no solo cambia la vida de la v\u00edctima, sino tambi\u00e9n de sus seres queridos. Una estimaci\u00f3n completa de las necesidades de atenci\u00f3n requiere la contrataci\u00f3n de expertos costosos para poder recuperar una compensaci\u00f3n completa y adecuada.<\/p>\n<h3>\u00bfQu\u00e9 es la paraplej\u00eda?<\/h3>\n<p>La paraplej\u00eda es una forma de par\u00e1lisis que afecta la capacidad de una persona para moverse de la cintura para abajo. Una persona que sufre de cuadriplej\u00eda est\u00e1 paralizada del cuello hacia abajo. Para una persona que antes estaba sana, quedar paralizado puede ser uno de los tipos de lesiones m\u00e1s devastadores. No solo existen las limitaciones f\u00edsicas obvias que se le imponen a la v\u00edctima, sino que a menudo sufrir\u00e1 una depresi\u00f3n severa, abstinencia. Todos estos cambios afectan a todos los que rodean a la v\u00edctima, quienes de repente se ven empujados al papel de cuidadores.<\/p>\n<p>La par\u00e1lisis suele ser el resultado de la ruptura de la m\u00e9dula espinal.<\/p>\n<hr>\n<h2>Contrate a un abogado con experiencia en lesiones por paraplejia<\/h2>\n<p>Busque el consejo de un abogado confiable de lesiones por par\u00e1lisis en Austin para obtener m\u00e1s informaci\u00f3n sobre sus derechos y opciones legales. Cuando contrata a la oficina legal de Traub, trabajamos para determinar el alcance total de las p\u00e9rdidas que ha sufrido como resultado de su lesi\u00f3n. Aseg\u00farese de contratar a un abogado que tenga experiencia en litigar casos de lesiones. Ll\u00e1menos hoy al (512) 246-9191 o complete el formulario a continuaci\u00f3n.<\/p>\n","protected":false},"excerpt":{"rendered":"<p>Abogado de lesiones por paraplejia Contrate a un abogado con experiencia en lesiones por paraplej\u00eda si usted o un ser querido ha sido v\u00edctima de esta lesi\u00f3n grave devastadora, permanente y que altera la vida . La par\u00e1lisis da\u00f1a vidas de muchas formas Si una lesi\u00f3n que le provoc\u00f3 par\u00e1lisis a usted oa un ser&#8230;<\/p>\n","protected":false},"author":2,"featured_media":0,"parent":23429,"menu_order":0,"comment_status":"open","ping_status":"closed","template":"","meta":{"_analytify_skip_tracking":false,"footnotes":""},"tags":[],"class_list":[],"_links":{"self":[{"href":"https:\/\/austinaccidentlawyer.com\/es\/wp-json\/wp\/v2\/pages\/23361","targetHints":{"allow":["GET"]}}],"collection":[{"href":"https:\/\/austinaccidentlawyer.com\/es\/wp-json\/wp\/v2\/pages"}],"about":[{"href":"https:\/\/austinaccidentlawyer.com\/es\/wp-json\/wp\/v2\/types\/page"}],"author":[{"embeddable":true,"href":"https:\/\/austinaccidentlawyer.com\/es\/wp-json\/wp\/v2\/users\/2"}],"replies":[{"embeddable":true,"href":"https:\/\/austinaccidentlawyer.com\/es\/wp-json\/wp\/v2\/comments?post=23361"}],"version-history":[{"count":0,"href":"https:\/\/austinaccidentlawyer.com\/es\/wp-json\/wp\/v2\/pages\/23361\/revisions"}],"up":[{"embeddable":true,"href":"https:\/\/austinaccidentlawyer.com\/es\/wp-json\/wp\/v2\/pages\/23429"}],"wp:attachment":[{"href":"https:\/\/austinaccidentlawyer.com\/es\/wp-json\/wp\/v2\/media?parent=23361"}],"wp:term":[{"taxonomy":"post_tag","embeddable":true,"href":"https:\/\/austinaccidentlawyer.com\/es\/wp-json\/wp\/v2\/tags?post=23361"}],"curies":[{"name":"wp","href":"https:\/\/api.w.org\/{rel}","templated":true}]}}