{"id":23365,"date":"2024-04-26T09:55:34","date_gmt":"2024-04-26T14:55:34","guid":{"rendered":"http:\/\/3.131.240.186\/dolor-y-sufrimiento\/"},"modified":"2024-08-16T11:02:44","modified_gmt":"2024-08-16T16:02:44","slug":"dolor-y-sufrimiento","status":"publish","type":"page","link":"https:\/\/austinaccidentlawyer.com\/es\/dolor-y-sufrimiento\/","title":{"rendered":"Dolor y sufrimiento"},"content":{"rendered":"\n<h1 class=\"wp-block-heading\">Dolor y sufrimiento<\/h1>\n\n\n\n<p>En un caso de lesiones personales, puede ser dif\u00edcil determinar la cantidad de dolor y sufrimiento que se le inflige. Cada lesi\u00f3n, cada persona lesionada, cada accidente y cada caso es diferente. No existe una f\u00f3rmula para \u00abmedir\u00bb la cantidad de dolor y sufrimiento en un caso de lesiones personales. Dos personas pueden tener la misma lesi\u00f3n y una puede sufrir poco mientras que la otra sufre mucho; o uno ofrece mejor prueba que el otro con documentaci\u00f3n m\u00e1s completa o mejores testigos; o pueden estar en dos partes diferentes del pa\u00eds y obtener asentamientos o premios completamente diferentes.<\/p>\n\n\n\n<figure class=\"wp-block-image aligncenter size-large\"><img decoding=\"async\" width=\"1024\" height=\"576\" src=\"https:\/\/austinaccidentlawyer.com\/wp-content\/uploads\/2024\/08\/back-pain-body-pain-ergonomics-6949392-1024x576.jpg\" alt=\"back pain, body pain, ergonomics-6949392.jpg\" class=\"wp-image-30012\" srcset=\"https:\/\/austinaccidentlawyer.com\/wp-content\/uploads\/2024\/08\/back-pain-body-pain-ergonomics-6949392-1024x576.jpg 1024w, https:\/\/austinaccidentlawyer.com\/wp-content\/uploads\/2024\/08\/back-pain-body-pain-ergonomics-6949392-300x169.jpg 300w, https:\/\/austinaccidentlawyer.com\/wp-content\/uploads\/2024\/08\/back-pain-body-pain-ergonomics-6949392-768x432.jpg 768w, https:\/\/austinaccidentlawyer.com\/wp-content\/uploads\/2024\/08\/back-pain-body-pain-ergonomics-6949392.jpg 1280w\" sizes=\"(max-width: 1024px) 100vw, 1024px\" \/><\/figure>\n\n\n\n<p>Hay muchos factores que deben tenerse en cuenta para determinar cu\u00e1nto dinero recibir\u00e1 una persona por su dolor y sufrimiento. Los jurados y las compa\u00f1\u00edas de seguros analizan:<\/p>\n\n\n\n<ol class=\"wp-block-list\">\n<li>La credibilidad de los testigos.<\/li>\n\n\n\n<li>\u00bfFueron las acciones de la persona lesionada coherentes con las de alguien que estaba sufriendo?<\/li>\n\n\n\n<li>\u00bfHubo alguna lesi\u00f3n preexistente?<\/li>\n\n\n\n<li>\u00bfHubo lesiones posteriores al accidente?<\/li>\n\n\n\n<li>\u00bfFueron capaces de hacer lo que normalmente hacen en su vida diaria, o se vieron obligados a cambiar o reducir sus actividades?<\/li>\n\n\n\n<li>\u00bfCu\u00e1l es su tolerancia al dolor en general?<\/li>\n\n\n\n<li>\u00bfQue hacen ellos para vivir?<\/li>\n\n\n\n<li>\u00bfCu\u00e1l es su estado civil y situaci\u00f3n familiar?<\/li>\n\n\n\n<li>\u00bfCu\u00e1n comprensivo son los testigos?<\/li>\n\n\n\n<li>\u00bfQu\u00e9 habilidad tiene su abogado para presentar su caso?<\/li>\n\n\n\n<li>La fuerza del impacto, especialmente cuando el <a href=\"https:\/\/austinaccidentlawyer.com\/pain-and-suffering\/pain-after-a-car-accident\/\">dolor y el sufrimiento se debe a un accidente de tr\u00e1fico<\/a> .<\/li>\n<\/ol>\n\n\n\n<p>Todos estos factores intervienen en la evaluaci\u00f3n del dolor y el sufrimiento.<\/p>\n\n\n\n<p>El trabajo y los ingresos, la edad, la comunidad y el estilo de vida, el abogado, la ubicaci\u00f3n geogr\u00e1fica, la actitud y la calidad de los testigos, las lesiones o afecciones preexistentes y la cantidad de tratamiento m\u00e9dico son factores que determinan el dolor y el sufrimiento. El sufrimiento no se saca simplemente de un sombrero. Hay algunas herramientas que las compa\u00f1\u00edas de seguros y los abogados pueden usar para ayudarlos a llegar a una cifra o al menos un rango con el prop\u00f3sito de determinar cu\u00e1nto \u201cexigir\u201d a la otra parte o cu\u00e1nto pedirle a un jurado que otorgue. <a href=\"https:\/\/austinaccidentlawyer.com\/meet-us\/staff\/andrew-traub\/\">Abogado experimentado en lesiones personales<\/a> . Puedo ayudarlo a evaluar el valor de su dolor y sufrimiento, qu\u00e9 factores incluir y qu\u00e9 recursos utilizar.<\/p>\n\n\n\n<p><strong>El tratamiento m\u00e9dico posterior al accidente es extremadamente importante.<\/strong> Si la cantidad y el tipo de tratamiento parecen ser razonables y necesarios para la lesi\u00f3n, la parte lesionada se muestra mucho m\u00e1s honesta ante el jurado. M\u00e1s o menos tratamiento no significa necesariamente m\u00e1s dinero para el dolor y el sufrimiento, pero &#8230; Definitivamente es un factor que se considera. Por supuesto, aumentar las facturas innecesariamente se mira con un grado considerable de sospecha. Extender el tratamiento para una lesi\u00f3n menor puede parecer codicia para un jurado y ciertamente para una compa\u00f1\u00eda de seguros. Sin embargo, es importante continuar el tratamiento durante el tiempo que sea necesario. Si todav\u00eda tiene dolor, ser\u00e1 menos probable que un jurado le otorgue una gran cantidad si no lo siguen atendiendo los proveedores m\u00e9dicos. Ir\u00f3nicamente, Es m\u00e1s probable que <a href=\"https:\/\/austinaccidentlawyer.com\/practice-areas\/soft-tissue-damage-attorneys\/\">las lesiones de tejidos blandos<\/a> causen dolor durante toda la vida, mientras que <a href=\"https:\/\/austinaccidentlawyer.com\/practice-areas\/broken-bone-injury-attorneys\/\">los huesos rotos se<\/a> curan con m\u00e1s fuerza.<\/p>\n\n\n\n<p>Adem\u00e1s del dolor f\u00edsico sufrido por un accidente, tambi\u00e9n existe el c\u00e1lculo de <a href=\"https:\/\/austinaccidentlawyer.com\/lost-wages-due-to-an-injury\/\">salarios perdidos<\/a>. Si trabaja a tiempo completo y pierde una cantidad de tiempo debido al accidente (es decir, citas con el m\u00e9dico, hospitalizaci\u00f3n, sentirse enfermo, \u00f3rdenes del m\u00e9dico, etc.), tiene derecho a que se le reembolse el salario que habr\u00eda ganado. si hubieras estado en el trabajo. La compa\u00f1\u00eda de seguros querr\u00e1 documentaci\u00f3n para respaldar su reclamo. Si, por ejemplo, su m\u00e9dico le dice que se retire dos semanas, lo documenta con una autorizaci\u00f3n firmada, su empleador escribe una carta para decir cu\u00e1nto dinero perdi\u00f3 y su m\u00e9dico documenta cu\u00e1ndo puede volver al trabajo, incluso si utiliz\u00f3 las vacaciones o el tiempo por enfermedad, se le debe reembolsar el tiempo que perdi\u00f3 en el trabajo. Se vuelve m\u00e1s dif\u00edcil cuando el tiempo fuera del trabajo se convierte en meses o incluso hasta un a\u00f1o o m\u00e1s. Por ejemplo, es posible que la empresa para la que trabaja no est\u00e9 dispuesta a mantener su trabajo. Por lo tanto, no solo se convierte en una cuesti\u00f3n de sus salarios perdidos para su lugar de empleo actual, sino tambi\u00e9n de sus ingresos futuros.<\/p>\n\n\n\n<p>Todas estas cosas influyen en <a href=\"https:\/\/austinaccidentlawyer.com\/what-is-my-case-worth\/\">determinando la cantidad<\/a> de dolor y sufrimiento en un caso. Los detalles de cada caso siempre difieren de un caso a otro, por lo que es su trabajo mantener la mayor cantidad de documentaci\u00f3n posible. Luego, su abogado puede hacer todo lo posible para conseguirle el adjudicado el acuerdo que se merece.<\/p>\n\n\n\n<p>Si estuvo involucrado en un <strong>accidente en Texas<\/strong> , ll\u00e1menos al (512) 246-9191 o complete el formulario a continuaci\u00f3n.<\/p>\n","protected":false},"excerpt":{"rendered":"<p>Dolor y sufrimiento En un caso de lesiones personales, puede ser dif\u00edcil determinar la cantidad de dolor y sufrimiento que se le inflige. Cada lesi\u00f3n, cada persona lesionada, cada accidente y cada caso es diferente. No existe una f\u00f3rmula para \u00abmedir\u00bb la cantidad de dolor y sufrimiento en un caso de lesiones personales. Dos personas&#8230;<\/p>\n","protected":false},"author":2,"featured_media":0,"parent":0,"menu_order":0,"comment_status":"closed","ping_status":"closed","template":"","meta":{"_analytify_skip_tracking":false,"footnotes":""},"tags":[],"class_list":[],"_links":{"self":[{"href":"https:\/\/austinaccidentlawyer.com\/es\/wp-json\/wp\/v2\/pages\/23365","targetHints":{"allow":["GET"]}}],"collection":[{"href":"https:\/\/austinaccidentlawyer.com\/es\/wp-json\/wp\/v2\/pages"}],"about":[{"href":"https:\/\/austinaccidentlawyer.com\/es\/wp-json\/wp\/v2\/types\/page"}],"author":[{"embeddable":true,"href":"https:\/\/austinaccidentlawyer.com\/es\/wp-json\/wp\/v2\/users\/2"}],"replies":[{"embeddable":true,"href":"https:\/\/austinaccidentlawyer.com\/es\/wp-json\/wp\/v2\/comments?post=23365"}],"version-history":[{"count":0,"href":"https:\/\/austinaccidentlawyer.com\/es\/wp-json\/wp\/v2\/pages\/23365\/revisions"}],"wp:attachment":[{"href":"https:\/\/austinaccidentlawyer.com\/es\/wp-json\/wp\/v2\/media?parent=23365"}],"wp:term":[{"taxonomy":"post_tag","embeddable":true,"href":"https:\/\/austinaccidentlawyer.com\/es\/wp-json\/wp\/v2\/tags?post=23365"}],"curies":[{"name":"wp","href":"https:\/\/api.w.org\/{rel}","templated":true}]}}