{"id":23377,"date":"2024-04-26T09:55:35","date_gmt":"2024-04-26T14:55:35","guid":{"rendered":"http:\/\/3.131.240.186\/abogado-de-lesiones-por-amuptacion\/"},"modified":"2024-08-07T17:00:49","modified_gmt":"2024-08-07T22:00:49","slug":"abogado-de-lesiones-por-amuptacion","status":"publish","type":"page","link":"https:\/\/austinaccidentlawyer.com\/es\/austin-serious-personal-injury-attorney\/abogado-de-lesiones-por-amuptacion\/","title":{"rendered":"Abogado de lesiones por amuptaci\u00f3n"},"content":{"rendered":"<h1>Abogado de lesiones por amuptaci\u00f3n<\/h1>\n<div style=\"width: 1280px;\" class=\"wp-video\"><video class=\"wp-video-shortcode\" id=\"video-23377-1\" width=\"1280\" height=\"720\" preload=\"metadata\" controls=\"controls\"><source type=\"video\/mp4\" src=\"https:\/\/austinaccidentlawyer.com\/wp-content\/uploads\/2021\/12\/amputation-injury-video.mp4?_=1\" \/><a href=\"https:\/\/austinaccidentlawyer.com\/wp-content\/uploads\/2021\/12\/amputation-injury-video.mp4\">https:\/\/austinaccidentlawyer.com\/wp-content\/uploads\/2021\/12\/amputation-injury-video.mp4<\/a><\/video><\/div>\n<p>Las lesiones por amputaciones se encuentran entre las peores y m\u00e1s <a href=\"https:\/\/austinaccidentlawyer.com\/practice-areas\/serious-personal-injury\/\">horribles lesiones<\/a> que puede sufrir. La p\u00e9rdida de una parte del cuerpo debido a un trauma impacta a la persona no solo f\u00edsicamente, sino tambi\u00e9n emocionalmente, dejando ira, amargura y resentimiento. La lesi\u00f3n psicol\u00f3gica suele ser consecuencia de la facilidad con la que se podr\u00eda haber evitado. Se debe contactar a un abogado con experiencia en lesiones por amputaci\u00f3n para que lo ayude con cualquier posible reclamo.<\/p>\n<p><img decoding=\"async\" class=\"aligncenter wp-image-23020 size-full\" src=\"https:\/\/austinaccidentlawyer.com\/wp-content\/uploads\/2011\/04\/061212g0003-182x182-4.jpg\" alt=\"abogado de lesiones por amputaci\u00f3n\" width=\"182\" height=\"182\" srcset=\"https:\/\/austinaccidentlawyer.com\/wp-content\/uploads\/2011\/04\/061212g0003-182x182-4.jpg 182w, https:\/\/austinaccidentlawyer.com\/wp-content\/uploads\/2011\/04\/061212g0003-182x182-4-150x150.jpg 150w\" sizes=\"(max-width: 182px) 100vw, 182px\" \/><\/p>\n<p>Una vez que se ha amputado una extremidad, la v\u00edctima debe volver a aprender habilidades b\u00e1sicas como caminar, sostenerse de un objeto y escribir. Por lo general, se requiere reentrenamiento o adaptaci\u00f3n en el trabajo.<\/p>\n<p>Debido a la permanencia de la lesi\u00f3n, la recuperaci\u00f3n puede ser lenta y el dolor puede durar toda la vida. Aunque la parte del cuerpo se ha ido, algunas personas todav\u00eda sienten dolor, tambi\u00e9n conocido como \u00abmiembro fantasma\u00bb.<\/p>\n<p>Por lo general, se debe comprar equipo para reemplazar la extremidad para caminar o sostener objetos. Estas piezas se desgastan, por lo que es necesario calcular el costo y la duraci\u00f3n del dispositivo de soporte antes de poder determinar una compensaci\u00f3n completa y justa.<\/p>\n<h2>Contrate al abogado de lesiones por amputaci\u00f3n adecuado<\/h2>\n<p>Los abogados de The Traub Law Office, PC brindan representaci\u00f3n integral a clientes en todo Texas y en todo el pa\u00eds en una amplia variedad de casos de amputaci\u00f3n por lesiones por accidentes. Puede confiar en nosotros para buscar todas las opciones disponibles en un esfuerzo por asegurar la compensaci\u00f3n que necesita para recuperarse de sus lesiones y comenzar el proceso de seguir adelante con su vida.<\/p>\n<p>Tenemos la experiencia y los recursos para investigar adecuadamente su caso, determinar las necesidades actuales y futuras que deber\u00e1n satisfacerse y buscar la compensaci\u00f3n necesaria para pagarlas.<\/p>\n<p>Entre los da\u00f1os que podemos buscar en su caso se encuentran:<\/p>\n<ul>\n<li>Atenci\u00f3n m\u00e9dica<\/li>\n<li><a href=\"https:\/\/austinaccidentlawyer.com\/lost-wages-due-to-an-injury\/\">Salarios perdidos y p\u00e9rdida de la capacidad de generar ingresos<\/a><\/li>\n<li>Equipo m\u00e9dico, incluidas pr\u00f3tesis<\/li>\n<li>Rehabilitaci\u00f3n<\/li>\n<li><a href=\"https:\/\/austinaccidentlawyer.com\/practice-areas\/emotional-injury\/\">Estr\u00e9s emocional<\/a><\/li>\n<li><a href=\"https:\/\/austinaccidentlawyer.com\/faq\/pain-and-suffering\/\">Dolor y sufrimiento<\/a><\/li>\n<\/ul>\n<hr>\n<h3>Comun\u00edquese con un abogado especializado en amputaciones en Austin<\/h3>\n<p>Comun\u00edquese con nuestra oficina para discutir su reclamo por amputaci\u00f3n con un abogado. Estamos disponibles durante el horario comercial habitual y con cita previa en otros horarios. Comun\u00edquese con nosotros para saber c\u00f3mo podemos ayudarlo. Llame al (512) 246-9191 o complete el formulario a continuaci\u00f3n.<\/p>\n","protected":false},"excerpt":{"rendered":"<p>Abogado de lesiones por amuptaci\u00f3n Las lesiones por amputaciones se encuentran entre las peores y m\u00e1s horribles lesiones que puede sufrir. La p\u00e9rdida de una parte del cuerpo debido a un trauma impacta a la persona no solo f\u00edsicamente, sino tambi\u00e9n emocionalmente, dejando ira, amargura y resentimiento. La lesi\u00f3n psicol\u00f3gica suele ser consecuencia de la&#8230;<\/p>\n","protected":false},"author":2,"featured_media":0,"parent":23429,"menu_order":0,"comment_status":"open","ping_status":"closed","template":"","meta":{"_analytify_skip_tracking":false,"footnotes":""},"tags":[],"class_list":[],"_links":{"self":[{"href":"https:\/\/austinaccidentlawyer.com\/es\/wp-json\/wp\/v2\/pages\/23377","targetHints":{"allow":["GET"]}}],"collection":[{"href":"https:\/\/austinaccidentlawyer.com\/es\/wp-json\/wp\/v2\/pages"}],"about":[{"href":"https:\/\/austinaccidentlawyer.com\/es\/wp-json\/wp\/v2\/types\/page"}],"author":[{"embeddable":true,"href":"https:\/\/austinaccidentlawyer.com\/es\/wp-json\/wp\/v2\/users\/2"}],"replies":[{"embeddable":true,"href":"https:\/\/austinaccidentlawyer.com\/es\/wp-json\/wp\/v2\/comments?post=23377"}],"version-history":[{"count":0,"href":"https:\/\/austinaccidentlawyer.com\/es\/wp-json\/wp\/v2\/pages\/23377\/revisions"}],"up":[{"embeddable":true,"href":"https:\/\/austinaccidentlawyer.com\/es\/wp-json\/wp\/v2\/pages\/23429"}],"wp:attachment":[{"href":"https:\/\/austinaccidentlawyer.com\/es\/wp-json\/wp\/v2\/media?parent=23377"}],"wp:term":[{"taxonomy":"post_tag","embeddable":true,"href":"https:\/\/austinaccidentlawyer.com\/es\/wp-json\/wp\/v2\/tags?post=23377"}],"curies":[{"name":"wp","href":"https:\/\/api.w.org\/{rel}","templated":true}]}}