{"id":23378,"date":"2024-04-26T09:56:24","date_gmt":"2024-04-26T14:56:24","guid":{"rendered":"http:\/\/3.131.240.186\/abogado-de-austin-en-lesiones-de-hombro\/"},"modified":"2024-08-07T16:59:28","modified_gmt":"2024-08-07T21:59:28","slug":"abogado-de-austin-en-lesiones-de-hombro","status":"publish","type":"page","link":"https:\/\/austinaccidentlawyer.com\/es\/abogado-de-austin-en-lesiones-de-hombro\/","title":{"rendered":"Abogado de Austin en lesiones de hombro"},"content":{"rendered":"<h1>Abogado de Austin en lesiones de hombro<\/h1>\n<div style=\"width: 1280px;\" class=\"wp-video\"><video class=\"wp-video-shortcode\" id=\"video-23378-1\" width=\"1280\" height=\"720\" preload=\"metadata\" controls=\"controls\"><source type=\"video\/mp4\" src=\"https:\/\/austinaccidentlawyer.com\/wp-content\/uploads\/2021\/12\/shoulder-injury.mp4?_=1\" \/><a href=\"https:\/\/austinaccidentlawyer.com\/wp-content\/uploads\/2021\/12\/shoulder-injury.mp4\">https:\/\/austinaccidentlawyer.com\/wp-content\/uploads\/2021\/12\/shoulder-injury.mp4<\/a><\/video><\/div>\n<p>Una lesi\u00f3n en el hombro es una <a href=\"https:\/\/austinaccidentlawyer.com\/practice-areas\/serious-personal-injury\/\">lesi\u00f3n grave<\/a> , especialmente si el manguito rotador se desgarra, lo que puede ocurrir en un autom\u00f3vil cuando el cintur\u00f3n de seguridad atrapa al ocupante durante la fase de rebote (en un accidente por detr\u00e1s) o cuando un motociclista tiene que recostarse. bicicleta para evitar una <a href=\"https:\/\/austinaccidentlawyer.com\/practice-areas\/motorcycle-accident-attorney\/\">colisi\u00f3n de motocicleta<\/a> peor. Si ha sufrido una lesi\u00f3n de este tipo, considere consultar con un abogado especializado en lesiones en el hombro.<\/p>\n<p><img decoding=\"async\" class=\"aligncenter wp-image-23080 size-medium\" src=\"https:\/\/austinaccidentlawyer.com\/wp-content\/uploads\/2016\/12\/shoulder-injury-2-265x300.jpg\" alt=\"shoulder injury lawyer image\" width=\"265\" height=\"300\" srcset=\"https:\/\/austinaccidentlawyer.com\/wp-content\/uploads\/2016\/12\/shoulder-injury-2-265x300.jpg 265w, https:\/\/austinaccidentlawyer.com\/wp-content\/uploads\/2016\/12\/shoulder-injury-2-906x1024.jpg 906w, https:\/\/austinaccidentlawyer.com\/wp-content\/uploads\/2016\/12\/shoulder-injury-2-768x868.jpg 768w, https:\/\/austinaccidentlawyer.com\/wp-content\/uploads\/2016\/12\/shoulder-injury-2-1080x1221.jpg 1080w, https:\/\/austinaccidentlawyer.com\/wp-content\/uploads\/2016\/12\/shoulder-injury-2-980x1108.jpg 980w, https:\/\/austinaccidentlawyer.com\/wp-content\/uploads\/2016\/12\/shoulder-injury-2-480x543.jpg 480w, https:\/\/austinaccidentlawyer.com\/wp-content\/uploads\/2016\/12\/shoulder-injury-2.jpg 1104w\" sizes=\"(max-width: 265px) 100vw, 265px\" \/><\/p>\n<p>Las lesiones de hombro pueden tardar toda una vida en sanar, lo que dificulta su recuperaci\u00f3n, ya que la <a href=\"https:\/\/austinaccidentlawyer.com\/faq\/statute-limitations-texas\/\">demanda o el arreglo deben realizarse dentro de los primeros dos a\u00f1os<\/a> . La documentaci\u00f3n adecuada de las lesiones y la atenci\u00f3n futura por parte del m\u00e9dico tratante es vital. El tratamiento t\u00edpico implica mucha fisioterapia pero, en \u00faltima instancia, puede requerir cirug\u00eda.<\/p>\n<p>Debido a la importancia del hombro y al lento tiempo de recuperaci\u00f3n, muchas v\u00edctimas no pueden trabajar hasta que est\u00e9n bien curadas y el proceso de curaci\u00f3n puede ser bastante doloroso.<\/p>\n<p>Si bien una lesi\u00f3n en el hombro puede no ser catastr\u00f3fica de la misma manera que lo es una lesi\u00f3n en la <a href=\"https:\/\/austinaccidentlawyer.com\/practice-areas\/serious-personal-injury\/austin-spinal-cord-injury-lawyers\/\">m\u00e9dula espinal<\/a> , no obstante es una situaci\u00f3n grave para un paciente cuyo estilo de vida se ve afectado significativamente durante mucho tiempo.<\/p>\n<p>Un reclamo por lesiones efectivo en el caso de una lesi\u00f3n en el hombro a menudo requiere la defensa decidida de un abogado con experiencia en lesiones en el hombro.<\/p>\n<h2>Cuidado con las t\u00e1cticas de defensa<\/h2>\n<p>Los abogados defensores y los tasadores generalmente afirman que una lesi\u00f3n en el hombro fue causada por la ocupaci\u00f3n de una persona y no por un accidente o viceversa. Algunas compa\u00f1\u00edas de seguros culpan a las v\u00edctimas, diciendo que sus lesiones ocurrieron porque ten\u00edan sobrepeso, cuando de hecho, las lesiones fueron el resultado de la negligencia de otra persona.<\/p>\n<h3>Contratar a un abogado con experiencia en lesiones de hombro<\/h3>\n<p>Establecer la causalidad es un componente fundamental de un caso exitoso de lesi\u00f3n en el hombro. Estamos comprometidos a obtener la compensaci\u00f3n que nuestros clientes necesitan y merecen. The Traub Law Office, PC, se dedica a lograr resultados justos para los clientes lesionados que enfrentan gastos y p\u00e9rdidas, que incluyen:<\/p>\n<ul>\n<li>Facturas m\u00e9dicas<\/li>\n<li>Terapia y rehabilitaci\u00f3n<\/li>\n<li><a href=\"https:\/\/austinaccidentlawyer.com\/lost-wages-due-to-an-injury\/\">Salarios perdidos<\/a><\/li>\n<li><a href=\"https:\/\/austinaccidentlawyer.com\/faq\/pain-and-suffering\/\">Dolor y sufrimiento<\/a><\/li>\n<\/ul>\n<p>Hemos representado a clientes con <a href=\"https:\/\/austinaccidentlawyer.com\/practice-areas\/neck-injuries\/herniated-disk\/\">hernias de disco<\/a> y lesiones en el hombro como resultado de choques de veh\u00edculos motorizados y motocicletas.<\/p>\n<p>Para hablar con un abogado hoy, llame al (512) 246-9191 o complete el formulario a continuaci\u00f3n.<\/p>\n","protected":false},"excerpt":{"rendered":"<p>Abogado de Austin en lesiones de hombro Una lesi\u00f3n en el hombro es una lesi\u00f3n grave , especialmente si el manguito rotador se desgarra, lo que puede ocurrir en un autom\u00f3vil cuando el cintur\u00f3n de seguridad atrapa al ocupante durante la fase de rebote (en un accidente por detr\u00e1s) o cuando un motociclista tiene que&#8230;<\/p>\n","protected":false},"author":2,"featured_media":30102,"parent":0,"menu_order":0,"comment_status":"open","ping_status":"closed","template":"","meta":{"_analytify_skip_tracking":false,"footnotes":""},"tags":[],"class_list":[],"_links":{"self":[{"href":"https:\/\/austinaccidentlawyer.com\/es\/wp-json\/wp\/v2\/pages\/23378","targetHints":{"allow":["GET"]}}],"collection":[{"href":"https:\/\/austinaccidentlawyer.com\/es\/wp-json\/wp\/v2\/pages"}],"about":[{"href":"https:\/\/austinaccidentlawyer.com\/es\/wp-json\/wp\/v2\/types\/page"}],"author":[{"embeddable":true,"href":"https:\/\/austinaccidentlawyer.com\/es\/wp-json\/wp\/v2\/users\/2"}],"replies":[{"embeddable":true,"href":"https:\/\/austinaccidentlawyer.com\/es\/wp-json\/wp\/v2\/comments?post=23378"}],"version-history":[{"count":0,"href":"https:\/\/austinaccidentlawyer.com\/es\/wp-json\/wp\/v2\/pages\/23378\/revisions"}],"wp:featuredmedia":[{"embeddable":true,"href":"https:\/\/austinaccidentlawyer.com\/es\/wp-json\/wp\/v2\/media\/30102"}],"wp:attachment":[{"href":"https:\/\/austinaccidentlawyer.com\/es\/wp-json\/wp\/v2\/media?parent=23378"}],"wp:term":[{"taxonomy":"post_tag","embeddable":true,"href":"https:\/\/austinaccidentlawyer.com\/es\/wp-json\/wp\/v2\/tags?post=23378"}],"curies":[{"name":"wp","href":"https:\/\/api.w.org\/{rel}","templated":true}]}}