{"id":23386,"date":"2024-04-26T09:56:13","date_gmt":"2024-04-26T14:56:13","guid":{"rendered":"http:\/\/3.131.240.186\/enviar-mensajes-de-texto-mientras-conduce-accidentes\/"},"modified":"2024-08-07T17:00:18","modified_gmt":"2024-08-07T22:00:18","slug":"enviar-mensajes-de-texto-mientras-conduce-accidentes","status":"publish","type":"page","link":"https:\/\/austinaccidentlawyer.com\/es\/areas-de-practica\/abogados-de-accidentes-automovilisticos-en-austin\/accidente-de-conduccion-distraido\/enviar-mensajes-de-texto-mientras-conduce-accidentes\/","title":{"rendered":"Enviar mensajes de texto mientras conduce accidentes"},"content":{"rendered":"<h1>Enviar mensajes de texto mientras conduce accidentes<\/h1><p>Enviar mensajes de texto mientras se conduce un accidente puede ser m\u00e1s devastador que <a href=\"https:\/\/austinaccidentlawyer.com\/practice-areas\/drunk-driving-accident-lawyer\/\">los accidentes por conducir en estado<\/a> de ebriedad porque el conductor que env\u00eda mensajes de texto no est\u00e1 prestando atenci\u00f3n a la carretera. En lugar de frenar demasiado lento o demasiado tarde, es probable que el conductor que env\u00eda mensajes de texto no detenga el autom\u00f3vil en absoluto.<\/p>\n<p><img decoding=\"async\" class=\"aligncenter wp-image-23096 size-full\" src=\"https:\/\/austinaccidentlawyer.com\/wp-content\/uploads\/2016\/12\/billionphotos-1670318-3.jpg\" alt=\"texting while driving accidents image\" width=\"500\" height=\"333\" srcset=\"https:\/\/austinaccidentlawyer.com\/wp-content\/uploads\/2016\/12\/billionphotos-1670318-3.jpg 500w, https:\/\/austinaccidentlawyer.com\/wp-content\/uploads\/2016\/12\/billionphotos-1670318-3-300x200.jpg 300w, https:\/\/austinaccidentlawyer.com\/wp-content\/uploads\/2016\/12\/billionphotos-1670318-3-480x320.jpg 480w\" sizes=\"(max-width: 500px) 100vw, 500px\" \/><\/p>\n<p>La mayor\u00eda de las personas son culpables del nuevo DWI, conducir en estado de \u00abebriedad\u00bb. Al menos el 47% de nosotros lo admitimos.<\/p>\n<p>Es un h\u00e1bito peligroso que nosotros, como conductores, hemos desarrollado y el env\u00edo de mensajes de texto mientras los accidentes de conducci\u00f3n van en aumento.<\/p>\n<p>En realidad, est\u00e1 prohibido en 39 estados y DC.<\/p>\n<p>En 2011, el 23% de las colisiones de autom\u00f3viles involucraron tel\u00e9fonos celulares. Eso es 1.3 millones de <a href=\"https:\/\/austinaccidentlawyer.com\/practice-areas\/distracted-driver\/\">choques que involucraron tel\u00e9fonos celulares<\/a> . 5 segundos es la cantidad M\u00cdNIMA de tiempo que su atenci\u00f3n se aparta de la carretera cuando env\u00eda mensajes de texto y conduce. Si viaja a 55 millas por hora, esto equivale a conducir a lo largo de un campo de f\u00fatbol sin mirar la carretera.<\/p>\n<p>Los mensajes de texto aumentan la probabilidad de que ocurra un bloqueo hasta 23 veces. Marcar el tel\u00e9fono hace que un choque sea 2.8 veces m\u00e1s probable, hablar o escuchar hace que un choque sea 1.3 veces m\u00e1s probable y alcanzar el dispositivo hace que un choque sea 1.4 veces m\u00e1s probable.<\/p>\n<p>Los estudios han demostrado que enviar mensajes de texto mientras se conduce es M\u00c1S peligroso que beber y conducir. Cuando alguien est\u00e1 ebrio detr\u00e1s de un volante, su tiempo de respuesta es m\u00e1s lento que el de una persona sobria, pero al menos est\u00e1 tratando de conducir correctamente y tener los ojos en la carretera. Cuando alguien env\u00eda un mensaje de texto, \u00a1ni siquiera tiene los ojos puestos en la carretera! El tiempo de reacci\u00f3n al leer o enviar un correo electr\u00f3nico o un mensaje de texto ser\u00e1 m\u00e1s lento que si alguien est\u00e1 intoxicado.<\/p>\n<p>Entonces, pensamos \u00abEsperar\u00e9 hasta que se encienda una luz roja para enviar un mensaje de texto\u00bb. Bueno, esto tampoco es seguro. El retraso en el texto podr\u00eda provocar choques traseros, si otros conductores notan que la luz se pone verde primero. Adem\u00e1s, una vez que la luz se pone verde, su mente y sus ojos todav\u00eda est\u00e1n en el mensaje de texto o correo electr\u00f3nico y no en la carretera. Por lo tanto, enviar mensajes de texto mientras se conduce un accidente puede incluso ser causado por un conductor detenido en un sem\u00e1foro en rojo.<\/p>\n<p>Como adultos, debemos dar un buen ejemplo a <a href=\"https:\/\/austinaccidentlawyer.com\/faq\/top-mistakes-of-young-drivers\/\">los conductores adolescentes<\/a> y no enviar mensajes de texto y conducir. Seg\u00fan el 77 por ciento de los adolescentes, los adultos les dicen que no env\u00eden mensajes de texto o correo electr\u00f3nico mientras conducen y, sin embargo, los adultos lo hacen ellos mismos todo el tiempo.<\/p>\n<p>\u00bfCu\u00e1les son algunas formas de evitar enviar mensajes de texto y conducir? Una de las formas m\u00e1s \u00fatiles de evitar los mensajes de texto mientras se conduce es colocar el tel\u00e9fono en el asiento trasero en modo silencioso. Puede designar un remitente de mensajes de texto si conduce con amigos o familiares. Alguien m\u00e1s puede leer y responder los mensajes de texto por usted. Si tiene un tel\u00e9fono inteligente, puede descargar una aplicaci\u00f3n que lo ayudar\u00e1 a dejar de enviar mensajes de texto y conducir. Una aplicaci\u00f3n es la aplicaci\u00f3n AT&amp;T Drivemode, es gratuita y te permite configurar respuestas autom\u00e1ticas que se env\u00edan a los mensajes de texto, correos electr\u00f3nicos y llamadas entrantes.<\/p>\n<p>Si estuvo involucrado en un accidente automovil\u00edstico y la persona que lo golpe\u00f3 estaba usando su tel\u00e9fono, llame a nuestra oficina legal para <a title=\"Free Injury Claim Evaluation\" href=\"https:\/\/austinaccidentlawyer.com\/about-us\/free-injury-case-evaluation\/\">obtener una evaluaci\u00f3n gratuita de su caso<\/a> . Nuestros <a href=\"https:\/\/austinaccidentlawyer.com\">abogados de lesiones personales en Austin<\/a> pueden ayudarlo con sus facturas m\u00e9dicas por lesiones sufridas en el accidente automovil\u00edstico, <a href=\"https:\/\/austinaccidentlawyer.com\/lost-wages-due-to-an-injury\/\">salarios perdidos<\/a> y <a href=\"https:\/\/austinaccidentlawyer.com\/video\/handling-your-auto-property-damage-claim\/\">da\u00f1os a la propiedad<\/a> .<\/p>\n\n\n<h2 class=\"wp-block-heading\">Cont\u00e1ctanos<\/h2>\n\n\n\n<p>Comun\u00edquese con nosotros al (512) 246-9191 o complete el formulario a continuaci\u00f3n.<\/p>\n","protected":false},"excerpt":{"rendered":"<p>Enviar mensajes de texto mientras conduce accidentes Enviar mensajes de texto mientras se conduce un accidente puede ser m\u00e1s devastador que los accidentes por conducir en estado de ebriedad porque el conductor que env\u00eda mensajes de texto no est\u00e1 prestando atenci\u00f3n a la carretera. En lugar de frenar demasiado lento o demasiado tarde, es probable&#8230;<\/p>\n","protected":false},"author":2,"featured_media":29089,"parent":23425,"menu_order":0,"comment_status":"open","ping_status":"closed","template":"","meta":{"_analytify_skip_tracking":false,"footnotes":""},"tags":[],"class_list":[],"_links":{"self":[{"href":"https:\/\/austinaccidentlawyer.com\/es\/wp-json\/wp\/v2\/pages\/23386","targetHints":{"allow":["GET"]}}],"collection":[{"href":"https:\/\/austinaccidentlawyer.com\/es\/wp-json\/wp\/v2\/pages"}],"about":[{"href":"https:\/\/austinaccidentlawyer.com\/es\/wp-json\/wp\/v2\/types\/page"}],"author":[{"embeddable":true,"href":"https:\/\/austinaccidentlawyer.com\/es\/wp-json\/wp\/v2\/users\/2"}],"replies":[{"embeddable":true,"href":"https:\/\/austinaccidentlawyer.com\/es\/wp-json\/wp\/v2\/comments?post=23386"}],"version-history":[{"count":0,"href":"https:\/\/austinaccidentlawyer.com\/es\/wp-json\/wp\/v2\/pages\/23386\/revisions"}],"up":[{"embeddable":true,"href":"https:\/\/austinaccidentlawyer.com\/es\/wp-json\/wp\/v2\/pages\/23425"}],"wp:featuredmedia":[{"embeddable":true,"href":"https:\/\/austinaccidentlawyer.com\/es\/wp-json\/wp\/v2\/media\/29089"}],"wp:attachment":[{"href":"https:\/\/austinaccidentlawyer.com\/es\/wp-json\/wp\/v2\/media?parent=23386"}],"wp:term":[{"taxonomy":"post_tag","embeddable":true,"href":"https:\/\/austinaccidentlawyer.com\/es\/wp-json\/wp\/v2\/tags?post=23386"}],"curies":[{"name":"wp","href":"https:\/\/api.w.org\/{rel}","templated":true}]}}