{"id":23387,"date":"2024-04-26T09:56:24","date_gmt":"2024-04-26T14:56:24","guid":{"rendered":"http:\/\/3.131.240.186\/abogados-de-austin-en-lesiones-de-huesos-rotos\/"},"modified":"2024-08-07T16:59:25","modified_gmt":"2024-08-07T21:59:25","slug":"abogados-de-austin-en-lesiones-de-huesos-rotos","status":"publish","type":"page","link":"https:\/\/austinaccidentlawyer.com\/es\/austin-serious-personal-injury-attorney\/abogados-de-austin-en-lesiones-de-huesos-rotos\/","title":{"rendered":"Abogados de Austin en lesiones de huesos rotos"},"content":{"rendered":"<h1>Abogados de Austin en lesiones de huesos rotos<\/h1>\n<p>Dependiendo de la posici\u00f3n y gravedad de la fractura, un hueso roto puede alterar la vida de una persona para siempre. Un hueso roto puede da\u00f1ar el tejido circundante, venas u \u00f3rganos. Incluso una lesi\u00f3n aparentemente modesta en el hueso puede tener consecuencias a largo plazo. Por ejemplo, con el tiempo, una persona puede desarrollar lesiones en huesos o tejidos blandos adyacentes o desarrollar artritis traum\u00e1tica que causa dolor y limita la movilidad. La seriedad de este tipo de lesi\u00f3n hace que sea muy importante contratar abogados experimentados en lesiones por huesos rotos.<\/p>\n<p>Los abogados de Austin en The Traub Law Office, P.C. tienen experiencia en casos ortop\u00e9dicos (lesiones \u00f3seas) y han representado a personas que han sufrido un cuello roto, espalda rota, cr\u00e1neo roto, brazos rotos, piernas rotas, costillas rotas y\/o fracturas en manos y mu\u00f1ecas.<\/p>\n<h2>Acerca de las Lesiones \u00d3seas<\/h2>\n<p>Los huesos pueden romperse de varias maneras:<\/p>\n<ul>\n<li>Una fractura completa significa que el hueso se parte en dos piezas separadas;<\/li>\n<li>Una fractura incompleta significa que el hueso se rompe, pero no en pedazos;<\/li>\n<li>Una fractura simple significa que el hueso est\u00e1 agrietado solo en un lugar;<\/li>\n<li>Una fractura compuesta o fractura abierta se refiere a un hueso roto que rompe la piel;<\/li>\n<li>Una fractura simple incluye transversal, oblicua, impactada, por estr\u00e9s y fisurada;<\/li>\n<li>Los huesos rotos en el cuello y la espalda pueden causar par\u00e1lisis.<\/li>\n<\/ul>\n<p>Un hueso roto o fractura \u00f3sea puede ser causado por:<\/p>\n<ul>\n<li>Accidente automovil\u00edstico<\/li>\n<li>Accidente de cami\u00f3n<\/li>\n<li>Accidente de motocicleta<\/li>\n<li>Accidente de resbal\u00f3n y ca\u00edda<\/li>\n<li>Accidente de peat\u00f3n<\/li>\n<li>Accidente de barco<\/li>\n<li>Accidente de bicicleta<\/li>\n<\/ul>\n<h2>Abogados de Lesiones por Huesos Rotos<\/h2>\n<p>Si ha sufrido una lesi\u00f3n ortop\u00e9dica (hueso roto) debido a la negligencia o conducta intencional de otra persona, llame a los abogados de lesiones por huesos rotos de Austin en The Traub Law Office, P.C. hoy mismo. Si tomamos su caso, adelantaremos todos los costos y trabajaremos con honorarios condicionales, lo que significa que no deber\u00e1 pagar honorarios de abogados a menos que haya un acuerdo o veredicto a su favor. Llame al (512) 246-9191 o complete el formulario a continuaci\u00f3n.<\/p>\n","protected":false},"excerpt":{"rendered":"<p>Abogados de Austin en lesiones de huesos rotos Dependiendo de la posici\u00f3n y gravedad de la fractura, un hueso roto puede alterar la vida de una persona para siempre. Un hueso roto puede da\u00f1ar el tejido circundante, venas u \u00f3rganos. Incluso una lesi\u00f3n aparentemente modesta en el hueso puede tener consecuencias a largo plazo. Por&#8230;<\/p>\n","protected":false},"author":2,"featured_media":30109,"parent":23429,"menu_order":0,"comment_status":"open","ping_status":"closed","template":"","meta":{"_analytify_skip_tracking":false,"footnotes":""},"tags":[],"class_list":[],"_links":{"self":[{"href":"https:\/\/austinaccidentlawyer.com\/es\/wp-json\/wp\/v2\/pages\/23387","targetHints":{"allow":["GET"]}}],"collection":[{"href":"https:\/\/austinaccidentlawyer.com\/es\/wp-json\/wp\/v2\/pages"}],"about":[{"href":"https:\/\/austinaccidentlawyer.com\/es\/wp-json\/wp\/v2\/types\/page"}],"author":[{"embeddable":true,"href":"https:\/\/austinaccidentlawyer.com\/es\/wp-json\/wp\/v2\/users\/2"}],"replies":[{"embeddable":true,"href":"https:\/\/austinaccidentlawyer.com\/es\/wp-json\/wp\/v2\/comments?post=23387"}],"version-history":[{"count":0,"href":"https:\/\/austinaccidentlawyer.com\/es\/wp-json\/wp\/v2\/pages\/23387\/revisions"}],"up":[{"embeddable":true,"href":"https:\/\/austinaccidentlawyer.com\/es\/wp-json\/wp\/v2\/pages\/23429"}],"wp:featuredmedia":[{"embeddable":true,"href":"https:\/\/austinaccidentlawyer.com\/es\/wp-json\/wp\/v2\/media\/30109"}],"wp:attachment":[{"href":"https:\/\/austinaccidentlawyer.com\/es\/wp-json\/wp\/v2\/media?parent=23387"}],"wp:term":[{"taxonomy":"post_tag","embeddable":true,"href":"https:\/\/austinaccidentlawyer.com\/es\/wp-json\/wp\/v2\/tags?post=23387"}],"curies":[{"name":"wp","href":"https:\/\/api.w.org\/{rel}","templated":true}]}}