{"id":23390,"date":"2024-04-26T09:56:15","date_gmt":"2024-04-26T14:56:15","guid":{"rendered":"http:\/\/3.131.240.186\/accidente-de-luz-roja-corriendo\/"},"modified":"2026-01-06T02:28:05","modified_gmt":"2026-01-06T07:28:05","slug":"accidente-de-luz-roja-corriendo","status":"publish","type":"page","link":"https:\/\/austinaccidentlawyer.com\/es\/abogados-de-accidentes-automovilisticos-en-austin\/accidente-de-luz-roja-corriendo\/","title":{"rendered":"Abogado de accidentes por sem\u00e1foro en rojo"},"content":{"rendered":"\n<h1 class=\"wp-block-heading\">Expertos en accidentes: Abogados especializados en accidentes por infracciones de sem\u00e1foro en rojo en Austin<\/h1>\n\n<p>Las infracciones por pasarse un sem\u00e1foro en rojo provocan accidentes graves en Austin. Estos choques suelen resultar en lesiones serias. Si usted es v\u00edctima, necesita ayuda legal. Nuestro abogado en Austin se especializa en casos de infracciones por pasarse un sem\u00e1foro en rojo. Ofrecemos asesoramiento y apoyo experto. Le ayudaremos a obtener una compensaci\u00f3n justa. Comun\u00edquese hoy mismo con nuestro abogado especializado en accidentes por infracciones de sem\u00e1foro en rojo en Austin para que lo represente legalmente. Le brindamos representaci\u00f3n dedicada durante estos momentos dif\u00edciles.       <\/p>\n\n<figure class=\"wp-block-image aligncenter size-full\"><img decoding=\"async\" width=\"1200\" height=\"808\" src=\"https:\/\/austinaccidentlawyer.com\/wp-content\/uploads\/2024\/08\/practice-areas_car-accidents_car-accidents_red-light-violation-accidents-lawyer.webp\" alt=\"Abogado de Austin especializado en accidentes por saltarse un sem&#xE1;foro en rojo: Un conductor con una botella de licor en la mano mientras se saltaba un sem&#xE1;foro en rojo pone de relieve los peligros de conducir ebrio y las infracciones de tr&#xE1;fico.\" class=\"wp-image-29829\" srcset=\"https:\/\/austinaccidentlawyer.com\/wp-content\/uploads\/2024\/08\/practice-areas_car-accidents_car-accidents_red-light-violation-accidents-lawyer.webp 1200w, https:\/\/austinaccidentlawyer.com\/wp-content\/uploads\/2024\/08\/practice-areas_car-accidents_car-accidents_red-light-violation-accidents-lawyer-300x202.webp 300w, https:\/\/austinaccidentlawyer.com\/wp-content\/uploads\/2024\/08\/practice-areas_car-accidents_car-accidents_red-light-violation-accidents-lawyer-1024x689.webp 1024w, https:\/\/austinaccidentlawyer.com\/wp-content\/uploads\/2024\/08\/practice-areas_car-accidents_car-accidents_red-light-violation-accidents-lawyer-768x517.webp 768w\" sizes=\"(max-width: 1200px) 100vw, 1200px\" \/><\/figure>\n\n<p>El <a href=\"http:\/\/www-nrd.nhtsa.dot.gov\/Pubs\/811170.PDF\" target=\"_blank\" rel=\"noreferrer noopener\">Informe de Seguridad Vial de la NHTSA de 2008<\/a> destaca un punto crucial: los accidentes por saltarse sem\u00e1foros en rojo suelen provocar lesiones graves. El conductor que respeta la ley a menudo se encuentra indefenso, y quien se salta el sem\u00e1foro en rojo generalmente lo embiste lateralmente. Esto hace que estos accidentes sean particularmente peligrosos.    <\/p>\n\n<p>Las intersecciones son peligrosas incluso cuando se respetan las normas, pero saltarse un sem\u00e1foro en rojo las hace mucho m\u00e1s peligrosas. Puede provocar choques laterales, colisiones frontales y choques en cadena, ya que los dem\u00e1s conductores no pueden anticipar la maniobra ilegal. Cuando alguien ignora un sem\u00e1foro en rojo, pone a todos en grave peligro.  <\/p>\n\n<p>Los accidentes por sem\u00e1foros en rojo est\u00e1n aumentando debido a problemas comunes como la conducci\u00f3n distra\u00edda, la impaciencia, la agresividad al volante y la conducci\u00f3n bajo los efectos del alcohol o las drogas. Los conductores distra\u00eddos por el tel\u00e9fono o que intentan cruzar antes de que se apague el sem\u00e1foro en amarillo suelen pasarse los sem\u00e1foros en rojo, mientras que el alcohol o las drogas reducen el tiempo de reacci\u00f3n. Estos factores, en conjunto, hacen que las intersecciones sean m\u00e1s peligrosas, especialmente con el aumento del tr\u00e1fico. Comprender esto nos ayuda a estar m\u00e1s seguros en la carretera.   <\/p>\n\n<p>Conducir bajo los efectos del alcohol o las drogas aumenta considerablemente el riesgo de accidentes por saltarse sem\u00e1foros en rojo, ya que el alcohol o las drogas ralentizan los reflejos y afectan al juicio. Los conductores bajo los efectos del alcohol o las drogas pueden no interpretar correctamente las se\u00f1ales, llegando incluso a invadir el carril contrario. Los estudios demuestran que la conducci\u00f3n bajo los efectos del alcohol o las drogas es una de las principales causas de estos accidentes. Si el otro conductor estaba bajo los efectos del alcohol o las drogas involucrado en el accidente, esto puede influir en la responsabilidad y la indemnizaci\u00f3n.   <\/p>\n\n<p>Aggressive driving is a major cause of red light running in Austin. Drivers who feel rushed or frustrated often take reckless risks like speeding through intersections to beat the light. This dangerous behavior endangers others and frequently leads to serious crashes. If you\u2019ve been in an accident with an aggressive driver, their reckless choices likely contributed to the crash.   <\/p>\n\n<p>La impaciencia es una de las principales causas de accidentes por saltarse sem\u00e1foros en rojo en Austin. Muchos conductores aceleran para intentar cruzar antes de que el sem\u00e1foro cambie a amarillo en lugar de reducir la velocidad, llegando incluso a entrar en las intersecciones a gran velocidad despu\u00e9s de que el sem\u00e1foro se haya puesto en rojo. Estas decisiones temerarias suelen provocar choques graves con conductores que ten\u00edan preferencia de paso, lo que convierte a las intersecciones en puntos especialmente peligrosos de la carretera.  <\/p>\n\n<h3 class=\"wp-block-heading\">\u00bfDe qui\u00e9n es la culpa cuando alguien se salta un sem\u00e1foro en rojo y usted lo choca?<\/h3>\n\n<p>Generalmente, el conductor que se salta el sem\u00e1foro en rojo es el culpable y suele ser multado por causar el accidente. La situaci\u00f3n puede ser m\u00e1s compleja: <\/p>\n\n<p><strong>Casos de da\u00f1os materiales:<\/strong> El seguro del conductor culpable generalmente cubre la reclamaci\u00f3n, aunque algunas aseguradoras pueden tardar m\u00e1s en responder.<\/p>\n\n<p><strong>Casos de lesiones corporales<\/strong>: Estos son m\u00e1s complicados. Las aseguradoras podr\u00edan intentar eludir su responsabilidad, alegando que usted podr\u00eda haber evitado el accidente. <\/p>\n\n<p><strong>Factores que influyen en la falla:<\/strong><\/p>\n\n<ol class=\"wp-block-list\">\n<li>Im\u00e1genes de c\u00e1maras de tr\u00e1fico: Pueden proporcionar evidencia de qui\u00e9n se salt\u00f3 el sem\u00e1foro.<\/li>\n\n\n\n<li>Testimonios: Pueden corroborar su versi\u00f3n de los hechos.<\/li>\n\n\n\n<li>Informes policiales: Documentos oficiales que ayudan a establecer la culpabilidad.<\/li>\n<\/ol>\n\n<p>Para protegerse, documente todo. Recopile pruebas, tome fotos, obtenga informaci\u00f3n de testigos y guarde todos los informes oficiales. Un abogado especializado en accidentes por infracci\u00f3n de sem\u00e1foro en rojo en Austin puede guiarle durante este proceso y ayudarle a preparar un caso s\u00f3lido.  <\/p>\n\n<h3 class=\"wp-block-heading\">Desaf\u00edos en las reclamaciones por lesiones corporales<\/h3>\n\n<p>Al reclamar por lesiones corporales derivadas de un accidente por saltarse un sem\u00e1foro en rojo, prep\u00e1rese para lo siguiente:<\/p>\n\n<ol class=\"wp-block-list\">\n<li>Compa\u00f1\u00edas de seguros esc\u00e9pticas: Suelen examinar minuciosamente las reclamaciones, cuestionando la gravedad y las causas de las lesiones.<\/li>\n\n\n\n<li>Estrategias de culpa compartida: Las aseguradoras pueden argumentar que usted comparte la responsabilidad de minimizar su indemnizaci\u00f3n.<\/li>\n\n\n\n<li>Requisitos de evidencia m\u00e9dica: La documentaci\u00f3n m\u00e9dica completa es crucial para respaldar su reclamaci\u00f3n<\/li>\n\n\n\n<li>Problemas de fiabilidad de los testigos: Las declaraciones contradictorias de los testigos oculares pueden complicar su reclamaci\u00f3n.<\/li>\n\n\n\n<li>T\u00e1cticas legales: Prep\u00e1rese para diversas maniobras legales por parte de los abogados de las compa\u00f1\u00edas de seguros.<\/li>\n<\/ol>\n\n<p>Para afrontar estos desaf\u00edos, a menudo se requiere el apoyo legal profesional de un abogado especializado en accidentes por infracciones de sem\u00e1foro en rojo en Austin &#8211; su ayuda legal con experiencia.<\/p>\n\n<h2 class=\"wp-block-heading\">Muertes por accidentes de sem\u00e1foro en rojo<\/h2>\n\n<p>Saltarse los sem\u00e1foros en rojo es una de las principales <a target=\"_blank\" rel=\"noreferrer noopener\" href=\"https:\/\/austinaccidentlawyer.com\/practice-areas\/wrongful-death-attorney\/\">causas de muerte en accidentes de tr\u00e1fico<\/a>. Es la causa principal de colisiones urbanas. En 2009, m\u00e1s de 8700 personas fallecieron en accidentes relacionados con intersecciones. La mayor\u00eda de las v\u00edctimas son peatones, ciclistas y otros conductores. Con frecuencia, no ven venir al conductor que se salta el sem\u00e1foro en rojo.    <\/p>\n\n<p>Texas tiene un grave problema con los sem\u00e1foros en rojo. Ocupa el cuarto lugar en Estados Unidos en cuanto a <g id=\"gid_0\">muertes por sem\u00e1foro en rojo <\/g>per c\u00e1pita. Ignorar las se\u00f1ales de tr\u00e1fico provoca muchos accidentes.  <\/p>\n\n<p>En Texas, los sem\u00e1foros en rojo suelen marcar las intersecciones de carreteras. Los accidentes por saltarse un sem\u00e1foro en rojo a menudo son colisiones laterales. Estas ocurren cuando un coche choca contra el lateral de otro.   Los accidentes de T-Bone tienen m\u00e1s probabilidades de causar <a target=\"_blank\" rel=\"noreferrer noopener\" href=\"https:\/\/austinaccidentlawyer.com\/personal-injury-services\/serious-personal-injury\/\">lesiones graves o la muerte<\/a> que las colisiones delanteras o traseras de la misma gravedad. Incluso con bolsas de aire laterales, el lateral del coche es la parte m\u00e1s vulnerable. Imag\u00ednese que un conductor que se salta un sem\u00e1foro en rojo le impacta en la puerta del conductor. <\/p>\n\n<h3 class=\"wp-block-heading\">Comprender la negligencia comparativa en Texas<\/h3>\n\n<p>En Texas, los casos de accidentes se rigen por un sistema de negligencia comparativa. Los jurados consideran las acciones de ambas partes y dividen la responsabilidad. Su indemnizaci\u00f3n depender\u00e1 de su grado de responsabilidad.  <\/p>\n\n<ul class=\"wp-block-list\">\n<li>Si su responsabilidad es inferior al 50%, puede reclamar una indemnizaci\u00f3n por da\u00f1os y perjuicios, reducida en funci\u00f3n de su porcentaje de culpa.<\/li>\n\n\n\n<li>If you&#8217;re more than 50% responsible, you can&#8217;t collect any damages (the \u00ab51% bar rule\u00bb).<\/li>\n<\/ul>\n\n<p>Este sistema tiene como objetivo distribuir la culpa y la compensaci\u00f3n de manera justa en funci\u00f3n de las acciones de cada parte.<\/p>\n\n<p>C\u00f3mo podr\u00edan las aseguradoras culpar a los conductores que se saltan los sem\u00e1foros en verde<\/p>\n\n<p>La ley de Texas exige que todos los conductores permanezcan alerta, incluso con la luz verde. Las aseguradoras podr\u00edan usar esto para eludir su responsabilidad. <\/p>\n\n<ul class=\"wp-block-list\">\n<li>Servicio de vigilancia: Debes revisar ambos sentidos en las intersecciones, incluso con luz verde.<\/li>\n\n\n\n<li>Intersection Safety: If you see a car likely to run a red light, you should stop to avoid a collision.<\/li>\n\n\n\n<li>Seguridad en intersecciones: Si ve un autom\u00f3vil que probablemente se salte un sem\u00e1foro en rojo, debe detenerse para evitar una colisi\u00f3n.<\/li>\n<\/ul>\n\n<p>Esto crea una situaci\u00f3n compleja donde los conductores que respetan las se\u00f1ales de tr\u00e1fico a\u00fan podr\u00edan ser acusados \u200b\u200bde negligencia. Un abogado con experiencia en accidentes por saltarse sem\u00e1foros en rojo en Austin puede ayudar a resolver estos problemas complejos. <\/p>\n\n<h2 class=\"wp-block-heading\">Demostrar la conducci\u00f3n bajo los efectos del alcohol en casos de accidentes por sem\u00e1foro en rojo<\/h2>\n\n<p>Los accidentes por conducir en estado de ebriedad pueden ser devastadores, pero demostrar la responsabilidad es crucial para obtener justicia.<\/p>\n\n<ul class=\"wp-block-list\">\n<li>Recopilamos pruebas clave, incluyendo informes policiales, pruebas de sobriedad y an\u00e1lisis qu\u00edmicos.<\/li>\n\n\n\n<li>Utilizamos pruebas de la escena del accidente, declaraciones de testigos y grabaciones de vigilancia para construir un caso s\u00f3lido.<\/li>\n<\/ul>\n\n<p>Con pruebas s\u00f3lidas y asesoramiento legal experto, podemos responsabilizar a los conductores ebrios y luchar por la compensaci\u00f3n que usted merece.<\/p>\n\n<h2 class=\"wp-block-heading\">Prevenci\u00f3n de colisiones: Estrategias de abogados especializados en accidentes por saltarse sem\u00e1foros en rojo en Austin<\/h2>\n\n<p>Las ciudades han implementado diversas estrategias, como las c\u00e1maras de sem\u00e1foro en rojo. Si bien estas pueden reducir ciertos tipos de accidentes, podr\u00edan aumentar otros, como las colisiones por alcance. Algunas ciudades han retirado las c\u00e1maras debido a la disminuci\u00f3n de los ingresos por la reducci\u00f3n de las infracciones.  <\/p>\n<div style=\"--video-image:url(&#039;https:\/\/austinaccidentlawyer.com\/wp-content\/uploads\/2016\/12\/red-traffic-light-1-3.jpg&#039;);\" class=\"video-popup\"><a href=\"https:\/\/youtu.be\/C_6-KDwMnfw\"> <div class=\"play-button-container\">\n            <div class=\"play-button\">\n                <svg>\n                    <title>\n                        Play Button                    <\/title>\n                    <polygon points=\"10 33 10 1 34 17\">\n                        Play Video                    <\/polygon>\n                <\/svg>\n            <\/div>\n        <\/div> <\/a>\n<\/div>\n\n<p>Si ha sufrido lesiones en un accidente en el que alguien se salt\u00f3 un sem\u00e1foro en rojo o <a href=\"https:\/\/austinaccidentlawyer.com\/personal-injury-services\/distracted-driver\/\" target=\"_blank\" rel=\"noreferrer noopener\">conduc\u00eda distra\u00eddo<\/a>, <a href=\"tel:5122469191\" target=\"_blank\" rel=\"noreferrer noopener\">llame a nuestro bufete de abogados<\/a> o <a href=\"#contact\" target=\"_blank\" rel=\"noreferrer noopener\">complete nuestro formulario<\/a> de contacto para que nuestro <strong>abogado especializado en accidentes por infracciones de sem\u00e1foro en rojo<\/strong> de Austin, en la oficina legal de Traub, le ayude.<\/p>\n","protected":false},"excerpt":{"rendered":"<p>Expertos en accidentes: Abogados especializados en accidentes por infracciones de sem\u00e1foro en rojo en Austin Las infracciones por pasarse un sem\u00e1foro en rojo provocan accidentes graves en Austin. Estos choques suelen resultar en lesiones serias. Si usted es v\u00edctima, necesita ayuda legal. Nuestro abogado en Austin se especializa en casos de infracciones por pasarse un&#8230;<\/p>\n","protected":false},"author":2,"featured_media":29830,"parent":23598,"menu_order":0,"comment_status":"open","ping_status":"closed","template":"","meta":{"_analytify_skip_tracking":false,"footnotes":""},"tags":[],"class_list":[],"_links":{"self":[{"href":"https:\/\/austinaccidentlawyer.com\/es\/wp-json\/wp\/v2\/pages\/23390","targetHints":{"allow":["GET"]}}],"collection":[{"href":"https:\/\/austinaccidentlawyer.com\/es\/wp-json\/wp\/v2\/pages"}],"about":[{"href":"https:\/\/austinaccidentlawyer.com\/es\/wp-json\/wp\/v2\/types\/page"}],"author":[{"embeddable":true,"href":"https:\/\/austinaccidentlawyer.com\/es\/wp-json\/wp\/v2\/users\/2"}],"replies":[{"embeddable":true,"href":"https:\/\/austinaccidentlawyer.com\/es\/wp-json\/wp\/v2\/comments?post=23390"}],"version-history":[{"count":0,"href":"https:\/\/austinaccidentlawyer.com\/es\/wp-json\/wp\/v2\/pages\/23390\/revisions"}],"up":[{"embeddable":true,"href":"https:\/\/austinaccidentlawyer.com\/es\/wp-json\/wp\/v2\/pages\/23598"}],"wp:featuredmedia":[{"embeddable":true,"href":"https:\/\/austinaccidentlawyer.com\/es\/wp-json\/wp\/v2\/media\/29830"}],"wp:attachment":[{"href":"https:\/\/austinaccidentlawyer.com\/es\/wp-json\/wp\/v2\/media?parent=23390"}],"wp:term":[{"taxonomy":"post_tag","embeddable":true,"href":"https:\/\/austinaccidentlawyer.com\/es\/wp-json\/wp\/v2\/tags?post=23390"}],"curies":[{"name":"wp","href":"https:\/\/api.w.org\/{rel}","templated":true}]}}