{"id":23391,"date":"2024-04-26T09:56:20","date_gmt":"2024-04-26T14:56:20","guid":{"rendered":"http:\/\/3.131.240.186\/abogados-de-danos-en-tejidos-blandos\/"},"modified":"2026-02-23T01:27:26","modified_gmt":"2026-02-23T06:27:26","slug":"abogados-de-danos-en-tejidos-blandos","status":"publish","type":"page","link":"https:\/\/austinaccidentlawyer.com\/es\/abogados-de-austin-en-lesiones-de-la-medula-espinal\/abogados-de-danos-en-tejidos-blandos\/","title":{"rendered":"Abogados de da\u00f1os en tejidos blandos"},"content":{"rendered":"<h1>Abogados de da\u00f1os en tejidos blandos<\/h1>\n<h2><span style=\"color: #497070; font-family: Lora, Georgia, 'Times New Roman', serif; font-size: 26px; font-weight: bold;\">Compensaci\u00f3n por lesiones de tejidos blandos<\/span><\/h2>\n<p>Los abogados de Austin de da\u00f1os en tejidos blandos de The Traub Law Office, PC han tenido \u00e9xito en casos de lesiones en tejidos blandos (a menudo llamados <a href=\"https:\/\/austinaccidentlawyer.com\/faq\/whiplash-injuries\/\">latigazo cervical<\/a> ). Nuestra experiencia y atenci\u00f3n al detalle nos permiten obtener dinero real para los clientes por estas lesiones. Es menos probable que las aseguradoras se opongan a un reclamo bien documentado, y nos enorgullecemos de construir el caso m\u00e1s completo posible, y no tenemos miedo de luchar por usted hasta el veredicto del jurado.<\/p>\n<h2>Abogados de Austin en da\u00f1os a tejidos blandos<\/h2>\n<p>Somos abogados con experiencia en da\u00f1os a tejidos blandos que representan a v\u00edctimas de accidentes automovil\u00edsticos y accidentes de camiones en el condado de Travis, el condado de Williamson, el condado de Hays y las comunidades vecinas en todo el centro de Texas. Ll\u00e1menos para discutir sus lesiones. Brindamos consultas gratuitas.<\/p>\n<p>Hemos ganado da\u00f1os por esguinces, distensiones, desgarros de ligamentos, da\u00f1o a los nervios y otros da\u00f1os al tejido conectivo, literalmente de la cabeza a los pies:<\/p>\n<ul>\n<li><a href=\"https:\/\/austinaccidentlawyer.com\/practice-areas\/neck-injuries\/\">Lesiones<\/a> de cuello, fracturas cervicales, esguinces de latigazo cervical<\/li>\n<li>Lesiones en el <a href=\"https:\/\/austinaccidentlawyer.com\/practice-areas\/austin-shoulder-injury-lawyer\/\">hombro,<\/a> rotura del labrum o manguito rotador, hombro dislocado<\/li>\n<li>Tendinitis en antebrazos y codos.<\/li>\n<li><a href=\"https:\/\/austinaccidentlawyer.com\/practice-areas\/serious-personal-injury\/austin-back-injury-lawyers\/back-injury-from-a-car-accident\/\">Lesiones de espalda<\/a> , <a href=\"https:\/\/austinaccidentlawyer.com\/practice-areas\/neck-injuries\/herniated-disk\/\">hernia de disco<\/a> , distensi\u00f3n lumbar, da\u00f1o de ligamentos<\/li>\n<li><a href=\"https:\/\/austinaccidentlawyer.com\/rib-injuries\/\">Lesiones en las costillas y el estern\u00f3n,<\/a> fracturas, distensi\u00f3n de los m\u00fasculos intracostales.<\/li>\n<li><a href=\"https:\/\/austinaccidentlawyer.com\/practice-areas\/knee-injuries\/\">Lesiones de rodilla,<\/a> cart\u00edlago desgarrado, LCA o MCL desgarrados, r\u00f3tula dislocada<\/li>\n<li><a href=\"https:\/\/austinaccidentlawyer.com\/practice-areas\/soft-tissue-damage-attorneys\/carpal-tunnel-syndrome\/\">Lesiones del t\u00fanel carpiano<\/a><\/li>\n<li><a href=\"https:\/\/austinaccidentlawyer.com\/practice-areas\/austin-broken-bone-injury-attorneys\/\">Fracturas y esguinces de tobillo<\/a> .<\/li>\n<li><a href=\"https:\/\/austinaccidentlawyer.com\/practice-areas\/serious-personal-injury\/brain-injury-lawyers\/\">Lesiones Cerebrales<\/a><\/li>\n<li>Lesiones en los pies, fracturas por estr\u00e9s, tend\u00f3n de Aquiles, dedos rotos<\/li>\n<\/ul>\n<h2>\u00bfCu\u00e1l es el valor de mi caso de lesi\u00f3n de tejidos blandos?<\/h2>\n<p>La investigaci\u00f3n cient\u00edfica muestra que las lesiones de los tejidos blandos suelen ser peores de lo que parecen. Un \u00abdolor de cuello\u00bb en realidad podr\u00eda ser una v\u00e9rtebra fracturada o un da\u00f1o grave de los ligamentos. Una rodilla hinchada podr\u00eda eventualmente requerir cirug\u00eda. Un \u00abtir\u00f3n muscular\u00bb en la espalda puede dejar a una persona sin trabajo durante meses. De hecho, los estudios muestran que, en promedio, el 53% de las personas nunca se recupera de una lesi\u00f3n en los tejidos blandos.<\/p>\n<p>Sin un abogado experimentado de su lado, es probable que las compa\u00f1\u00edas de seguros (a) rechazar rotundamente su reclamo por da\u00f1os en tejidos blandos o (b) ofrecer un acuerdo inmediato que no tenga en cuenta la atenci\u00f3n m\u00e9dica en curso o la discapacidad duradera.<\/p>\n<p>Su abogado tambi\u00e9n debe estar dispuesto a llevar su caso a juicio y mostrar las pruebas ante un jurado. Para lesiones de tejidos blandos, definitivamente querr\u00e1 elegir un bufete de abogados donde el abogado interact\u00fae con usted de manera individualizada. No desea tratar con un asistente legal y no desea contratar un bufete de abogados en el que es solo uno de los cientos de casos activos. \u00bfPor qu\u00e9? Porque a menudo los abogados de \u00abTV\u00bb toman todo lo que entra por la puerta, lo tiran a la pared, y si queda bien, si no, liberan al cliente y les dicen que \u00abno vale la pena su tiempo\u00bb. Lea las rese\u00f1as de los abogados de televisi\u00f3n y ver\u00e1 este tema com\u00fan.<\/p>\n<p>Trabajamos con sus m\u00e9dicos para diagnosticar el da\u00f1o real y documentar sus reclamos por facturas m\u00e9dicas, p\u00e9rdida de ingresos, dolor y sufrimiento. En lugar de buscar un acuerdo \u00abr\u00e1pido\u00bb, nos aseguramos de que haya alcanzado el m\u00e1ximo progreso m\u00e9dico o de que se le compense por los gastos m\u00e9dicos futuros y la p\u00e9rdida de ingresos.<\/p>\n<p><a title=\"No Fees if No Recovery\" href=\"https:\/\/austinaccidentlawyer.com\/personal-injury-services\/no-fees-if-no-recovery\/\">No paga tarifas a menos que recuperemos una compensaci\u00f3n<\/a> .<\/p>\n<p>Ll\u00e1menos al (512) 246-9191 o complete el formulario a continuaci\u00f3n.<\/p>\n","protected":false},"excerpt":{"rendered":"<p>Abogados de da\u00f1os en tejidos blandos Compensaci\u00f3n por lesiones de tejidos blandos Los abogados de Austin de da\u00f1os en tejidos blandos de The Traub Law Office, PC han tenido \u00e9xito en casos de lesiones en tejidos blandos (a menudo llamados latigazo cervical ). Nuestra experiencia y atenci\u00f3n al detalle nos permiten obtener dinero real para&#8230;<\/p>\n","protected":false},"author":2,"featured_media":30094,"parent":23406,"menu_order":0,"comment_status":"open","ping_status":"closed","template":"","meta":{"_analytify_skip_tracking":false,"footnotes":""},"tags":[],"class_list":[],"_links":{"self":[{"href":"https:\/\/austinaccidentlawyer.com\/es\/wp-json\/wp\/v2\/pages\/23391","targetHints":{"allow":["GET"]}}],"collection":[{"href":"https:\/\/austinaccidentlawyer.com\/es\/wp-json\/wp\/v2\/pages"}],"about":[{"href":"https:\/\/austinaccidentlawyer.com\/es\/wp-json\/wp\/v2\/types\/page"}],"author":[{"embeddable":true,"href":"https:\/\/austinaccidentlawyer.com\/es\/wp-json\/wp\/v2\/users\/2"}],"replies":[{"embeddable":true,"href":"https:\/\/austinaccidentlawyer.com\/es\/wp-json\/wp\/v2\/comments?post=23391"}],"version-history":[{"count":0,"href":"https:\/\/austinaccidentlawyer.com\/es\/wp-json\/wp\/v2\/pages\/23391\/revisions"}],"up":[{"embeddable":true,"href":"https:\/\/austinaccidentlawyer.com\/es\/wp-json\/wp\/v2\/pages\/23406"}],"wp:featuredmedia":[{"embeddable":true,"href":"https:\/\/austinaccidentlawyer.com\/es\/wp-json\/wp\/v2\/media\/30094"}],"wp:attachment":[{"href":"https:\/\/austinaccidentlawyer.com\/es\/wp-json\/wp\/v2\/media?parent=23391"}],"wp:term":[{"taxonomy":"post_tag","embeddable":true,"href":"https:\/\/austinaccidentlawyer.com\/es\/wp-json\/wp\/v2\/tags?post=23391"}],"curies":[{"name":"wp","href":"https:\/\/api.w.org\/{rel}","templated":true}]}}