{"id":23397,"date":"2021-12-22T17:22:14","date_gmt":"2021-12-22T17:22:14","guid":{"rendered":"http:\/\/3.131.240.186\/abogado-de-bolsas-de-aire-defectuosas\/"},"modified":"2024-08-07T17:05:46","modified_gmt":"2024-08-07T22:05:46","slug":"abogado-de-bolsas-de-aire-defectuosas","status":"publish","type":"page","link":"https:\/\/austinaccidentlawyer.com\/es\/areas-de-practica\/negligencia\/abogado-de-defectos-de-producto-en-texas\/abogado-de-bolsas-de-aire-defectuosas\/","title":{"rendered":"Defective Airbag Lawyer"},"content":{"rendered":"<h1>Defective Airbag Lawyer<\/h1>\n<p>Cuando las bolsas de aire funcionan correctamente, pueden desempe\u00f1ar un papel importante para salvarle la vida durante un accidente. Sin embargo, las bolsas de aire tambi\u00e9n pueden ser peligrosas, lo que hace que sea importante contratar al abogado de bolsas de aire defectuoso adecuado.<\/p>\n<p><img decoding=\"async\" class=\"aligncenter wp-image-23085 size-full\" src=\"https:\/\/austinaccidentlawyer.com\/wp-content\/uploads\/2014\/02\/4935-2.jpg\" alt=\"Imagen de abogado de bolsa de aire defectuosa\" width=\"640\" height=\"480\" srcset=\"https:\/\/austinaccidentlawyer.com\/wp-content\/uploads\/2014\/02\/4935-2.jpg 640w, https:\/\/austinaccidentlawyer.com\/wp-content\/uploads\/2014\/02\/4935-2-300x225.jpg 300w, https:\/\/austinaccidentlawyer.com\/wp-content\/uploads\/2014\/02\/4935-2-510x382.jpg 510w, https:\/\/austinaccidentlawyer.com\/wp-content\/uploads\/2014\/02\/4935-2-480x360.jpg 480w\" sizes=\"(max-width: 640px) 100vw, 640px\" \/><\/p>\n<p>Los airbags pueden causar lesiones como latigazo cervical severo, lesiones oculares, ceguera, nariz rota, p\u00e9rdida de dientes, decapitaci\u00f3n parcial, <a href=\"https:\/\/austinaccidentlawyer.com\/practice-areas\/serious-personal-injury\/paraplegia-injury-attorney\/\">cuadriplej\u00eda<\/a> e incluso la <a href=\"https:\/\/austinaccidentlawyer.com\/practice-areas\/wrongful-death-attorney\/\">muerte<\/a> . Estas lesiones pueden deberse a defectos, que incluyen:<\/p>\n<ul>\n<li>No implementar<\/li>\n<li>Implementaci\u00f3n tard\u00eda<\/li>\n<li>Despliegue demasiado agresivo<\/li>\n<li>Umbrales de dise\u00f1o de bolsas de aire<\/li>\n<li>Airbags sin ataduras<\/li>\n<li>Airbags de gran tama\u00f1o<\/li>\n<li>Advertencias inadecuadas para el consumidor<\/li>\n<li>Falta de airbags laterales o de cortina<\/li>\n<\/ul>\n<p>Las bolsas de aire tambi\u00e9n pueden representar un riesgo para la seguridad de los ni\u00f1os, especialmente aquellos que se inflan en choques de baja gravedad. Los ni\u00f1os menores de 12 a\u00f1os siempre deben colocarse en el asiento de seguridad adecuado o en las sujeciones de seguridad en el asiento trasero de un veh\u00edculo.<\/p>\n<p>El proceso de litigio y los grupos de consumidores contin\u00faan exigiendo requisitos y pruebas m\u00e1s estrictos a la industria automotriz y al gobierno, lo que conducir\u00e1 a un mejor dise\u00f1o y seguridad de las bolsas de aire. Si bien no se puede garantizar la seguridad completa en todos los accidentes, le recomendamos que tome las siguientes precauciones para reducir el riesgo de lesiones por una bolsa de aire:<\/p>\n<ul>\n<li>Abr\u00f3chese siempre el cintur\u00f3n de seguridad.<\/li>\n<li>Ajuste su asiento tan atr\u00e1s como sea posible, de modo que haya al menos 10 pulgadas entre el centro de la cubierta de la bolsa de aire y su estern\u00f3n. Mueva su asiento hacia atr\u00e1s lo m\u00e1s que pueda sin dejar de alcanzar los pedales c\u00f3modamente. Tambi\u00e9n puede reclinar ligeramente el respaldo de su asiento, pero aseg\u00farese de poder ver la carretera con facilidad.<\/li>\n<li>Siempre coloque a un beb\u00e9 en un asiento de seguridad en el asiento trasero. Es mejor usar un asiento para beb\u00e9s que mire hacia atr\u00e1s.<\/li>\n<li>Transporte siempre a los ni\u00f1os de 1 a 12 a\u00f1os en el asiento trasero y utilice sistemas de sujeci\u00f3n para ni\u00f1os adecuados. Debe hacer esto incluso si su autom\u00f3vil no tiene una bolsa de aire.<\/li>\n<li>No permita que los ni\u00f1os viajen en el regazo de otras personas.<\/li>\n<li>Si su volante es ajustable, incl\u00ednelo hacia abajo para se\u00f1alar su pecho en lugar de su cabeza y cuello.<\/li>\n<\/ul>\n<h2>Contrataci\u00f3n de un abogado de bolsas de aire defectuosas<\/h2>\n<p>Estamos aqu\u00ed para ayudar. Si tiene alguna pregunta, no dude en <a title=\"Contact Us\" href=\"https:\/\/austinaccidentlawyer.com\/about-us\/contact-us\/\">contactarnos<\/a> para hablar con un <a title=\"Texas Product Defect Lawyer\" href=\"https:\/\/austinaccidentlawyer.com\/practice-areas\/product-defect-lawyer\/\">abogado de responsabilidad por productos defectuosos de Texas.<\/a><\/p>\n<h2>Actualizaci\u00f3n sobre el retiro del mercado por fallas de airbag de Takata<\/h2>\n<p><a href=\"http:\/\/kxan.com\/2015\/05\/19\/austin-mechanic-one-of-millions-affected-by-air-bag-recall\/\">Lea la historia completa sobre bolsas de aire defectuosas<\/a> .<\/p>\n","protected":false},"excerpt":{"rendered":"<p>Defective Airbag Lawyer Cuando las bolsas de aire funcionan correctamente, pueden desempe\u00f1ar un papel importante para salvarle la vida durante un accidente. Sin embargo, las bolsas de aire tambi\u00e9n pueden ser peligrosas, lo que hace que sea importante contratar al abogado de bolsas de aire defectuoso adecuado. Los airbags pueden causar lesiones como latigazo cervical&#8230;<\/p>\n","protected":false},"author":2,"featured_media":29109,"parent":23398,"menu_order":0,"comment_status":"open","ping_status":"closed","template":"","meta":{"_analytify_skip_tracking":false,"footnotes":""},"tags":[],"class_list":["post-23397","page","type-page","status-publish","has-post-thumbnail","hentry"],"_links":{"self":[{"href":"https:\/\/austinaccidentlawyer.com\/es\/wp-json\/wp\/v2\/pages\/23397","targetHints":{"allow":["GET"]}}],"collection":[{"href":"https:\/\/austinaccidentlawyer.com\/es\/wp-json\/wp\/v2\/pages"}],"about":[{"href":"https:\/\/austinaccidentlawyer.com\/es\/wp-json\/wp\/v2\/types\/page"}],"author":[{"embeddable":true,"href":"https:\/\/austinaccidentlawyer.com\/es\/wp-json\/wp\/v2\/users\/2"}],"replies":[{"embeddable":true,"href":"https:\/\/austinaccidentlawyer.com\/es\/wp-json\/wp\/v2\/comments?post=23397"}],"version-history":[{"count":0,"href":"https:\/\/austinaccidentlawyer.com\/es\/wp-json\/wp\/v2\/pages\/23397\/revisions"}],"up":[{"embeddable":true,"href":"https:\/\/austinaccidentlawyer.com\/es\/wp-json\/wp\/v2\/pages\/23398"}],"wp:featuredmedia":[{"embeddable":true,"href":"https:\/\/austinaccidentlawyer.com\/es\/wp-json\/wp\/v2\/media\/29109"}],"wp:attachment":[{"href":"https:\/\/austinaccidentlawyer.com\/es\/wp-json\/wp\/v2\/media?parent=23397"}],"wp:term":[{"taxonomy":"post_tag","embeddable":true,"href":"https:\/\/austinaccidentlawyer.com\/es\/wp-json\/wp\/v2\/tags?post=23397"}],"curies":[{"name":"wp","href":"https:\/\/api.w.org\/{rel}","templated":true}]}}