{"id":23398,"date":"2024-04-26T09:56:48","date_gmt":"2024-04-26T14:56:48","guid":{"rendered":"http:\/\/3.131.240.186\/abogado-de-defectos-de-producto-en-texas\/"},"modified":"2024-08-07T16:59:08","modified_gmt":"2024-08-07T21:59:08","slug":"abogado-de-defectos-de-producto-en-texas","status":"publish","type":"page","link":"https:\/\/austinaccidentlawyer.com\/es\/areas-de-practica\/negligencia\/abogado-de-defectos-de-producto-en-texas\/","title":{"rendered":"Abogado de defectos de producto en Texas"},"content":{"rendered":"<h1>Abogado de defectos de producto en Texas<\/h1>\n<p>Si se lesion\u00f3 o sufri\u00f3 otros da\u00f1os debido a un producto que utiliz\u00f3, es posible que tenga un reclamo de responsabilidad por productos defectuosos y querr\u00e1 comunicarse con un abogado con experiencia en defectos de productos.<\/p>\n<p><img decoding=\"async\" class=\"aligncenter wp-image-23085 size-full\" src=\"https:\/\/austinaccidentlawyer.com\/wp-content\/uploads\/2014\/02\/4935-2.jpg\" alt=\"product defect lawyer image\" width=\"640\" height=\"480\" srcset=\"https:\/\/austinaccidentlawyer.com\/wp-content\/uploads\/2014\/02\/4935-2.jpg 640w, https:\/\/austinaccidentlawyer.com\/wp-content\/uploads\/2014\/02\/4935-2-300x225.jpg 300w, https:\/\/austinaccidentlawyer.com\/wp-content\/uploads\/2014\/02\/4935-2-510x382.jpg 510w, https:\/\/austinaccidentlawyer.com\/wp-content\/uploads\/2014\/02\/4935-2-480x360.jpg 480w\" sizes=\"(max-width: 640px) 100vw, 640px\" \/><\/p>\n<p>Aunque la gama de casos de productos defectuosos es amplia, las reclamaciones generalmente se dividen en tres categor\u00edas de responsabilidad por productos: (1) fabricaci\u00f3n defectuosa; (2) dise\u00f1o defectuoso; o (3) no proporcionar advertencias o instrucciones adecuadas sobre el uso adecuado del producto.<\/p>\n<p>Comprender estas categor\u00edas lo ayudar\u00e1 a determinar si tiene un reclamo v\u00e1lido, as\u00ed como la estrategia a utilizar para presentar su caso y ayudar a su abogado de defectos de productos.<\/p>\n<p>Debe demostrar no solo que el producto estaba defectuoso, sino que el defecto caus\u00f3 su lesi\u00f3n. Los productos defectuosos pueden provocar <a title=\"Austin Serious Personal Injury Attorney\" href=\"https:\/\/austinaccidentlawyer.com\/personal-injury-services\/serious-personal-injury\/\">lesiones graves<\/a> .<\/p>\n<h2>Productos fabricados de forma defectuosa<\/h2>\n<p>Quiz\u00e1s el tipo m\u00e1s obvio de reclamo de responsabilidad por productos es cuando el producto que caus\u00f3 la lesi\u00f3n se fabric\u00f3 de manera defectuosa. Un producto fabricado de manera defectuosa tiene fallas debido a alg\u00fan error en su fabricaci\u00f3n, como un problema en la f\u00e1brica donde se fabric\u00f3. Como resultado, el producto que causa lesiones es de alguna manera diferente de todos los dem\u00e1s en el estante.<\/p>\n<p>Ejemplos de defectos de fabricaci\u00f3n incluyen:<\/p>\n<ul>\n<li><a title=\"Defective Airbag Lawyer\" href=\"https:\/\/austinaccidentlawyer.com\/personal-injury-services\/texas-product-defect-lawyer\/defective-airbag-lawyer\/\">un airbag que no se despliega<\/a><\/li>\n<li>un lote contaminado de jarabe para la tos que contiene una sustancia venenosa, o<\/li>\n<li>una palanca de cambios que se desliza.<\/li>\n<\/ul>\n<p>En cada caso, la lesi\u00f3n debe haber sido causada por el defecto de fabricaci\u00f3n. Por lo tanto, si calcul\u00f3 mal una curva, se sali\u00f3 de la carretera y se lesion\u00f3 mientras viajaba en el ciclomotor con las pastillas de freno faltantes mencionadas anteriormente, solo tendr\u00eda un reclamo por defecto de fabricaci\u00f3n si pudiera demostrar que las pastillas de freno faltantes, no su mala direcci\u00f3n &#8211; caus\u00f3 su accidente.<\/p>\n<h2>Productos de dise\u00f1o defectuoso<\/h2>\n<p>En el segundo tipo de categor\u00eda de responsabilidad del producto, el dise\u00f1o de un producto es intr\u00ednsecamente peligroso o defectuoso. Las afirmaciones de dise\u00f1o defectuoso no surgen de alg\u00fan error o contratiempo en el proceso de fabricaci\u00f3n, sino que implican la afirmaci\u00f3n de que una l\u00ednea completa de productos es intr\u00ednsecamente peligrosa, independientemente del hecho de que el producto que causa las lesiones se fabric\u00f3 perfectamente de acuerdo con las especificaciones del fabricante.<\/p>\n<p>Los ejemplos de un defecto de dise\u00f1o incluyen:<\/p>\n<ul>\n<li>un modelo particular de autom\u00f3vil que tiende a volcarse al doblar una esquina<\/li>\n<li>un interruptor de encendido defectuoso apaga el motor sin previo aviso<\/li>\n<li>una l\u00ednea de mantas el\u00e9ctricas que pueden electrocutar al usuario cuando se enciende alto.<\/li>\n<\/ul>\n<p>Nuevamente, la lesi\u00f3n debe haber sido causada por el dise\u00f1o defectuoso. Si accidentalmente choca contra otro veh\u00edculo mientras conduce uno de los autos propensos a volcarse mencionados anteriormente, solo tendr\u00e1 un reclamo por defecto de dise\u00f1o si pudiera demostrar que choc\u00f3 porque el auto estaba en proceso de volcarse mientras giraba.<\/p>\n<h3>No proporcionar advertencias o instrucciones adecuadas<\/h3>\n<p>El tercer tipo de reclamo por responsabilidad del producto implica la falta de advertencias o instrucciones adecuadas sobre el uso adecuado del producto. Los reclamos por no advertir generalmente involucran un producto que es peligroso de alguna manera que no es obvia para el usuario o que requiere que el usuario ejerza precauciones especiales o diligencia al usarlo.<\/p>\n<p>Los ejemplos de un reclamo por falta de advertencia incluyen:<\/p>\n<ul>\n<li>una tetera el\u00e9ctrica que se empaqueta sin advertencia suficiente sobre su v\u00e1lvula de vapor colocada de manera extra\u00f1a<\/li>\n<li>un jarabe para la tos que no incluye en su etiqueta una advertencia de que puede causar efectos secundarios peligrosos si se toma en combinaci\u00f3n con otro medicamento que se toma com\u00fanmente, como la aspirina, o<\/li>\n<li>un qu\u00edmico corrosivo para quitar pintura que se vende sin las instrucciones adecuadas para un manejo y uso seguros.<\/li>\n<\/ul>\n<p>Nuevamente, la lesi\u00f3n debe ser el resultado de no advertir o instruir adecuadamente. Si se quema mientras usa la nueva tetera mencionada anteriormente, solo tendr\u00e1 un reclamo de no advertencia si se quem\u00f3 debido al vapor que sale inesperadamente de la v\u00e1lvula de vapor colocada de manera extra\u00f1a. Las v\u00edctimas de quemaduras deben ponerse en contacto con un <a href=\"https:\/\/austinaccidentlawyer.com\/practice-areas\/serious-personal-injury\/burn-injury-lawyer\/\">abogado con experiencia en lesiones por quemaduras<\/a> .<\/p>\n<h3>Comparaci\u00f3n de los tres tipos de reclamaciones de responsabilidad por productos<\/h3>\n<p>Las reclamaciones relacionadas con medicamentos farmac\u00e9uticos proporcionan una forma \u00fatil de comparar los tres tipos de reclamaciones por responsabilidad del producto. Si se lesiona porque la botella particular de jarabe para la tos que compr\u00f3 contiene varias gotas de ars\u00e9nico que cayeron por accidente en la f\u00e1brica donde se fabric\u00f3, su reclamo se basar\u00eda en un defecto de fabricaci\u00f3n.<\/p>\n<p>En comparaci\u00f3n, si tomar esa misma marca de jarabe para la tos sin alterar le provoc\u00f3 un ataque card\u00edaco debido a sus ingredientes normales, su afirmaci\u00f3n se basar\u00eda en un defecto de dise\u00f1o.<\/p>\n<p>Por \u00faltimo, si el jarabe para la tos se prepar\u00f3 correctamente y en general es seguro para su uso, pero se lesion\u00f3 porque lo combin\u00f3 con aspirina y la etiqueta no advirti\u00f3 que dicha combinaci\u00f3n es peligrosa, su afirmaci\u00f3n se basar\u00eda en no advertir.<\/p>\n<p>Al comprender estas diferencias, podr\u00e1 identificar mejor su reclamo de responsabilidad por productos y presentar correctamente su caso ante el tribunal. Contrate a un abogado con experiencia en defectos de productos para su caso.<\/p>\n<h2>Contratar a un abogado con experiencia en defectos de productos<\/h2>\n<p>Si ha resultado lesionado por un producto defectuoso, aseg\u00farese de llamarnos o completar el formulario a continuaci\u00f3n.<\/p>\n","protected":false},"excerpt":{"rendered":"<p>Abogado de defectos de producto en Texas Si se lesion\u00f3 o sufri\u00f3 otros da\u00f1os debido a un producto que utiliz\u00f3, es posible que tenga un reclamo de responsabilidad por productos defectuosos y querr\u00e1 comunicarse con un abogado con experiencia en defectos de productos. Aunque la gama de casos de productos defectuosos es amplia, las reclamaciones&#8230;<\/p>\n","protected":false},"author":2,"featured_media":29919,"parent":23652,"menu_order":0,"comment_status":"open","ping_status":"closed","template":"","meta":{"_analytify_skip_tracking":false,"footnotes":""},"tags":[],"class_list":["post-23398","page","type-page","status-publish","has-post-thumbnail","hentry"],"_links":{"self":[{"href":"https:\/\/austinaccidentlawyer.com\/es\/wp-json\/wp\/v2\/pages\/23398","targetHints":{"allow":["GET"]}}],"collection":[{"href":"https:\/\/austinaccidentlawyer.com\/es\/wp-json\/wp\/v2\/pages"}],"about":[{"href":"https:\/\/austinaccidentlawyer.com\/es\/wp-json\/wp\/v2\/types\/page"}],"author":[{"embeddable":true,"href":"https:\/\/austinaccidentlawyer.com\/es\/wp-json\/wp\/v2\/users\/2"}],"replies":[{"embeddable":true,"href":"https:\/\/austinaccidentlawyer.com\/es\/wp-json\/wp\/v2\/comments?post=23398"}],"version-history":[{"count":0,"href":"https:\/\/austinaccidentlawyer.com\/es\/wp-json\/wp\/v2\/pages\/23398\/revisions"}],"up":[{"embeddable":true,"href":"https:\/\/austinaccidentlawyer.com\/es\/wp-json\/wp\/v2\/pages\/23652"}],"wp:featuredmedia":[{"embeddable":true,"href":"https:\/\/austinaccidentlawyer.com\/es\/wp-json\/wp\/v2\/media\/29919"}],"wp:attachment":[{"href":"https:\/\/austinaccidentlawyer.com\/es\/wp-json\/wp\/v2\/media?parent=23398"}],"wp:term":[{"taxonomy":"post_tag","embeddable":true,"href":"https:\/\/austinaccidentlawyer.com\/es\/wp-json\/wp\/v2\/tags?post=23398"}],"curies":[{"name":"wp","href":"https:\/\/api.w.org\/{rel}","templated":true}]}}