{"id":23402,"date":"2024-04-26T09:56:20","date_gmt":"2024-04-26T14:56:20","guid":{"rendered":"http:\/\/3.131.240.186\/abogados-de-danos-en-tejidos-blandos\/sindrome-del-tunel-carpiano\/"},"modified":"2025-06-13T14:37:10","modified_gmt":"2025-06-13T19:37:10","slug":"sindrome-del-tunel-carpiano","status":"publish","type":"page","link":"https:\/\/austinaccidentlawyer.com\/es\/austin-serious-personal-injury-attorney\/sindrome-del-tunel-carpiano\/","title":{"rendered":"Lesi\u00f3n del t\u00fanel carpiano"},"content":{"rendered":"\n<h1 class=\"wp-block-heading\">Abogado de accidentes por s\u00edndrome del t\u00fanel carpiano en Texas &#8211; Traub Law Office<\/h1>\n\n<p>El s\u00edndrome del t\u00fanel carpiano causa dolor, hormigueo y entumecimiento en la mano debido a la presi\u00f3n sobre el nervio mediano en la mu\u00f1eca. El impacto de los accidentes automovil\u00edsticos puede causar o agravar el s\u00edndrome del t\u00fanel carpiano (STC), lo que puede provocar un traumatismo en la mu\u00f1eca. Es recomendable consultar con un abogado especializado en lesiones personales para el s\u00edndrome del t\u00fanel carpiano en Texas para comprender sus derechos legales y las opciones para presentar una demanda. Una persona podr\u00eda tener derecho a una indemnizaci\u00f3n por sus lesiones, incluyendo los gastos m\u00e9dicos relacionados con el diagn\u00f3stico y el tratamiento del s\u00edndrome del t\u00fanel carpiano en Texas, si el accidente automovil\u00edstico se debi\u00f3 a la negligencia de otra persona.  <\/p>\n\n<p>Los abogados especializados en s\u00edndrome del t\u00fanel carpiano en Texas se especializan en representar a personas que han desarrollado esta afecci\u00f3n debido a factores laborales, como movimientos repetitivos o problemas ergon\u00f3micos. Su funci\u00f3n en casos de s\u00edndrome del t\u00fanel carpiano en Texas es evaluar las circunstancias que rodean el desarrollo del s\u00edndrome, recopilar pruebas para respaldar las reclamaciones de sus clientes y emprender acciones legales contra empleadores u otras partes responsables para obtener una indemnizaci\u00f3n. <\/p>\n\n<figure class=\"wp-block-video\"><video height=\"720\" style=\"aspect-ratio: 1280 \/ 720;\" width=\"1280\" controls=\"\" poster=\"https:\/\/austinaccidentlawyer.com\/wp-content\/uploads\/2023\/10\/injury.jpg\" src=\"https:\/\/austinaccidentlawyer.com\/wp-content\/uploads\/2021\/12\/carpal-tunnel-syndrome.mp4\"><\/video><\/figure>\n\n<p><a href=\"https:\/\/www.niams.nih.gov\/health-topics\/carpal-tunnel-syndrome\">El s\u00edndrome del t\u00fanel carpiano<\/a> se produce cuando el nervio mediano, que va desde el antebrazo hasta la palma, queda presionado o apretujado en la mu\u00f1eca. El t\u00fanel carpiano, que alberga el nervio mediano y los tendones, es un conducto estrecho y r\u00edgido de ligamentos y tendones en la base de la mano. El engrosamiento de los tendones irritados u otra inflamaci\u00f3n estrecha el t\u00fanel y hace que el nervio mediano se comprima. Esto puede manifestarse como dolor, debilidad o entumecimiento en la mano y la mu\u00f1eca. Tambi\u00e9n puede irradiar hacia arriba del brazo.<\/p>\n\n<p>Seg\u00fan el Dr. Elliot L. Ames, los<a href=\"https:\/\/austinaccidentlawyer.com\/es\/abogados-de-accidentes-automovilisticos-en-austin\/\"> accidentes automovil\u00edsticos<\/a> pueden causar el s\u00edndrome del t\u00fanel carpiano inducido por trauma. Ames es profesor cl\u00ednico adjunto de cirug\u00eda en la Divisi\u00f3n de Cirug\u00eda Ortop\u00e9dica de la Facultad de Medicina Osteop\u00e1tica de Stratford, Nueva Jersey. Si cree que el accidente se debi\u00f3 a la negligencia de alguien, consultar con un abogado especializado en s\u00edndrome del t\u00fanel carpiano en Texas puede ser beneficioso. Los abogados especializados en s\u00edndrome del t\u00fanel carpiano en Texas pueden investigar su accidente y recopilar toda la documentaci\u00f3n pertinente, incluyendo testimonios de testigos, informes policiales, historiales m\u00e9dicos y otras pruebas. Tambi\u00e9n pueden ofrecer consultas iniciales gratuitas, para que pueda hablar sobre su caso sin ning\u00fan compromiso financiero inicial.    <\/p>\n\n<figure class=\"wp-block-image aligncenter size-full\"><img decoding=\"async\" width=\"360\" height=\"450\" src=\"https:\/\/austinaccidentlawyer.com\/wp-content\/uploads\/2024\/03\/image.png\" alt=\"S&#xED;ndrome del t&#xFA;nel carpiano en Texas\" class=\"wp-image-28799\" srcset=\"https:\/\/austinaccidentlawyer.com\/wp-content\/uploads\/2024\/03\/image.png 360w, https:\/\/austinaccidentlawyer.com\/wp-content\/uploads\/2024\/03\/image-240x300.png 240w\" sizes=\"(max-width: 360px) 100vw, 360px\" \/><\/figure>\n\n<p>La lesi\u00f3n puede ocurrir al apoyar la mano sobre el volante en una colisi\u00f3n frontal o trasera. La base del pulgar puede lesionarse con el volante, ya que el t\u00fanel carpiano se encuentra cerca de la base del pulgar.  Es razonable determinar que el t\u00fanel carpiano sufre un traumatismo contundente durante el impacto.<\/p>\n\n<p>Es posible que los s\u00edntomas no se presenten inmediatamente despu\u00e9s del accidente. En un estudio publicado por Gregory Mack MD, Scott McPherson MD y Bruce Lutz MD, los s\u00edntomas del s\u00edndrome del t\u00fanel carpiano se desarrollaron en 96 pacientes dentro de los 2 meses o m\u00e1s tarde despu\u00e9s de un accidente automovil\u00edstico.<\/p>\n\n<p>El s\u00edndrome del t\u00fanel carpiano se puede diagnosticar con dos pruebas diferentes. La primera prueba es la prueba de Tinel , en la que el m\u00e9dico golpea o presiona el nervio mediano en la mu\u00f1eca del paciente. Si hay hormigueo en los dedos o una sensaci\u00f3n similar a una descarga el\u00e9ctrica, la prueba es positiva.<\/p>\n\n<p>La segunda prueba es la prueba de flexi\u00f3n de mu\u00f1eca o Phalen . Esto implica que el paciente mantenga erguidos los antebrazos apuntando con los dedos hacia abajo y presionando el dorso de las manos. El s\u00edndrome del t\u00fanel carpiano est\u00e1 presente si uno o m\u00e1s de los s\u00edntomas, como hormigueo y entumecimiento, se presentan en los dedos en un minuto.<\/p>\n\n<p>El diagn\u00f3stico se puede confirmar con el uso de una prueba de electrodiagn\u00f3stico o un estudio de conducci\u00f3n nerviosa donde se colocan los electrodos en la mano y la mu\u00f1eca. Se aplican peque\u00f1as descargas el\u00e9ctricas y se mide la velocidad con la que el nervio transmite los impulsos. La electromiograf\u00eda consiste en insertar una aguja fina en un m\u00fasculo.  La actividad el\u00e9ctrica visualizada en una pantalla puede determinar la gravedad del da\u00f1o al nervio mediano. Las im\u00e1genes de ultrasonido tambi\u00e9n pueden mostrar un movimiento alterado del nervio mediano.<\/p>\n\n<p>Si tiene dolor, hormigueo y entumecimiento en la mu\u00f1eca o el brazo, busque atenci\u00f3n m\u00e9dica de inmediato . Si le dicen que es su espalda o cuello lo que causa este dolor, debe buscar una segunda opini\u00f3n . Puede que no sea su espalda, pero es posible que tenga el s\u00edndrome del t\u00fanel carpiano causado por un accidente automovil\u00edstico reciente.<\/p>\n\n<h2 class=\"wp-block-heading\">Contacte a un abogado de accidentes en Austin para el s\u00edndrome del t\u00fanel carpiano en Texas<\/h2>\n\n<p>Si est\u00e1 experimentando el s\u00edndrome del t\u00fanel carpiano en TX como resultado de un accidente automovil\u00edstico o un<a href=\"https:\/\/austinaccidentlawyer.com\/practice-areas\/slip-and-fall-injury-lawyers\/\"> resbal\u00f3n y ca\u00edda<\/a>, cont\u00e1ctenos al (512) 246-9191 o complete el <a href=\"#contact\" rel=\"nofollow\">formulario de contacto<\/a>.<\/p>\n","protected":false},"excerpt":{"rendered":"<p>Abogado de accidentes por s\u00edndrome del t\u00fanel carpiano en Texas &#8211; Traub Law Office El s\u00edndrome del t\u00fanel carpiano causa dolor, hormigueo y entumecimiento en la mano debido a la presi\u00f3n sobre el nervio mediano en la mu\u00f1eca. El impacto de los accidentes automovil\u00edsticos puede causar o agravar el s\u00edndrome del t\u00fanel carpiano (STC), lo&#8230;<\/p>\n","protected":false},"author":2,"featured_media":0,"parent":23429,"menu_order":0,"comment_status":"open","ping_status":"closed","template":"","meta":{"_analytify_skip_tracking":false,"footnotes":""},"tags":[],"class_list":[],"_links":{"self":[{"href":"https:\/\/austinaccidentlawyer.com\/es\/wp-json\/wp\/v2\/pages\/23402","targetHints":{"allow":["GET"]}}],"collection":[{"href":"https:\/\/austinaccidentlawyer.com\/es\/wp-json\/wp\/v2\/pages"}],"about":[{"href":"https:\/\/austinaccidentlawyer.com\/es\/wp-json\/wp\/v2\/types\/page"}],"author":[{"embeddable":true,"href":"https:\/\/austinaccidentlawyer.com\/es\/wp-json\/wp\/v2\/users\/2"}],"replies":[{"embeddable":true,"href":"https:\/\/austinaccidentlawyer.com\/es\/wp-json\/wp\/v2\/comments?post=23402"}],"version-history":[{"count":0,"href":"https:\/\/austinaccidentlawyer.com\/es\/wp-json\/wp\/v2\/pages\/23402\/revisions"}],"up":[{"embeddable":true,"href":"https:\/\/austinaccidentlawyer.com\/es\/wp-json\/wp\/v2\/pages\/23429"}],"wp:attachment":[{"href":"https:\/\/austinaccidentlawyer.com\/es\/wp-json\/wp\/v2\/media?parent=23402"}],"wp:term":[{"taxonomy":"post_tag","embeddable":true,"href":"https:\/\/austinaccidentlawyer.com\/es\/wp-json\/wp\/v2\/tags?post=23402"}],"curies":[{"name":"wp","href":"https:\/\/api.w.org\/{rel}","templated":true}]}}