{"id":23406,"date":"2021-12-22T17:22:40","date_gmt":"2021-12-22T17:22:40","guid":{"rendered":"http:\/\/3.131.240.186\/abogados-de-austin-en-lesiones-de-la-medula-espinal\/"},"modified":"2026-02-19T01:48:30","modified_gmt":"2026-02-19T06:48:30","slug":"abogados-de-austin-en-lesiones-de-la-medula-espinal","status":"publish","type":"page","link":"https:\/\/austinaccidentlawyer.com\/es\/abogados-de-austin-en-lesiones-de-la-medula-espinal\/","title":{"rendered":"Lesiones de la m\u00e9dula espinal"},"content":{"rendered":"\n<h1 class=\"wp-block-heading\">Sus aliados en la recuperaci\u00f3n: Abogados de lesiones de la m\u00e9dula espinal en Austin<\/h1>\n\n<p>Las lesiones de m\u00e9dula espinal, a menudo causadas por accidentes automovil\u00edsticos, plantean desaf\u00edos importantes y pueden provocar discapacidades permanentes, como la par\u00e1lisis. Estas lesiones no solo afectan la movilidad, sino que tambi\u00e9n interrumpen la transmisi\u00f3n de se\u00f1ales vitales entre el cerebro y otras partes del cuerpo. Si ha sufrido lesiones de m\u00e9dula espinal debido a las acciones de otra persona, es fundamental buscar un recurso legal. Colaborar con los abogados expertos en lesiones de m\u00e9dula espinal de Austin del Bufete Traub puede ser fundamental para obtener la compensaci\u00f3n que le corresponde por sus da\u00f1os y p\u00e9rdidas.   <\/p>\n\n<figure class=\"wp-block-image\"><img decoding=\"async\" width=\"1200\" height=\"808\" src=\"https:\/\/austinaccidentlawyer.com\/wp-content\/uploads\/2024\/08\/accident-injuries_spinal-cord-injury-lawyers.webp\" alt=\"Abogados de lesiones de la m&#xE9;dula espinal de Austin que ayudan a los clientes con reclamos por lesiones de la m&#xE9;dula espinal.\" class=\"wp-image-30096\" srcset=\"https:\/\/austinaccidentlawyer.com\/wp-content\/uploads\/2024\/08\/accident-injuries_spinal-cord-injury-lawyers.webp 1200w, https:\/\/austinaccidentlawyer.com\/wp-content\/uploads\/2024\/08\/accident-injuries_spinal-cord-injury-lawyers-300x202.webp 300w, https:\/\/austinaccidentlawyer.com\/wp-content\/uploads\/2024\/08\/accident-injuries_spinal-cord-injury-lawyers-1024x689.webp 1024w, https:\/\/austinaccidentlawyer.com\/wp-content\/uploads\/2024\/08\/accident-injuries_spinal-cord-injury-lawyers-768x517.webp 768w\" sizes=\"(max-width: 1200px) 100vw, 1200px\" \/><\/figure>\n\n<p>Una de las consecuencias m\u00e1s graves de las <a title=\"Austin Serious Personal Injury Attorney\" href=\"https:\/\/austinaccidentlawyer.com\/personal-injury-services\/serious-personal-injury\/\">lesiones traum\u00e1ticas son<\/a> las lesiones de la m\u00e9dula espinal. Estas lesiones generalmente resultan en la p\u00e9rdida de movilidad y pueden causar discapacidades f\u00edsicas permanentes, sin mencionar <a href=\"https:\/\/austinaccidentlawyer.com\/practice-areas\/emotional-injury\/\">las emocionales<\/a> . Las lesiones de la m\u00e9dula espinal disminuyen la calidad de vida a trav\u00e9s del dolor cr\u00f3nico y la p\u00e9rdida de movimiento. <a href=\"https:\/\/austinaccidentlawyer.com\/practice-areas\/soft-tissue-damage-attorneys\/\">Las lesiones menores<\/a> afectan la vida diaria y <a href=\"https:\/\/austinaccidentlawyer.com\/practice-areas\/serious-personal-injury\/\">las lesiones mayores<\/a> pueden causar par\u00e1lisis o incluso la <a href=\"https:\/\/austinaccidentlawyer.com\/practice-areas\/wrongful-death-attorney\/\">muerte<\/a> .<\/p>\n\n<p>Las lesiones de la m\u00e9dula espinal se presentan en diferentes niveles, incluida <a href=\"https:\/\/austinaccidentlawyer.com\/practice-areas\/austin-personal-injury-attorney-lawyer\/paraplegia-injury-attorney\/\" data-type=\"page\" data-id=\"1733\">la paraplej\u00eda (par\u00e1lisis parcial) y la cuadriplej\u00eda (par\u00e1lisis total)<\/a> .<\/p>\n\n<p>Seg\u00fan la Organizaci\u00f3n Mundial de la Salud (OMS), las lesiones traum\u00e1ticas de la m\u00e9dula espinal afectan a aproximadamente entre 250.000 y 500.000 personas en todo el mundo cada a\u00f1o. En Estados Unidos, el <a href=\"https:\/\/www.nscisc.uab.edu\/\">Centro Nacional de Estad\u00edsticas de Lesiones de la M\u00e9dula Espinal<\/a> informa que se producen aproximadamente 17.700 nuevos casos de lesiones de la m\u00e9dula espinal cada a\u00f1o. Estas lesiones afectan a personas de todas las edades, siendo los hombres m\u00e1s propensos a sufrirlas que las mujeres.  <\/p>\n\n<h2 class=\"wp-block-heading\">Efectos de la lesi\u00f3n de la m\u00e9dula espinal<\/h2>\n\n<p>Las lesiones medulares resultantes de un traumatismo pueden tener diversos efectos, dependiendo de la gravedad de la lesi\u00f3n y su ubicaci\u00f3n en la m\u00e9dula espinal, un conducto crucial para la transmisi\u00f3n de se\u00f1ales entre el cerebro y el cuerpo. Las lesiones en la regi\u00f3n cervical suelen provocar cuadriplejia, que implica par\u00e1lisis de brazos, piernas y torso, lo que requiere asistencia extensa para las tareas cotidianas. Por el contrario, las lesiones en las regiones tor\u00e1cica o lumbar suelen provocar paraplejia, que afecta la parte inferior del cuerpo, y las personas a menudo conservan cierta independencia, pero requieren ayuda para la movilidad y ciertas actividades de cuidado personal.   <\/p>\n\n<p>M\u00e1s all\u00e1 de las limitaciones f\u00edsicas, las lesiones de columna pueden provocar problemas respiratorios, disfunci\u00f3n vesical y problemas psicol\u00f3gicos como depresi\u00f3n y ansiedad, lo que altera profundamente la vida de la v\u00edctima. Adem\u00e1s, estas lesiones suelen requerir atenci\u00f3n m\u00e9dica continua, cambios en el estilo de vida y tratamientos potencialmente costosos como la neuroestimulaci\u00f3n o la fusi\u00f3n \u00f3sea, lo que subraya las repercusiones a largo plazo en el bienestar y el funcionamiento diario de la persona. <\/p>\n<div style=\"--video-image:url(&#039;https:\/\/austinaccidentlawyer.com\/wp-content\/uploads\/2017\/09\/spinal-arthritis-5.jpg&#039;);\" class=\"video-popup\"><a href=\"https:\/\/youtu.be\/c40jHv8xakE\"> <div class=\"play-button-container\">\n            <div class=\"play-button\">\n                <svg>\n                    <title>\n                        Play Button                    <\/title>\n                    <polygon points=\"10 33 10 1 34 17\">\n                        Play Video                    <\/polygon>\n                <\/svg>\n            <\/div>\n        <\/div> <\/a>\n<\/div>\n\n<h3 class=\"wp-block-heading\">Costos de cuidar las lesiones de la m\u00e9dula espinal<\/h3>\n\n<p>Los abogados especializados en lesiones medulares de Austin ofrecen apoyo integral m\u00e1s all\u00e1 de los litigios. Son miembros esenciales de la comunidad especializada en lesiones medulares, con amplios contactos y experiencia en este campo. Un abogado especializado en lesiones medulares de Austin puede proporcionar valiosas referencias a profesionales m\u00e9dicos destacados, facilitar la conexi\u00f3n con otros sobrevivientes de LME, sugerir redes de apoyo relevantes y brindar informaci\u00f3n valiosa sobre los desaf\u00edos y las oportunidades que ofrece la vida despu\u00e9s de una lesi\u00f3n medular.  <\/p>\n\n<p>Es posible que se necesiten especialistas, como planificadores de cuidados de la vida, para calcular los costos a largo plazo de su atenci\u00f3n y <a href=\"https:\/\/austinaccidentlawyer.com\/es\/salarios-perdidos-debido-a-una-lesion\/\">los salarios perdidos futuros<\/a> si ha sufrido este tipo de lesi\u00f3n.<\/p>\n\n<p>Es necesaria una atenci\u00f3n m\u00e9dica extensa para la recuperaci\u00f3n, aunque es posible que no sea posible una recuperaci\u00f3n completa. Los tratamientos para las lesiones de la m\u00e9dula espinal pueden ser muy costosos y, en algunos casos, es posible que la v\u00edctima no pueda regresar a su trabajo. Una gran preocupaci\u00f3n para muchas v\u00edctimas es pagar la atenci\u00f3n m\u00e9dica futura. Como resultado, es fundamental contratar abogados con experiencia en lesiones de la m\u00e9dula espinal en Austin.<\/p>\n\n<p>Los resultados del tratamiento de las lesiones medulares por trauma pueden variar considerablemente seg\u00fan la gravedad y la ubicaci\u00f3n de la lesi\u00f3n. Seg\u00fan el Centro Nacional de Estad\u00edsticas de Lesiones de la M\u00e9dula Espinal, las siguientes estad\u00edsticas se aplican a las personas con lesiones medulares en Estados Unidos: <\/p>\n\n<ul class=\"wp-block-list\">\n<li>La edad media en el momento de la lesi\u00f3n es de 43 a\u00f1os.<\/li>\n\n\n\n<li>La duraci\u00f3n media de la estancia hospitalaria es de 36 d\u00edas, mientras que la estancia media de rehabilitaci\u00f3n es de 31 d\u00edas.<\/li>\n\n\n\n<li>Los gastos anuales para las personas con lesiones de la m\u00e9dula espinal var\u00edan entre $365,000 y $1.3 millones, dependiendo de la gravedad de la lesi\u00f3n.<\/li>\n\n\n\n<li>Alrededor del 80% de las lesiones de la m\u00e9dula espinal se consideran incompletas, con alguna funci\u00f3n sensorial o motora retenida por debajo del nivel de la lesi\u00f3n.<\/li>\n\n\n\n<li>Aproximadamente el 80% de las personas con lesiones incompletas pueden caminar despu\u00e9s de la rehabilitaci\u00f3n, en comparaci\u00f3n con solo alrededor del 7% con lesiones completas.<\/li>\n\n\n\n<li>Incluso aquellos con lesiones incompletas pueden enfrentar limitaciones en las actividades diarias, y solo alrededor del 44% de los individuos con lesiones cervicales incompletas y el 66% con lesiones tor\u00e1cicas incompletas realizan todas las actividades de forma independiente.<\/li>\n\n\n\n<li>El nivel de lesi\u00f3n afecta los resultados; las lesiones de nivel superior pueden requerir asistencia respiratoria o provocar afecciones como disreflexia auton\u00f3mica.<\/li>\n\n\n\n<li>Los costos de atenci\u00f3n de por vida para las lesiones de la m\u00e9dula espinal var\u00edan entre $1,6 millones y $4,7 millones, considerando el tratamiento, las modificaciones en el hogar y la atenci\u00f3n m\u00e9dica continua.<\/li>\n\n\n\n<li>A pesar de los desaf\u00edos, las personas con lesiones de la m\u00e9dula espinal pueden llevar una vida plena con la atenci\u00f3n, la rehabilitaci\u00f3n y el apoyo adecuados, participando en carreras profesionales, deportes y actividades sociales.<\/li>\n<\/ul>\n\n<h3 class=\"wp-block-heading\">Casos manejados por nuestros abogados de lesiones de la m\u00e9dula espinal en Austin<\/h3>\n\n<ul class=\"wp-block-list\">\n<li><a href=\"https:\/\/austinaccidentlawyer.com\/practice-areas\/austin-personal-injury-attorney-lawyer\/austin-back-injury-lawyers\/\" data-type=\"page\" data-id=\"1345\">Lesiones de Espalda<\/a><\/li>\n\n\n\n<li><a href=\"https:\/\/austinaccidentlawyer.com\/practice-areas\/neck-injuries\/\" data-type=\"page\" data-id=\"3727\">Lesiones en el Cuello<\/a><\/li>\n\n\n\n<li><a href=\"https:\/\/austinaccidentlawyer.com\/practice-areas\/austin-shoulder-injury-lawyer\/\" data-type=\"page\" data-id=\"1724\">Lesiones en el Hombro<\/a><\/li>\n\n\n\n<li><a href=\"https:\/\/austinaccidentlawyer.com\/practice-areas\/austin-personal-injury-attorney-lawyer\/radiating-pain\/\" data-type=\"page\" data-id=\"3597\">Injuries causing radiating pain<\/a><\/li>\n\n\n\n<li><a href=\"https:\/\/austinaccidentlawyer.com\/practice-areas\/austin-personal-injury-attorney-lawyer\/paraplegia-injury-attorney\/\" data-type=\"page\" data-id=\"1733\">Lesiones de Paraplej\u00eda<\/a><\/li>\n\n\n\n<li><a href=\"https:\/\/austinaccidentlawyer.com\/practice-areas\/soft-tissue-damage-attorneys\/\" data-type=\"page\" data-id=\"1513\">Lesiones de tejidos blandos<\/a><\/li>\n\n\n\n<li><a href=\"https:\/\/austinaccidentlawyer.com\/practice-areas\/neck-injuries\/herniated-disk\/\" data-type=\"page\" data-id=\"7727\">Discos herniados o rotos<\/a><\/li>\n<\/ul>\n\n<h3 class=\"wp-block-heading\"><strong>Acuerdo vs. juicio: Diferencias clave<\/strong><\/h3>\n\n<p>Cuando se trata de un reclamo por lesi\u00f3n de la m\u00e9dula espinal, es posible que tenga que elegir entre llegar a un acuerdo o ir a juicio.<\/p>\n\n<p><strong>Los acuerdos <\/strong>son m\u00e1s r\u00e1pidos, menos estresantes y evitan los tribunales al acordar una compensaci\u00f3n con la otra parte o la aseguradora. Pueden cubrir sus gastos m\u00e9dicos, p\u00e9rdida de ingresos y necesidades futuras. <\/p>\n\n<p><strong>Los juicios<\/strong> se llevan a cabo si no se llega a un acuerdo justo. Si bien pueden resultar en indemnizaciones m\u00e1s altas, son m\u00e1s largos, m\u00e1s costosos y conllevan resultados inciertos. <\/p>\n\n<p>Un abogado con experiencia en lesiones de la m\u00e9dula espinal de Austin puede ayudarlo a decidir el mejor camino a seguir.<\/p>\n\n<h2 class=\"wp-block-heading\">Necesita un abogado con experiencia en lesiones de la m\u00e9dula espinal en Austin? Podemos ayudar.<\/h2>\n\n<p>En Texas, normalmente tienes dos a\u00f1os a partir de la fecha de la lesi\u00f3n para presentar una demanda.<\/p>\n\n<p>Si est\u00e1 involucrada una entidad gubernamental, los plazos pueden ser mucho m\u00e1s cortos. Dado que el tiempo es crucial, consulte con un abogado cuanto antes para proteger su derecho a una indemnizaci\u00f3n. <\/p>\n\n<p>Si usted o un ser querido ha sufrido una lesi\u00f3n de la m\u00e9dula espinal en Austin, comun\u00edquese con nuestros abogados con experiencia en lesiones de la m\u00e9dula espinal en Austin para analizar sus derechos legales y recuperar la compensaci\u00f3n monetaria que necesita y merece. Entendemos lo que necesita tanto ahora como en el futuro. Cuanto antes nos llame, antes podremos empezar a ayudarlo. Llama al (512) 246-9191 o <a href=\"#contact\">completa el formulario.<\/a><\/p>\n\n<h3 class=\"wp-block-heading\"><strong>C\u00f3mo investiga un abogado un caso de lesi\u00f3n de la m\u00e9dula espinal<\/strong><\/h3>\n\n<p>Un abogado experto construye cuidadosamente su caso recopilando pruebas como informes policiales, historiales m\u00e9dicos y fotograf\u00edas, adem\u00e1s de entrevistar a testigos. A menudo consultan a expertos, como m\u00e9dicos y especialistas en reconstrucci\u00f3n de accidentes, para analizar lo sucedido e identificar a los responsables. Esta investigaci\u00f3n exhaustiva fortalece su reclamaci\u00f3n y aumenta sus posibilidades de obtener una indemnizaci\u00f3n justa.  <\/p>\n\n<h3 class=\"wp-block-heading\"><strong>C\u00f3mo la ley de Texas protege a las v\u00edctimas de lesiones de la m\u00e9dula espinal<\/strong><\/h3>\n\n<p>La ley de Texas permite a las v\u00edctimas de lesiones de m\u00e9dula espinal causadas por negligencia reclamar una indemnizaci\u00f3n por gastos m\u00e9dicos, p\u00e9rdida de ingresos, reducci\u00f3n de la capacidad de generar ingresos, dolor y sufrimiento, y cuidados a largo plazo. Dado que el proceso legal es complejo, trabajar con un abogado con experiencia en lesiones de m\u00e9dula espinal en Austin le ayudar\u00e1 a proteger sus derechos y le garantizar\u00e1 la m\u00e1xima indemnizaci\u00f3n. <\/p>\n\n<p><strong>\u00bfQu\u00e9 documentaci\u00f3n se necesita para una reclamaci\u00f3n por lesi\u00f3n de la m\u00e9dula espinal?<\/strong><br\/>Las reclamaciones s\u00f3lidas se basan en documentaci\u00f3n exhaustiva, que incluye historiales m\u00e9dicos, evaluaciones de especialistas y planes de cuidados para futuras necesidades. Los recibos de sueldo y los registros de impuestos establecen los salarios perdidos, mientras que los diarios y las declaraciones de testigos muestran el impacto diario de su lesi\u00f3n. Los informes policiales, la correspondencia con la aseguradora y los dict\u00e1menes periciales respaldan a\u00fan m\u00e1s su caso. Con estas pruebas, su abogado puede presentar el alcance completo de sus p\u00e9rdidas y luchar por la compensaci\u00f3n que merece.   <\/p>\n\n<h2 class=\"wp-block-heading\">Conclusi\u00f3n<\/h2>\n\n<p>Nuestro equipo de abogados especializados en lesiones de m\u00e9dula espinal en Austin, en la Oficina Traub, cuenta con una trayectoria comprobada representando con \u00e9xito a clientes que han sufrido diversos tipos de lesiones de m\u00e9dula espinal. Desde accidentes automovil\u00edsticos hasta incidentes laborales, hemos ayudado a personas a comprender las complejidades del derecho de lesiones personales para obtener la compensaci\u00f3n que merecen.  <\/p>\n\n<p>El compromiso de los abogados especializados en lesiones de m\u00e9dula espinal de Austin con brindar asesoramiento legal compasivo y experto garantiza que cada cliente reciba atenci\u00f3n personalizada y defensa adaptada a sus circunstancias particulares. Si usted o un ser querido ha sufrido una lesi\u00f3n de m\u00e9dula espinal debido a la negligencia de otra persona, no dude en contactar a nuestro equipo de expertos para obtener apoyo y representaci\u00f3n legal integral. <\/p>\n","protected":false},"excerpt":{"rendered":"<p>Sus aliados en la recuperaci\u00f3n: Abogados de lesiones de la m\u00e9dula espinal en Austin Las lesiones de m\u00e9dula espinal, a menudo causadas por accidentes automovil\u00edsticos, plantean desaf\u00edos importantes y pueden provocar discapacidades permanentes, como la par\u00e1lisis. Estas lesiones no solo afectan la movilidad, sino que tambi\u00e9n interrumpen la transmisi\u00f3n de se\u00f1ales vitales entre el cerebro&#8230;<\/p>\n","protected":false},"author":2,"featured_media":30097,"parent":0,"menu_order":0,"comment_status":"open","ping_status":"closed","template":"","meta":{"_analytify_skip_tracking":false,"footnotes":""},"tags":[],"class_list":[],"_links":{"self":[{"href":"https:\/\/austinaccidentlawyer.com\/es\/wp-json\/wp\/v2\/pages\/23406","targetHints":{"allow":["GET"]}}],"collection":[{"href":"https:\/\/austinaccidentlawyer.com\/es\/wp-json\/wp\/v2\/pages"}],"about":[{"href":"https:\/\/austinaccidentlawyer.com\/es\/wp-json\/wp\/v2\/types\/page"}],"author":[{"embeddable":true,"href":"https:\/\/austinaccidentlawyer.com\/es\/wp-json\/wp\/v2\/users\/2"}],"replies":[{"embeddable":true,"href":"https:\/\/austinaccidentlawyer.com\/es\/wp-json\/wp\/v2\/comments?post=23406"}],"version-history":[{"count":0,"href":"https:\/\/austinaccidentlawyer.com\/es\/wp-json\/wp\/v2\/pages\/23406\/revisions"}],"wp:featuredmedia":[{"embeddable":true,"href":"https:\/\/austinaccidentlawyer.com\/es\/wp-json\/wp\/v2\/media\/30097"}],"wp:attachment":[{"href":"https:\/\/austinaccidentlawyer.com\/es\/wp-json\/wp\/v2\/media?parent=23406"}],"wp:term":[{"taxonomy":"post_tag","embeddable":true,"href":"https:\/\/austinaccidentlawyer.com\/es\/wp-json\/wp\/v2\/tags?post=23406"}],"curies":[{"name":"wp","href":"https:\/\/api.w.org\/{rel}","templated":true}]}}