{"id":23408,"date":"2021-12-22T17:22:40","date_gmt":"2021-12-22T17:22:40","guid":{"rendered":"http:\/\/3.131.240.186\/abogados-de-lesiones-de-espalda-en-austin\/"},"modified":"2026-02-23T01:27:33","modified_gmt":"2026-02-23T06:27:33","slug":"abogados-de-lesiones-de-espalda-en-austin","status":"publish","type":"page","link":"https:\/\/austinaccidentlawyer.com\/es\/lesiones-por-accidentes\/abogados-de-austin-en-lesiones-de-la-medula-espinal\/abogados-de-lesiones-de-espalda-en-austin\/","title":{"rendered":"Austin Back Injury Lawyers"},"content":{"rendered":"<h1>Austin Back Injury Lawyers<\/h1>\n<div style=\"width: 1280px;\" class=\"wp-video\"><video class=\"wp-video-shortcode\" id=\"video-23408-1\" width=\"1280\" height=\"720\" preload=\"metadata\" controls=\"controls\"><source type=\"video\/mp4\" src=\"https:\/\/austinaccidentlawyer.com\/wp-content\/uploads\/2021\/12\/back-injury-video.mp4?_=1\" \/><a href=\"https:\/\/austinaccidentlawyer.com\/wp-content\/uploads\/2021\/12\/back-injury-video.mp4\">https:\/\/austinaccidentlawyer.com\/wp-content\/uploads\/2021\/12\/back-injury-video.mp4<\/a><\/video><\/div>\n<p>Una lesi\u00f3n en la espalda puede ser una <a title=\"Austin Serious Personal Injury Attorney\" href=\"https:\/\/austinaccidentlawyer.com\/personal-injury-services\/serious-personal-injury\/\">lesi\u00f3n personal grave<\/a> que cambia la vida y que eventualmente conduce a un dolor cr\u00f3nico. Las lesiones de la <a href=\"https:\/\/austinaccidentlawyer.com\/practice-areas\/serious-personal-injury\/austin-spinal-cord-injury-lawyers\/\">m\u00e9dula espinal<\/a> generalmente ocurren en los m\u00fasculos y tendones del \u00e1rea de la columna vertebral, generalmente en las regiones <a href=\"https:\/\/austinaccidentlawyer.com\/practice-areas\/neck-injuries\/\">cervical<\/a> , tor\u00e1cica y lumbar, pero pueden incluir lesiones en el sacro y la cadera. Contrate <a href=\"https:\/\/austinaccidentlawyer.com\/practice-areas\/serious-personal-injury\/austin-back-injury-lawyers\/\">abogados con experiencia en lesiones de espalda<\/a> que puedan recomendar buenos m\u00e9dicos para su espalda, ayudarlo a obtener tratamiento si no tiene seguro m\u00e9dico y recuperar una compensaci\u00f3n completa y justa por sus lesiones.<\/p>\n<p>Una lesi\u00f3n en la espalda es m\u00e1s grave cuando la espalda se lesiona por un traumatismo, como un <a href=\"https:\/\/austinaccidentlawyer.com\/practice-areas\/serious-personal-injury\/austin-back-injury-lawyers\/back-injury-from-a-car-accident\/\">accidente automovil\u00edstico<\/a> o una <a href=\"https:\/\/austinaccidentlawyer.com\/practice-areas\/slip-and-fall-injury-lawyers\/\">ca\u00edda repentina<\/a> .<\/p>\n<p>Los s\u00edntomas de las lesiones de espalda incluyen <a href=\"https:\/\/austinaccidentlawyer.com\/radiating-pain\/\">dolor irradiado<\/a> , debilidad muscular, falta de coordinaci\u00f3n muscular e incluso <a href=\"https:\/\/austinaccidentlawyer.com\/practice-areas\/neck-injuries\/herniated-disk\/\">entumecimiento u hormigueo<\/a> en las manos y los pies. Los abogados de lesiones de espalda de Austin pueden ayudarlo a obtener el tratamiento m\u00e9dico correcto si su dolor de espalda fue causado por el descuido de otra persona.<\/p>\n<p><img decoding=\"async\" class=\"aligncenter wp-image-23111 size-large\" src=\"https:\/\/austinaccidentlawyer.com\/wp-content\/uploads\/2013\/06\/bigstockphoto_Backache_-_Burn_1073939-1-2-1024x809.jpg\" alt=\"imagen de abogados de lesiones de espalda de Austin\" width=\"1024\" height=\"809\" srcset=\"https:\/\/austinaccidentlawyer.com\/wp-content\/uploads\/2013\/06\/bigstockphoto_Backache_-_Burn_1073939-1-2-1024x809.jpg 1024w, https:\/\/austinaccidentlawyer.com\/wp-content\/uploads\/2013\/06\/bigstockphoto_Backache_-_Burn_1073939-1-2-300x237.jpg 300w, https:\/\/austinaccidentlawyer.com\/wp-content\/uploads\/2013\/06\/bigstockphoto_Backache_-_Burn_1073939-1-2-768x607.jpg 768w, https:\/\/austinaccidentlawyer.com\/wp-content\/uploads\/2013\/06\/bigstockphoto_Backache_-_Burn_1073939-1-2-1080x853.jpg 1080w, https:\/\/austinaccidentlawyer.com\/wp-content\/uploads\/2013\/06\/bigstockphoto_Backache_-_Burn_1073939-1-2-980x774.jpg 980w, https:\/\/austinaccidentlawyer.com\/wp-content\/uploads\/2013\/06\/bigstockphoto_Backache_-_Burn_1073939-1-2-480x379.jpg 480w, https:\/\/austinaccidentlawyer.com\/wp-content\/uploads\/2013\/06\/bigstockphoto_Backache_-_Burn_1073939-1-2.jpg 1200w\" sizes=\"(max-width: 1024px) 100vw, 1024px\" \/><\/p>\n<p>Los dolores de espalda pueden ser causados por:<\/p>\n<ul>\n<li>V\u00e9rtebras aplastadas<\/li>\n<li><a href=\"https:\/\/austinaccidentlawyer.com\/practice-areas\/neck-injuries\/herniated-disk\/\">Discos herniados o rotos<\/a><\/li>\n<li><a href=\"https:\/\/austinaccidentlawyer.com\/practice-areas\/broken-bone-injury-attorneys\/\">Huesos fracturados o rotos<\/a><\/li>\n<li><a href=\"https:\/\/austinaccidentlawyer.com\/practice-areas\/neck-injuries\/herniated-disk\/\">Discos herniados<\/a><\/li>\n<li>Espasmos musculares continuos<\/li>\n<li><a href=\"https:\/\/austinaccidentlawyer.com\/practice-areas\/soft-tissue-damage-attorneys\/\">Esguince y distensi\u00f3n<\/a><\/li>\n<li>Ligamentos rotos<\/li>\n<\/ul>\n<p>Estas afecciones son dif\u00edciles de tratar y cuando una lesi\u00f3n en la espalda no se cura adecuadamente, existe el riesgo de p\u00e9rdida permanente de movilidad y tener un impacto severo en su calidad de vida. La calidad de vida de una persona con una lesi\u00f3n en la espalda se reduce considerablemente y no puede realizar las actividades diarias normales. De hecho, las lesiones de espalda ocupan el segundo lugar, despu\u00e9s del resfriado com\u00fan, como una de las razones m\u00e1s comunes por las que faltan d\u00edas en el trabajo. Es muy importante recibir el tipo de tratamiento adecuado poco despu\u00e9s de que ocurra la lesi\u00f3n. Esperar a recibir tratamiento puede hacer que sea mucho m\u00e1s dif\u00edcil de tratar.<\/p>\n<h2>Austin Back Injury Lawyers<\/h2>\n<p>Si ha sufrido una lesi\u00f3n en la espalda, aseg\u00farese de comunicarse con su m\u00e9dico de inmediato. Y, si su lesi\u00f3n es el resultado de la negligencia de otra persona (incluso si no est\u00e1 seguro), comun\u00edquese con los abogados de lesiones de espalda de Austin en Traub Law Office, PC Ll\u00e1menos al (512) 246-9191 o complete el formulario a continuaci\u00f3n.<\/p>\n","protected":false},"excerpt":{"rendered":"<p>Austin Back Injury Lawyers Una lesi\u00f3n en la espalda puede ser una lesi\u00f3n personal grave que cambia la vida y que eventualmente conduce a un dolor cr\u00f3nico. Las lesiones de la m\u00e9dula espinal generalmente ocurren en los m\u00fasculos y tendones del \u00e1rea de la columna vertebral, generalmente en las regiones cervical , tor\u00e1cica y lumbar,&#8230;<\/p>\n","protected":false},"author":2,"featured_media":30089,"parent":23406,"menu_order":0,"comment_status":"open","ping_status":"closed","template":"","meta":{"_analytify_skip_tracking":false,"footnotes":""},"tags":[],"class_list":["post-23408","page","type-page","status-publish","has-post-thumbnail","hentry"],"_links":{"self":[{"href":"https:\/\/austinaccidentlawyer.com\/es\/wp-json\/wp\/v2\/pages\/23408","targetHints":{"allow":["GET"]}}],"collection":[{"href":"https:\/\/austinaccidentlawyer.com\/es\/wp-json\/wp\/v2\/pages"}],"about":[{"href":"https:\/\/austinaccidentlawyer.com\/es\/wp-json\/wp\/v2\/types\/page"}],"author":[{"embeddable":true,"href":"https:\/\/austinaccidentlawyer.com\/es\/wp-json\/wp\/v2\/users\/2"}],"replies":[{"embeddable":true,"href":"https:\/\/austinaccidentlawyer.com\/es\/wp-json\/wp\/v2\/comments?post=23408"}],"version-history":[{"count":0,"href":"https:\/\/austinaccidentlawyer.com\/es\/wp-json\/wp\/v2\/pages\/23408\/revisions"}],"up":[{"embeddable":true,"href":"https:\/\/austinaccidentlawyer.com\/es\/wp-json\/wp\/v2\/pages\/23406"}],"wp:featuredmedia":[{"embeddable":true,"href":"https:\/\/austinaccidentlawyer.com\/es\/wp-json\/wp\/v2\/media\/30089"}],"wp:attachment":[{"href":"https:\/\/austinaccidentlawyer.com\/es\/wp-json\/wp\/v2\/media?parent=23408"}],"wp:term":[{"taxonomy":"post_tag","embeddable":true,"href":"https:\/\/austinaccidentlawyer.com\/es\/wp-json\/wp\/v2\/tags?post=23408"}],"curies":[{"name":"wp","href":"https:\/\/api.w.org\/{rel}","templated":true}]}}