{"id":23421,"date":"2024-04-26T09:55:28","date_gmt":"2024-04-26T14:55:28","guid":{"rendered":"http:\/\/3.131.240.186\/lesiones-por-resbalones-y-caidas\/"},"modified":"2024-12-05T05:26:47","modified_gmt":"2024-12-05T10:26:47","slug":"lesiones-por-resbalones-y-caidas","status":"publish","type":"page","link":"https:\/\/austinaccidentlawyer.com\/es\/areas-de-practica\/negligencia\/lesiones-por-resbalones-y-caidas\/","title":{"rendered":"Lesiones por resbalones y ca\u00eddas"},"content":{"rendered":"<h1>Lesiones por resbalones y ca\u00eddas<\/h1>\n<div style=\"width: 1280px;\" class=\"wp-video\"><video class=\"wp-video-shortcode\" id=\"video-23421-1\" width=\"1280\" height=\"720\" preload=\"metadata\" controls=\"controls\"><source type=\"video\/mp4\" src=\"https:\/\/austinaccidentlawyer.com\/wp-content\/uploads\/2021\/12\/slip-and-fall-injury.mp4?_=1\" \/><a href=\"https:\/\/austinaccidentlawyer.com\/wp-content\/uploads\/2021\/12\/slip-and-fall-injury.mp4\">https:\/\/austinaccidentlawyer.com\/wp-content\/uploads\/2021\/12\/slip-and-fall-injury.mp4<\/a><\/video><\/div>\n<p>Una lesi\u00f3n por resbal\u00f3n y ca\u00edda puede ser devastadora: <a href=\"https:\/\/austinaccidentlawyer.com\/accident-injuries\/serious-injuries\/bone-fracture-lawyer\/\">fracturas<\/a> , <a href=\"https:\/\/austinaccidentlawyer.com\/practice-areas\/serious-personal-injury\/\">lesiones graves<\/a> , lesiones que pueden volverse graves (como una lesi\u00f3n en la <a href=\"https:\/\/austinaccidentlawyer.com\/practice-areas\/serious-personal-injury\/austin-back-injury-lawyers\/\">espalda o el cuello<\/a> con <a href=\"https:\/\/austinaccidentlawyer.com\/radiating-pain\/\">dolor irradiado<\/a> en las extremidades que indica compromiso del disco e incluso s\u00edndrome de dolor regional cr\u00f3nico tambi\u00e9n llamado <a href=\"https:\/\/austinaccidentlawyer.com\/practice-areas\/serious-personal-injury\/crps-attorney\/\">CRPS o RSD<\/a> ).<\/p>\n<p>Aqu\u00ed hay un <a href=\"https:\/\/austinaccidentlawyer.com\/blog\/case-results\/trial-report-200k-verdict\/\">veredicto de juicio por lesiones por resbalones y ca\u00eddas de 2019<\/a> en el condado de Travis.<\/p>\n<p><img decoding=\"async\" class=\"aligncenter wp-image-23079 size-full\" src=\"https:\/\/austinaccidentlawyer.com\/wp-content\/uploads\/2016\/12\/wet-floor-2.jpg\" alt=\"slip and fall injury image\" width=\"640\" height=\"480\" srcset=\"https:\/\/austinaccidentlawyer.com\/wp-content\/uploads\/2016\/12\/wet-floor-2.jpg 640w, https:\/\/austinaccidentlawyer.com\/wp-content\/uploads\/2016\/12\/wet-floor-2-300x225.jpg 300w, https:\/\/austinaccidentlawyer.com\/wp-content\/uploads\/2016\/12\/wet-floor-2-510x382.jpg 510w, https:\/\/austinaccidentlawyer.com\/wp-content\/uploads\/2016\/12\/wet-floor-2-480x360.jpg 480w\" sizes=\"(max-width: 640px) 100vw, 640px\" \/><\/p>\n<h2>Abogados experimentados en lesiones por resbalones y ca\u00eddas<\/h2>\n<p>En Traub Law Office, PC, a menudo ayudamos a los clientes que han sufrido da\u00f1os en otra persona o en las instalaciones comerciales. Nuestra primera preocupaci\u00f3n es que nuestro cliente reciba el tratamiento m\u00e9dico adecuado. Luego investigamos el accidente y determinamos si se deben emprender acciones legales.<\/p>\n<ul>\n<li><strong>\u00bfLa mala iluminaci\u00f3n caus\u00f3 su accidente?<\/strong> La mala iluminaci\u00f3n puede provocar una ca\u00edda en las escaleras. O puede evitar que una persona vea un agujero o una hendidura en una superficie para caminar.<\/li>\n<li><strong>\u00bfSufri\u00f3 alg\u00fan da\u00f1o debido a la falta de seguridad?<\/strong> Si el propietario de un edificio sab\u00eda de asaltos anteriores a la propiedad y no mejor\u00f3 la iluminaci\u00f3n o no protegi\u00f3 a personas inocentes, es posible que tenga motivos para presentar un reclamo de responsabilidad del local por da\u00f1os.<\/li>\n<li><strong>\u00bfSe mantuvo la propiedad adecuadamente?<\/strong> Una propiedad mal mantenida es un accidente que est\u00e1 a punto de ocurrir. Las escaleras gastadas, las barandillas que se caen a pedazos, los \u00e1rboles que empujan las aceras son peligros potenciales que pueden evitarse f\u00e1cilmente con una simple inspecci\u00f3n. En un caso, nuestra clienta sufri\u00f3 una lesi\u00f3n grave al caer en una acera que hab\u00eda sido arrancada por un \u00e1rbol que crec\u00eda debajo de ella.<\/li>\n<li><strong>\u00bfFueron adecuadas las advertencias? <\/strong>Si se colocaban se\u00f1ales de advertencia, \u00bfavisaban adecuadamente a las personas o era posible poner mejores advertencias para evitar lesiones? En un caso, nuestro cliente atraves\u00f3 una puerta que conduc\u00eda directamente a una habitaci\u00f3n oscura como la boca del lobo con escaleras que bajaban. Cay\u00f3 y cay\u00f3 y result\u00f3 gravemente herido. Una puerta cerrada habr\u00eda evitado sus heridas.<\/li>\n<li><strong>Comun\u00edquese con un abogado de responsabilidad de locales de Austin<\/strong> . Cuando el propietario de un edificio permite a sabiendas que exista una situaci\u00f3n peligrosa, y cuando esa situaci\u00f3n peligrosa causa un accidente, nuestro abogado de accidentes por resbalones y ca\u00eddas puede ayudarlo a determinar sus opciones legales.<\/li>\n<\/ul>\n<p>Comun\u00edquese con los abogados de resbalones y ca\u00eddas (responsabilidad del local) en la Oficina de Abogados de Traub, PC hoy para una consulta de tarifas por tel\u00e9fono al (512) 246-9191 o completando el formulario a continuaci\u00f3n.<\/p>\n","protected":false},"excerpt":{"rendered":"<p>Lesiones por resbalones y ca\u00eddas Una lesi\u00f3n por resbal\u00f3n y ca\u00edda puede ser devastadora: fracturas , lesiones graves , lesiones que pueden volverse graves (como una lesi\u00f3n en la espalda o el cuello con dolor irradiado en las extremidades que indica compromiso del disco e incluso s\u00edndrome de dolor regional cr\u00f3nico tambi\u00e9n llamado CRPS o&#8230;<\/p>\n","protected":false},"author":2,"featured_media":29915,"parent":23652,"menu_order":0,"comment_status":"closed","ping_status":"closed","template":"","meta":{"_analytify_skip_tracking":false,"footnotes":""},"tags":[],"class_list":["post-23421","page","type-page","status-publish","has-post-thumbnail","hentry"],"_links":{"self":[{"href":"https:\/\/austinaccidentlawyer.com\/es\/wp-json\/wp\/v2\/pages\/23421","targetHints":{"allow":["GET"]}}],"collection":[{"href":"https:\/\/austinaccidentlawyer.com\/es\/wp-json\/wp\/v2\/pages"}],"about":[{"href":"https:\/\/austinaccidentlawyer.com\/es\/wp-json\/wp\/v2\/types\/page"}],"author":[{"embeddable":true,"href":"https:\/\/austinaccidentlawyer.com\/es\/wp-json\/wp\/v2\/users\/2"}],"replies":[{"embeddable":true,"href":"https:\/\/austinaccidentlawyer.com\/es\/wp-json\/wp\/v2\/comments?post=23421"}],"version-history":[{"count":0,"href":"https:\/\/austinaccidentlawyer.com\/es\/wp-json\/wp\/v2\/pages\/23421\/revisions"}],"up":[{"embeddable":true,"href":"https:\/\/austinaccidentlawyer.com\/es\/wp-json\/wp\/v2\/pages\/23652"}],"wp:featuredmedia":[{"embeddable":true,"href":"https:\/\/austinaccidentlawyer.com\/es\/wp-json\/wp\/v2\/media\/29915"}],"wp:attachment":[{"href":"https:\/\/austinaccidentlawyer.com\/es\/wp-json\/wp\/v2\/media?parent=23421"}],"wp:term":[{"taxonomy":"post_tag","embeddable":true,"href":"https:\/\/austinaccidentlawyer.com\/es\/wp-json\/wp\/v2\/tags?post=23421"}],"curies":[{"name":"wp","href":"https:\/\/api.w.org\/{rel}","templated":true}]}}