{"id":23425,"date":"2024-04-26T09:56:12","date_gmt":"2024-04-26T14:56:12","guid":{"rendered":"http:\/\/3.131.240.186\/accidente-de-conduccion-distraido\/"},"modified":"2024-08-07T17:00:22","modified_gmt":"2024-08-07T22:00:22","slug":"accidente-de-conduccion-distraido","status":"publish","type":"page","link":"https:\/\/austinaccidentlawyer.com\/es\/areas-de-practica\/abogados-de-accidentes-automovilisticos-en-austin\/accidente-de-conduccion-distraido\/","title":{"rendered":"Accidente de conducci\u00f3n distra\u00eddo"},"content":{"rendered":"<h1>Accidente de conducci\u00f3n distra\u00eddo<\/h1>\n<div style=\"width: 1280px;\" class=\"wp-video\"><video class=\"wp-video-shortcode\" id=\"video-23425-1\" width=\"1280\" height=\"720\" preload=\"metadata\" controls=\"controls\"><source type=\"video\/mp4\" src=\"https:\/\/austinaccidentlawyer.com\/wp-content\/uploads\/2021\/12\/distracted-driving-accident.mp4?_=1\" \/><a href=\"https:\/\/austinaccidentlawyer.com\/wp-content\/uploads\/2021\/12\/distracted-driving-accident.mp4\">https:\/\/austinaccidentlawyer.com\/wp-content\/uploads\/2021\/12\/distracted-driving-accident.mp4<\/a><\/video><\/div>\n<h2>Pueden estar disponibles da\u00f1os punitivos<\/h2>\n<p>Un accidente de conducci\u00f3n distra\u00eddo es completamente evitable, pero ocurre con demasiada frecuencia. Los estudios demuestran que los conductores distra\u00eddos pueden ser tan peligrosos o m\u00e1s que los conductores ebrios . Las personas que leen o env\u00edan mensajes de texto, navegan por Internet, hablan por tel\u00e9fono mientras operan equipos pesados son una amenaza para todos en la carretera.<\/p>\n<p><img decoding=\"async\" class=\"wp-image-23071 size-medium aligncenter\" src=\"https:\/\/austinaccidentlawyer.com\/wp-content\/uploads\/2016\/12\/texting-while-driving-3-300x225.jpg\" alt=\"distracted driving accident image\" width=\"300\" height=\"225\" srcset=\"https:\/\/austinaccidentlawyer.com\/wp-content\/uploads\/2016\/12\/texting-while-driving-3-300x225.jpg 300w, https:\/\/austinaccidentlawyer.com\/wp-content\/uploads\/2016\/12\/texting-while-driving-3-768x576.jpg 768w, https:\/\/austinaccidentlawyer.com\/wp-content\/uploads\/2016\/12\/texting-while-driving-3-510x382.jpg 510w, https:\/\/austinaccidentlawyer.com\/wp-content\/uploads\/2016\/12\/texting-while-driving-3-980x735.jpg 980w, https:\/\/austinaccidentlawyer.com\/wp-content\/uploads\/2016\/12\/texting-while-driving-3-480x360.jpg 480w, https:\/\/austinaccidentlawyer.com\/wp-content\/uploads\/2016\/12\/texting-while-driving-3.jpg 1024w\" sizes=\"(max-width: 300px) 100vw, 300px\" \/><\/p>\n<h2>Accidente de conducci\u00f3n distra\u00eddo: consecuencias mortales<\/h2>\n<p>En todo el pa\u00eds, m\u00e1s de 15 personas mueren y 1.200 resultan heridas <strong>todos los d\u00edas<\/strong> en accidentes que involucran a conductores distra\u00eddos, seg\u00fan cifras de 2009 de la Administraci\u00f3n Nacional de Seguridad del Tr\u00e1fico en las Carreteras.<\/p>\n<p>Si ha sido lesionado por un conductor distra\u00eddo o si un miembro de la familia sufri\u00f3 una <a href=\"https:\/\/austinaccidentlawyer.com\/practice-areas\/wrongful-death-attorney\/\">muerte por negligencia<\/a> porque otra persona tom\u00f3 la decisi\u00f3n de no prestar atenci\u00f3n, comun\u00edquese con un <a href=\"https:\/\/austinaccidentlawyer.com\/\">abogado de accidentes de Austin<\/a> en The Traub Law Office hoy mismo para una consulta inicial gratuita y una evaluaci\u00f3n del caso.<\/p>\n<p>El abogado de lesiones personales Andrew Traub dice: <em>\u00abLa compa\u00f1\u00eda de seguros de un conductor distra\u00eddo puede tratar de asegurarse de que su reclamo por lesiones sea lo m\u00e1s largo, complicado y costoso posible para usted. Pueden usar la intimidaci\u00f3n para tratar de convencerlo de que no contin\u00fae con su reclamo y para disuadirlo de buscar el consejo de un abogado litigante experimentado. Las compa\u00f1\u00edas de seguros a menudo niegan la responsabilidad, incluso en casos de responsabilidad clara y conducta escandalosa mientras la parte lesionada &#8216;<\/em><em>s familia enfrenta toda una vida de dolor, sufrimiento y p\u00e9rdidas econ\u00f3micas. Las v\u00edctimas de la negligencia de un conductor distra\u00eddo se lo deben a s\u00ed mismas ya la sociedad para responsabilizar al conductor distra\u00eddo \u00ab.<\/em><\/p>\n<p>Tenemos experiencia en representar a las v\u00edctimas de conductores distra\u00eddos y ayudarlos a <a href=\"https:\/\/austinaccidentlawyer.com\/what-is-my-case-worth\/\">recuperar una compensaci\u00f3n econ\u00f3mica por los da\u00f1os que han sufrido<\/a> .<\/p>\n<p>Un accidente de conducci\u00f3n distra\u00eddo es la definici\u00f3n misma de negligencia. Aquellos que no prestan atenci\u00f3n mientras conducen a sabiendas ponen en riesgo a otros. Hemos visto los tr\u00e1gicos resultados de la imprudente decisi\u00f3n de conducir sin mirar hacia d\u00f3nde se dirige el conductor. Un accidente de conducci\u00f3n distra\u00eddo puede dejar a las v\u00edctimas <a href=\"https:\/\/austinaccidentlawyer.com\/practice-areas\/serious-personal-injury\/\">permanentemente discapacitadas<\/a> , paralizadas , <a href=\"https:\/\/austinaccidentlawyer.com\/practice-areas\/serious-personal-injury\/austin-brain-injury-lawyers\/\">con da\u00f1o cerebral<\/a> o muertas. Buscamos agresivamente una compensaci\u00f3n en nombre de las v\u00edctimas de accidentes de conducci\u00f3n distra\u00eddos.<\/p>\n<p>Si estuvo involucrado en un <strong>accidente causado por un conductor distra\u00eddo en Texas<\/strong> , puede hablar con un abogado de inmediato llam\u00e1ndonos al (512) 246-9191 o completando el formulario a continuaci\u00f3n.<\/p>\n","protected":false},"excerpt":{"rendered":"<p>Accidente de conducci\u00f3n distra\u00eddo Pueden estar disponibles da\u00f1os punitivos Un accidente de conducci\u00f3n distra\u00eddo es completamente evitable, pero ocurre con demasiada frecuencia. Los estudios demuestran que los conductores distra\u00eddos pueden ser tan peligrosos o m\u00e1s que los conductores ebrios . Las personas que leen o env\u00edan mensajes de texto, navegan por Internet, hablan por tel\u00e9fono&#8230;<\/p>\n","protected":false},"author":2,"featured_media":29822,"parent":23598,"menu_order":0,"comment_status":"open","ping_status":"closed","template":"","meta":{"_analytify_skip_tracking":false,"footnotes":""},"tags":[],"class_list":[],"_links":{"self":[{"href":"https:\/\/austinaccidentlawyer.com\/es\/wp-json\/wp\/v2\/pages\/23425","targetHints":{"allow":["GET"]}}],"collection":[{"href":"https:\/\/austinaccidentlawyer.com\/es\/wp-json\/wp\/v2\/pages"}],"about":[{"href":"https:\/\/austinaccidentlawyer.com\/es\/wp-json\/wp\/v2\/types\/page"}],"author":[{"embeddable":true,"href":"https:\/\/austinaccidentlawyer.com\/es\/wp-json\/wp\/v2\/users\/2"}],"replies":[{"embeddable":true,"href":"https:\/\/austinaccidentlawyer.com\/es\/wp-json\/wp\/v2\/comments?post=23425"}],"version-history":[{"count":0,"href":"https:\/\/austinaccidentlawyer.com\/es\/wp-json\/wp\/v2\/pages\/23425\/revisions"}],"up":[{"embeddable":true,"href":"https:\/\/austinaccidentlawyer.com\/es\/wp-json\/wp\/v2\/pages\/23598"}],"wp:featuredmedia":[{"embeddable":true,"href":"https:\/\/austinaccidentlawyer.com\/es\/wp-json\/wp\/v2\/media\/29822"}],"wp:attachment":[{"href":"https:\/\/austinaccidentlawyer.com\/es\/wp-json\/wp\/v2\/media?parent=23425"}],"wp:term":[{"taxonomy":"post_tag","embeddable":true,"href":"https:\/\/austinaccidentlawyer.com\/es\/wp-json\/wp\/v2\/tags?post=23425"}],"curies":[{"name":"wp","href":"https:\/\/api.w.org\/{rel}","templated":true}]}}