{"id":23448,"date":"2024-04-26T09:56:48","date_gmt":"2024-04-26T14:56:48","guid":{"rendered":"http:\/\/3.131.240.186\/abogado-de-accidentes-de-motocicleta-en-austin\/"},"modified":"2024-12-05T05:29:01","modified_gmt":"2024-12-05T10:29:01","slug":"abogado-de-accidentes-de-motocicleta-en-austin","status":"publish","type":"page","link":"https:\/\/austinaccidentlawyer.com\/es\/abogado-de-accidentes-de-motocicleta-en-austin\/","title":{"rendered":"Abogado de accidentes de motocicleta en Austin"},"content":{"rendered":"<h1>Abogado de accidentes de motocicleta en Austin<\/h1>\n<div style=\"width: 1280px;\" class=\"wp-video\"><video class=\"wp-video-shortcode\" id=\"video-23448-1\" width=\"1280\" height=\"720\" preload=\"metadata\" controls=\"controls\"><source type=\"video\/mp4\" src=\"https:\/\/austinaccidentlawyer.com\/wp-content\/uploads\/2021\/12\/broken-bone-injury-video.mp4?_=1\" \/><a href=\"https:\/\/austinaccidentlawyer.com\/wp-content\/uploads\/2021\/12\/broken-bone-injury-video.mp4\">https:\/\/austinaccidentlawyer.com\/wp-content\/uploads\/2021\/12\/broken-bone-injury-video.mp4<\/a><\/video><\/div>\n<p>Aqu\u00ed hay una buena raz\u00f3n por la que querr\u00e1 un <strong>abogado con experiencia en accidentes de motocicleta en Austin<\/strong> : si les pregunta a los m\u00e9dicos y enfermeras de la sala de emergencias qu\u00e9 tipo de accidentes son responsables de las peores lesiones, ellos responder\u00e1n uniformemente: accidentes de motocicleta.<\/p>\n<p><a href=\"https:\/\/austinaccidentlawyer.com\/wp-content\/uploads\/2016\/12\/motorcycle-accident-3.jpg\"><img decoding=\"async\" class=\"aligncenter wp-image-23070 size-full\" src=\"https:\/\/austinaccidentlawyer.com\/wp-content\/uploads\/2016\/12\/motorcycle-accident-3.jpg\" alt=\"austin motorcycle accident attorney image\" width=\"640\" height=\"426\" srcset=\"https:\/\/austinaccidentlawyer.com\/wp-content\/uploads\/2016\/12\/motorcycle-accident-3.jpg 640w, https:\/\/austinaccidentlawyer.com\/wp-content\/uploads\/2016\/12\/motorcycle-accident-3-300x200.jpg 300w, https:\/\/austinaccidentlawyer.com\/wp-content\/uploads\/2016\/12\/motorcycle-accident-3-480x320.jpg 480w\" sizes=\"(max-width: 640px) 100vw, 640px\" \/><\/a><\/p>\n<p>Debido a que las motocicletas ofrecen tan poca protecci\u00f3n a los conductores, los accidentes de motocicleta a menudo implican <a href=\"https:\/\/austinaccidentlawyer.com\/practice-areas\/serious-personal-injury\/\">lesiones extremadamente graves<\/a> , como <a href=\"https:\/\/austinaccidentlawyer.com\/practice-areas\/serious-personal-injury\/brain-injury-lawyers\/\">lesiones cerebrales, lesiones<\/a> de <a href=\"https:\/\/austinaccidentlawyer.com\/practice-areas\/serious-personal-injury\/austin-spinal-cord-injury-lawyers\/\">la m\u00e9dula espinal<\/a> , <a href=\"https:\/\/austinaccidentlawyer.com\/practice-areas\/broken-bone-injury-attorneys\/\">fracturas m\u00faltiples<\/a> y lesiones internas. Los motociclistas tienen 34 veces m\u00e1s probabilidades de <a href=\"https:\/\/austinaccidentlawyer.com\/practice-areas\/wrongful-death-attorney\/\">morir en un accidente<\/a> que los ocupantes de un veh\u00edculo de pasajeros, seg\u00fan la Administraci\u00f3n Nacional de Seguridad del Tr\u00e1fico en las Carreteras.<\/p>\n<p>Los <em>abogados de accidentes de motocicleta<\/em> de The Traub Law Office han visto las lesiones a veces devastadoras que resultan de los accidentes de motocicleta, y comprendemos el <a href=\"https:\/\/austinaccidentlawyer.com\/faq\/pain-and-suffering\/\">dolor y el debilitamiento<\/a> . Perm\u00edtanos manejar sus reclamos de seguro de motocicleta.<\/p>\n<p>Cuando el conductor de un autom\u00f3vil o cami\u00f3n choca contra una motocicleta, a menudo hay muchos <a href=\"https:\/\/austinaccidentlawyer.com\/accident-injuries\/serious-injuries\/bone-fracture-lawyer\/\">huesos rotos<\/a> . El sarpullido en la carretera (causado por el raspado de la piel en una carretera) tiene el mismo dolor y dificultad para recuperarse que una <a href=\"https:\/\/austinaccidentlawyer.com\/practice-areas\/serious-personal-injury\/burn-injury-lawyer\/\">lesi\u00f3n por quemadura<\/a> como las quemaduras de segundo o tercer grado.<\/p>\n<h2>Razones comunes que vemos para los choques de motocicletas:<\/h2>\n<ol>\n<li>La mayor\u00eda de los accidentes de motocicleta ocurren a poca distancia de casa. (es decir, compras, recados, amigos, entretenimiento o recreaci\u00f3n, y es probable que el accidente ocurra en muy poco tiempo cerca del origen del viaje)<\/li>\n<li>El hecho de que el otro conductor no vea la motocicleta es la causa predominante de accidentes de motocicleta. El otro conductor normalmente no ve la motocicleta antes de la colisi\u00f3n o simplemente no ve la motocicleta hasta que es demasiado tarde para evitar la colisi\u00f3n.<\/li>\n<li>El setenta y tres por ciento de los ciclistas que estuvieron involucrados en choques no usaron protecci\u00f3n para los ojos. El viento en los ojos puede causar problemas de visi\u00f3n que pueden retrasar la detecci\u00f3n de peligros y<\/li>\n<li>La visibilidad de la motocicleta es un factor cr\u00edtico en los m\u00faltiples accidentes de veh\u00edculos. Los accidentes se reducen en gran medida mediante el uso de faros en todo momento y el uso de chaquetas visibles y de colores brillantes.<\/li>\n<\/ol>\n<p>\u00bfEst\u00e1 recibiendo un buen tratamiento m\u00e9dico? El sarpullido en la carretera, los huesos rotos, <a href=\"https:\/\/austinaccidentlawyer.com\/practice-areas\/serious-personal-injury\/brain-injury-lawyers\/traumatic-brain-injuries-tbi\/\">la lesi\u00f3n cerebral traum\u00e1tica (TBI)<\/a> y otras <a href=\"https:\/\/austinaccidentlawyer.com\/practice-areas\/serious-personal-injury\/\">lesiones graves<\/a> necesitan tratamiento inmediato.<\/p>\n<h2>\u00bfHa hablado con un <strong>abogado con experiencia en accidentes de motocicleta<\/strong> ?<\/h2>\n<p>Los ajustadores de seguros parecen preocupados, pero est\u00e1n m\u00e1s preocupados por las ganancias que por sus lesiones o su recuperaci\u00f3n. Deje que su abogado hable y negocie.<\/p>\n<p>\u00bfLos detalles legales lo distraen de su recuperaci\u00f3n? Centrarse en el tratamiento m\u00e9dico y la fisioterapia requiere tiempo y energ\u00eda. Es posible que necesite terapia ocupacional para regresar al trabajo. Le diremos cu\u00e1les son sus derechos.<\/p>\n<p><a href=\"https:\/\/austinaccidentlawyer.com\/faq\/questions-you-should-ask-the-insurance-adjuster\/\">\u00bfLa compa\u00f1\u00eda de seguros comprende la gravedad del accidente?<\/a> En nuestra firma, llevamos a cabo una investigaci\u00f3n de accidentes para descubrir todos los hechos disponibles. Presentamos tu caso de forma eficaz. Podr\u00edamos producir videos de asentamientos que demuestren el alcance de sus lesiones. Si la compa\u00f1\u00eda de seguros no llega a un acuerdo justo, un abogado litigante experimentado de nuestra firma presenta su caso de negligencia ante un juez y un jurado.<\/p>\n<p>Cont\u00e1ctenos hoy para obtener ayuda inmediata llamando al (512) 246-9191 o completando el formulario a continuaci\u00f3n.<\/p>\n","protected":false},"excerpt":{"rendered":"<p>Los accidentes de motocicleta a menudo implican lesiones graves, posiblemente en el cerebro o la m\u00e9dula espinal, y los motociclistas pueden terminar con m\u00faltiples fracturas y lesiones internas. Los abogados de accidentes de motocicleta de Traub Law Office pueden ayudarlo.<\/p>\n","protected":false},"author":2,"featured_media":29852,"parent":0,"menu_order":0,"comment_status":"closed","ping_status":"closed","template":"","meta":{"_analytify_skip_tracking":false,"footnotes":""},"tags":[],"class_list":[],"_links":{"self":[{"href":"https:\/\/austinaccidentlawyer.com\/es\/wp-json\/wp\/v2\/pages\/23448","targetHints":{"allow":["GET"]}}],"collection":[{"href":"https:\/\/austinaccidentlawyer.com\/es\/wp-json\/wp\/v2\/pages"}],"about":[{"href":"https:\/\/austinaccidentlawyer.com\/es\/wp-json\/wp\/v2\/types\/page"}],"author":[{"embeddable":true,"href":"https:\/\/austinaccidentlawyer.com\/es\/wp-json\/wp\/v2\/users\/2"}],"replies":[{"embeddable":true,"href":"https:\/\/austinaccidentlawyer.com\/es\/wp-json\/wp\/v2\/comments?post=23448"}],"version-history":[{"count":0,"href":"https:\/\/austinaccidentlawyer.com\/es\/wp-json\/wp\/v2\/pages\/23448\/revisions"}],"wp:featuredmedia":[{"embeddable":true,"href":"https:\/\/austinaccidentlawyer.com\/es\/wp-json\/wp\/v2\/media\/29852"}],"wp:attachment":[{"href":"https:\/\/austinaccidentlawyer.com\/es\/wp-json\/wp\/v2\/media?parent=23448"}],"wp:term":[{"taxonomy":"post_tag","embeddable":true,"href":"https:\/\/austinaccidentlawyer.com\/es\/wp-json\/wp\/v2\/tags?post=23448"}],"curies":[{"name":"wp","href":"https:\/\/api.w.org\/{rel}","templated":true}]}}