{"id":23449,"date":"2024-04-26T09:55:26","date_gmt":"2024-04-26T14:55:26","guid":{"rendered":"http:\/\/3.131.240.186\/liquidaciones-de-seguros\/"},"modified":"2026-04-20T16:59:18","modified_gmt":"2026-04-20T21:59:18","slug":"liquidaciones-de-seguros","status":"publish","type":"page","link":"https:\/\/austinaccidentlawyer.com\/es\/areas-de-practica\/liquidaciones-de-seguros\/","title":{"rendered":"Liquidaciones de seguros"},"content":{"rendered":"<h1>Liquidaciones de seguros<\/h1>\n<p>Un acuerdo de seguro de accidentes automovil\u00edsticos es la cantidad de compensaci\u00f3n que una v\u00edctima de un <a href=\"https:\/\/austinaccidentlawyer.com\/faq\/car-accident-information\/\">accidente automovil\u00edstico<\/a> puede recibir cuando su reclamo se maneja a trav\u00e9s de un seguro. Los acuerdos de seguro de accidentes automovil\u00edsticos son el tipo de acuerdo m\u00e1s com\u00fan que se negocia para <a href=\"https:\/\/austinaccidentlawyer.com\/practice-areas\/serious-personal-injury\/\">reclamos por lesiones personales<\/a> . Esto se debe en gran parte al hecho de que hay tantos accidentes automovil\u00edsticos en los Estados Unidos cada a\u00f1o.<\/p>\n<p><img decoding=\"async\" class=\"aligncenter wp-image-23098 size-large\" src=\"https:\/\/austinaccidentlawyer.com\/wp-content\/uploads\/2016\/12\/billionphotos-2223998-2-1024x744.jpg\" alt=\"insurance settlements lawyer image\" width=\"1024\" height=\"744\" srcset=\"https:\/\/austinaccidentlawyer.com\/wp-content\/uploads\/2016\/12\/billionphotos-2223998-2-1024x744.jpg 1024w, https:\/\/austinaccidentlawyer.com\/wp-content\/uploads\/2016\/12\/billionphotos-2223998-2-300x218.jpg 300w, https:\/\/austinaccidentlawyer.com\/wp-content\/uploads\/2016\/12\/billionphotos-2223998-2-768x558.jpg 768w, https:\/\/austinaccidentlawyer.com\/wp-content\/uploads\/2016\/12\/billionphotos-2223998-2-1080x784.jpg 1080w, https:\/\/austinaccidentlawyer.com\/wp-content\/uploads\/2016\/12\/billionphotos-2223998-2-1280x930.jpg 1280w, https:\/\/austinaccidentlawyer.com\/wp-content\/uploads\/2016\/12\/billionphotos-2223998-2-980x712.jpg 980w, https:\/\/austinaccidentlawyer.com\/wp-content\/uploads\/2016\/12\/billionphotos-2223998-2-480x349.jpg 480w, https:\/\/austinaccidentlawyer.com\/wp-content\/uploads\/2016\/12\/billionphotos-2223998-2.jpg 1377w\" sizes=\"(max-width: 1024px) 100vw, 1024px\" \/><\/p>\n<p>Hay al menos cinco millones de accidentes automovil\u00edsticos en las carreteras de nuestra naci\u00f3n cada a\u00f1o. En estos accidentes automovil\u00edsticos, aproximadamente dos millones de personas resultan heridas y al menos 20.000 personas <a href=\"https:\/\/austinaccidentlawyer.com\/practice-areas\/wrongful-death-attorney\/\">mueren en accidentes automovil\u00edsticos<\/a> , seg\u00fan las estad\u00edsticas de la Oficina de Transporte. Los accidentes automovil\u00edsticos son la principal causa de muerte y <a href=\"https:\/\/austinaccidentlawyer.com\/practice-areas\/serious-personal-injury\/\">lesiones graves<\/a> para personas menores de treinta y cinco a\u00f1os.<\/p>\n<p>Los acuerdos de seguros de accidentes automovil\u00edsticos donde ocurre una lesi\u00f3n grave requieren la asistencia de un <a href=\"https:\/\/austinaccidentlawyer.com\/es\/andrew-traub\/\">abogado con experiencia en accidentes automovil\u00edsticos<\/a> . Estos casos se manejan mejor con la ayuda de un abogado profesional, que puede garantizar que los derechos y las opciones de la v\u00edctima est\u00e9n protegidos y maximizados a trav\u00e9s del proceso de negociaciones de acuerdos de seguros de accidentes automovil\u00edsticos.<\/p>\n<h2>Preparaci\u00f3n para acuerdos de seguros<\/h2>\n<p>Cuando ocurre un accidente automovil\u00edstico, hay una serie de pasos que la v\u00edctima puede tomar para proteger y maximizar sus intereses. Es imperativo que la v\u00edctima se asegure de no decir nada inmediatamente despu\u00e9s de un accidente que pueda constituir la admisi\u00f3n de culpa por el accidente automovil\u00edstico. Incluso si est\u00e1 claro que la v\u00edctima no tuvo la culpa del accidente, ciertas declaraciones pueden considerarse posteriormente perjudiciales para la liquidaci\u00f3n del seguro de accidentes automovil\u00edsticos de una persona. Presentar un informe policial en el lugar del accidente tambi\u00e9n puede resultar beneficioso m\u00e1s adelante.<\/p>\n<p>Despu\u00e9s del accidente, una persona querr\u00e1 presentar un reclamo con su compa\u00f1\u00eda de seguros para comenzar el proceso de liquidaci\u00f3n del seguro de accidentes automovil\u00edsticos. Un ajustador de reclamos examinar\u00e1 los hechos del caso para determinar la responsabilidad y el alcance de los da\u00f1os en los que se incurri\u00f3 como resultado del accidente. Si se determina que usted tuvo m\u00e1s del cincuenta por ciento de la culpa en el accidente, es posible que no sea elegible para una compensaci\u00f3n. Hay excepciones; por lo tanto, puede ser ventajoso consultar con un profesional legal que pueda determinar sus derechos y opciones.<\/p>\n<p>Si ha sufrido p\u00e9rdidas en un accidente, un acuerdo de seguro de accidentes automovil\u00edsticos puede compensarlo por sus da\u00f1os. Es posible recibir reparaciones por gastos m\u00e9dicos relacionados, p\u00e9rdida de salario o potencial de ingresos, <a href=\"https:\/\/austinaccidentlawyer.com\/faq\/pain-and-suffering\/\">dolor y sufrimiento<\/a> y da\u00f1os a la propiedad a trav\u00e9s de acuerdos de seguro de accidentes automovil\u00edsticos.<\/p>\n<h2>Lidiando con los dolores de cabeza de los acuerdos de seguros<\/h2>\n<p>Los ajustadores de reclamos de seguros a menudo buscar\u00e1n formas de proporcionar la compensaci\u00f3n m\u00ednima por los da\u00f1os de su accidente. Un profesional legal puede ser su mejor defensor en un acuerdo de seguro de accidentes automovil\u00edsticos, ayudando a atar cabos sueltos que involucran gastos m\u00e9dicos y da\u00f1os a la propiedad y garantizar que reciba una compensaci\u00f3n justa por sus lesiones en un acuerdo de seguro de accidentes automovil\u00edsticos.<\/p>\n<p><img decoding=\"async\" class=\"aligncenter wp-image-23097 size-large\" src=\"https:\/\/austinaccidentlawyer.com\/wp-content\/uploads\/2016\/12\/billionphotos-1676567-2-1024x683.jpg\" alt=\"insurance settlements image\" width=\"1024\" height=\"683\" srcset=\"https:\/\/austinaccidentlawyer.com\/wp-content\/uploads\/2016\/12\/billionphotos-1676567-2-1024x683.jpg 1024w, https:\/\/austinaccidentlawyer.com\/wp-content\/uploads\/2016\/12\/billionphotos-1676567-2-300x200.jpg 300w, https:\/\/austinaccidentlawyer.com\/wp-content\/uploads\/2016\/12\/billionphotos-1676567-2-768x512.jpg 768w, https:\/\/austinaccidentlawyer.com\/wp-content\/uploads\/2016\/12\/billionphotos-1676567-2-1080x720.jpg 1080w, https:\/\/austinaccidentlawyer.com\/wp-content\/uploads\/2016\/12\/billionphotos-1676567-2-1280x853.jpg 1280w, https:\/\/austinaccidentlawyer.com\/wp-content\/uploads\/2016\/12\/billionphotos-1676567-2-980x653.jpg 980w, https:\/\/austinaccidentlawyer.com\/wp-content\/uploads\/2016\/12\/billionphotos-1676567-2-480x320.jpg 480w, https:\/\/austinaccidentlawyer.com\/wp-content\/uploads\/2016\/12\/billionphotos-1676567-2.jpg 1500w\" sizes=\"(max-width: 1024px) 100vw, 1024px\" \/><\/p>\n<p>Despu\u00e9s de estar involucrado en un accidente automovil\u00edstico, tratar con su compa\u00f1\u00eda de seguros y con la compa\u00f1\u00eda de seguros de la otra parte involucrada puede ser abrumador y dif\u00edcil. Hay formas de facilitar este proceso para usted, su abogado y todas las partes involucradas.<\/p>\n<p>Llame a su agente tan pronto como ocurra un incidente. Tan pronto como llegue a casa despu\u00e9s del accidente automovil\u00edstico, o incluso antes de ir al m\u00e9dico, llame a su agente. Revise y comprenda su cobertura antes de hablar con su aseguradora o su agente. Lea las secciones \u00abCobertura\u00bb y \u00abExclusi\u00f3n\u00bb de su p\u00f3liza en particular. Tome y mantenga notas detalladas de todas las conversaciones con los representantes de la compa\u00f1\u00eda de seguros y obtenga los nombres, n\u00fameros de tel\u00e9fono y cargos de las personas con las que habla, incluido el nombre de su supervisor, pero no les permita tomar una declaraci\u00f3n grabada en este momento.<\/p>\n<p>Considere si tambi\u00e9n podr\u00eda tener cobertura de seguro bajo alguna otra p\u00f3liza de seguro. Muchas personas tienen m\u00e1s de una p\u00f3liza que podr\u00eda cubrir un reclamo. En particular, observe las pol\u00edticas para propietarios de viviendas, las pol\u00edticas \u00abgenerales\u00bb y los materiales que vienen con sus tarjetas de cr\u00e9dito.<\/p>\n<p><strong>Tomar fotograf\u00edas. Tome fotograf\u00edas de su veh\u00edculo destruido y de las lesiones si puede.<\/strong><\/p>\n<p>Sea honesto y franco con su aseguradora. Incluso si es vergonzoso, es mejor si su aseguradora conoce todos los hechos. No ser honesto con su aseguradora podr\u00eda invalidar su p\u00f3liza o provocar la denegaci\u00f3n de la cobertura.<\/p>\n<p>Comprenda la diferencia entre la cobertura de reemplazo y el valor en efectivo depreciado o real. Si su p\u00f3liza proporciona cobertura de reemplazo, no liquide una p\u00e9rdida de propiedad personal por \u00abvalor real en efectivo\u00bb. Es posible que deba reemplazar los art\u00edculos perdidos antes de obtener su reembolso completo si tiene cobertura de costo de reemplazo.<\/p>\n<p><strong>Guarde todos los recibos de visitas al m\u00e9dico, alquiler de autom\u00f3viles, estad\u00edas en el hospital, comidas, alojamiento y compras realizadas en relaci\u00f3n con el tiempo dedicado a realizar su reclamo o recuperarse de sus lesiones desde el momento del evento cubierto hasta el acuerdo final con su compa\u00f1\u00eda de seguros.<\/strong><\/p>\n<p><strong>No le d\u00e9 ninguna declaraci\u00f3n grabada o escrita a su aseguradora<\/strong> hasta que est\u00e9 seguro de que comprende su cobertura o haya hablado con un abogado. Recuerde que no est\u00e1 obligado a permitir que la compa\u00f1\u00eda de seguros grabe su conversaci\u00f3n telef\u00f3nica. Si tiene dudas, consulte a un abogado.<\/p>\n<p>No acepte autom\u00e1ticamente la estimaci\u00f3n o tasaci\u00f3n de sus p\u00e9rdidas que le proporcion\u00f3 la aseguradora. Las compa\u00f1\u00edas de seguros a menudo intentar\u00e1n que acepte las estimaciones de reparaci\u00f3n o reemplazo de sus estimadores o contratistas, que pueden ser un poco bajas. <strong>NO firme ning\u00fan descargo o renuncia de ning\u00fan tipo hasta que obtenga asesoramiento legal.<\/strong> Una mala situaci\u00f3n financiera despu\u00e9s de una p\u00e9rdida importante puede hacer que parezca necesario que acepte una liquidaci\u00f3n prematura e inadecuada de su aseguradora. Pero es posible que recuerde los art\u00edculos destruidos despu\u00e9s de haber firmado una autorizaci\u00f3n y ser\u00e1 demasiado tarde. Por estas razones, es recomendable consultar a un abogado antes de firmar un descargo o renuncia. Aseg\u00farese de leer la letra peque\u00f1a de cualquier pago de la compa\u00f1\u00eda de seguros.<\/p>\n<p>No acepte ning\u00fan cheque que diga \u00abpago final\u00bb a menos que est\u00e9 listo para hacerlo.<\/p>\n<p>No ignore los l\u00edmites de tiempo establecidos por su pol\u00edtica. La mayor\u00eda de las p\u00f3lizas requieren una prueba de p\u00e9rdida firmada dentro de un cierto l\u00edmite de tiempo. Aseg\u00farese de cumplir con este requisito a menos que obtenga una renuncia por escrito de su compa\u00f1\u00eda de seguros. Muchas p\u00f3lizas le permiten solo un a\u00f1o a partir de la fecha de la p\u00e9rdida para iniciar una acci\u00f3n legal si su reclamo no se ha ajustado de manera justa. Si su reclamo no ha sido resuelto satisfactoriamente once meses despu\u00e9s de su p\u00e9rdida, consulte a un abogado de inmediato. No hacerlo podr\u00eda resultar en la p\u00e9rdida de su derecho a demandar.<\/p>\n<p>No olvide que tiene un contrato con su aseguradora. Su aseguradora tiene la obligaci\u00f3n legal de brindarle la cobertura que le prometi\u00f3. Insista en hacer cumplir esa obligaci\u00f3n.<\/p>\n<p>Si estuvo involucrado en un <strong>accidente en Texas<\/strong> , puede recibir nuestro libro <strong>\u00abLos 7 pecados capitales que pueden arruinar su caso de accidente automovil\u00edstico\u00bb<\/strong> por correo <strong>gratis<\/strong> (junto con una gran cantidad de otras cosas gratis). Puede enviarnos un <a class=\"thickbox\" title=\"Contact Us\" href=\"https:\/\/austinaccidentlawyer.com\/contact-us\/\" rel=\"nofollow\">correo electr\u00f3nico<\/a> , <strong>llamarnos<\/strong> o completar el formulario a continuaci\u00f3n.<\/p>\n","protected":false},"excerpt":{"rendered":"<p>A veces, tratar con su propia compa\u00f1\u00eda de seguros puede ser un dolor de cabeza m\u00e1s grande que tratar con la compa\u00f1\u00eda de la persona que lo lastim\u00f3. Podemos ayudar. Hemos tratado con compa\u00f1\u00edas de seguros que tomaron dinero de sus asegurados pero ahora no quieren pagar un reclamo.<\/p>\n","protected":false},"author":2,"featured_media":0,"parent":34924,"menu_order":0,"comment_status":"open","ping_status":"closed","template":"","meta":{"_analytify_skip_tracking":false,"footnotes":""},"tags":[],"class_list":["post-23449","page","type-page","status-publish","hentry"],"_links":{"self":[{"href":"https:\/\/austinaccidentlawyer.com\/es\/wp-json\/wp\/v2\/pages\/23449","targetHints":{"allow":["GET"]}}],"collection":[{"href":"https:\/\/austinaccidentlawyer.com\/es\/wp-json\/wp\/v2\/pages"}],"about":[{"href":"https:\/\/austinaccidentlawyer.com\/es\/wp-json\/wp\/v2\/types\/page"}],"author":[{"embeddable":true,"href":"https:\/\/austinaccidentlawyer.com\/es\/wp-json\/wp\/v2\/users\/2"}],"replies":[{"embeddable":true,"href":"https:\/\/austinaccidentlawyer.com\/es\/wp-json\/wp\/v2\/comments?post=23449"}],"version-history":[{"count":0,"href":"https:\/\/austinaccidentlawyer.com\/es\/wp-json\/wp\/v2\/pages\/23449\/revisions"}],"up":[{"embeddable":true,"href":"https:\/\/austinaccidentlawyer.com\/es\/wp-json\/wp\/v2\/pages\/34924"}],"wp:attachment":[{"href":"https:\/\/austinaccidentlawyer.com\/es\/wp-json\/wp\/v2\/media?parent=23449"}],"wp:term":[{"taxonomy":"post_tag","embeddable":true,"href":"https:\/\/austinaccidentlawyer.com\/es\/wp-json\/wp\/v2\/tags?post=23449"}],"curies":[{"name":"wp","href":"https:\/\/api.w.org\/{rel}","templated":true}]}}