{"id":23450,"date":"2024-04-26T09:56:18","date_gmt":"2024-04-26T14:56:18","guid":{"rendered":"http:\/\/3.131.240.186\/abogados-de-accidentes-por-conduccion-en-estado-de-ebriedad\/"},"modified":"2024-08-07T16:59:54","modified_gmt":"2024-08-07T21:59:54","slug":"abogados-de-accidentes-por-conduccion-en-estado-de-ebriedad","status":"publish","type":"page","link":"https:\/\/austinaccidentlawyer.com\/es\/areas-de-practica\/abogados-de-accidentes-automovilisticos-en-austin\/abogados-de-accidentes-por-conduccion-en-estado-de-ebriedad\/","title":{"rendered":"Abogados de accidentes por conducci\u00f3n en estado de ebriedad"},"content":{"rendered":"<h1>Abogados de accidentes por conducci\u00f3n en estado de ebriedad<\/h1>\n<div style=\"width: 1280px;\" class=\"wp-video\"><video class=\"wp-video-shortcode\" id=\"video-23450-1\" width=\"1280\" height=\"720\" preload=\"metadata\" controls=\"controls\"><source type=\"video\/mp4\" src=\"https:\/\/austinaccidentlawyer.com\/wp-content\/uploads\/2021\/12\/drunk-driving-accident-video.mp4?_=1\" \/><a href=\"https:\/\/austinaccidentlawyer.com\/wp-content\/uploads\/2021\/12\/drunk-driving-accident-video.mp4\">https:\/\/austinaccidentlawyer.com\/wp-content\/uploads\/2021\/12\/drunk-driving-accident-video.mp4<\/a><\/video><\/div>\n<h2><img decoding=\"async\" class=\"aligncenter wp-image-23047 size-full\" src=\"https:\/\/austinaccidentlawyer.com\/wp-content\/uploads\/2011\/04\/23260445-182x182-4.jpg\" alt=\"drunk driving accident lawyers image\" width=\"182\" height=\"182\" srcset=\"https:\/\/austinaccidentlawyer.com\/wp-content\/uploads\/2011\/04\/23260445-182x182-4.jpg 182w, https:\/\/austinaccidentlawyer.com\/wp-content\/uploads\/2011\/04\/23260445-182x182-4-150x150.jpg 150w\" sizes=\"(max-width: 182px) 100vw, 182px\" \/><\/h2>\n<p>Somos <strong>abogados de accidentes por conducir ebrios<\/strong> que representamos a las v\u00edctimas en una demanda civil para recuperar sus <a href=\"https:\/\/austinaccidentlawyer.com\/lost-wages-due-to-an-injury\/\">salarios perdidos<\/a> , da\u00f1os a la propiedad, facturas m\u00e9dicas, dolor y sufrimiento, y el <a href=\"https:\/\/austinaccidentlawyer.com\/practice-areas\/emotional-injury\/\">dolor emocional de casi morir<\/a> .<\/p>\n<div style=\"margin-left: 26px; margin-right: 15px;\">\n<h3>Pueden estar disponibles da\u00f1os punitivos<\/h3>\n<p>Las estad\u00edsticas son aleccionadoras: el 45 por ciento de todas las muertes de tr\u00e1fico en Texas en 2005 estuvieron relacionadas con el alcohol y el 35 por ciento de las <a href=\"https:\/\/austinaccidentlawyer.com\/practice-areas\/wrongful-death-attorney\/\">muertes<\/a> involucraron a un conductor que estaba legalmente borracho, seg\u00fan la Administraci\u00f3n Nacional de Seguridad del Tr\u00e1fico en las Carreteras.<\/p>\n<p>Si ha resultado lesionado en un accidente por conducir en estado de ebriedad o si un miembro de su familia muri\u00f3 por negligencia porque otra persona tom\u00f3 la decisi\u00f3n de beber y conducir, querr\u00e1 que un abogado con experiencia en accidentes por conducci\u00f3n en estado de ebriedad lo ayude.  Cont\u00e1ctenos hoy para una consulta inicial gratuita y una evaluaci\u00f3n de su caso.<\/p>\n<p><em>El abogado de accidentes por conducir ebrio<\/em> Andrew Traub dice: <em>\u00abLa compa\u00f1\u00eda de seguros de un conductor ebrio puede tratar de asegurarse de que su reclamo por lesiones sea lo m\u00e1s largo, complicado y costoso posible para usted. Pueden usar la intimidaci\u00f3n para tratar de convencerlo de que no contin\u00fae con su reclamo y desalentarlo de buscar el consejo de un abogado litigante experimentado. Las compa\u00f1\u00edas de seguros a menudo niegan la responsabilidad, incluso en casos de responsabilidad clara y conducta escandalosa, mientras que la familia de la parte lesionada enfrenta una vida de dolor, sufrimiento y p\u00e9rdida financiera. Las v\u00edctimas de la negligencia de un conductor ebrio se lo deben a s\u00ed mismas y a la sociedad responsabilizar al conductor ebrio \u00ab.<\/em><\/p>\n<h2>Abogados experimentados en accidentes por conducci\u00f3n en estado de ebriedad<\/h2>\n<p>Tenemos experiencia en representar a v\u00edctimas de accidentes por conducir en estado de ebriedad y ayudarlas a recuperar una compensaci\u00f3n econ\u00f3mica por los da\u00f1os que han sufrido. Si el conductor que caus\u00f3 el accidente estaba legalmente borracho (ten\u00eda un contenido de alcohol en sangre de .08 o m\u00e1s), perseguiremos da\u00f1os punitivos adem\u00e1s de una compensaci\u00f3n por su <a href=\"https:\/\/austinaccidentlawyer.com\/faq\/pain-and-suffering\/\">dolor y sufrimiento<\/a> , gastos m\u00e9dicos, <a href=\"https:\/\/austinaccidentlawyer.com\/lost-wages-due-to-an-injury\/\">p\u00e9rdida de salario<\/a> y <a href=\"https:\/\/austinaccidentlawyer.com\/video\/handling-your-auto-property-damage-claim\/\">da\u00f1os a la propiedad<\/a> .<\/p>\n<p>Ya sea que el conductor ebrio que lo lastim\u00f3 sea castigado o no a trav\u00e9s de la corte penal, usted tiene derecho a una compensaci\u00f3n financiera al presentar una demanda por lesiones personales en la corte civil.<\/p>\n<p>Conducir en estado de ebriedad es la definici\u00f3n misma de <a href=\"https:\/\/austinaccidentlawyer.com\/practice-areas\/negligence\/\">negligencia<\/a> . Aquellos que beben y conducen a sabiendas ponen en riesgo a otros. Hemos visto los tr\u00e1gicos resultados de la imprudente decisi\u00f3n de conducir bajo los efectos de las drogas o el alcohol. Los accidentes por conducir en estado de ebriedad pueden dejar a las v\u00edctimas <a href=\"https:\/\/austinaccidentlawyer.com\/practice-areas\/serious-personal-injury\/\">permanentemente discapacitadas<\/a> , paralizadas, <a href=\"https:\/\/austinaccidentlawyer.com\/practice-areas\/serious-personal-injury\/austin-brain-injury-lawyers\/\">con da\u00f1o cerebral<\/a> o muertas.<\/p>\n<p>Buscamos agresivamente una compensaci\u00f3n en nombre de las v\u00edctimas de accidentes por conducir ebrias. Investigaremos para determinar si el conductor ebrio tuvo alg\u00fan cargo anterior de DWI. \u00bfContinu\u00f3 un bar o restaurante sirviendo alcohol a un cliente obviamente intoxicado que luego caus\u00f3 un accidente? \u00bfEl empleador del conductor ebrio sab\u00eda que el conductor estaba ebrio? Recopilaremos los hechos, determinaremos todas las fuentes de responsabilidad potencial y defenderemos en su nombre.<\/p>\n<p>Si necesita un <strong>abogado de accidentes por conducir ebrio en Texas<\/strong> , comun\u00edquese con nosotros al (512) 246-9191 o complete el formulario al final de esta p\u00e1gina. Cuanto antes se comunique con nosotros, antes podremos empezar a trabajar para usted.<\/p>\n<\/div>\n","protected":false},"excerpt":{"rendered":"<p>Si ha resultado lesionado en un accidente por conducir en estado de ebriedad o si un miembro de su familia falleci\u00f3 por negligencia porque otra persona tom\u00f3 la decisi\u00f3n de beber y conducir, comun\u00edquese hoy con un abogado de The Traub Law Office en Austin, Texas, para una consulta inicial gratuita. y evaluaci\u00f3n de casos.<\/p>\n","protected":false},"author":2,"featured_media":29826,"parent":23598,"menu_order":0,"comment_status":"closed","ping_status":"closed","template":"","meta":{"_analytify_skip_tracking":false,"footnotes":""},"tags":[],"class_list":[],"_links":{"self":[{"href":"https:\/\/austinaccidentlawyer.com\/es\/wp-json\/wp\/v2\/pages\/23450","targetHints":{"allow":["GET"]}}],"collection":[{"href":"https:\/\/austinaccidentlawyer.com\/es\/wp-json\/wp\/v2\/pages"}],"about":[{"href":"https:\/\/austinaccidentlawyer.com\/es\/wp-json\/wp\/v2\/types\/page"}],"author":[{"embeddable":true,"href":"https:\/\/austinaccidentlawyer.com\/es\/wp-json\/wp\/v2\/users\/2"}],"replies":[{"embeddable":true,"href":"https:\/\/austinaccidentlawyer.com\/es\/wp-json\/wp\/v2\/comments?post=23450"}],"version-history":[{"count":0,"href":"https:\/\/austinaccidentlawyer.com\/es\/wp-json\/wp\/v2\/pages\/23450\/revisions"}],"up":[{"embeddable":true,"href":"https:\/\/austinaccidentlawyer.com\/es\/wp-json\/wp\/v2\/pages\/23598"}],"wp:featuredmedia":[{"embeddable":true,"href":"https:\/\/austinaccidentlawyer.com\/es\/wp-json\/wp\/v2\/media\/29826"}],"wp:attachment":[{"href":"https:\/\/austinaccidentlawyer.com\/es\/wp-json\/wp\/v2\/media?parent=23450"}],"wp:term":[{"taxonomy":"post_tag","embeddable":true,"href":"https:\/\/austinaccidentlawyer.com\/es\/wp-json\/wp\/v2\/tags?post=23450"}],"curies":[{"name":"wp","href":"https:\/\/api.w.org\/{rel}","templated":true}]}}