{"id":23453,"date":"2024-04-26T09:56:17","date_gmt":"2024-04-26T14:56:17","guid":{"rendered":"http:\/\/3.131.240.186\/abogado-de-muerte-por-negligencia-muerte-accidental\/"},"modified":"2024-08-07T16:59:59","modified_gmt":"2024-08-07T21:59:59","slug":"abogado-de-muerte-por-negligencia-muerte-accidental","status":"publish","type":"page","link":"https:\/\/austinaccidentlawyer.com\/es\/areas-de-practica\/negligencia\/abogado-de-muerte-por-negligencia-muerte-accidental\/","title":{"rendered":"Abogado de muerte por negligencia \/ muerte accidental"},"content":{"rendered":"<h1>Abogado de muerte por negligencia \/ muerte accidental<\/h1>\n<div style=\"width: 1280px;\" class=\"wp-video\"><video class=\"wp-video-shortcode\" id=\"video-23453-1\" width=\"1280\" height=\"720\" preload=\"metadata\" controls=\"controls\"><source type=\"video\/mp4\" src=\"https:\/\/austinaccidentlawyer.com\/wp-content\/uploads\/2021\/12\/wrongful-death-video.mp4?_=1\" \/><a href=\"https:\/\/austinaccidentlawyer.com\/wp-content\/uploads\/2021\/12\/wrongful-death-video.mp4\">https:\/\/austinaccidentlawyer.com\/wp-content\/uploads\/2021\/12\/wrongful-death-video.mp4<\/a><\/video><\/div>\n<p>Una \u00abmuerte por negligencia\u00bb ocurre cuando una persona muere debido a la <a href=\"https:\/\/austinaccidentlawyer.com\/practice-areas\/negligence\/\">negligencia<\/a> o mala conducta de otra persona, empresa o entidad. Una acci\u00f3n por muerte por negligencia pertenece a los miembros de la familia inmediata del difunto (a menudo llamados \u00abdistribuidos\u00bb). Los distribuidos m\u00e1s comunes son los c\u00f3nyuges e hijos sobrevivientes y, a veces, los padres. Una demanda por muerte por negligencia solo puede ser presentada por el representante personal del patrimonio del difunto, quien querr\u00e1 contratar a un <strong>abogado con experiencia en muerte por negligencia<\/strong> .<\/p>\n<p><img decoding=\"async\" class=\"aligncenter wp-image-23082 size-full\" src=\"https:\/\/austinaccidentlawyer.com\/wp-content\/uploads\/2016\/12\/tombstone-2.jpg\" alt=\"wrongful death attorney\" width=\"640\" height=\"426\" srcset=\"https:\/\/austinaccidentlawyer.com\/wp-content\/uploads\/2016\/12\/tombstone-2.jpg 640w, https:\/\/austinaccidentlawyer.com\/wp-content\/uploads\/2016\/12\/tombstone-2-300x200.jpg 300w, https:\/\/austinaccidentlawyer.com\/wp-content\/uploads\/2016\/12\/tombstone-2-480x320.jpg 480w\" sizes=\"(max-width: 640px) 100vw, 640px\" \/><\/p>\n<p>Como su <em>abogado de homicidio culposo<\/em> , emprenderemos acciones por lesiones personales, dolor y sufrimiento consciente o gastos incurridos antes de la muerte del difunto. Las indemnizaciones por da\u00f1os de estas acciones pertenecen al patrimonio y pueden pasar a diferentes partes seg\u00fan lo indique el testamento del difunto.<\/p>\n<h3>Elementos de una demanda por muerte por negligencia<\/h3>\n<p>Para poder entablar una acci\u00f3n judicial exitosa por homicidio culposo, su <em>abogado<\/em> de homicidio culposo debe probar los siguientes elementos:<\/p>\n<ol>\n<li>La muerte de un ser humano;<\/li>\n<li>Causado por la negligencia de otro;<\/li>\n<li>La supervivencia de los miembros de la familia que est\u00e9n sufriendo da\u00f1os econ\u00f3micos como resultado de la muerte, y;<\/li>\n<li>El nombramiento de un representante personal de la herencia del difunto.<\/li>\n<\/ol>\n<p>Estas son las situaciones m\u00e1s comunes que vemos como <em>abogados de muerte por negligencia<\/em> :<\/p>\n<ul>\n<li>Negligencia m\u00e9dica que resulta en la muerte del difunto;<\/li>\n<li><a href=\"https:\/\/austinaccidentlawyer.com\/practice-areas\/car-accidents\/\">Accidente de coche<\/a> ;<\/li>\n<li><a href=\"https:\/\/austinaccidentlawyer.com\/practice-areas\/truck-accident-lawyer\/\">Accidente de cami\u00f3n<\/a> ;<\/li>\n<li>Accidente de avi\u00f3n;<\/li>\n<li>Exposici\u00f3n ocupacional a condiciones o sustancias peligrosas;<\/li>\n<li>Muerte durante una actividad supervisada.<\/li>\n<\/ul>\n<h3>Da\u00f1os en una demanda por muerte por negligencia<\/h3>\n<p>La lesi\u00f3n pecuniaria o financiera es la principal medida de da\u00f1os en una acci\u00f3n de muerte por negligencia.<\/p>\n<p>Los tribunales han interpretado que las \u00ablesiones pecuniarias\u00bb incluyen la p\u00e9rdida de manutenci\u00f3n, servicios, p\u00e9rdida de perspectiva de herencia y gastos m\u00e9dicos y funerarios. La mayor\u00eda de las leyes establecen que los da\u00f1os y perjuicios otorgados por una muerte por negligencia ser\u00e1n una compensaci\u00f3n justa y equitativa por los da\u00f1os pecuniarios que resultaron de la muerte del difunto. Si los distribuidos pagaron o son responsables del funeral o la atenci\u00f3n m\u00e9dica del difunto, tambi\u00e9n pueden recuperar esos gastos. Finalmente, una indemnizaci\u00f3n por da\u00f1os incluir\u00e1 intereses a partir de la fecha de la muerte del difunto.<\/p>\n<p><strong>Determinaci\u00f3n de la p\u00e9rdida pecuniaria<\/strong><\/p>\n<p>Al determinar la p\u00e9rdida pecuniaria, es relevante considerar:<\/p>\n<ul>\n<li>La edad, car\u00e1cter y condici\u00f3n del difunto;<\/li>\n<li>Su capacidad de generar ingresos;<\/li>\n<li>Esperanza de vida;<\/li>\n<li>Salud e inteligencia; y<\/li>\n<li>Las circunstancias de los distribuidos.<\/li>\n<\/ul>\n<p>Esta determinaci\u00f3n puede parecer sencilla, pero a menudo se convierte en una investigaci\u00f3n complicada, teniendo en cuenta que la medida de los da\u00f1os es una p\u00e9rdida pecuniaria real.  Se tienen que traer especialistas, por lo que es importante contratar a un abogado costoso en homicidio culposo. Por lo general, la consideraci\u00f3n principal al otorgar da\u00f1os y perjuicios son las circunstancias del difunto en el momento de la muerte. Por ejemplo, cuando muere un asalariado adulto con dependientes, las partes principales de la recuperaci\u00f3n son: 1) p\u00e9rdida de ingresos y 2) p\u00e9rdida de la orientaci\u00f3n de los padres. El jurado puede considerar las ganancias del difunto al momento de su muerte, las \u00faltimas ganancias conocidas si est\u00e1 desempleado y las ganancias futuras potenciales.<\/p>\n<p><strong>Ajustes en el premio del jurado<\/strong><\/p>\n<p>En una acci\u00f3n por homicidio culposo, el jurado determina el monto de la indemnizaci\u00f3n por da\u00f1os y perjuicios despu\u00e9s de escuchar la evidencia. Sin embargo, la determinaci\u00f3n del jurado no es la \u00faltima palabra, y el tribunal puede ajustar hacia arriba o hacia abajo el monto del premio por una variedad de razones.<\/p>\n<p>Por ejemplo, si el difunto derrochara habitualmente sus ingresos, esto podr\u00eda reducir la recuperaci\u00f3n de la familia.<\/p>\n<p>De manera similar, los tribunales reducir\u00e1n el premio del jurado si el difunto ten\u00eda bajos ingresos, a pesar de que era joven, ten\u00eda un gran potencial y manten\u00eda a varios ni\u00f1os.<\/p>\n<p>Al mismo tiempo, un jurado puede otorgar ganancias perdidas a pesar de que el difunto haya estado desempleado, si hab\u00eda trabajado en el pasado y si el demandante present\u00f3 evidencia de los ingresos promedio del difunto mientras estaba empleado.<\/p>\n<p>Si el demandante no presenta tal evidencia de las ganancias promedio del difunto, el tribunal puede anular la indemnizaci\u00f3n por da\u00f1os del jurado y ordenar un nuevo juicio.<\/p>\n<p><strong>Uso del testimonio de expertos para determinar la p\u00e9rdida pecuniaria<\/strong><\/p>\n<p><img decoding=\"async\" class=\"aligncenter wp-image-23083 size-full\" src=\"https:\/\/austinaccidentlawyer.com\/wp-content\/uploads\/2016\/12\/accountant-2.jpg\" alt=\"accidental death attorney\" width=\"640\" height=\"377\" srcset=\"https:\/\/austinaccidentlawyer.com\/wp-content\/uploads\/2016\/12\/accountant-2.jpg 640w, https:\/\/austinaccidentlawyer.com\/wp-content\/uploads\/2016\/12\/accountant-2-300x177.jpg 300w, https:\/\/austinaccidentlawyer.com\/wp-content\/uploads\/2016\/12\/accountant-2-480x283.jpg 480w\" sizes=\"(max-width: 640px) 100vw, 640px\" \/><\/p>\n<p>Los demandantes pueden presentar testimonio experto de economistas para establecer el valor del difunto para su familia. Hasta hace poco, este testimonio no era admisible cuando fallec\u00eda un <strong>ama<\/strong> de casa, pero esa regla ha cambiado. Cuando el difunto es un ama de casa que no estaba empleada fuera del hogar, el impacto financiero en los sobrevivientes no implicar\u00e1 una p\u00e9rdida de ingresos, sino un aumento de los gastos para continuar con los servicios que estaba brindando o habr\u00eda brindado si hubiera vivido. Debido a que los miembros del jurado pueden no estar informados sobre el valor monetario de los servicios de un ama de casa, los expertos pueden ayudar al jurado en esta evaluaci\u00f3n.<\/p>\n<p><strong>Da\u00f1os punitivos<\/strong><\/p>\n<p>Los da\u00f1os punitivos se otorgan en casos de irregularidades graves o maliciosas para castigar al infractor o disuadir a otros de comportarse de manera similar. En la mayor\u00eda de los estados, es posible que un demandante no recupere da\u00f1os punitivos en una acci\u00f3n de muerte por negligencia. Sin embargo, hay algunos estados que tienen estatutos espec\u00edficos que permiten la recuperaci\u00f3n de da\u00f1os punitivos. En los estados que no permiten ni proh\u00edben expl\u00edcitamente da\u00f1os punitivos en acciones de muerte por negligencia, los tribunales han declarado permisibles los da\u00f1os punitivos. Un abogado podr\u00e1 aconsejarle si su estado permite da\u00f1os punitivos.<\/p>\n<p><strong>Acciones de supervivencia por lesiones personales<\/strong><\/p>\n<p>Adem\u00e1s de los da\u00f1os por muerte por negligencia, los beneficiarios pueden recuperar los da\u00f1os por da\u00f1os personales al difunto. Estos se denominan \u00abacciones de supervivencia\u00bb, ya que la acci\u00f3n de lesiones personales sobrevive a la persona que sufri\u00f3 la lesi\u00f3n. El representante personal del difunto puede entablar una acci\u00f3n de este tipo junto con la acci\u00f3n de muerte por negligencia, en beneficio de la herencia del difunto.<\/p>\n<p>En una acci\u00f3n de supervivencia por el dolor y sufrimiento consciente de un difunto, el jurado puede realizar varias indagaciones para determinar el monto de los da\u00f1os, que incluyen: 1) el grado de conciencia; 2) severidad del dolor; y, 3) aprensi\u00f3n de la muerte inminente, junto con la duraci\u00f3n de tal sufrimiento.<\/p>\n<h2>Abogado experimentado en muerte por negligencia<\/h2>\n<p>Si alguien que amaba fue asesinado y est\u00e1 buscando un <strong>abogado de homicidio culposo en Texas<\/strong> , podemos ayudarlo.  Comun\u00edquese con nosotros de inmediato para que podamos ponernos manos a la obra para su familia. Llame al (512) 246-9191 o complete el formulario a continuaci\u00f3n.<\/p>\n","protected":false},"excerpt":{"rendered":"<p>Una \u00abmuerte por negligencia\u00bb ocurre cuando una persona muere debido a la negligencia o mala conducta de otra persona, empresa o entidad. Una acci\u00f3n por muerte por negligencia pertenece a los miembros de la familia inmediata del difunto.<\/p>\n","protected":false},"author":2,"featured_media":29940,"parent":23652,"menu_order":0,"comment_status":"closed","ping_status":"closed","template":"","meta":{"_analytify_skip_tracking":false,"footnotes":""},"tags":[],"class_list":["post-23453","page","type-page","status-publish","has-post-thumbnail","hentry"],"_links":{"self":[{"href":"https:\/\/austinaccidentlawyer.com\/es\/wp-json\/wp\/v2\/pages\/23453","targetHints":{"allow":["GET"]}}],"collection":[{"href":"https:\/\/austinaccidentlawyer.com\/es\/wp-json\/wp\/v2\/pages"}],"about":[{"href":"https:\/\/austinaccidentlawyer.com\/es\/wp-json\/wp\/v2\/types\/page"}],"author":[{"embeddable":true,"href":"https:\/\/austinaccidentlawyer.com\/es\/wp-json\/wp\/v2\/users\/2"}],"replies":[{"embeddable":true,"href":"https:\/\/austinaccidentlawyer.com\/es\/wp-json\/wp\/v2\/comments?post=23453"}],"version-history":[{"count":0,"href":"https:\/\/austinaccidentlawyer.com\/es\/wp-json\/wp\/v2\/pages\/23453\/revisions"}],"up":[{"embeddable":true,"href":"https:\/\/austinaccidentlawyer.com\/es\/wp-json\/wp\/v2\/pages\/23652"}],"wp:featuredmedia":[{"embeddable":true,"href":"https:\/\/austinaccidentlawyer.com\/es\/wp-json\/wp\/v2\/media\/29940"}],"wp:attachment":[{"href":"https:\/\/austinaccidentlawyer.com\/es\/wp-json\/wp\/v2\/media?parent=23453"}],"wp:term":[{"taxonomy":"post_tag","embeddable":true,"href":"https:\/\/austinaccidentlawyer.com\/es\/wp-json\/wp\/v2\/tags?post=23453"}],"curies":[{"name":"wp","href":"https:\/\/api.w.org\/{rel}","templated":true}]}}