{"id":23454,"date":"2024-04-26T09:56:19","date_gmt":"2024-04-26T14:56:19","guid":{"rendered":"http:\/\/3.131.240.186\/abogados-de-accidentes-de-camiones\/"},"modified":"2026-04-20T16:59:17","modified_gmt":"2026-04-20T21:59:17","slug":"abogados-de-accidentes-de-camiones","status":"publish","type":"page","link":"https:\/\/austinaccidentlawyer.com\/es\/areas-de-practica\/abogados-de-accidentes-de-camiones\/","title":{"rendered":"Abogados de accidentes de camiones"},"content":{"rendered":"<h1>Abogados de accidentes de camiones<\/h1>\n<h2>Abogados experimentados en accidentes de camiones<\/h2>\n<p>Como <strong>abogados con experiencia en accidentes de camiones que<\/strong> ejercen en Austin, Texas, hemos visto de primera mano las lesiones catastr\u00f3ficas que han sufrido nuestros clientes porque el conductor del cami\u00f3n no estaba prestando atenci\u00f3n, estaba cansado o incluso borracho.<\/p>\n<h3>500,000 accidentes de camiones cada a\u00f1o en los EE. UU.<\/h3>\n<p><img decoding=\"async\" class=\"alignnone wp-image-23049 size-full\" src=\"https:\/\/austinaccidentlawyer.com\/wp-content\/uploads\/2011\/04\/Semi_Truck_620818-182x182-4.jpg\" alt=\"imagen de abogado de accidentes de cami\u00f3n\" width=\"182\" height=\"182\" srcset=\"https:\/\/austinaccidentlawyer.com\/wp-content\/uploads\/2011\/04\/Semi_Truck_620818-182x182-4.jpg 182w, https:\/\/austinaccidentlawyer.com\/wp-content\/uploads\/2011\/04\/Semi_Truck_620818-182x182-4-150x150.jpg 150w\" sizes=\"(max-width: 182px) 100vw, 182px\" \/><\/p>\n<p>Un accidente de cami\u00f3n ocurre cuando grandes remolques (m\u00e1s de 10,000 libras) chocan con otros veh\u00edculos o peatones. Alrededor de 500.000 accidentes de camiones ocurren cada a\u00f1o en los Estados Unidos. De estos, aproximadamente <strong>5,000 accidentes de camiones resultan en muertes<\/strong> . De hecho, una de cada ocho <a href=\"https:\/\/austinaccidentlawyer.com\/practice-areas\/wrongful-death-attorney\/\">muertes por accidentes de tr\u00e1nsito<\/a> involucra una colisi\u00f3n de camiones. Si ha resultado lesionado por un cami\u00f3n de 18 ruedas, definitivamente debe contratar <em>abogados con experiencia en accidentes de camiones<\/em> .<\/p>\n<h2>Datos de accidentes de camiones<\/h2>\n<p>En 2002, 434,000 camiones grandes (peso bruto vehicular superior a 10,000 libras) estuvieron involucrados en choques de tr\u00e1nsito en los Estados Unidos; 4.542 estuvieron involucrados en choques fatales. Un total de 4.897 personas murieron (el 11 por ciento de todas las muertes de tr\u00e1nsito reportadas en 2002) y otras 130.000 resultaron heridas en esos choques, muchos de ellos hospitalizados.<\/p>\n<p><!--more--><\/p>\n<p>Los hechos:<\/p>\n<ul>\n<li>Una de cada nueve muertes por accidentes de tr\u00e1nsito en 2002 fue el resultado de una colisi\u00f3n que involucr\u00f3 a un cami\u00f3n grande.<\/li>\n<li>De las muertes que resultaron de choques que involucraron camiones grandes, el 79 por ciento eran ocupantes de otro veh\u00edculo, el 7 por ciento eran no ocupantes y el 14 por ciento eran ocupantes de un cami\u00f3n grande.<\/li>\n<li>De las lesiones que resultaron de choques con camiones grandes, el 77 por ciento eran ocupantes de otro veh\u00edculo, el 3 por ciento eran no ocupantes y el 20 por ciento eran ocupantes de un cami\u00f3n grande.<\/li>\n<li>Los camiones grandes tienen muchas m\u00e1s probabilidades de verse involucrados en un accidente fatal de varios veh\u00edculos en lugar de un accidente fatal de un solo veh\u00edculo que los veh\u00edculos de pasajeros (84 por ciento de todos los camiones grandes involucrados en choques fatales, en comparaci\u00f3n con el 61 por ciento de todos los veh\u00edculos de pasajeros) .<\/li>\n<li>En el 29 por ciento de los choques fatales de dos veh\u00edculos que involucraron un cami\u00f3n grande y otro tipo de veh\u00edculo, ambos veh\u00edculos fueron impactados en la parte delantera. El cami\u00f3n fue golpeado en la parte trasera con casi 2,5 veces m\u00e1s frecuencia que el otro veh\u00edculo (17 por ciento y 7 por ciento, respectivamente).<\/li>\n<\/ul>\n<h2>Por qu\u00e9 necesita abogados con experiencia en accidentes de camiones<\/h2>\n<p><img decoding=\"async\" class=\"alignnone wp-image-26903 size-medium\" src=\"https:\/\/austinaccidentlawyer.com\/wp-content\/uploads\/2023\/01\/Andrew_Traub_Website-300x242.jpg\" alt=\"\" width=\"300\" height=\"242\" srcset=\"https:\/\/austinaccidentlawyer.com\/wp-content\/uploads\/2023\/01\/Andrew_Traub_Website-300x242.jpg 300w, https:\/\/austinaccidentlawyer.com\/wp-content\/uploads\/2023\/01\/Andrew_Traub_Website.jpg 474w\" sizes=\"(max-width: 300px) 100vw, 300px\" \/><\/p>\n<p>Los accidentes de camiones a menudo terminan en muertes o <a href=\"https:\/\/austinaccidentlawyer.com\/practice-areas\/serious-personal-injury\/\">lesiones graves y, a veces, permanentes<\/a> . Las compa\u00f1\u00edas de camiones y sus compa\u00f1\u00edas de seguros generalmente ofrecen poca ayuda a las v\u00edctimas de un accidente de cami\u00f3n. <strong>Las demandas por accidentes de camiones son muy costosas<\/strong> tanto para la v\u00edctima como para la compa\u00f1\u00eda involucrada y, a menudo, la compa\u00f1\u00eda de camiones intentar\u00e1 resolver el caso por centavos de d\u00f3lar. <em>Los abogados con experiencia en accidentes de camiones<\/em> pueden ayudarlo a nivelar el campo de juego para que pueda llegar a un acuerdo justo y equitativo.<\/p>\n<p>La mayor\u00eda de las muertes y lesiones involucran a los pasajeros de los veh\u00edculos, mientras que los conductores de los remolques de los tractores generalmente escapan de las colisiones de camiones con pocas o ninguna lesi\u00f3n personal.<\/p>\n<p>Debido al gran tama\u00f1o de los camiones, un accidente de cami\u00f3n de 18 ruedas puede poner en gran peligro la vida de otros veh\u00edculos m\u00e1s peque\u00f1os innecesariamente cuando los operadores de tractocamiones no consideran la prevenci\u00f3n de accidentes adecuada.<\/p>\n<p>Las lesiones causadas por camiones se pueden prevenir si los conductores de veh\u00edculos de pasajeros tienen especial cuidado al conducir cerca de tractocamiones. Si ocurre una colisi\u00f3n con un cami\u00f3n, registre la mayor cantidad de informaci\u00f3n posible, incluidos los nombres y la informaci\u00f3n de contacto de los testigos.<\/p>\n<h2><strong> Causas comunes de un accidente de cami\u00f3n de 18 ruedas:<\/strong><\/h2>\n<ul type=\"disc\">\n<li>No adaptarse adecuadamente a los puntos ciegos<\/li>\n<li>Fallo de freno<\/li>\n<li>Escombros o art\u00edculos en la carretera.<\/li>\n<li>Agotamiento o fatiga por parte del conductor<\/li>\n<li>Velocidad excesiva e incumplimiento de las reglas de la carretera.<\/li>\n<li>Rotura o separaci\u00f3n de neum\u00e1ticos<\/li>\n<li><a href=\"https:\/\/austinaccidentlawyer.com\/practice-areas\/drunk-driving-accident-lawyer\/\">Conducir bajo la influencia de drogas o alcohol.<\/a><\/li>\n<li>Carga no asegurada o desplazamiento de carga en la secci\u00f3n de carga \u00fatil<\/li>\n<li>Pr\u00e1cticas de conducci\u00f3n inseguras<\/li>\n<\/ul>\n<p>Hay muchas razones por las que los accidentes de camiones de 18 ruedas son tan catastr\u00f3ficos. La presi\u00f3n por la velocidad y la eficiencia por parte de las empresas de camiones y la <a href=\"https:\/\/austinaccidentlawyer.com\/safety\/truck-safety-rules-weakened\/\">desregulaci\u00f3n de la industria<\/a> son dos factores importantes: los conductores de 18 ruedas generalmente deben trabajar muchas horas con poco o nada de sue\u00f1o. Los camiones grandes rompen constantemente el l\u00edmite de velocidad para entregar mercanc\u00edas r\u00e1pidamente, lo que agrega combustible a un incendio que ya es peligroso. El tama\u00f1o de un cami\u00f3n de 18 ruedas genera un impacto masivo y dificulta la capacidad del cami\u00f3n para hacer paradas repentinas. Los resultados suelen ser fatales.<\/p>\n<h2>Abogados de accidentes de camiones grandes<\/h2>\n<p><img decoding=\"async\" class=\"alignnone wp-image-27231 size-medium\" src=\"https:\/\/austinaccidentlawyer.com\/wp-content\/uploads\/2023\/04\/mon140076-300x200.jpg\" alt=\"\" width=\"300\" height=\"200\" srcset=\"https:\/\/austinaccidentlawyer.com\/wp-content\/uploads\/2023\/04\/mon140076-300x200.jpg 300w, https:\/\/austinaccidentlawyer.com\/wp-content\/uploads\/2023\/04\/mon140076-768x513.jpg 768w, https:\/\/austinaccidentlawyer.com\/wp-content\/uploads\/2023\/04\/mon140076.jpg 800w\" sizes=\"(max-width: 300px) 100vw, 300px\" \/><\/p>\n<p>De manera alarmante, los accidentes de camiones grandes han aumentado cada a\u00f1o a medida que la conducci\u00f3n insegura, las cargas de gran tama\u00f1o y varias otras pr\u00e1cticas traicioneras ponen en peligro al p\u00fablico y a los operadores de camiones. Debido a la codicia comercial y la presi\u00f3n de las empresas de camiones para entregar mercanc\u00edas lo m\u00e1s r\u00e1pido posible, as\u00ed como a la desregulaci\u00f3n de la industria de camiones, este tipo de accidentes representan una de cada ocho muertes de tr\u00e1nsito. Este intenso sentido de urgencia resulta ser mortal: las estad\u00edsticas federales de accidentes han determinado que el <a href=\"https:\/\/austinaccidentlawyer.com\/safety\/dangers-speeding\/\"><strong>20% de los accidentes con plataformas grandes se deben a una velocidad excesiva<\/strong><\/a> .<\/p>\n<p>Los accidentes con camiones grandes son especialmente peligrosos para los veh\u00edculos cercanos. Debido al gran tama\u00f1o de los camiones, un accidente de cami\u00f3n puede poner en gran peligro la vida de otros veh\u00edculos m\u00e1s peque\u00f1os innecesariamente cuando los operadores de camiones no consideran la prevenci\u00f3n adecuada de accidentes de cami\u00f3n. De hecho, la mayor\u00eda de las muertes y lesiones involucran a pasajeros de veh\u00edculos; los conductores de camiones generalmente escapan de accidentes de camiones con pocas o ninguna lesi\u00f3n personal.<\/p>\n<p>Existen leyes y regulaciones \u00fanicas que est\u00e1n dise\u00f1adas espec\u00edficamente para proteger a los automovilistas de las acciones negligentes de los conductores de camiones y las empresas de transporte, pero la culpa debe probarse de manera agresiva. Es extremadamente importante contar con un abogado con experiencia y conocimiento que pueda examinar meticulosamente todos los registros y registros previos al accidente para <a href=\"https:\/\/austinaccidentlawyer.com\/es\/areas-de-practica\/negligencia\/\">demostrar la negligencia del conductor<\/a> .<\/p>\n<h2>Accidentes de camiones interestatales<\/h2>\n<p>A medida que las carreteras interestatales de nuestra naci\u00f3n crecen exponencialmente para mantenerse al d\u00eda con la gran expansi\u00f3n de la poblaci\u00f3n de viajes comerciales y recreativos, los accidentes de camiones se han convertido en casi una epidemia. La combinaci\u00f3n de velocidades interestatales incre\u00edblemente r\u00e1pidas y el tama\u00f1o monstruoso de estos camiones (un cami\u00f3n de plataforma grande generalmente pesa 80,000 libras y mide entre 67 y 75 pies de largo) es una receta vol\u00e1til y mortal para el desastre.<\/p>\n<p>La presencia de estos camiones en las carreteras interestatales contin\u00faa creciendo: aproximadamente el 7% de todas las millas de veh\u00edculos conducidas en la naci\u00f3n las hacen conductores de camiones grandes en la actualidad. A medida que aumenta la competencia por los contratos de transporte por carretera (el a\u00f1o pasado se registraron m\u00e1s de 200.000 camiones nuevos), los conductores se ven sometidos a una mayor presi\u00f3n para entregar sus mercanc\u00edas m\u00e1s r\u00e1pido, incluso si eso significa falsificar los libros de registro y violar la ley. La fatiga tambi\u00e9n se convierte en un gran problema: en una encuesta reciente, casi el 20% de los camioneros admitieron haberse quedado dormidos al volante al menos una vez en el per\u00edodo de tres meses anterior.<\/p>\n<p>Si ha sobrevivido a un accidente de cami\u00f3n interestatal, ya ha pasado por bastante. El dolor de las lesiones combinado con una monta\u00f1a de facturas m\u00e9dicas puede ser abrumador y usted debe ser compensado por su sufrimiento.<\/p>\n<h2>Accidentes por revent\u00f3n de ruedas<\/h2>\n<p>Cuando la banda de rodadura de la llanta se vuelve defectuosa o vieja, puede haber una falla o ruptura repentina de la llanta, causando una p\u00e9rdida de control extremadamente peligrosa y r\u00e1pida como un rel\u00e1mpago. Esto luego hace que la parte trasera del cami\u00f3n se balancee hacia afuera o \u00abcola de pez\u00bb, lo que hace que el veh\u00edculo patine y se deslice hacia los lados en la direcci\u00f3n de la marcha. Cuando esto ocurre, el cami\u00f3n a menudo puede tropezar y volar por el aire, provocando un vuelco. Un revent\u00f3n tambi\u00e9n puede hacer que el cami\u00f3n deje de moverse violentamente, dejando un amontonamiento mortal detr\u00e1s de \u00e9l.<\/p>\n<p>Si se lesion\u00f3 en un accidente de explosi\u00f3n de una rueda, puede recibir una compensaci\u00f3n monetaria por su sufrimiento. Ya sea que el accidente sea causado por materiales defectuosos o negligencia del conductor, usted tiene derecho a contraatacar. No pierda tiempo antes de buscar reparaciones leg\u00edtimas por su p\u00e9rdida.<\/p>\n<h2>Accidentes de Jack Knife<\/h2>\n<p>Los accidentes de camiones con navajas son especialmente peligrosos, tanto para el conductor como para los pasajeros o peatones cercanos. Una navaja se refiere a la situaci\u00f3n peligrosa que ocurre cuando un cami\u00f3n grande de 18 ruedas patina y el remolque se balancea y se detiene para formar un \u00e1ngulo de 90 grados entre s\u00ed. Las posibilidades de que este terrible dilema aumente en las inclemencias del tiempo: la navaja generalmente ocurre cuando las ruedas motrices se bloquean cuando alcanzan un punto resbaladizo mientras las ruedas delanteras y el remolque siguen avanzando. Estos accidentes horriblemente destructivos pueden incluso causar m\u00faltiples choques de autom\u00f3viles en la autopista, a menudo con muchas v\u00edctimas.<\/p>\n<p>Si ha sido v\u00edctima de un accidente de cami\u00f3n, no pierda tiempo antes de buscar la reparaci\u00f3n que se merece por vivir un evento tan traum\u00e1tico. Los abogados de accidentes de camiones con experiencia y conocimientos pueden ayudarlo a maniobrar a trav\u00e9s del complejo sistema legal para luchar por su compensaci\u00f3n.<\/p>\n<h2>Accidentes de camiones debajo del paseo<\/h2>\n<p>Los accidentes de tractor-remolque debajo de la conducci\u00f3n ocurren cuando un veh\u00edculo de pasajeros golpea la parte trasera de un cami\u00f3n cuya base es m\u00e1s alta que el autom\u00f3vil, lo que pone en particular peligro a los autom\u00f3viles de pasajeros familiares peque\u00f1os. Estos accidentes ocurren porque la altura de la parte delantera del autom\u00f3vil es demasiado peque\u00f1a para golpear la caja del cami\u00f3n, a menudo cayendo de 10 a 20 pulgadas por debajo. Esta discrepancia de altura coloca la plataforma del cami\u00f3n justo al nivel de la cabeza y el pecho de los pasajeros dentro del autom\u00f3vil, y las lesiones en estos accidentes tienden a ser catastr\u00f3ficas, si no fatales.<\/p>\n<p>Conducir con negligencia es peligroso, pero <a href=\"https:\/\/austinaccidentlawyer.com\/practice-areas\/distracted-driver\/\">la falta de atenci\u00f3n al conducir un cami\u00f3n<\/a> puede ser especialmente mortal. No hay excusa para la muerte innecesaria de miles de personas inocentes y no deber\u00eda ser responsable econ\u00f3micamente por el comportamiento peligroso de otra persona.<\/p>\n<h2>Accidentes de conductores de camiones da\u00f1ados<\/h2>\n<p>Cada a\u00f1o, miles de automovilistas y conductores de grandes camiones mueren o quedan mutilados por la operaci\u00f3n negligente de los camiones. Una de las caracter\u00edsticas m\u00e1s comunes y deplorables de estos accidentes mortales es la discapacidad del conductor. En 1999, la Administraci\u00f3n Nacional de Seguridad del Tr\u00e1fico en las Carreteras estim\u00f3 que el 30 por ciento de todas las muertes por accidentes de tr\u00e1nsito ocurrieron en accidentes en los que al menos un conductor o un no ocupante tiene un BAC de .10 o m\u00e1s y al menos algunos <a href=\"https:\/\/austinaccidentlawyer.com\/practice-areas\/drunk-driving-accident-lawyer\/\">el alcohol estuvo presente en el 38% de todos los accidentes fatales<\/a> , una estad\u00edstica especialmente preocupante en relaci\u00f3n con los accidentes de camiones.<\/p>\n<p>Desafortunadamente, el alcohol no es la \u00fanica sustancia mortal que conduce a este tipo de accidentes. Un estudio realizado por el Instituto de Seguros para la Seguridad del Tr\u00e1fico (IITS) de los conductores de tractocamiones interestatales encontr\u00f3 que el 15% de todos los conductores consum\u00edan marihuana, el 12% consum\u00edan estimulantes de venta libre, el 5% consum\u00edan estimulantes recetados, el 2% consum\u00eda coca\u00edna y menos de El 1% ten\u00eda alcohol en sus sistemas. Debido a la intensa presi\u00f3n por la eficiencia del tiempo, una investigaci\u00f3n de la Junta Nacional de Seguridad en el Transporte de accidentes de camiones fatales encontr\u00f3 que los estimulantes eran la clase de droga no identificada con mayor frecuencia (15%) entre los conductores de camiones con lesiones fatales.<\/p>\n<p>Conducir en estado de ebriedad es inexcusable y mortal, y los riesgos aumentan para los conductores de camiones. Si ha resultado lesionado por un accidente debido a un conductor de cami\u00f3n ebrio, merece ser compensado correctamente por su experiencia traum\u00e1tica. Los abogados con experiencia en accidentes de camiones pueden ayudarlo a maximizar las reparaciones que recibe por su sufrimiento.<\/p>\n<hr \/>\n<p>Si estuvo involucrado en un <strong>accidente de cami\u00f3n,<\/strong> llame a la oficina legal de Traub al (512) 246-9191 para hablar con un abogado hoy.<\/p>\n","protected":false},"excerpt":{"rendered":"<p>Si ha sobrevivido a un golpe o lesionado por un accidente de cami\u00f3n de 18 ruedas solo para quedar con lesiones costosas y dolorosas, merece ayuda.<\/p>\n<p>Un abogado con experiencia en accidentes puede ayudarlo a maximizar las reparaciones que recibe por su sufrimiento.<\/p>\n","protected":false},"author":2,"featured_media":29855,"parent":34924,"menu_order":0,"comment_status":"closed","ping_status":"closed","template":"","meta":{"_analytify_skip_tracking":false,"footnotes":""},"tags":[],"class_list":["post-23454","page","type-page","status-publish","has-post-thumbnail","hentry"],"_links":{"self":[{"href":"https:\/\/austinaccidentlawyer.com\/es\/wp-json\/wp\/v2\/pages\/23454","targetHints":{"allow":["GET"]}}],"collection":[{"href":"https:\/\/austinaccidentlawyer.com\/es\/wp-json\/wp\/v2\/pages"}],"about":[{"href":"https:\/\/austinaccidentlawyer.com\/es\/wp-json\/wp\/v2\/types\/page"}],"author":[{"embeddable":true,"href":"https:\/\/austinaccidentlawyer.com\/es\/wp-json\/wp\/v2\/users\/2"}],"replies":[{"embeddable":true,"href":"https:\/\/austinaccidentlawyer.com\/es\/wp-json\/wp\/v2\/comments?post=23454"}],"version-history":[{"count":0,"href":"https:\/\/austinaccidentlawyer.com\/es\/wp-json\/wp\/v2\/pages\/23454\/revisions"}],"up":[{"embeddable":true,"href":"https:\/\/austinaccidentlawyer.com\/es\/wp-json\/wp\/v2\/pages\/34924"}],"wp:featuredmedia":[{"embeddable":true,"href":"https:\/\/austinaccidentlawyer.com\/es\/wp-json\/wp\/v2\/media\/29855"}],"wp:attachment":[{"href":"https:\/\/austinaccidentlawyer.com\/es\/wp-json\/wp\/v2\/media?parent=23454"}],"wp:term":[{"taxonomy":"post_tag","embeddable":true,"href":"https:\/\/austinaccidentlawyer.com\/es\/wp-json\/wp\/v2\/tags?post=23454"}],"curies":[{"name":"wp","href":"https:\/\/api.w.org\/{rel}","templated":true}]}}