{"id":23457,"date":"2024-04-26T09:56:23","date_gmt":"2024-04-26T14:56:23","guid":{"rendered":"http:\/\/3.131.240.186\/abogados-de-accidentes-de-peatones\/"},"modified":"2024-08-07T16:59:32","modified_gmt":"2024-08-07T21:59:32","slug":"abogados-de-accidentes-de-peatones","status":"publish","type":"page","link":"https:\/\/austinaccidentlawyer.com\/es\/areas-de-practica\/abogados-de-accidentes-automovilisticos-en-austin\/abogados-de-accidentes-de-peatones\/","title":{"rendered":"Abogados de accidentes de peatones"},"content":{"rendered":"<h1>Abogados de accidentes de peatones<\/h1>\n<p>Seg\u00fan los CDC , en 2015, 5.376 peatones <a href=\"https:\/\/austinaccidentlawyer.com\/practice-areas\/wrongful-death-attorney\/\">murieron en accidentes de tr\u00e1fico<\/a> en los Estados Unidos. Esto promedia la muerte de un peat\u00f3n relacionada con un choque cada 1.6 horas. Adem\u00e1s, casi 129.000 peatones fueron tratados en los departamentos de emergencia por lesiones no mortales relacionadas con accidentes en 2015.Los peatones tienen 1,5 veces m\u00e1s probabilidades que los ocupantes de veh\u00edculos de pasajeros de morir en un accidente automovil\u00edstico en cada viaje.<\/p>\n<p>El mantenimiento deficiente de la propiedad, los defectos de la acera o el estacionamiento y \/ o la construcci\u00f3n u otros escombros en los pasillos causan o contribuyen a estos accidentes. Si ha resultado lesionado, nuestros abogados con experiencia en accidentes de peatones pueden ayudarlo.<\/p>\n<p>Ya sea que un veh\u00edculo o un defecto de la propiedad provoque un accidente o una lesi\u00f3n, un peat\u00f3n puede recuperar los da\u00f1os por las lesiones sufridas si la negligencia de otra persona caus\u00f3 o contribuy\u00f3 al incidente. <a href=\"https:\/\/austinaccidentlawyer.com\/practice-areas\/negligence\/\">La negligencia<\/a> es el t\u00e9rmino legal para el no hacer (o no hacer) algo que una persona razonable har\u00eda, en una situaci\u00f3n similar, para proteger a otros de riesgos previsibles.<\/p>\n<p>Para establecer negligencia en un accidente peatonal, la persona lesionada (el \u00abdemandante\u00bb) debe probar que la persona culpable (el \u00abacusado\u00bb):<\/p>\n<ul>\n<li>Ten\u00eda un deber legal para con el demandante dadas las circunstancias; y<\/li>\n<li>No cumpli\u00f3 (\u00abviol\u00f3\u00bb) ese deber legal a trav\u00e9s de una conducta o acci\u00f3n (o por no actuar); y<\/li>\n<li>Caus\u00f3 un accidente o lesi\u00f3n que involucr\u00f3 al demandante; y<\/li>\n<li>Da\u00f1\u00f3 o lesion\u00f3 al demandante como resultado.<\/li>\n<\/ul>\n<p>El resultado de cada caso depender\u00e1 de un an\u00e1lisis cuidadoso de los hechos de cada accidente en relaci\u00f3n con cada uno de estos elementos esenciales. Cuando ocurre una lesi\u00f3n a un peat\u00f3n, puede haber m\u00e1s de una parte con responsabilidad legal por el accidente. Dependiendo de las circunstancias del accidente, las personas con responsabilidad potencial incluyen:<\/p>\n<ul>\n<li>El conductor de un veh\u00edculo que golpea a un peat\u00f3n;<\/li>\n<li>La parte responsable del mantenimiento de la acera, calzada o estacionamiento donde ocurri\u00f3 el accidente;<\/li>\n<li>El propio peat\u00f3n.<\/li>\n<\/ul>\n<p>La participaci\u00f3n temprana de abogados de accidentes de peatones con experiencia en ayudar a personas lesionadas es la mejor manera de evaluar y proteger cualquier reclamo legal potencial.<\/p>\n<p><strong>Peat\u00f3n &#8211; Accidentes de veh\u00edculos<\/strong><\/p>\n<p>Por lo general, cualquier recuperaci\u00f3n en un caso de negligencia de peatones que involucre un veh\u00edculo de motor depender\u00e1 del deber de cuidado exacto que deben los involucrados. Tanto los conductores como los peatones deben cumplir con las leyes de la carretera y ejercer un cuidado razonable. En muchos casos, puede parecer obvio qui\u00e9n fue descuidado o negligente, pero los tribunales consideran una serie de factores al aplicar los hechos de cada caso a los elementos de una demanda por \u00abnegligencia\u00bb. Es posible que se requiera que una persona que opere un veh\u00edculo de manera negligente <a href=\"https:\/\/austinaccidentlawyer.com\/faq\/pain-and-suffering\/\">pague los da\u00f1os personales y materiales causados por esa negligencia<\/a> .<\/p>\n<p><em>Deber de cuidado del conductor<\/em><\/p>\n<p>Generalmente, las personas que operan autom\u00f3viles deben tener \u00abun cuidado razonable dadas las circunstancias\u00bb. Cualquier falta de cuidado razonable se considera negligencia. Algunos de los factores m\u00e1s comunes que contribuyen a la negligencia del conductor son:<\/p>\n<ul>\n<li><a href=\"https:\/\/austinaccidentlawyer.com\/practice-areas\/distracted-driver\/\">Un conductor distra\u00eddo o preocupado<\/a><\/li>\n<li><a href=\"https:\/\/austinaccidentlawyer.com\/blog\/safety\/dangers-speeding\/\">El incumplimiento de un conductor de los l\u00edmites de velocidad publicados<\/a><\/li>\n<li>La falta de un conductor de ceder el paso a los peatones en los cruces de peatones marcados<\/li>\n<li><a href=\"https:\/\/austinaccidentlawyer.com\/practice-areas\/distracted-driver\/running-red-light-accident\/\">Desobedecer las se\u00f1ales o se\u00f1ales de tr\u00e1fico.<\/a><\/li>\n<li>No se\u00f1alizar al girar<\/li>\n<li>Sin tener en cuenta el clima o las condiciones del tr\u00e1fico<\/li>\n<li><a href=\"https:\/\/austinaccidentlawyer.com\/practice-areas\/drunk-driving-accident-lawyer\/\">Conducir bajo la influencia de drogas o alcohol.<\/a><\/li>\n<\/ul>\n<p><em>Deber de cuidado especial del conductor hacia los ni\u00f1os<\/em><\/p>\n<p>Los ni\u00f1os de entre 5 y 9 a\u00f1os corren el mayor riesgo de ser atropellados por un veh\u00edculo motorizado. Los ni\u00f1os son m\u00e1s peque\u00f1os y menos visibles y su conducta es impredecible. La ley impone un mayor deber de cuidado a los conductores cuando se trata de ni\u00f1os. La mera presencia de ni\u00f1os es una advertencia de peligro para que el conductor ejerza mayor cuidado. Por lo tanto, el conductor de un veh\u00edculo de motor debe tener un mayor grado de cuidado cuando sabe o debe saber que hay ni\u00f1os peque\u00f1os jugando en el \u00e1rea inmediata. Esto es especialmente cierto cuando uno conduce en las cercan\u00edas de una escuela y distritos residenciales donde se sabe que los ni\u00f1os juegan.<\/p>\n<p><em>Deber de cuidado del peat\u00f3n<\/em><\/p>\n<p>Un peat\u00f3n debe tener un cuidado razonable por su propia seguridad. El cuidado requerido del peat\u00f3n debe ser proporcional al peligro a evitar y las consecuencias que puedan anticiparse razonablemente. Se puede evaluar la <a href=\"https:\/\/austinaccidentlawyer.com\/faq\/negligence-determined-legally\/\">negligencia contributiva<\/a> contra un peat\u00f3n si no ejerci\u00f3 tal cuidado y contribuy\u00f3 directamente a la causa de sus propias lesiones.<\/p>\n<p>Algunos de los factores m\u00e1s comunes que contribuyen a la negligencia de los peatones son:<\/p>\n<ul>\n<li>Peatones que ignoran la se\u00f1al de \u00abcaminar\u00bb en una intersecci\u00f3n<\/li>\n<li>Peatones que ingresan a una corriente de tr\u00e1fico e interrumpen el flujo<\/li>\n<li>Peatones que no utilizan los cruces peatonales marcados<\/li>\n<li>Peatones que \u00abse lanzan\u00bb frente a un veh\u00edculo<\/li>\n<\/ul>\n<p><strong>Otros accidentes de peatones<\/strong><\/p>\n<p>El \u00e1rea legal de responsabilidad de las instalaciones controla las reclamaciones por p\u00e9rdidas basadas en las acciones de los propietarios o poseedores de propiedades, incluida la mayor\u00eda de los accidentes peatonales no relacionados con veh\u00edculos. En la mayor\u00eda de los estados, quienes tienen el control de la tierra tienen el deber de mantener su propiedad y el deber de advertir a la gente de los peligros en ella.<\/p>\n<h2>Preguntas hechas a nuestros abogados de accidentes de peatones<\/h2>\n<p><strong>Me lesion\u00e9 en un accidente de peatones y quiero presentar un reclamo por mis lesiones. \u00bfQu\u00e9 es lo primero que debo hacer?<\/strong><\/p>\n<p>Hay una serie de cosas que puede hacer durante los primeros d\u00edas y semanas despu\u00e9s de un accidente para proteger su derecho a una indemnizaci\u00f3n, como por ejemplo:<\/p>\n<ol>\n<li>Escriba todo lo que pueda sobre el accidente en s\u00ed, sus lesiones y cualquier otra p\u00e9rdida (como <a href=\"https:\/\/austinaccidentlawyer.com\/lost-wages-due-to-an-injury\/\">salario<\/a> ) que haya sufrido como resultado del accidente;<\/li>\n<li>Tome notas de las conversaciones que tenga con las personas involucradas en el accidente o el reclamo por lesiones;<\/li>\n<li>Conservar evidencia de qui\u00e9n caus\u00f3 el accidente y qu\u00e9 da\u00f1o se hizo mediante la recolecci\u00f3n de elementos f\u00edsicos y la toma de fotograf\u00edas;<\/li>\n<li>Localice a las personas que presenciaron el accidente y que podr\u00edan ayudarlo a probar su caso;<\/li>\n<li>Notifique a cualquier persona que crea que podr\u00eda ser responsable del accidente e inf\u00f3rmele sobre su intenci\u00f3n de presentar un reclamo por sus lesiones, especialmente si una agencia gubernamental o un empleado pueden estar involucrados; y<\/li>\n<li>Comun\u00edquese con un abogado con experiencia en accidentes de peatones para evaluar y continuar con su reclamo.<\/li>\n<\/ol>\n<p><strong>\u00bfQu\u00e9 pasa si fui parcialmente culpable del accidente?<\/strong><\/p>\n<p>Es posible que tenga alguna responsabilidad por el accidente, lo que puede reducir su eventual recuperaci\u00f3n. Por ejemplo, si tuviste un 50% de culpa, tu recuperaci\u00f3n puede reducirse en un 50%.<\/p>\n<p><strong>Como peat\u00f3n, \u00bfqu\u00e9 deber tengo para evitar accidentes?<\/strong><\/p>\n<p>Todo peat\u00f3n tiene el deber de obedecer las leyes de tr\u00e1nsito y observar razonablemente las condiciones del tr\u00e1nsito. En t\u00e9rminos generales, los peatones no deben comenzar ni continuar su curso hacia adelante a trav\u00e9s de una calle si son conscientes de la aproximaci\u00f3n de un veh\u00edculo.<\/p>\n<p><strong>\u00bfQu\u00e9 tan pronto despu\u00e9s de lesionarme tengo que presentar una demanda?<\/strong><\/p>\n<p>Cada estado tiene ciertos l\u00edmites de tiempo llamados \u00abestatutos de limitaciones\u00bb, que rigen la cantidad de tiempo que tiene para presentar una demanda por lesiones personales. En algunos estados, es posible que tenga tan solo un a\u00f1o para presentar una demanda derivada de un accidente automovil\u00edstico. En Texas, suele ser de dos a\u00f1os, pero no querr\u00e1 esperar tanto tiempo si va a presentar un reclamo. Si no cumple con la fecha l\u00edmite para presentar su caso, sus reclamos pueden ser desestimados. En consecuencia, es importante hablar con un abogado tan pronto como reciba o descubra una lesi\u00f3n.<\/p>\n<p><strong>\u00bfQu\u00e9 da\u00f1os son recuperables en casos de accidentes de peatones?<\/strong><\/p>\n<p>La parte lesionada puede recuperar <a href=\"https:\/\/austinaccidentlawyer.com\/what-is-my-case-worth\/\">da\u00f1os por gastos m\u00e9dicos pasados y futuros, p\u00e9rdida salarial pasada y futura, dolor y sufrimiento pasados y futuros<\/a> . Si la conducta del acusado es extrema, se pueden otorgar da\u00f1os punitivos. Si el peat\u00f3n muere, sus sobrevivientes tienen derecho a recuperar la compensaci\u00f3n total por las p\u00e9rdidas econ\u00f3micas que resulten de la muerte del peat\u00f3n, as\u00ed como los da\u00f1os que se deriven de la p\u00e9rdida del cuidado social y la comodidad del difunto.<\/p>\n<p><strong>\u00bfNecesito contratar a un abogado?<\/strong><\/p>\n<p>Casi siempre es una buena idea contratar abogados de accidentes de peatones porque generalmente habr\u00e1 algunas preguntas relacionadas con la culpa y la negligencia comparativa. Es posible que sea necesario contratar a testigos expertos para reconstruir los factores del accidente y ayudar a determinar la responsabilidad del accidente.<\/p>\n<p><strong>\u00bfQu\u00e9 debo llevar a mi reuni\u00f3n con un abogado?<\/strong><\/p>\n<p>Debe proporcionarle a un abogado cualquier documento que pueda ser relevante para su caso:<\/p>\n<ul>\n<li>Los informes policiales, por ejemplo, contienen informaci\u00f3n de testigos presenciales y detalles sobre las condiciones que rodean los accidentes automovil\u00edsticos.<\/li>\n<li>Copias de informes m\u00e9dicos y facturas de m\u00e9dicos y hospitales ayudar\u00e1n a demostrar el alcance y la naturaleza de sus lesiones.<\/li>\n<li>La informaci\u00f3n sobre la aseguradora de la persona que caus\u00f3 su lesi\u00f3n es extremadamente \u00fatil, al igual que cualquier fotograf\u00eda que tenga de la escena del accidente, los da\u00f1os a la propiedad y su lesi\u00f3n.<\/li>\n<\/ul>\n<p>Cuanta m\u00e1s informaci\u00f3n pueda brindarle a su abogado, m\u00e1s f\u00e1cil ser\u00e1 para \u00e9l determinar si su reclamo ser\u00e1 exitoso. Sin embargo, si no ha recopilado ning\u00fan documento en el momento de su primera reuni\u00f3n, no se preocupe; su abogado podr\u00e1 obtenerlos durante la investigaci\u00f3n de su reclamo.<\/p>\n<p>Si estuvo involucrado en un <strong>accidente en Texas<\/strong> , cont\u00e1ctenos si est\u00e1 buscando abogados con experiencia en accidentes de peatones.<\/p>\n","protected":false},"excerpt":{"rendered":"<p>Si est\u00e1 involucrado en un accidente de peatones, tenga en cuenta que aquellos que pueden ser legalmente responsables de sus lesiones podr\u00edan intentar culparlo por el accidente, alegando que su propia negligencia fue la causa de lo que sucedi\u00f3. Aseg\u00farese de contactar a un abogado con experiencia en accidentes por lesiones de peatones.<\/p>\n","protected":false},"author":2,"featured_media":29837,"parent":23598,"menu_order":0,"comment_status":"closed","ping_status":"closed","template":"","meta":{"_analytify_skip_tracking":false,"footnotes":""},"tags":[],"class_list":["post-23457","page","type-page","status-publish","has-post-thumbnail","hentry"],"_links":{"self":[{"href":"https:\/\/austinaccidentlawyer.com\/es\/wp-json\/wp\/v2\/pages\/23457","targetHints":{"allow":["GET"]}}],"collection":[{"href":"https:\/\/austinaccidentlawyer.com\/es\/wp-json\/wp\/v2\/pages"}],"about":[{"href":"https:\/\/austinaccidentlawyer.com\/es\/wp-json\/wp\/v2\/types\/page"}],"author":[{"embeddable":true,"href":"https:\/\/austinaccidentlawyer.com\/es\/wp-json\/wp\/v2\/users\/2"}],"replies":[{"embeddable":true,"href":"https:\/\/austinaccidentlawyer.com\/es\/wp-json\/wp\/v2\/comments?post=23457"}],"version-history":[{"count":0,"href":"https:\/\/austinaccidentlawyer.com\/es\/wp-json\/wp\/v2\/pages\/23457\/revisions"}],"up":[{"embeddable":true,"href":"https:\/\/austinaccidentlawyer.com\/es\/wp-json\/wp\/v2\/pages\/23598"}],"wp:featuredmedia":[{"embeddable":true,"href":"https:\/\/austinaccidentlawyer.com\/es\/wp-json\/wp\/v2\/media\/29837"}],"wp:attachment":[{"href":"https:\/\/austinaccidentlawyer.com\/es\/wp-json\/wp\/v2\/media?parent=23457"}],"wp:term":[{"taxonomy":"post_tag","embeddable":true,"href":"https:\/\/austinaccidentlawyer.com\/es\/wp-json\/wp\/v2\/tags?post=23457"}],"curies":[{"name":"wp","href":"https:\/\/api.w.org\/{rel}","templated":true}]}}