{"id":23492,"date":"2024-04-26T09:55:33","date_gmt":"2024-04-26T14:55:33","guid":{"rendered":"http:\/\/3.131.240.186\/las-grandes-empresas-de-lesiones-personales-pueden-ser-perjudiciales-para-su-caso\/"},"modified":"2024-08-07T17:01:02","modified_gmt":"2024-08-07T22:01:02","slug":"las-grandes-empresas-de-lesiones-personales-pueden-ser-perjudiciales-para-su-caso","status":"publish","type":"page","link":"https:\/\/austinaccidentlawyer.com\/es\/las-grandes-empresas-de-lesiones-personales-pueden-ser-perjudiciales-para-su-caso\/","title":{"rendered":"Las grandes empresas de lesiones personales pueden ser perjudiciales para su caso"},"content":{"rendered":"<h1>Las grandes empresas de lesiones personales pueden ser perjudiciales para su caso<\/h1>\n<p>Las grandes firmas de lesiones personales pueden ser malas para su caso, especialmente aquellas que manejan una gran cantidad de casos. Este tipo de empresas persiguen acuerdos r\u00e1pidos. A menudo se les conoce como \u00abf\u00e1bricas de liquidaci\u00f3n de lesiones personales\u00bb.<\/p>\n<p><img decoding=\"async\" class=\"aligncenter size-full wp-image-23119\" src=\"https:\/\/austinaccidentlawyer.com\/wp-content\/uploads\/2017\/02\/mill-2.jpg\" alt=\"Large Personal Injury Firms May Be Bad for Your Case image\" width=\"441\" height=\"640\" srcset=\"https:\/\/austinaccidentlawyer.com\/wp-content\/uploads\/2017\/02\/mill-2.jpg 441w, https:\/\/austinaccidentlawyer.com\/wp-content\/uploads\/2017\/02\/mill-2-207x300.jpg 207w\" sizes=\"(max-width: 441px) 100vw, 441px\" \/><\/p>\n<p>Estas firmas de lesiones personales gastan una enorme cantidad de dinero en publicidad. Se anuncian en televisi\u00f3n, vallas publicitarias, radio e Internet. El dinero se gana jugando con los n\u00fameros, atrayendo un gran n\u00famero de clientes y utilizando su volumen de clientes para impulsar acuerdos. Estas firmas manejan aproximadamente el 90% de todos los casos de lesiones personales en el pa\u00eds.<\/p>\n<p>Necesita saber en lo que se est\u00e1 metiendo antes de elegir un abogado de lesiones personales.<\/p>\n<h3>C\u00d3MO FUNCIONAN LOS MOLINOS DE LIQUIDACI\u00d3N DE LESIONES PERSONALES<\/h3>\n<p>Las lesiones personales son personales. No eres una hamburguesa. Su reclamo no debe ser tratado como una hamburguesa. La mentalidad de la l\u00ednea de montaje no funciona con casos legales.<\/p>\n<p>Nora Engstrom, profesora de derecho de Standford, realiz\u00f3 un <a href=\"http:\/\/media.law.stanford.edu\/publications\/archive\/pdf\/Engstrom.pdf\">estudio extenso de grandes bufetes de abogados de lesiones personales<\/a> . Los apod\u00f3 \u00abmolinos de asentamiento\u00bb e investig\u00f3 c\u00f3mo hacen negocios.<\/p>\n<p>El estudio del profesor Engstrom encontr\u00f3 que estas empresas no representan a los clientes individualmente. En cambio, estas firmas dependen del volumen de clientes para impulsar acuerdos con las compa\u00f1\u00edas de seguros (cantidad sobre calidad).<\/p>\n<p>Tambi\u00e9n descubri\u00f3 que las empresas impulsan acuerdos basados en el monto de acuerdo esperado. En lugar de alcanzar el valor justo para sus clientes, liquidaron reclamaciones por menos de su valor.<\/p>\n<p>Encontr\u00f3 que la mayor\u00eda de los casos se resuelven bas\u00e1ndose en una f\u00f3rmula, en lugar de las fortalezas o debilidades particulares del caso. Ese m\u00e9todo produce resultados decepcionantes.<\/p>\n<p>Los casos m\u00e1s probables de resultar en veredictos importantes se resolvieron con un gran descuento. La mayor\u00eda de los casos terminan resolvi\u00e9ndose con un descuento muy por debajo de lo que sugieren los veredictos del jurado es un valor justo en la reclamaci\u00f3n.<\/p>\n<p>De hecho, su an\u00e1lisis sugiere que cuanto m\u00e1s s\u00f3lido es el caso, menos valor recibe el cliente.<\/p>\n<p>Los casos que se beneficiaron de este proceso de rotaci\u00f3n y quema fueron reclamos menores y ten\u00edan una baja probabilidad de \u00e9xito en el juicio. Ambas partes (la compa\u00f1\u00eda de seguros y la f\u00e1brica de da\u00f1os personales) se benefician de la r\u00e1pida resoluci\u00f3n de las reclamaciones. Es m\u00e1s f\u00e1cil para ellos de esa manera. Los clientes con casos s\u00f3lidos ceden mucho m\u00e1s de lo que ganan los clientes con casos d\u00e9biles. Los abogados y las compa\u00f1\u00edas de seguros ganan, mientras que el cliente con una lesi\u00f3n grave pierde.<\/p>\n<h3>LO QUE DEBE CONSIDERAR EN UN ABOGADO DE LESIONES PERSONALES<\/h3>\n<p>Si tiene una <a href=\"https:\/\/austinaccidentlawyer.com\/practice-areas\/serious-personal-injury\/\">lesi\u00f3n grave<\/a> , debe considerar lo que quiere en un <a href=\"https:\/\/austinaccidentlawyer.com\">abogado de lesiones personales<\/a> . \u00bfUn arreglo r\u00e1pido o una compensaci\u00f3n completa y justa por su lesi\u00f3n? Las grandes firmas de lesiones personales pueden ser malas para su caso.<\/p>\n<p>Cont\u00e1ctenos si desea un abogado que eval\u00fae sus reclamos en base a sus propios m\u00e9ritos.<\/p>\n","protected":false},"excerpt":{"rendered":"<p>Las grandes empresas de lesiones personales pueden ser perjudiciales para su caso Las grandes firmas de lesiones personales pueden ser malas para su caso, especialmente aquellas que manejan una gran cantidad de casos. Este tipo de empresas persiguen acuerdos r\u00e1pidos. A menudo se les conoce como \u00abf\u00e1bricas de liquidaci\u00f3n de lesiones personales\u00bb. Estas firmas de&#8230;<\/p>\n","protected":false},"author":2,"featured_media":0,"parent":0,"menu_order":0,"comment_status":"closed","ping_status":"closed","template":"","meta":{"_analytify_skip_tracking":false,"footnotes":""},"tags":[],"class_list":[],"_links":{"self":[{"href":"https:\/\/austinaccidentlawyer.com\/es\/wp-json\/wp\/v2\/pages\/23492","targetHints":{"allow":["GET"]}}],"collection":[{"href":"https:\/\/austinaccidentlawyer.com\/es\/wp-json\/wp\/v2\/pages"}],"about":[{"href":"https:\/\/austinaccidentlawyer.com\/es\/wp-json\/wp\/v2\/types\/page"}],"author":[{"embeddable":true,"href":"https:\/\/austinaccidentlawyer.com\/es\/wp-json\/wp\/v2\/users\/2"}],"replies":[{"embeddable":true,"href":"https:\/\/austinaccidentlawyer.com\/es\/wp-json\/wp\/v2\/comments?post=23492"}],"version-history":[{"count":0,"href":"https:\/\/austinaccidentlawyer.com\/es\/wp-json\/wp\/v2\/pages\/23492\/revisions"}],"wp:attachment":[{"href":"https:\/\/austinaccidentlawyer.com\/es\/wp-json\/wp\/v2\/media?parent=23492"}],"wp:term":[{"taxonomy":"post_tag","embeddable":true,"href":"https:\/\/austinaccidentlawyer.com\/es\/wp-json\/wp\/v2\/tags?post=23492"}],"curies":[{"name":"wp","href":"https:\/\/api.w.org\/{rel}","templated":true}]}}