{"id":23494,"date":"2024-04-26T09:55:27","date_gmt":"2024-04-26T14:55:27","guid":{"rendered":"http:\/\/3.131.240.186\/automoviles-mal-mantenidos\/"},"modified":"2026-01-06T19:43:43","modified_gmt":"2026-01-07T00:43:43","slug":"automoviles-mal-mantenidos","status":"publish","type":"page","link":"https:\/\/austinaccidentlawyer.com\/es\/areas-de-practica\/negligencia\/automoviles-mal-mantenidos\/","title":{"rendered":"Autom\u00f3viles mal mantenidos"},"content":{"rendered":"<h1>Autom\u00f3viles mal mantenidos<\/h1>\n\n<p>El mantenimiento preventivo regular mantendr\u00e1 su autom\u00f3vil funcionando de manera \u00f3ptima y prolongar\u00e1 su vida \u00fatil. Sin embargo, mantenerse al d\u00eda con el mantenimiento es m\u00e1s f\u00e1cil de decir que de hacer. Estos son algunos de los principales errores de mantenimiento de autom\u00f3viles que suelen cometer los propietarios y c\u00f3mo evitarlos.<\/p>\n<div class=\"wp-block-image\">\n<figure class=\"aligncenter\"><img decoding=\"async\" width=\"300\" height=\"200\" src=\"https:\/\/austinaccidentlawyer.com\/wp-content\/uploads\/2018\/11\/car-maintenance-2-300x200.jpg\" alt=\"\" class=\"wp-image-8184\" srcset=\"https:\/\/austinaccidentlawyer.com\/wp-content\/uploads\/2018\/11\/car-maintenance-2-300x200.jpg 300w, https:\/\/austinaccidentlawyer.com\/wp-content\/uploads\/2018\/11\/car-maintenance-2-480x320.jpg 480w, https:\/\/austinaccidentlawyer.com\/wp-content\/uploads\/2018\/11\/car-maintenance-2.jpg 640w\" sizes=\"(max-width: 300px) 100vw, 300px\" \/><\/figure>\n<\/div>\n<h2 class=\"wp-block-heading\">Ignorando la luz Check Engine<\/h2>\n\n<p><strong>Check Engine Light<\/strong> es la forma en que la computadora de su veh\u00edculo le informa que podr\u00eda haber un problema y que debe obtener los servicios de su autom\u00f3vil lo antes posible.<\/p>\n<div class=\"wp-block-image\">\n<figure class=\"aligncenter\"><img decoding=\"async\" width=\"240\" height=\"300\" src=\"https:\/\/austinaccidentlawyer.com\/wp-content\/uploads\/2018\/11\/check-engine-light-2-240x300.jpg\" alt=\"\" class=\"wp-image-8186\" srcset=\"https:\/\/austinaccidentlawyer.com\/wp-content\/uploads\/2018\/11\/check-engine-light-2-240x300.jpg 240w, https:\/\/austinaccidentlawyer.com\/wp-content\/uploads\/2018\/11\/check-engine-light-2-819x1024.jpg 819w, https:\/\/austinaccidentlawyer.com\/wp-content\/uploads\/2018\/11\/check-engine-light-2-768x960.jpg 768w, https:\/\/austinaccidentlawyer.com\/wp-content\/uploads\/2018\/11\/check-engine-light-2-1229x1536.jpg 1229w, https:\/\/austinaccidentlawyer.com\/wp-content\/uploads\/2018\/11\/check-engine-light-2-1638x2048.jpg 1638w, https:\/\/austinaccidentlawyer.com\/wp-content\/uploads\/2018\/11\/check-engine-light-2-1080x1350.jpg 1080w, https:\/\/austinaccidentlawyer.com\/wp-content\/uploads\/2018\/11\/check-engine-light-2-1280x1600.jpg 1280w, https:\/\/austinaccidentlawyer.com\/wp-content\/uploads\/2018\/11\/check-engine-light-2-980x1225.jpg 980w, https:\/\/austinaccidentlawyer.com\/wp-content\/uploads\/2018\/11\/check-engine-light-2-480x600.jpg 480w, https:\/\/austinaccidentlawyer.com\/wp-content\/uploads\/2018\/11\/check-engine-light-2-scaled.jpg 2048w\" sizes=\"(max-width: 240px) 100vw, 240px\" \/><\/figure>\n<\/div>\n<p>Ocasionalmente, la <strong>luz Check Engine Light<\/strong> de su autom\u00f3vil se enciende aunque no parezca haber ning\u00fan signo de problema. La mayor\u00eda de nosotros tenemos la tendencia a seguir conduciendo sin que lo revisen. Conducir con un posible problema de motor puede conducir r\u00e1pidamente a un problema mayor y m\u00e1s costoso en el futuro. Si se <strong>enciende Check Engine Light<\/strong> , debe ir y hacer que lo revisen lo antes posible para ahorrar dinero a largo plazo.<\/p>\n\n<h3 class=\"wp-block-heading\"><strong>Errores comunes en el mantenimiento del autom\u00f3vil que se deben evitar<\/strong><\/h3>\n\n<p>La mayor\u00eda de los propietarios de autos olvidan el mantenimiento b\u00e1sico que garantiza el buen funcionamiento de su veh\u00edculo. Los filtros de motor y de habit\u00e1culo sucios pueden afectar el rendimiento, reducir el consumo de combustible y la calidad del aire, as\u00ed que rev\u00edsalos con frecuencia y c\u00e1mbialos seg\u00fan las recomendaciones del manual del propietario. Lo mismo ocurre con la bater\u00eda: la corrosi\u00f3n y el desgaste pueden provocar arranques lentos o aver\u00edas inesperadas, as\u00ed que rev\u00edsala regularmente y c\u00e1mbiala cada 3 a 5 a\u00f1os. Y al reemplazar cualquier pieza, evita las opciones baratas o que no se ajusten bien. Usar las piezas adecuadas, de alta calidad o originales, ayuda a prevenir fallos y mantiene tu auto seguro y confiable a largo plazo.    <\/p>\n\n<h2 class=\"wp-block-heading\"><strong>Conducir con un motor sobrecalentado<\/strong><\/h2>\n\n<p>El motor de un autom\u00f3vil se calienta mucho mientras est\u00e1 en marcha, por lo que tiene un sistema de enfriamiento para evitar el sobrecalentamiento. Si falla el sistema de enfriamiento, entonces el motor comienza a sobrecalentarse. Si comienza a sobrecalentarse, debe detenerse y apagar el autom\u00f3vil inmediatamente y llamar a una compa\u00f1\u00eda de remolque. Conducir con un motor sobrecalentado puede ocasionar reparaciones m\u00e1s extensas y costosas.<\/p>\n\n<p><strong>No comprobar la presi\u00f3n de los neum\u00e1ticos<\/strong><\/p>\n<div class=\"wp-block-image\">\n<figure class=\"aligncenter\"><img decoding=\"async\" width=\"300\" height=\"190\" src=\"https:\/\/austinaccidentlawyer.com\/wp-content\/uploads\/2018\/11\/tire-pressure-2-300x190.png\" alt=\"\" class=\"wp-image-8188\" srcset=\"https:\/\/austinaccidentlawyer.com\/wp-content\/uploads\/2018\/11\/tire-pressure-2-300x190.png 300w, https:\/\/austinaccidentlawyer.com\/wp-content\/uploads\/2018\/11\/tire-pressure-2-480x304.png 480w, https:\/\/austinaccidentlawyer.com\/wp-content\/uploads\/2018\/11\/tire-pressure-2.png 640w\" sizes=\"(max-width: 300px) 100vw, 300px\" \/><\/figure>\n<\/div>\n<p>Es casi imposible medir la presi\u00f3n de los neum\u00e1ticos de su autom\u00f3vil con solo mirar el neum\u00e1tico. La presi\u00f3n del aire puede seguir siendo alta o baja incluso cuando los neum\u00e1ticos parecen estar inflados correctamente. Muchos factores, como el clima y los escombros, pueden cambiar la presi\u00f3n de los neum\u00e1ticos. Su autom\u00f3vil es menos seguro al ser m\u00e1s propenso a reventones. La econom\u00eda de combustible tambi\u00e9n se reduce si ha inflado incorrectamente los neum\u00e1ticos.<\/p>\n\n<p><strong>No girar los neum\u00e1ticos \/ descuidar la alineaci\u00f3n de las ruedas<\/strong><\/p>\n\n<p>Los neum\u00e1ticos desalineados o sin girar pueden causar problemas como un desgaste desigual de la banda de rodadura y un mayor riesgo de pinchazo. Una buena regla general es rotar los neum\u00e1ticos en cada cambio de aceite.<\/p>\n\n<p><strong>Saltarse los cambios de aceite<\/strong><\/p>\n\n<p>El aceite de motor debe cambiarse con cierta regularidad porque el aceite viejo se descompondr\u00e1 y provocar\u00e1 dep\u00f3sitos de lodo en el motor, que pueden da\u00f1ar el motor. Consulte el manual de su autom\u00f3vil para ver la frecuencia con la que recomienda el fabricante y un cambio de aceite.<\/p>\n\n<p><strong>Descuidar los controles de fluidos<\/strong><\/p>\n\n<p>El aceite de motor no es el \u00fanico l\u00edquido del autom\u00f3vil que debe revisarse o cambiarse. Los otros l\u00edquidos de su autom\u00f3vil son l\u00edquido de frenos, l\u00edquido de transmisi\u00f3n, refrigerante del motor y l\u00edquido de la direcci\u00f3n asistida. Consulte el manual del propietario para ver cu\u00e1l debe ser el per\u00edodo de tiempo recomendado para las comprobaciones de fluidos. Esto mantendr\u00e1 su veh\u00edculo funcionando sin problemas y sin fugas.<\/p>\n\n<p><strong>No inspeccionar las roturas<\/strong><\/p>\n\n<p>No hace falta decirlo, si escucha alg\u00fan chirrido o chirrido cuando se rompe, haga que revisen sus descansos de inmediato para evitar accidentes.<\/p>\n\n<p>Adem\u00e1s de los cambios regulares de aceite y fluidos, no olvide revisar su autom\u00f3vil cada 30,000, 60,000 y 90,000 millas y luego cada 30,000 millas a partir de entonces.<\/p>\n\n<p>Esto asegurar\u00e1 que su autom\u00f3vil se mantenga adecuadamente y lo mantendr\u00e1 a usted y a sus seres queridos a salvo.<\/p>\n\n<p>Si tiene un <a href=\"https:\/\/austinaccidentlawyer.com\/practice-areas\/car-accident-lawyers\/\">accidente automovil\u00edstico en Austin<\/a> porque alguien no mantuvo su autom\u00f3vil correctamente o el <a href=\"https:\/\/austinaccidentlawyer.com\/practice-areas\/truck-accident-lawyer\/\">veh\u00edculo de su empresa<\/a> no recibi\u00f3 el mantenimiento adecuado, The Traub Law Office puede ayudarlo.<\/p>\n\n<p>Ll\u00e1menos al (512) 246-9191 o complete el <a href=\"#contact\" rel=\"nofollow\">formulario de contacto.<\/a><\/p>\n\n<p><\/p>\n","protected":false},"excerpt":{"rendered":"<p>Autom\u00f3viles mal mantenidos El mantenimiento preventivo regular mantendr\u00e1 su autom\u00f3vil funcionando de manera \u00f3ptima y prolongar\u00e1 su vida \u00fatil. Sin embargo, mantenerse al d\u00eda con el mantenimiento es m\u00e1s f\u00e1cil de decir que de hacer. Estos son algunos de los principales errores de mantenimiento de autom\u00f3viles que suelen cometer los propietarios y c\u00f3mo evitarlos. Ignorando&#8230;<\/p>\n","protected":false},"author":3,"featured_media":0,"parent":23652,"menu_order":0,"comment_status":"closed","ping_status":"closed","template":"","meta":{"_analytify_skip_tracking":false,"footnotes":""},"tags":[],"class_list":["post-23494","page","type-page","status-publish","hentry"],"_links":{"self":[{"href":"https:\/\/austinaccidentlawyer.com\/es\/wp-json\/wp\/v2\/pages\/23494","targetHints":{"allow":["GET"]}}],"collection":[{"href":"https:\/\/austinaccidentlawyer.com\/es\/wp-json\/wp\/v2\/pages"}],"about":[{"href":"https:\/\/austinaccidentlawyer.com\/es\/wp-json\/wp\/v2\/types\/page"}],"author":[{"embeddable":true,"href":"https:\/\/austinaccidentlawyer.com\/es\/wp-json\/wp\/v2\/users\/3"}],"replies":[{"embeddable":true,"href":"https:\/\/austinaccidentlawyer.com\/es\/wp-json\/wp\/v2\/comments?post=23494"}],"version-history":[{"count":0,"href":"https:\/\/austinaccidentlawyer.com\/es\/wp-json\/wp\/v2\/pages\/23494\/revisions"}],"up":[{"embeddable":true,"href":"https:\/\/austinaccidentlawyer.com\/es\/wp-json\/wp\/v2\/pages\/23652"}],"wp:attachment":[{"href":"https:\/\/austinaccidentlawyer.com\/es\/wp-json\/wp\/v2\/media?parent=23494"}],"wp:term":[{"taxonomy":"post_tag","embeddable":true,"href":"https:\/\/austinaccidentlawyer.com\/es\/wp-json\/wp\/v2\/tags?post=23494"}],"curies":[{"name":"wp","href":"https:\/\/api.w.org\/{rel}","templated":true}]}}