{"id":23495,"date":"2024-04-26T09:55:30","date_gmt":"2024-04-26T14:55:30","guid":{"rendered":"http:\/\/3.131.240.186\/dolor-y-sufrimiento\/dolor-despues-de-un-accidente-automovilistico\/"},"modified":"2024-08-16T10:58:07","modified_gmt":"2024-08-16T15:58:07","slug":"dolor-despues-de-un-accidente-automovilistico","status":"publish","type":"page","link":"https:\/\/austinaccidentlawyer.com\/es\/dolor-y-sufrimiento\/dolor-despues-de-un-accidente-automovilistico\/","title":{"rendered":"Dolor despu\u00e9s de un accidente automovil\u00edstico"},"content":{"rendered":"\n<h1 class=\"wp-block-heading\">Dolor despu\u00e9s de un accidente automovil\u00edstico<\/h1>\n\n\n\n<p><strong>Dolor despu\u00e9s de un accidente automovil\u00edstico<\/strong><\/p>\n\n\n\n<p><strong>Tipos de dolor<\/strong><\/p>\n\n\n\n<p>A menudo experimentar\u00e1 dolor despu\u00e9s de un accidente automovil\u00edstico. Los accidentes automovil\u00edsticos y la fuerza que se ejerce en ellos pueden causar <a href=\"https:\/\/austinaccidentlawyer.com\/practice-areas\/serious-personal-injury\/\">lesiones graves<\/a> en muchas partes del cuerpo, como <a href=\"https:\/\/austinaccidentlawyer.com\/practice-areas\/broken-bone-injury-attorneys\/\">huesos rotos<\/a> , <a href=\"https:\/\/austinaccidentlawyer.com\/practice-areas\/serious-personal-injury\/brain-injury-lawyers\/concussion-injury\/\">conmociones cerebrales<\/a> , <a href=\"https:\/\/austinaccidentlawyer.com\/practice-areas\/soft-tissue-damage-attorneys\/\">esguinces \/ distensiones<\/a> y <a href=\"https:\/\/austinaccidentlawyer.com\/practice-areas\/neck-injuries\/\">dolor<\/a> de <a href=\"https:\/\/austinaccidentlawyer.com\/practice-areas\/serious-personal-injury\/austin-back-injury-lawyers\/back-injury-from-a-car-accident\/\">espalda<\/a> y cuello. Adem\u00e1s de todos estos, <a href=\"https:\/\/austinaccidentlawyer.com\/practice-areas\/car-accident-lawyers\/\">los accidentes automovil\u00edsticos<\/a> pueden desencadenar s\u00edndromes de dolor como el <a href=\"https:\/\/austinaccidentlawyer.com\/practice-areas\/serious-personal-injury\/crps-attorney\/\">CRPS o el s\u00edndrome de dolor regional complejo<\/a> . Todas estas lesiones tambi\u00e9n causan <a href=\"https:\/\/austinaccidentlawyer.com\/pain-and-suffering\/\">dolor y sufrimiento<\/a> .<\/p>\n\n\n<div class=\"wp-block-image\">\n<figure class=\"aligncenter size-large\"><img decoding=\"async\" width=\"1024\" height=\"689\" src=\"https:\/\/austinaccidentlawyer.com\/wp-content\/uploads\/2024\/08\/practice-areas-1-1024x689.webp\" alt=\"Statue of Lady Justice on a personal injury lawyer's desk, symbolizing fairness and the pursuit of justice in legal matters.\" class=\"wp-image-29803\" srcset=\"https:\/\/austinaccidentlawyer.com\/wp-content\/uploads\/2024\/08\/practice-areas-1-1024x689.webp 1024w, https:\/\/austinaccidentlawyer.com\/wp-content\/uploads\/2024\/08\/practice-areas-1-300x202.webp 300w, https:\/\/austinaccidentlawyer.com\/wp-content\/uploads\/2024\/08\/practice-areas-1-768x517.webp 768w, https:\/\/austinaccidentlawyer.com\/wp-content\/uploads\/2024\/08\/practice-areas-1.webp 1200w\" sizes=\"(max-width: 1024px) 100vw, 1024px\" \/><\/figure>\n<\/div>\n\n\n<p><strong>Dolor retrasado<\/strong><\/p>\n\n\n\n<p>Algunos tipos de dolor que pueden retrasarse son dolores de cabeza, dolor en el cuello y los <a href=\"https:\/\/austinaccidentlawyer.com\/practice-areas\/austin-shoulder-injury-lawyer\/\">hombros<\/a> tambi\u00e9n llamado <a href=\"https:\/\/austinaccidentlawyer.com\/faq\/whiplash-injuries\/\">latigazo cervical<\/a> , dolor de espalda, entumecimiento, hormigueo en las extremidades, dolor abdominal y dolor y sufrimiento emocional.<\/p>\n\n\n\n<p>Los s\u00edntomas del latigazo cervical suelen aparecer en 24 horas, pero algunos pueden desarrollarse despu\u00e9s de unos d\u00edas y pueden durar varias semanas o meses.<\/p>\n\n\n\n<p>Mareos o dolor de cabeza persistente: una lesi\u00f3n en el cuello o un latigazo cervical, una conmoci\u00f3n cerebral o incluso un co\u00e1gulo de sangre pueden provocar mareos y dolores de cabeza. Es posible que pasen algunos d\u00edas despu\u00e9s del accidente para que se manifiesten estos s\u00edntomas, pero deben tomarse en serio. Consulte a un profesional m\u00e9dico si experimenta alguno de estos s\u00edntomas.<\/p>\n\n\n\n<p>Los dolores de cabeza pueden estar relacionados con el estr\u00e9s o un signo de una conmoci\u00f3n cerebral o <a href=\"https:\/\/austinaccidentlawyer.com\/practice-areas\/serious-personal-injury\/brain-injury-lawyers\/\">una lesi\u00f3n cerebral<\/a> o incluso <a href=\"https:\/\/austinaccidentlawyer.com\/practice-areas\/emotional-injury\/\">un trastorno de estr\u00e9s postraum\u00e1tico (TEPT)<\/a> .<\/p>\n\n\n\n<p>El dolor de espalda, especialmente en la zona lumbar, puede ser una lesi\u00f3n relacionada con un latigazo o un esguince, una <a href=\"https:\/\/austinaccidentlawyer.com\/practice-areas\/neck-injuries\/herniated-disk\/\">hernia de disco<\/a> o una lesi\u00f3n de los tejidos blandos, como un da\u00f1o muscular. Si tiene adormecimiento u hormigueo en las extremidades, es posible que tenga una hernia de disco presionando los nervios de la columna.<\/p>\n\n\n\n<p>El dolor abdominal puede ser una lesi\u00f3n interna de los tejidos blandos que debe tomarse muy en serio porque, si no se trata, podr\u00eda ser fatal. El sangrado interno tambi\u00e9n puede causar dolores de cabeza, mareos y hematomas. Vaya a la sala de emergencias m\u00e1s cercana si siente dolor abdominal despu\u00e9s de un accidente automovil\u00edstico.<\/p>\n\n\n\n<p><strong>Tratos<\/strong><\/p>\n\n\n\n<p>Es muy importante que busque tratamiento m\u00e9dico despu\u00e9s de lesionarse en un accidente automovil\u00edstico.<\/p>\n\n\n\n<p>Los tratamientos para el dolor o las lesiones sufridas en un accidente automovil\u00edstico pueden ser graves y alterar la vida.<\/p>\n\n\n\n<p>Busque tratamiento m\u00e9dico para cualquier dolor de espalda, mareos, dolor de cabeza o dolor abdominal, ya que todos pueden ser s\u00edntomas de una lesi\u00f3n m\u00e1s grave, como una conmoci\u00f3n cerebral o una hemorragia interna.<\/p>\n\n\n\n<p>Dependiendo de las lesiones, puede ser necesario reposo, fisioterapia, medicamentos y, a veces, cirug\u00eda para ayudar a recuperar el dolor.<\/p>\n\n\n\n<p><strong>Pr\u00f3ximos pasos del caso de lesiones<\/strong><\/p>\n\n\n\n<p>Si result\u00f3 lesionado en un accidente automovil\u00edstico y tiene dolor, ya sea en el momento del accidente o retrasado, lo primero que debe hacer es buscar tratamiento m\u00e9dico de un profesional m\u00e9dico.<\/p>\n\n\n\n<p>Luego, comun\u00edquese con un abogado de lesiones personales que pueda ayudarlo a presentar un reclamo contra la compa\u00f1\u00eda de seguros del conductor que lo golpe\u00f3. Un abogado de lesiones personales puede ayudarlo a recuperar los costos m\u00e9dicos, los salarios perdidos y la compensaci\u00f3n por el dolor y el sufrimiento.<\/p>\n\n\n\n<p>La oficina legal de Traub est\u00e1 aqu\u00ed para ayudarlo con su reclamo y estar all\u00ed en cada paso del camino mientras recibe tratamiento y en el camino hacia la recuperaci\u00f3n.<\/p>\n\n\n\n<p>Ll\u00e1manos al (512) 246-9191 o completa el formulario a continuaci\u00f3n.<\/p>\n","protected":false},"excerpt":{"rendered":"<p>Dolor despu\u00e9s de un accidente automovil\u00edstico Dolor despu\u00e9s de un accidente automovil\u00edstico Tipos de dolor A menudo experimentar\u00e1 dolor despu\u00e9s de un accidente automovil\u00edstico. Los accidentes automovil\u00edsticos y la fuerza que se ejerce en ellos pueden causar lesiones graves en muchas partes del cuerpo, como huesos rotos , conmociones cerebrales , esguinces \/ distensiones y&#8230;<\/p>\n","protected":false},"author":3,"featured_media":0,"parent":23365,"menu_order":0,"comment_status":"closed","ping_status":"closed","template":"","meta":{"_analytify_skip_tracking":false,"footnotes":""},"tags":[],"class_list":["post-23495","page","type-page","status-publish","hentry"],"_links":{"self":[{"href":"https:\/\/austinaccidentlawyer.com\/es\/wp-json\/wp\/v2\/pages\/23495","targetHints":{"allow":["GET"]}}],"collection":[{"href":"https:\/\/austinaccidentlawyer.com\/es\/wp-json\/wp\/v2\/pages"}],"about":[{"href":"https:\/\/austinaccidentlawyer.com\/es\/wp-json\/wp\/v2\/types\/page"}],"author":[{"embeddable":true,"href":"https:\/\/austinaccidentlawyer.com\/es\/wp-json\/wp\/v2\/users\/3"}],"replies":[{"embeddable":true,"href":"https:\/\/austinaccidentlawyer.com\/es\/wp-json\/wp\/v2\/comments?post=23495"}],"version-history":[{"count":0,"href":"https:\/\/austinaccidentlawyer.com\/es\/wp-json\/wp\/v2\/pages\/23495\/revisions"}],"up":[{"embeddable":true,"href":"https:\/\/austinaccidentlawyer.com\/es\/wp-json\/wp\/v2\/pages\/23365"}],"wp:attachment":[{"href":"https:\/\/austinaccidentlawyer.com\/es\/wp-json\/wp\/v2\/media?parent=23495"}],"wp:term":[{"taxonomy":"post_tag","embeddable":true,"href":"https:\/\/austinaccidentlawyer.com\/es\/wp-json\/wp\/v2\/tags?post=23495"}],"curies":[{"name":"wp","href":"https:\/\/api.w.org\/{rel}","templated":true}]}}