{"id":23496,"date":"2024-04-26T09:55:23","date_gmt":"2024-04-26T14:55:23","guid":{"rendered":"http:\/\/3.131.240.186\/salarios-perdidos-debido-a-una-lesion\/"},"modified":"2026-02-23T01:29:00","modified_gmt":"2026-02-23T06:29:00","slug":"salarios-perdidos-debido-a-una-lesion","status":"publish","type":"page","link":"https:\/\/austinaccidentlawyer.com\/es\/salarios-perdidos-debido-a-una-lesion\/","title":{"rendered":"Salarios perdidos debido a una lesi\u00f3n"},"content":{"rendered":"\n<h1 class=\"wp-block-heading\">Salarios perdidos debido a una lesi\u00f3n<\/h1>\n\n\n\n<h2 class=\"wp-block-heading\">\u00bfQu\u00e9 se puede incluir como salario perdido?<\/h2>\n\n\n\n<p>Las lesiones sufridas en un accidente automovil\u00edstico pueden impedirle ir a trabajar o ganar el dinero que tendr\u00eda si no hubiera resultado lesionado. <a href=\"https:\/\/austinaccidentlawyer.com\/practice-areas\/car-accident-lawyers\/\">lesionado en un accidente automovil\u00edstico<\/a> y no puede trabajar ni siquiera por un per\u00edodo corto de tiempo, es posible que tenga un reclamo por p\u00e9rdida de ingresos adem\u00e1s de <a href=\"https:\/\/austinaccidentlawyer.com\/pain-and-suffering\/\">dolor y sufrimiento<\/a> . La p\u00e9rdida de ingresos puede incluir, <strong>salarios perdidos<\/strong> por el tiempo perdido durante el trabajo, <strong>perdi\u00f3 la capacidad de generar ingresos<\/strong> si ha sufrido una discapacidad a largo plazo, <strong>oportunidades perdidas<\/strong> , como perder una entrevista de trabajo o un ascenso laboral. Tambi\u00e9n se incluyen tener que usar licencia por enfermedad, tiempo de vacaciones o ser reprendido o degradado debido a sus lesiones.<\/p>\n\n\n\n<h2 class=\"wp-block-heading\">\u00bfC\u00f3mo se calculan los salarios perdidos?<\/h2>\n\n\n\n<figure class=\"wp-block-image aligncenter size-full\"><img decoding=\"async\" src=\"https:\/\/austinaccidentlawyer.com\/wp-content\/uploads\/2018\/09\/calculator-2.jpg\" alt=\"\" class=\"wp-image-23175\"\/><\/figure>\n\n\n\n<p>Deber\u00e1 calcular su salario perdido y esto se calcula tomando la cantidad de dinero que perdi\u00f3 debido a que no pudo trabajar. Debe incluir los d\u00edas de vacaciones y por enfermedad que haya tenido que usar en sus c\u00e1lculos.<\/p>\n\n\n\n<p>Si tiene un salario irregular, trabaja por cuenta propia o trabaja a comisi\u00f3n, alguna evidencia de sus ingresos anteriores ser\u00e1 \u00fatil, como una copia de sus W-2 y las declaraciones de impuestos del a\u00f1o anterior.<\/p>\n\n\n\n<p>Si le pagan un salario por hora, multiplicar\u00eda su salario por hora por la cantidad de horas que perdi\u00f3 el trabajo. Si es un empleado asalariado, dividir\u00eda su salario para determinar cu\u00e1nto gana en un solo d\u00eda y luego multiplicar eso n\u00famero por los d\u00edas que falt\u00f3 al trabajo.<\/p>\n\n\n\n<p>La excepci\u00f3n a presentar un reclamo por p\u00e9rdida de salario ser\u00eda si estuviera desempleado en el momento del accidente y su desempleo no se debiera a las lesiones sufridas en el accidente. Sin embargo, si a\u00fan realiza funciones para el beneficio de su hogar, podr\u00eda todav\u00eda tiene un reclamo. Por ejemplo, un ama de casa y una madre que se queda en casa y que est\u00e1 lesionada puede tener que contratar a otras personas para cuidar a sus hijos, limpiar su casa, etc. Estas son p\u00e9rdidas que pueden y deben reclamarse debido a la herida.<\/p>\n\n\n\n<h2 class=\"wp-block-heading\">\u00bfQu\u00e9 documentaci\u00f3n se requiere?<\/h2>\n\n\n\n<p>Por supuesto, se necesitar\u00e1n pruebas y comprobantes de salarios perdidos para presentar una reclamaci\u00f3n. Cualquier documentaci\u00f3n que tenga para demostrar su salario perdido ser\u00e1 una prueba \u00fatil. Algunos ejemplos de documentaci\u00f3n son: una carta de su empleador que indique que no pudo trabajar debido a sus lesiones, incluidas fechas espec\u00edficas e informaci\u00f3n sobre su salario que respalde su reclamo . Otras fuentes de documentaci\u00f3n pueden incluir una carta de su m\u00e9dico que describa sus lesiones y cu\u00e1nto tiempo las lesiones lo mantuvieron sin trabajo. Otras cosas que su m\u00e9dico debe incluir en la carta son sus tratamientos, recetas y facturas m\u00e9dicas.<\/p>\n\n\n\n<p>Para hacer un reclamo, es \u00fatil poder proporcionar fechas espec\u00edficas en las que falt\u00f3 al trabajo y por qu\u00e9 se vio obligado a faltar esos d\u00edas. \u00bfEstaba buscando tratamiento para sus lesiones? \u00bfTen\u00eda una cita con el m\u00e9dico, fisioterapia o ten\u00eda demasiado dolor para ir a trabajar ese d\u00eda?<\/p>\n\n\n\n<p>Las compa\u00f1\u00edas de seguros de autom\u00f3viles a menudo utilizar\u00e1n su experiencia para limitar el monto de la liquidaci\u00f3n, pero puede contrarrestar esa ventaja de experiencia con la representaci\u00f3n de un <a href=\"https:\/\/austinaccidentlawyer.com\/practice-areas\/serious-personal-injury\/\">Abogado de lesiones<\/a> personales. Un abogado de lesiones personales utilizar\u00e1 su experiencia para nivelar el campo de juego, aumentando las probabilidades de recibir un acuerdo justo.<\/p>\n\n\n\n<p>Un abogado de lesiones personales puede ayudarlo a guiarlo a trav\u00e9s del proceso de un reclamo por p\u00e9rdida de salario. Los abogados pueden abogar por que obtenga la mayor cantidad posible de su reclamo.<\/p>\n\n\n\n<p>Si ha resultado lesionado en un accidente automovil\u00edstico y ha perdido su salario, llame a la oficina legal de Traub y perm\u00edtanos ayudarlo a recuperar esos salarios perdidos.<\/p>\n","protected":false},"excerpt":{"rendered":"<p>Salarios perdidos debido a una lesi\u00f3n \u00bfQu\u00e9 se puede incluir como salario perdido? Las lesiones sufridas en un accidente automovil\u00edstico pueden impedirle ir a trabajar o ganar el dinero que tendr\u00eda si no hubiera resultado lesionado. lesionado en un accidente automovil\u00edstico y no puede trabajar ni siquiera por un per\u00edodo corto de tiempo, es posible&#8230;<\/p>\n","protected":false},"author":1,"featured_media":0,"parent":0,"menu_order":0,"comment_status":"closed","ping_status":"closed","template":"","meta":{"_analytify_skip_tracking":false,"footnotes":""},"tags":[],"class_list":[],"_links":{"self":[{"href":"https:\/\/austinaccidentlawyer.com\/es\/wp-json\/wp\/v2\/pages\/23496","targetHints":{"allow":["GET"]}}],"collection":[{"href":"https:\/\/austinaccidentlawyer.com\/es\/wp-json\/wp\/v2\/pages"}],"about":[{"href":"https:\/\/austinaccidentlawyer.com\/es\/wp-json\/wp\/v2\/types\/page"}],"author":[{"embeddable":true,"href":"https:\/\/austinaccidentlawyer.com\/es\/wp-json\/wp\/v2\/users\/1"}],"replies":[{"embeddable":true,"href":"https:\/\/austinaccidentlawyer.com\/es\/wp-json\/wp\/v2\/comments?post=23496"}],"version-history":[{"count":0,"href":"https:\/\/austinaccidentlawyer.com\/es\/wp-json\/wp\/v2\/pages\/23496\/revisions"}],"wp:attachment":[{"href":"https:\/\/austinaccidentlawyer.com\/es\/wp-json\/wp\/v2\/media?parent=23496"}],"wp:term":[{"taxonomy":"post_tag","embeddable":true,"href":"https:\/\/austinaccidentlawyer.com\/es\/wp-json\/wp\/v2\/tags?post=23496"}],"curies":[{"name":"wp","href":"https:\/\/api.w.org\/{rel}","templated":true}]}}