{"id":23497,"date":"2024-04-26T09:55:28","date_gmt":"2024-04-26T14:55:28","guid":{"rendered":"http:\/\/3.131.240.186\/lesion-emocional\/"},"modified":"2024-08-07T17:01:28","modified_gmt":"2024-08-07T22:01:28","slug":"lesion-emocional","status":"publish","type":"page","link":"https:\/\/austinaccidentlawyer.com\/es\/lesion-emocional\/","title":{"rendered":"Lesi\u00f3n emocional"},"content":{"rendered":"<h1>Lesi\u00f3n emocional<\/h1>\n<h1>Lesi\u00f3n emocional por trauma<\/h1>\n<div style=\"width: 1280px;\" class=\"wp-video\"><video class=\"wp-video-shortcode\" id=\"video-23497-1\" width=\"1280\" height=\"720\" preload=\"metadata\" controls=\"controls\"><source type=\"video\/mp4\" src=\"https:\/\/austinaccidentlawyer.com\/wp-content\/uploads\/2021\/12\/emotional-injury.mp4?_=1\" \/><a href=\"https:\/\/austinaccidentlawyer.com\/wp-content\/uploads\/2021\/12\/emotional-injury.mp4\">https:\/\/austinaccidentlawyer.com\/wp-content\/uploads\/2021\/12\/emotional-injury.mp4<\/a><\/video><\/div>\n<p>Los accidentes automovil\u00edsticos tienen el potencial de causar <a href=\"https:\/\/austinaccidentlawyer.com\/practice-areas\/serious-personal-injury\/\">lesiones f\u00edsicas graves<\/a> . Los choques tambi\u00e9n pueden causar angustia emocional a las personas involucradas, tanto al conductor como a los pasajeros. Una lesi\u00f3n emocional no siempre es evidente. La angustia emocional puede acechar bajo la superficie mucho despu\u00e9s del evento. Vamos a discutir la angustia mental y emocional y c\u00f3mo afectan a las v\u00edctimas de accidentes.<\/p>\n<div data-offset-key=\"aigos-0-0\"><img decoding=\"async\" class=\"aligncenter wp-image-23151 size-full\" src=\"https:\/\/austinaccidentlawyer.com\/wp-content\/uploads\/2017\/10\/anguish-4.png\" alt=\"emotional injury image\" width=\"150\" height=\"142\"><\/div>\n<h2>\u00bfQu\u00e9 es exactamente una lesi\u00f3n emocional?<\/h2>\n<p>En t\u00e9rminos legales, \u00abdolor y sufrimiento\u00bb incluye angustia mental.<\/p>\n<p>En su forma leve, una lesi\u00f3n emocional puede provocar per\u00edodos intensos de:<\/p>\n<ul>\n<li>llanto;<\/li>\n<li>enfado;<\/li>\n<li>cambios de humor;<\/li>\n<li>alteraci\u00f3n del sue\u00f1o;<\/li>\n<li>shock, ansiedad;<\/li>\n<li>y disfunci\u00f3n sexual temporal.<\/li>\n<\/ul>\n<p>Los casos graves pueden causar un trauma psicol\u00f3gico grave que conduce a:<\/p>\n<ul>\n<li>miedo intenso o irracional;<\/li>\n<li>humillaci\u00f3n;<\/li>\n<li>angustia mental;<\/li>\n<li>y depresi\u00f3n.<\/li>\n<\/ul>\n<p>Las formas leves de angustia mental y emocional desaparecen r\u00e1pidamente, pero los casos m\u00e1s graves requieren asistencia psicol\u00f3gica.<\/p>\n<div class=\"\" data-block=\"true\" data-editor=\"1ea3m\" data-offset-key=\"fdhc0-0-0\">\n<div class=\"public-DraftStyleDefault-block public-DraftStyleDefault-ltr\" data-offset-key=\"fdhc0-0-0\"><span data-offset-key=\"fdhc0-0-0\">Los expertos en salud diagnostican lesiones mentales y emocionales bajo clasificaciones como trastorno de estr\u00e9s agudo o PTSD (trastorno de estr\u00e9s postraum\u00e1tico).<\/span><\/div>\n<\/div>\n<div class=\"\" data-block=\"true\" data-editor=\"1ea3m\" data-offset-key=\"41eqr-0-0\">\n<div class=\"public-DraftStyleDefault-block public-DraftStyleDefault-ltr\" data-offset-key=\"41eqr-0-0\"><\/div>\n<\/div>\n<div class=\"\" data-block=\"true\" data-editor=\"1ea3m\" data-offset-key=\"3kfou-0-0\">\n<div class=\"public-DraftStyleDefault-block public-DraftStyleDefault-ltr\" data-offset-key=\"3kfou-0-0\"><span class=\"veryhardreadability\"><span data-offset-key=\"3kfou-0-0\">Si bien el PTSD se<\/span><\/span> asocia <span class=\"adverb\"><span data-offset-key=\"3kfou-1-0\">tradicionalmente<\/span><\/span> <span class=\"veryhardreadability\"><span data-offset-key=\"3kfou-2-0\">con los soldados que experimentan violencia extrema durante la batalla, de hecho puede afectar a <a href=\"https:\/\/austinaccidentlawyer.com\/practice-areas\/car-accident-lawyers\/\">las v\u00edctimas de accidentes automovil\u00edsticos<\/a><\/span><\/span> <span data-offset-key=\"3kfou-3-0\">.<\/span> <span class=\"hardreadability\"><span data-offset-key=\"3kfou-4-0\">En tales casos, la v\u00edctima revive el accidente en su cabeza una y otra vez, provocando un miedo paralizante y una angustia extrema<\/span><\/span> <span data-offset-key=\"3kfou-5-0\">.<\/span><\/div>\n<\/div>\n<div class=\"\" data-block=\"true\" data-editor=\"1ea3m\" data-offset-key=\"e7is9-0-0\">\n<div class=\"public-DraftStyleDefault-block public-DraftStyleDefault-ltr\" data-offset-key=\"e7is9-0-0\"><\/div>\n<\/div>\n<div class=\"\" data-block=\"true\" data-editor=\"1ea3m\" data-offset-key=\"b29n9-0-0\">\n<div class=\"public-DraftStyleDefault-block public-DraftStyleDefault-ltr\" data-offset-key=\"b29n9-0-0\"><span data-offset-key=\"b29n9-0-0\">El trastorno de estr\u00e9s postraum\u00e1tico en adultos se manifestar\u00e1 de<\/span> <span class=\"adverb\"><span data-offset-key=\"b29n9-1-0\">manera diferente<\/span><\/span><span data-offset-key=\"b29n9-2-0\"> que en los ni\u00f1os. Los adultos revivir\u00e1n el evento cuando ocurra un desencadenante. El trastorno de estr\u00e9s postraum\u00e1tico en los ni\u00f1os es mucho m\u00e1s complejo y se manifestar\u00e1 m\u00e1s adelante en formas que el ni\u00f1o o ahora el adulto no puede explicar.<\/span><\/div>\n<\/div>\n<div class=\"\" data-block=\"true\" data-editor=\"1ea3m\" data-offset-key=\"eme74-0-0\">\n<h2 class=\"public-DraftStyleDefault-block public-DraftStyleDefault-ltr\" data-offset-key=\"eme74-0-0\"><span data-offset-key=\"eme74-0-0\">Demostrando da\u00f1o emocional<\/span><\/h2>\n<\/div>\n<div class=\"\" data-block=\"true\" data-editor=\"1ea3m\" data-offset-key=\"buudu-0-0\">\n<div class=\"public-DraftStyleDefault-block public-DraftStyleDefault-ltr\" data-offset-key=\"buudu-0-0\"><span data-offset-key=\"4qj1l-0-0\">La primera pieza de evidencia que se usa para probar la lesi\u00f3n emocional es su propio testimonio. <\/span><span class=\"veryhardreadability\"><span data-offset-key=\"4qj1l-1-0\"> Cuando busque tratamiento por lesiones f\u00edsicas, es importante que informe a su proveedor de atenci\u00f3n m\u00e9dica sobre cualquier dolor emocional que est\u00e9 experimentando.<\/span><\/span><span data-offset-key=\"4qj1l-2-0\">.  <\/span><span class=\"hardreadability\"><span data-offset-key=\"4qj1l-3-0\"> Aseg\u00farese de informarle al proveedor sobre cualquier manifestaci\u00f3n f\u00edsica (como v\u00f3mitos) que acompa\u00f1e a los s\u00edntomas.<\/span><\/span><span data-offset-key=\"4qj1l-4-0\">.<\/span><\/div>\n<div data-offset-key=\"buudu-0-0\"><img decoding=\"async\" class=\"aligncenter wp-image-23153 size-full\" src=\"https:\/\/austinaccidentlawyer.com\/wp-content\/uploads\/2017\/10\/talking-with-doctor-4.jpg\" alt=\"doctor comfort image\" width=\"150\" height=\"100\"><\/div>\n<\/div>\n<div class=\"\" data-block=\"true\" data-editor=\"1ea3m\" data-offset-key=\"7otqr-0-0\">\n<div class=\"public-DraftStyleDefault-block public-DraftStyleDefault-ltr\" data-offset-key=\"7otqr-0-0\"><\/div>\n<\/div>\n<div class=\"\" data-block=\"true\" data-editor=\"1ea3m\" data-offset-key=\"e8npm-0-0\">\n<div class=\"public-DraftStyleDefault-block public-DraftStyleDefault-ltr\" data-offset-key=\"e8npm-0-0\"><span data-offset-key=\"e8npm-0-0\">Desafortunadamente, muchas personas tienen miedo de buscar tratamiento para la angustia emocional. <\/span><span class=\"hardreadability\"><span data-offset-key=\"e8npm-1-0\"> El miedo al estigma de la consejer\u00eda impide que muchas personas obtengan el tratamiento que necesitan<\/span><\/span><span data-offset-key=\"e8npm-2-0\">.  <\/span><span class=\"veryhardreadability\"><span data-offset-key=\"e8npm-3-0\"> Esto puede <\/span><\/span><span class=\"passivevoice\"><span data-offset-key=\"e8npm-4-0\">ser compuesto<\/span><\/span><span class=\"veryhardreadability\"><span data-offset-key=\"e8npm-5-0\"> cuando una persona no tiene lesiones f\u00edsicas o las lesiones f\u00edsicas han sanado pero el trauma contin\u00faa en la mente<\/span><\/span><span data-offset-key=\"e8npm-6-0\">.<\/span><\/div>\n<\/div>\n<div class=\"\" data-block=\"true\" data-editor=\"1ea3m\" data-offset-key=\"7pp54-0-0\">\n<div class=\"public-DraftStyleDefault-block public-DraftStyleDefault-ltr\" data-offset-key=\"7pp54-0-0\"><\/div>\n<\/div>\n<div class=\"\" data-block=\"true\" data-editor=\"1ea3m\" data-offset-key=\"4ji59-0-0\">\n<div class=\"public-DraftStyleDefault-block public-DraftStyleDefault-ltr\" data-offset-key=\"4ji59-0-0\"><span data-offset-key=\"4ji59-0-0\">La evidencia del tratamiento es fundamental para<\/span> <span class=\"complexword\"><span data-offset-key=\"4ji59-1-0\">validar<\/span><\/span> <span data-offset-key=\"4ji59-2-0\">la angustia emocional.<\/span> <span class=\"hardreadability\"><span data-offset-key=\"4ji59-3-0\">Un profesional de la salud mental es la mejor fuente para testificar sobre las lesiones emocionales.<\/span><\/span><span data-offset-key=\"4ji59-4-0\">. Los amigos y la familia son testigos importantes. <\/span><span class=\"complexword\"><span data-offset-key=\"4ji59-5-0\">Sin embargo<\/span><\/span> <span class=\"hardreadability\"><span data-offset-key=\"4ji59-6-0\">, la v\u00edctima tiene que ser abierta sobre sus problemas con sus seres m\u00e1s cercanos, y a pocas personas les gusta ser vulnerables acerca de su salud mental<\/span><\/span> <span data-offset-key=\"4ji59-7-0\">.<\/span><\/div>\n<\/div>\n<div class=\"\" data-block=\"true\" data-editor=\"1ea3m\" data-offset-key=\"2u21c-0-0\">\n<h2 class=\"public-DraftStyleDefault-block public-DraftStyleDefault-ltr\" data-offset-key=\"2u21c-0-0\"><span data-offset-key=\"2u21c-0-0\">\u00bfC\u00f3mo perciben las aseguradoras las lesiones mentales y emocionales?<\/span><\/h2>\n<\/div>\n<div class=\"\" data-block=\"true\" data-editor=\"1ea3m\" data-offset-key=\"lb08-0-0\">\n<div class=\"public-DraftStyleDefault-block public-DraftStyleDefault-ltr\" data-offset-key=\"lb08-0-0\"><span class=\"veryhardreadability\"><span data-offset-key=\"ackni-0-0\">Las aseguradoras generalmente aceptan reclamaciones por lesiones emocionales siempre que las reclamaciones sean coherentes con la lesi\u00f3n f\u00edsica y \/ o la gravedad del<\/span><\/span> <span data-offset-key=\"ackni-1-0\">accidente.<\/span><\/div>\n<\/div>\n<div class=\"\" data-block=\"true\" data-editor=\"1ea3m\" data-offset-key=\"7gg8a-0-0\">\n<div class=\"public-DraftStyleDefault-block public-DraftStyleDefault-ltr\" data-offset-key=\"7gg8a-0-0\"><\/div>\n<\/div>\n<div class=\"\" data-block=\"true\" data-editor=\"1ea3m\" data-offset-key=\"fsdgl-0-0\">\n<div class=\"public-DraftStyleDefault-block public-DraftStyleDefault-ltr\" data-offset-key=\"fsdgl-0-0\"><span data-offset-key=\"fsdgl-0-0\">Por ejemplo, si sufri\u00f3 una <a href=\"https:\/\/austinaccidentlawyer.com\/practice-areas\/neck-injuries\/\">distensi\u00f3n leve en el cuello<\/a> debido a la <\/span><span class=\"veryhardreadability\"><span data-offset-key=\"fsdgl-1-0\">termin\u00f3 y reclam\u00f3 una amplia gama de s\u00edntomas, incluido el trastorno de estr\u00e9s postraum\u00e1tico, un jurado podr\u00eda tener dificultades para creerle, y la compa\u00f1\u00eda de seguros no aceptar\u00e1 el reclamo (ni lo compensar\u00e1), la ausencia de evidencia de casos anteriores que podr\u00eda hacer que usted se sienta m\u00e1s vulnerable a la recurrencia<\/span><\/span><span data-offset-key=\"fsdgl-2-0\">.  <\/span><span class=\"hardreadability\"><span data-offset-key=\"fsdgl-3-0\">Un reclamo inflado hace que una persona pierda credibilidad ante la compa\u00f1\u00eda de seguros y el jurado.<\/span><\/span><span data-offset-key=\"fsdgl-4-0\">.<\/span><\/div>\n<\/div>\n<div class=\"\" data-block=\"true\" data-editor=\"1ea3m\" data-offset-key=\"9pa2n-0-0\">\n<div class=\"public-DraftStyleDefault-block public-DraftStyleDefault-ltr\" data-offset-key=\"9pa2n-0-0\"><\/div>\n<\/div>\n<div class=\"\" data-block=\"true\" data-editor=\"1ea3m\" data-offset-key=\"qtlm-0-0\">\n<div class=\"public-DraftStyleDefault-block public-DraftStyleDefault-ltr\" data-offset-key=\"qtlm-0-0\"><span data-offset-key=\"qtlm-0-0\">Un jurado podr\u00eda sospechar si la persona no busc\u00f3 tratamiento m\u00e9dico. Incluso si la v\u00edctima de un accidente llora durante horas o tiene miedo de ponerse al volante y ha perdido el apetito, <\/span>La aseguradora <span class=\"passivevoice\"><span data-offset-key=\"qtlm-2-0\">podr\u00e1 impugnar<\/span><\/span> <span class=\"hardreadability\"><span data-offset-key=\"qtlm-1-0\">cualquier reclamo por lesiones emocionales<\/span><\/span> <span class=\"hardreadability\"><span data-offset-key=\"qtlm-3-0\">si no se busc\u00f3 tratamiento m\u00e9dico<\/span><\/span> <span data-offset-key=\"qtlm-4-0\">.<\/span><\/div>\n<\/div>\n<div class=\"\" data-block=\"true\" data-editor=\"1ea3m\" data-offset-key=\"coi17-0-0\">\n<h2 class=\"public-DraftStyleDefault-block public-DraftStyleDefault-ltr\" data-offset-key=\"coi17-0-0\"><span data-offset-key=\"coi17-0-0\">C\u00f3mo las lesiones emocionales afectan los da\u00f1os en un reclamo por accidente automovil\u00edstico<\/span><\/h2>\n<\/div>\n<div class=\"\" data-block=\"true\" data-editor=\"1ea3m\" data-offset-key=\"b41e7-0-0\">\n<div class=\"public-DraftStyleDefault-block public-DraftStyleDefault-ltr\" data-offset-key=\"b41e7-0-0\"><span data-offset-key=\"85age-0-0\">Las reclamaciones por lesiones emocionales no suelen aumentar ni restar valor a los da\u00f1os de una persona, a menos que la lesi\u00f3n sea grave. <\/span><span class=\"veryhardreadability\"><span data-offset-key=\"85age-1-0\">Desde la perspectiva del jurado, sufrir un caso leve de angustia mental o emocional va con el territorio: si sufre un accidente, es probable que tambi\u00e9n sufra una lesi\u00f3n emocional.<\/span><\/span><span data-offset-key=\"85age-2-0\">.  <\/span><\/div>\n<\/div>\n<div class=\"\" data-block=\"true\" data-editor=\"1ea3m\" data-offset-key=\"8n7io-0-0\">\n<div class=\"public-DraftStyleDefault-block public-DraftStyleDefault-ltr\" data-offset-key=\"8n7io-0-0\"><\/div>\n<\/div>\n<div class=\"\" data-block=\"true\" data-editor=\"1ea3m\" data-offset-key=\"4eob7-0-0\">\n<div class=\"public-DraftStyleDefault-block public-DraftStyleDefault-ltr\" data-offset-key=\"4eob7-0-0\"><span class=\"veryhardreadability\"><span data-offset-key=\"4eob7-0-0\">Numerosos testimonios de sufrimiento emocional leve sirven para humanizar a la v\u00edctima y hacer entender al asegurador que la v\u00edctima lesionada es una persona real que vive el dolor y el sufrimiento.<\/span><\/span><span data-offset-key=\"4eob7-1-0\">. Los casos severos pueden aumentar la compensaci\u00f3n por facturas m\u00e9dicas y \/ o lucro cesante. <\/span><\/div>\n<\/div>\n<div class=\"\" data-block=\"true\" data-editor=\"1ea3m\" data-offset-key=\"796qv-0-0\">\n<div class=\"public-DraftStyleDefault-block public-DraftStyleDefault-ltr\" data-offset-key=\"796qv-0-0\"><\/div>\n<\/div>\n<div class=\"\" data-block=\"true\" data-editor=\"1ea3m\" data-offset-key=\"708c5-0-0\">\n<div class=\"public-DraftStyleDefault-block public-DraftStyleDefault-ltr\" data-offset-key=\"708c5-0-0\"><span class=\"veryhardreadability\"><span data-offset-key=\"708c5-0-0\">Si usted o alguien que conoce ha sufrido angustia emocional despu\u00e9s de un accidente, cont\u00e1ctenos hoy para obtener asesoramiento legal y ayuda para preparar un reclamo<\/span><\/span> <span data-offset-key=\"708c5-1-0\">.<\/span><\/div>\n<\/div>\n","protected":false},"excerpt":{"rendered":"<p>Lesi\u00f3n emocional Lesi\u00f3n emocional por trauma Los accidentes automovil\u00edsticos tienen el potencial de causar lesiones f\u00edsicas graves . Los choques tambi\u00e9n pueden causar angustia emocional a las personas involucradas, tanto al conductor como a los pasajeros. Una lesi\u00f3n emocional no siempre es evidente. La angustia emocional puede acechar bajo la superficie mucho despu\u00e9s del evento&#8230;.<\/p>\n","protected":false},"author":1,"featured_media":23152,"parent":0,"menu_order":0,"comment_status":"closed","ping_status":"closed","template":"","meta":{"_analytify_skip_tracking":false,"footnotes":""},"tags":[],"class_list":[],"_links":{"self":[{"href":"https:\/\/austinaccidentlawyer.com\/es\/wp-json\/wp\/v2\/pages\/23497","targetHints":{"allow":["GET"]}}],"collection":[{"href":"https:\/\/austinaccidentlawyer.com\/es\/wp-json\/wp\/v2\/pages"}],"about":[{"href":"https:\/\/austinaccidentlawyer.com\/es\/wp-json\/wp\/v2\/types\/page"}],"author":[{"embeddable":true,"href":"https:\/\/austinaccidentlawyer.com\/es\/wp-json\/wp\/v2\/users\/1"}],"replies":[{"embeddable":true,"href":"https:\/\/austinaccidentlawyer.com\/es\/wp-json\/wp\/v2\/comments?post=23497"}],"version-history":[{"count":0,"href":"https:\/\/austinaccidentlawyer.com\/es\/wp-json\/wp\/v2\/pages\/23497\/revisions"}],"wp:featuredmedia":[{"embeddable":true,"href":"https:\/\/austinaccidentlawyer.com\/es\/wp-json\/wp\/v2\/media\/23152"}],"wp:attachment":[{"href":"https:\/\/austinaccidentlawyer.com\/es\/wp-json\/wp\/v2\/media?parent=23497"}],"wp:term":[{"taxonomy":"post_tag","embeddable":true,"href":"https:\/\/austinaccidentlawyer.com\/es\/wp-json\/wp\/v2\/tags?post=23497"}],"curies":[{"name":"wp","href":"https:\/\/api.w.org\/{rel}","templated":true}]}}