{"id":23592,"date":"2024-04-26T09:55:31","date_gmt":"2024-04-26T14:55:31","guid":{"rendered":"http:\/\/3.131.240.186\/informacion-sobre-accidentes-automovilisticos\/"},"modified":"2024-08-07T17:01:14","modified_gmt":"2024-08-07T22:01:14","slug":"informacion-sobre-accidentes-automovilisticos","status":"publish","type":"page","link":"https:\/\/austinaccidentlawyer.com\/es\/areas-de-practica\/abogados-de-accidentes-automovilisticos-en-austin\/informacion-sobre-accidentes-automovilisticos\/","title":{"rendered":"Informaci\u00f3n sobre accidentes automovil\u00edsticos"},"content":{"rendered":"<h1>Informaci\u00f3n sobre accidentes automovil\u00edsticos<\/h1>\n<p>Si est\u00e1 involucrado en un <a href=\"https:\/\/austinaccidentlawyer.com\">accidente automovil\u00edstico en Texas<\/a> y cree que fue causado por la <a href=\"https:\/\/austinaccidentlawyer.com\/practice-areas\/negligence\/\">negligencia del otro conductor<\/a> , entonces puede tener motivos para presentar una reclamaci\u00f3n contra el seguro de los otros conductores . Con suerte, la informaci\u00f3n sobre accidentes automovil\u00edsticos que se presenta a continuaci\u00f3n le ayudar\u00e1.<\/p>\n<p><img decoding=\"async\" class=\"aligncenter wp-image-23107 size-medium\" src=\"https:\/\/austinaccidentlawyer.com\/wp-content\/uploads\/2017\/01\/7DeadlySinsReport_wsy2ny.original-1-3-192x300.jpg\" alt=\"\" width=\"192\" height=\"300\" srcset=\"https:\/\/austinaccidentlawyer.com\/wp-content\/uploads\/2017\/01\/7DeadlySinsReport_wsy2ny.original-1-3-192x300.jpg 192w, https:\/\/austinaccidentlawyer.com\/wp-content\/uploads\/2017\/01\/7DeadlySinsReport_wsy2ny.original-1-3.jpg 200w\" sizes=\"(max-width: 192px) 100vw, 192px\" \/><\/p>\n<h2>Informaci\u00f3n sobre accidentes automovil\u00edsticos: descripci\u00f3n general<\/h2>\n<p>En Texas, se determina que la <strong>negligencia<\/strong> es un factor basado en la \u00abvigilancia adecuada\u00bb. Esto significa que todo conductor en la carretera debe observar todas las circunstancias de la conducci\u00f3n para evitar un accidente automovil\u00edstico. El hecho de que un conductor no preste atenci\u00f3n a la carretera y a otros conductores puede resultar en un accidente automovil\u00edstico debido a negligencia. Generalmente, las personas que operan autom\u00f3viles deben tener \u00abun cuidado razonable dadas las circunstancias\u00bb. No utilizar un cuidado razonable se considera negligencia. A una persona que maneja un veh\u00edculo de manera negligente se le puede exigir que pague por el da\u00f1o a una persona o propiedad, causado por su negligencia. Se requiere que la parte lesionada, conocida como demandante, demuestre que el demandado fue negligente, que la negligencia caus\u00f3 el accidente y que el accidente caus\u00f3 las lesiones del demandante.<\/p>\n<p>Es posible que necesite la ayuda de un <a href=\"https:\/\/austinaccidentlawyer.com\/practice-areas\/car-accident-lawyers\/\">abogado de accidentes con experiencia<\/a> para demostrar que el otro conductor fue negligente si estuvo involucrado en un <strong>accidente automovil\u00edstico en Texas<\/strong> . Esto puede ser un problema complejo, especialmente si el accidente result\u00f3 en <a href=\"https:\/\/austinaccidentlawyer.com\/practice-areas\/serious-personal-injury\/\">lesiones graves para usted o un pasajero<\/a> en su veh\u00edculo. Tambi\u00e9n debe demostrar que sufri\u00f3 <strong>lesiones corporales<\/strong> en el accidente y si elige tratar con la compa\u00f1\u00eda de seguros por su cuenta, es posible que tenga dificultades para recibir la compensaci\u00f3n que se merece. Los abogados son m\u00e1s h\u00e1biles y est\u00e1n mejor equipados para demandar por <a href=\"https:\/\/austinaccidentlawyer.com\/what-is-my-case-worth\/\">una indemnizaci\u00f3n en un accidente automovil\u00edstico<\/a> .<\/p>\n<p>Los da\u00f1os por los que puede demandar en un caso de accidente automovil\u00edstico en Texas incluyen:<\/p>\n<ol>\n<li>P\u00e9rdida de ingresos porque no puede trabajar, de forma permanente o por un per\u00edodo de tiempo<\/li>\n<li>Gastos m\u00e9dicos<\/li>\n<li><a href=\"https:\/\/austinaccidentlawyer.com\/practice-areas\/wrongful-death-attorney\/\">Gastos de funeral<\/a><\/li>\n<li>Compensaci\u00f3n no econ\u00f3mica, como por <a href=\"https:\/\/austinaccidentlawyer.com\/faq\/pain-and-suffering\/\">dolor y sufrimiento<\/a> .<\/li>\n<\/ol>\n<p>El tribunal puede reducir el monto de su reclamo si el otro conductor afirma que usted tambi\u00e9n es responsable del accidente automovil\u00edstico, por lo que necesita los servicios de un <strong>abogado con experiencia en accidentes automovil\u00edsticos<\/strong> .<\/p>\n<p>Los casos que surgen de accidentes automovil\u00edsticos son, con mucho, el tipo m\u00e1s com\u00fan de casos de lesiones personales en nuestro sistema judicial en la actualidad. Esto no es sorprendente, dado que cada 10 segundos, alguien en los Estados Unidos se ve involucrado en un accidente automovil\u00edstico, seg\u00fan la Administraci\u00f3n Nacional de Seguridad del Tr\u00e1fico en las Carreteras (NHTSA).<\/p>\n<p>Si ha estado involucrado en un accidente automovil\u00edstico, un <a href=\"https:\/\/austinaccidentlawyer.com\/practice-areas\/motorcycle-accident-attorney\/\">accidente de motocicleta<\/a> o <a href=\"https:\/\/austinaccidentlawyer.com\/practice-areas\/truck-accident-lawyer\/\">un accidente de cami\u00f3n<\/a> , no dude en buscar asesoramiento legal de un abogado de lesiones personales con experiencia en casos de accidentes automovil\u00edsticos para proteger mejor sus intereses.<\/p>\n<p>Si estuvo involucrado en un <strong>accidente en Texas<\/strong> , estaremos encantados de envi\u00e1rselo por correo (junto con una serie de otras cosas gratis). Puede llamarnos o completar el formulario de contacto a continuaci\u00f3n. Si necesita informaci\u00f3n adicional sobre accidentes automovil\u00edsticos, no dude en contactarnos por tel\u00e9fono o correo electr\u00f3nico y con gusto responderemos sus preguntas.<\/p>\n","protected":false},"excerpt":{"rendered":"<p>Informaci\u00f3n sobre accidentes automovil\u00edsticos Si est\u00e1 involucrado en un accidente automovil\u00edstico en Texas y cree que fue causado por la negligencia del otro conductor , entonces puede tener motivos para presentar una reclamaci\u00f3n contra el seguro de los otros conductores . Con suerte, la informaci\u00f3n sobre accidentes automovil\u00edsticos que se presenta a continuaci\u00f3n le ayudar\u00e1&#8230;.<\/p>\n","protected":false},"author":2,"featured_media":0,"parent":23598,"menu_order":0,"comment_status":"open","ping_status":"closed","template":"","meta":{"_analytify_skip_tracking":false,"footnotes":""},"tags":[],"class_list":["post-23592","page","type-page","status-publish","hentry"],"_links":{"self":[{"href":"https:\/\/austinaccidentlawyer.com\/es\/wp-json\/wp\/v2\/pages\/23592","targetHints":{"allow":["GET"]}}],"collection":[{"href":"https:\/\/austinaccidentlawyer.com\/es\/wp-json\/wp\/v2\/pages"}],"about":[{"href":"https:\/\/austinaccidentlawyer.com\/es\/wp-json\/wp\/v2\/types\/page"}],"author":[{"embeddable":true,"href":"https:\/\/austinaccidentlawyer.com\/es\/wp-json\/wp\/v2\/users\/2"}],"replies":[{"embeddable":true,"href":"https:\/\/austinaccidentlawyer.com\/es\/wp-json\/wp\/v2\/comments?post=23592"}],"version-history":[{"count":0,"href":"https:\/\/austinaccidentlawyer.com\/es\/wp-json\/wp\/v2\/pages\/23592\/revisions"}],"up":[{"embeddable":true,"href":"https:\/\/austinaccidentlawyer.com\/es\/wp-json\/wp\/v2\/pages\/23598"}],"wp:attachment":[{"href":"https:\/\/austinaccidentlawyer.com\/es\/wp-json\/wp\/v2\/media?parent=23592"}],"wp:term":[{"taxonomy":"post_tag","embeddable":true,"href":"https:\/\/austinaccidentlawyer.com\/es\/wp-json\/wp\/v2\/tags?post=23592"}],"curies":[{"name":"wp","href":"https:\/\/api.w.org\/{rel}","templated":true}]}}