{"id":23598,"date":"2024-04-26T09:56:21","date_gmt":"2024-04-26T14:56:21","guid":{"rendered":"http:\/\/3.131.240.186\/abogados-de-accidentes-automovilisticos-en-austin\/"},"modified":"2026-04-20T16:59:17","modified_gmt":"2026-04-20T21:59:17","slug":"abogados-de-accidentes-automovilisticos-en-austin","status":"publish","type":"page","link":"https:\/\/austinaccidentlawyer.com\/es\/areas-de-practica\/abogados-de-accidentes-automovilisticos-en-austin\/","title":{"rendered":"Abogados de accidentes automovil\u00edsticos en Austin"},"content":{"rendered":"<h1>Abogados de accidentes automovil\u00edsticos en Austin<\/h1>\n<div style=\"width: 1280px;\" class=\"wp-video\"><video class=\"wp-video-shortcode\" id=\"video-23598-1\" width=\"1280\" height=\"720\" poster=\"https:\/\/austinaccidentlawyer.com\/wp-content\/uploads\/sites\/2\/2018\/10\/2014-04-21-11.33.57.jpg\" preload=\"metadata\" controls=\"controls\"><source type=\"video\/mp4\" src=\"https:\/\/austinaccidentlawyer.com\/wp-content\/uploads\/2021\/12\/car-accident-lawyers-video.mp4?_=1\" \/><a href=\"https:\/\/austinaccidentlawyer.com\/wp-content\/uploads\/2021\/12\/car-accident-lawyers-video.mp4\">https:\/\/austinaccidentlawyer.com\/wp-content\/uploads\/2021\/12\/car-accident-lawyers-video.mp4<\/a><\/video><\/div>\n<p>El chirrido de neum\u00e1ticos. El crujido del metal. El miedo y el repentino momento de terror cuando te das cuenta de que t\u00fa y tus pasajeros no est\u00e1n bien. Si ha estado involucrado en un <a title=\"Informaci\u00f3n sobre accidentes automovil\u00edsticos\" href=\"https:\/\/austinaccidentlawyer.com\/faq\/car-accident-information\/\">accidente automovil\u00edstico en Texas<\/a> , sabe muy bien c\u00f3mo se siente esto. Cada a\u00f1o, los accidentes automovil\u00edsticos en Texas resultan en lesiones graves. Si ha resultado lesionado en un accidente automovil\u00edstico, deje que los abogados de accidentes automovil\u00edsticos de The Traub Law Office le ayuden a obtener una compensaci\u00f3n por su <a href=\"https:\/\/austinaccidentlawyer.com\/faq\/pain-and-suffering\/\">dolor, sufrimiento<\/a> y gastos m\u00e9dicos.<\/p>\n<p><strong>Nadie deber\u00eda tener que soportar las dificultades de lesionarse en un accidente automovil\u00edstico<\/strong> , pero lamentablemente muchas personas enfrentan ese dolor todos los d\u00edas. Debido a que las agencias de seguros no est\u00e1n dispuestas a dar a las v\u00edctimas de accidentes automovil\u00edsticos lesionados lo que merecen leg\u00edtimamente como <a href=\"https:\/\/austinaccidentlawyer.com\/what-is-my-case-worth\/\">compensaci\u00f3n por sus lesiones<\/a> y los gastos resultantes, los abogados de accidentes automovil\u00edsticos como los de la oficina de The Traub Law dedican sus carreras profesionales a luchar contra tal injusticia. Si ha resultado lesionado y cree que podr\u00eda beneficiarse de la asistencia de abogados con experiencia en accidentes automovil\u00edsticos en Austin, perm\u00edtanos quitarle algo de la carga de encima.<\/p>\n<h2><strong>\u00bfPor qu\u00e9 contratar abogados de accidentes automovil\u00edsticos en Austin?<\/strong><\/h2>\n<p><img decoding=\"async\" class=\"aligncenter wp-image-23053 size-full\" src=\"https:\/\/austinaccidentlawyer.com\/wp-content\/uploads\/2011\/04\/andresr15896-182x182-4.png\" alt=\"injured person image\" width=\"182\" height=\"182\" srcset=\"https:\/\/austinaccidentlawyer.com\/wp-content\/uploads\/2011\/04\/andresr15896-182x182-4.png 182w, https:\/\/austinaccidentlawyer.com\/wp-content\/uploads\/2011\/04\/andresr15896-182x182-4-150x150.png 150w\" sizes=\"(max-width: 182px) 100vw, 182px\" \/><\/p>\n<p>\u00bfSe pregunta c\u00f3mo podr\u00eda beneficiarlo contratar a un <a href=\"https:\/\/austinaccidentlawyer.com\/practice-areas\/serious-personal-injury\/\">abogado de lesiones personales en<\/a> Texas? Aqu\u00ed hay algunos puntos a considerar. En primer lugar, tiene suficiente en mente mientras se concentra en curarse de sus lesiones, asistir a las citas con el m\u00e9dico, cuidar a los miembros de la familia, tratar de regresar al trabajo, comprar un autom\u00f3vil de reemplazo y pagar las facturas que resultaron del accidente. No necesita tener la carga de negociar con el ajustador de seguros y obtener la evasi\u00f3n cada vez que llama. Al contratar abogados de accidentes automovil\u00edsticos en Austin como los de The Traub Law Office, tendr\u00e1 a alguien con conocimientos en estos asuntos de su lado y listo para hablar en su nombre con sus mejores intereses en el coraz\u00f3n.<\/p>\n<p>Adem\u00e1s, al contratar a un abogado de lesiones personales cuya pr\u00e1ctica se dedica a la ley de lesiones, tendr\u00e1 a alguien que lo ayudar\u00e1 a evaluar su caso e identificar todas las \u00e1reas por las que puede buscar una compensaci\u00f3n. Dependiendo de su accidente y lesiones, es posible que pueda buscar una compensaci\u00f3n por discapacidad futura, dolor y sufrimiento, facturas m\u00e9dicas presentes y futuras y <a href=\"https:\/\/austinaccidentlawyer.com\/es\/salarios-perdidos-debido-a-una-lesion\/\">salarios perdidos,<\/a> entre otras cosas. Un abogado de lesiones personales con experiencia en el manejo de casos de accidentes automovil\u00edsticos en Texas puede ayudarlo a obtener la m\u00e1xima compensaci\u00f3n por su accidente automovil\u00edstico en Texas.<\/p>\n<p><strong>Ayude a su caso<\/strong><\/p>\n<p><img decoding=\"async\" class=\"aligncenter wp-image-23050 size-full\" src=\"https:\/\/austinaccidentlawyer.com\/wp-content\/uploads\/2011\/04\/070720a0016-182x182-4.png\" alt=\"gavel image\" width=\"182\" height=\"182\" srcset=\"https:\/\/austinaccidentlawyer.com\/wp-content\/uploads\/2011\/04\/070720a0016-182x182-4.png 182w, https:\/\/austinaccidentlawyer.com\/wp-content\/uploads\/2011\/04\/070720a0016-182x182-4-150x150.png 150w\" sizes=\"(max-width: 182px) 100vw, 182px\" \/><\/p>\n<p>Mientras comienza a comunicarse con los abogados de accidentes automovil\u00edsticos de Austin, puede hacer algunas cosas para ayudar en su caso.<\/p>\n<ul>\n<li>Aseg\u00farese de guardar y almacenar todos los documentos que reciba relacionados con su accidente, lesiones y atenci\u00f3n m\u00e9dica. Las cosas para mantener incluyen:\n<ul>\n<li>el informe del accidente<\/li>\n<li>fotos de la escena del accidente y los veh\u00edculos involucrados<\/li>\n<li>fotos de tus heridas<\/li>\n<li>registros m\u00e9dicos<\/li>\n<li>facturas m\u00e9dicas<\/li>\n<li>recibos de reparaci\u00f3n de autom\u00f3viles<\/li>\n<li>notas sobre c\u00f3mo le hacen sentir sus lesiones y c\u00f3mo afectan su capacidad para realizar las tareas diarias.<\/li>\n<\/ul>\n<\/li>\n<li>Adem\u00e1s, aseg\u00farese de hablar con su m\u00e9dico sobre todos los aspectos de su dolor y lesiones para que se incluyan en sus registros m\u00e9dicos.<\/li>\n<\/ul>\n<p>Sus abogados de accidentes automovil\u00edsticos de Austin podr\u00e1n utilizar estos importantes documentos durante las negociaciones y el posible juicio de su caso, dependiendo de la acci\u00f3n necesaria para obtener la compensaci\u00f3n m\u00e1s justa.<\/p>\n<h2>Ley de lesiones automovil\u00edsticas de Texas<\/h2>\n<p><img decoding=\"async\" class=\"aligncenter wp-image-23052 size-full\" src=\"https:\/\/austinaccidentlawyer.com\/wp-content\/uploads\/2011\/04\/andresr14487-182x182-4.png\" alt=\"scales image\" width=\"182\" height=\"182\" srcset=\"https:\/\/austinaccidentlawyer.com\/wp-content\/uploads\/2011\/04\/andresr14487-182x182-4.png 182w, https:\/\/austinaccidentlawyer.com\/wp-content\/uploads\/2011\/04\/andresr14487-182x182-4-150x150.png 150w\" sizes=\"(max-width: 182px) 100vw, 182px\" \/><\/p>\n<p>Como <a href=\"https:\/\/austinaccidentlawyer.com\/es\/\">abogado de accidentes automovil\u00edsticos que ejerce en Austin, Texas<\/a> durante la \u00faltima d\u00e9cada, he tenido que ayudar a muchas personas que sufren lesiones, facturas m\u00e9dicas, p\u00e9rdida de ingresos y, a veces, enfrentan el desalojo y la inanici\u00f3n debido a c\u00f3mo el descuido de alguien ahora ha afectado sus vidas.<\/p>\n<p>Desafortunadamente, los accidentes automovil\u00edsticos ocurren con demasiada frecuencia porque alguien estaba siendo descuidado innecesariamente, distra\u00eddo por su tel\u00e9fono, un ni\u00f1o u otro pasajero. A veces es peor: el <a href=\"https:\/\/austinaccidentlawyer.com\/practice-areas\/drunk-driving-accident-lawyer\/\">conductor est\u00e1 ebrio o intoxicado<\/a> o <a href=\"https:\/\/austinaccidentlawyer.com\/practice-areas\/distracted-driver\/\">env\u00eda mensajes de texto o lee un libro<\/a> . Otras veces, el conductor simplemente tiene prisa y no se da cuenta de que un trozo de acero de varios cientos de libras que se mueve a alta velocidad tiene una fuerza sustancial (simplemente la masa multiplicada por la velocidad es igual a la fuerza) y puede ocurrir una tragedia.<\/p>\n<p>Muchas v\u00edctimas de accidentes, especialmente aquellas con lesiones en el cuello , tienen problemas de por vida, mientras que algunos afortunados se curan despu\u00e9s de unos meses. En todos los casos, se trata de una lucha en\u00e9rgica por nuestros clientes, lo que significa no solo conocer la ley y los hechos, sino tambi\u00e9n poder contrarrestar a los m\u00e9dicos que las compa\u00f1\u00edas de seguros contratan para tratar de convertirte en un \u00abganador de la loter\u00eda\u00bb y mantener el jurado. centrado en las verdades y no en las mentiras del abogado defensor de seguros.<\/p>\n<p>Las compa\u00f1\u00edas de seguros solo est\u00e1n interesadas en una cosa: sus ganancias. Te ven como alguien que intenta disminuir sus ganancias. No les importa si usted result\u00f3 lesionado o c\u00f3mo ha afectado su vida. Solo les importa c\u00f3mo pueden salirse con la suya sin pagarle o lo poco que deben pagar. Solo pagan lo que t\u00fa les haces pagar. Para ellos es un juego de suma cero, lo que significa que alguien tiene que ganar y alguien tiene que perder. Ellos pondr\u00e1n esos miles de millones de d\u00f3lares del dinero del asegurado para asegurarse de que ganen ellos y no usted.<\/p>\n<p>Se supone que la ley es el gran igualador. La riqueza de la compa\u00f1\u00eda de seguros o la pobreza de la v\u00edctima del accidente automovil\u00edstico no deber\u00edan importar. Desafortunadamente, los tribunales ya no son iguales ni justos con la parte agraviada. Incluso con uno de los mejores abogados de accidentes automovil\u00edsticos de Austin, enfrentar\u00e1 leyes que se cambiaron en los \u00faltimos diez a\u00f1os con un objetivo en mente: disminuir su compensaci\u00f3n y aumentar los ahorros de la compa\u00f1\u00eda de seguros.<\/p>\n<p>Aqu\u00ed hay solo dos ejemplos:<\/p>\n<p>1) Las compa\u00f1\u00edas de seguros tienen abogados internos con nombres como <strong>Susan Florence &amp; Associates<\/strong> o <strong>The Law Office of Gregory V. DeBernard<\/strong> (anteriormente The Law Offices of Kelly O&#8217;Connor). \u00bfPor qu\u00e9 los abogados no dicen que trabajan para Allstate o USAA? Porque el jurado nunca llega a saber que el acusado tiene un seguro que pagar\u00e1 el fallo. No puede demandar a la compa\u00f1\u00eda de seguros, solo a la persona que fue descuidada, por lo que el hecho de que el seguro est\u00e9 disponible se ocultar\u00e1 al jurado. \u00bfPor qu\u00e9 las compa\u00f1\u00edas de seguros tienen abogados internos? Controlar costos. Les pagan un salario fijo y no les importa si presenta una demanda y va hasta el final del juicio; el costo es el mismo para ellos.<\/p>\n<p>2) Es mejor que no tenga seguro y se encargue de financiar su tratamiento que si tiene seguro m\u00e9dico. Loco pero cierto. Uno pensar\u00eda que la ley recompensar\u00eda a las personas por tener un seguro m\u00e9dico y castigar\u00eda a la persona que lo lastim\u00f3 por descuido. Eso sol\u00eda ser cierto, pero no desde 2003. Ahora, la persona descuidada obtiene el descuento que obtuvo su seguro m\u00e9dico para usted, pero en realidad, la compa\u00f1\u00eda de seguros obtiene el beneficio. Este cambio por s\u00ed solo ha ahorrado <strong>miles de millones de d\u00f3lares a<\/strong> las compa\u00f1\u00edas de seguros.<\/p>\n<p>Si estuvo involucrado en un <strong>accidente en Texas,<\/strong> comun\u00edquese hoy mismo con los abogados de accidentes automovil\u00edsticos de Austin en Traub Law Office, PC.<\/p>\n","protected":false},"excerpt":{"rendered":"<p>Abogados de accidentes automovil\u00edsticos en Austin El chirrido de neum\u00e1ticos. El crujido del metal. El miedo y el repentino momento de terror cuando te das cuenta de que t\u00fa y tus pasajeros no est\u00e1n bien. Si ha estado involucrado en un accidente automovil\u00edstico en Texas , sabe muy bien c\u00f3mo se siente esto. Cada a\u00f1o,&#8230;<\/p>\n","protected":false},"author":2,"featured_media":29496,"parent":34924,"menu_order":0,"comment_status":"closed","ping_status":"closed","template":"","meta":{"_analytify_skip_tracking":false,"footnotes":""},"tags":[],"class_list":["post-23598","page","type-page","status-publish","has-post-thumbnail","hentry"],"_links":{"self":[{"href":"https:\/\/austinaccidentlawyer.com\/es\/wp-json\/wp\/v2\/pages\/23598","targetHints":{"allow":["GET"]}}],"collection":[{"href":"https:\/\/austinaccidentlawyer.com\/es\/wp-json\/wp\/v2\/pages"}],"about":[{"href":"https:\/\/austinaccidentlawyer.com\/es\/wp-json\/wp\/v2\/types\/page"}],"author":[{"embeddable":true,"href":"https:\/\/austinaccidentlawyer.com\/es\/wp-json\/wp\/v2\/users\/2"}],"replies":[{"embeddable":true,"href":"https:\/\/austinaccidentlawyer.com\/es\/wp-json\/wp\/v2\/comments?post=23598"}],"version-history":[{"count":0,"href":"https:\/\/austinaccidentlawyer.com\/es\/wp-json\/wp\/v2\/pages\/23598\/revisions"}],"up":[{"embeddable":true,"href":"https:\/\/austinaccidentlawyer.com\/es\/wp-json\/wp\/v2\/pages\/34924"}],"wp:featuredmedia":[{"embeddable":true,"href":"https:\/\/austinaccidentlawyer.com\/es\/wp-json\/wp\/v2\/media\/29496"}],"wp:attachment":[{"href":"https:\/\/austinaccidentlawyer.com\/es\/wp-json\/wp\/v2\/media?parent=23598"}],"wp:term":[{"taxonomy":"post_tag","embeddable":true,"href":"https:\/\/austinaccidentlawyer.com\/es\/wp-json\/wp\/v2\/tags?post=23598"}],"curies":[{"name":"wp","href":"https:\/\/api.w.org\/{rel}","templated":true}]}}