{"id":23637,"date":"2024-04-26T09:55:24","date_gmt":"2024-04-26T14:55:24","guid":{"rendered":"http:\/\/3.131.240.186\/reclamacion-de-pasajero-lesionado\/"},"modified":"2026-04-20T16:59:18","modified_gmt":"2026-04-20T21:59:18","slug":"reclamacion-de-pasajero-lesionado","status":"publish","type":"page","link":"https:\/\/austinaccidentlawyer.com\/es\/areas-de-practica\/reclamacion-de-pasajero-lesionado\/","title":{"rendered":"Reclamaci\u00f3n de pasajero lesionado"},"content":{"rendered":"<h1>Reclamaci\u00f3n de pasajero lesionado<\/h1>\n<p>\u00bfTiene alg\u00fan derecho a compensaci\u00f3n si es el pasajero lesionado en un <a href=\"https:\/\/austinaccidentlawyer.com\/practice-areas\/car-accident-lawyers\/\">accidente automovil\u00edstico<\/a> ? \u00bfDe qui\u00e9n buscar\u00eda una compensaci\u00f3n? Como pasajero, puede tener derechos que ni siquiera el conductor tiene, especialmente si ambos conductores tienen la culpa. Sin embargo, este no ser\u00eda el caso si, a sabiendas, viajara en un veh\u00edculo con un <a href=\"https:\/\/austinaccidentlawyer.com\/practice-areas\/drunk-driving-accident-lawyer\/\">conductor ebrio<\/a> o alguien que supiera que ser\u00eda un <a href=\"https:\/\/austinaccidentlawyer.com\/es\/areas-de-practica\/negligencia\/\">conductor negligente<\/a> .<\/p>\n<p><img decoding=\"async\" class=\"aligncenter wp-image-23164 size-full\" src=\"https:\/\/austinaccidentlawyer.com\/wp-content\/uploads\/2018\/08\/passenger-seat-2.jpg\" alt=\"injured passenger image\" width=\"640\" height=\"426\" srcset=\"https:\/\/austinaccidentlawyer.com\/wp-content\/uploads\/2018\/08\/passenger-seat-2.jpg 640w, https:\/\/austinaccidentlawyer.com\/wp-content\/uploads\/2018\/08\/passenger-seat-2-300x200.jpg 300w, https:\/\/austinaccidentlawyer.com\/wp-content\/uploads\/2018\/08\/passenger-seat-2-480x320.jpg 480w\" sizes=\"(max-width: 640px) 100vw, 640px\" \/><\/p>\n<p>Si usted fuera el pasajero lesionado en un accidente automovil\u00edstico \u00fanico, entonces tendr\u00eda un reclamo contra el conductor del veh\u00edculo en el que se encontraba. Es posible que no dude en demandar al conductor porque puede ser un amigo o pariente, pero en realidad estar\u00eda demandando a su compa\u00f1\u00eda de seguros.<\/p>\n<p>El conductor de un veh\u00edculo de motor o cualquier otro medio de transporte tiene la obligaci\u00f3n de conducir con cuidado y seguridad no solo para evitar chocar con otros veh\u00edculos, sino tambi\u00e9n para evitar lesiones a sus pasajeros. Esto se conoce como <strong>deber de cuidado<\/strong> . Si el conductor no tiene el debido cuidado y resulta en que el pasajero resulte herido o fallezca, el pasajero o los herederos del pasajero (en el caso de una muerte), tienen derecho al pago del conductor por todos los da\u00f1os resultantes de sus lesiones o p\u00e9rdidas. , incluyendo facturas m\u00e9dicas, salarios perdidos y dolor y sufrimiento.<\/p>\n<p>\u00bfCu\u00e1les son los siguientes pasos si fuera un pasajero que result\u00f3 lesionado en una colisi\u00f3n de veh\u00edculo motorizado, ya sea en un autom\u00f3vil, bote o avi\u00f3n?<\/p>\n<p>Si otro veh\u00edculo tuvo la culpa, aseg\u00farese de obtener toda la informaci\u00f3n del conductor, como la licencia de conducir, el n\u00famero de placa y la informaci\u00f3n del seguro, como lo har\u00eda en cualquier accidente automovil\u00edstico. Tome fotograf\u00edas de los veh\u00edculos en el lugar, as\u00ed como de las lesiones o hematomas que haya sufrido.<\/p>\n<p>\u00bfY si no sabes qui\u00e9n tiene la culpa? Esta es una raz\u00f3n m\u00e1s para <a href=\"https:\/\/austinaccidentlawyer.com\/es\/andrew-traub\/\">contratar a un abogado de lesiones personales<\/a> . Si ambos conductores tienen la culpa, es posible que pueda recuperar dinero de ambos si uno no tiene suficiente seguro para cubrir todos los da\u00f1os.<\/p>\n<p>Es muy importante que se comunique con un abogado de lesiones personales lo antes posible si es un pasajero lesionado. No hable con la compa\u00f1\u00eda de seguros antes de ponerse en contacto con un abogado de lesiones personales porque pueden intentar enga\u00f1arlo para que diga cosas que volver\u00e1n a atormentarlo o arruinar\u00e1n su caso m\u00e1s adelante. No le d\u00e9 una declaraci\u00f3n al ajustador de seguros hasta que se haya comunicado y contratado a un abogado.<\/p>\n<p>El ajustador de seguros trabaja para la compa\u00f1\u00eda de seguros y solo tiene en mente sus mejores intereses.<\/p>\n<p>Un abogado con experiencia en lesiones personales se asegurar\u00e1 de que est\u00e9 recibiendo la <a href=\"https:\/\/austinaccidentlawyer.com\/es\/areas-de-practica\/sin-seguro-medico-no-hay-problema\/\">atenci\u00f3n m\u00e9dica<\/a> adecuada tanto f\u00edsica como psicol\u00f3gica y har\u00e1 todo lo posible para asegurarse de que reciba una compensaci\u00f3n por sus gastos m\u00e9dicos, dolor y sufrimiento tanto mental como f\u00edsico, salarios perdidos y da\u00f1os a la propiedad. .<\/p>\n<p>Un abogado de lesiones personales es un abogado de contingencia y no se le paga hasta que resuelva su caso o reciba un veredicto favorable en un juicio.<\/p>\n<p>Si es un pasajero lesionado como resultado de un accidente automovil\u00edstico, la oficina de abogados de Traub ofrece una consulta gratuita para que podamos ayudarlo con toda la compensaci\u00f3n financiera que se merece. Simplemente complete el formulario a continuaci\u00f3n para contactarnos o ll\u00e1menos al (512) 246-9191.<\/p>\n","protected":false},"excerpt":{"rendered":"<p>Reclamaci\u00f3n de pasajero lesionado \u00bfTiene alg\u00fan derecho a compensaci\u00f3n si es el pasajero lesionado en un accidente automovil\u00edstico ? \u00bfDe qui\u00e9n buscar\u00eda una compensaci\u00f3n? Como pasajero, puede tener derechos que ni siquiera el conductor tiene, especialmente si ambos conductores tienen la culpa. Sin embargo, este no ser\u00eda el caso si, a sabiendas, viajara en un&#8230;<\/p>\n","protected":false},"author":1,"featured_media":0,"parent":34924,"menu_order":0,"comment_status":"closed","ping_status":"closed","template":"","meta":{"_analytify_skip_tracking":false,"footnotes":""},"tags":[],"class_list":[],"_links":{"self":[{"href":"https:\/\/austinaccidentlawyer.com\/es\/wp-json\/wp\/v2\/pages\/23637","targetHints":{"allow":["GET"]}}],"collection":[{"href":"https:\/\/austinaccidentlawyer.com\/es\/wp-json\/wp\/v2\/pages"}],"about":[{"href":"https:\/\/austinaccidentlawyer.com\/es\/wp-json\/wp\/v2\/types\/page"}],"author":[{"embeddable":true,"href":"https:\/\/austinaccidentlawyer.com\/es\/wp-json\/wp\/v2\/users\/1"}],"replies":[{"embeddable":true,"href":"https:\/\/austinaccidentlawyer.com\/es\/wp-json\/wp\/v2\/comments?post=23637"}],"version-history":[{"count":0,"href":"https:\/\/austinaccidentlawyer.com\/es\/wp-json\/wp\/v2\/pages\/23637\/revisions"}],"up":[{"embeddable":true,"href":"https:\/\/austinaccidentlawyer.com\/es\/wp-json\/wp\/v2\/pages\/34924"}],"wp:attachment":[{"href":"https:\/\/austinaccidentlawyer.com\/es\/wp-json\/wp\/v2\/media?parent=23637"}],"wp:term":[{"taxonomy":"post_tag","embeddable":true,"href":"https:\/\/austinaccidentlawyer.com\/es\/wp-json\/wp\/v2\/tags?post=23637"}],"curies":[{"name":"wp","href":"https:\/\/api.w.org\/{rel}","templated":true}]}}