{"id":23652,"date":"2021-12-22T15:39:05","date_gmt":"2021-12-22T21:39:05","guid":{"rendered":"http:\/\/3.131.240.186\/negligencia\/"},"modified":"2026-04-20T16:59:18","modified_gmt":"2026-04-20T21:59:18","slug":"negligencia","status":"publish","type":"page","link":"https:\/\/austinaccidentlawyer.com\/es\/areas-de-practica\/negligencia\/","title":{"rendered":"Negligencia"},"content":{"rendered":"\n<h1 class=\"wp-block-heading\">Su Sistema de Apoyo Legal: Abogado de Negligencia en Austin, TX<\/h1>\n\n<p>Al enfrentarse a asuntos legales relacionados con negligencia, contar con la representaci\u00f3n adecuada es crucial. Los casos de negligencia pueden ser complejos y requieren experiencia para abordarlos efectivamente. Aqu\u00ed es donde un abogado especializado en negligencia en Austin, Texas, entra en acci\u00f3n. Con su conocimiento y experiencia especializados, puede brindarle orientaci\u00f3n y apoyo invaluables para garantizar la protecci\u00f3n de sus derechos. Ya sea que se trate de una reclamaci\u00f3n por lesiones personales, da\u00f1os a la propiedad o cualquier otro problema relacionado con negligencia, nuestro equipo est\u00e1 aqu\u00ed para ayudarle a obtener justicia y la compensaci\u00f3n que merece.    <\/p>\n<div class=\"wp-block-image\">\n<figure class=\"aligncenter size-large\"><img decoding=\"async\" width=\"1024\" height=\"689\" src=\"https:\/\/austinaccidentlawyer.com\/wp-content\/uploads\/2024\/08\/practice-areas_negligence-1024x689.webp\" alt=\"Representaci&#xF3;n legal para casos de negligencia.\" class=\"wp-image-29909\" srcset=\"https:\/\/austinaccidentlawyer.com\/wp-content\/uploads\/2024\/08\/practice-areas_negligence-1024x689.webp 1024w, https:\/\/austinaccidentlawyer.com\/wp-content\/uploads\/2024\/08\/practice-areas_negligence-300x202.webp 300w, https:\/\/austinaccidentlawyer.com\/wp-content\/uploads\/2024\/08\/practice-areas_negligence-768x517.webp 768w, https:\/\/austinaccidentlawyer.com\/wp-content\/uploads\/2024\/08\/practice-areas_negligence.webp 1200w\" sizes=\"(max-width: 1024px) 100vw, 1024px\" \/><\/figure>\n<\/div>\n<p>La negligencia en Texas (y en la mayor\u00eda de los dem\u00e1s estados y pa\u00edses) se define de la siguiente manera para un jurado:<\/p>\n\n<p>\u00abNegligencia\u00bb significa no utilizar el cuidado ordinario, es decir, no hacer lo que una persona de prudencia ordinaria habr\u00eda hecho en las mismas circunstancias o en circunstancias similares, o hacer lo que una persona de prudencia ordinaria no habr\u00eda hecho en las mismas circunstancias o en circunstancias similares.<\/p>\n\n<p>\u00abCuidado ordinario\u00bb significa el grado de cuidado que emplear\u00eda una persona de prudencia ordinaria en circunstancias iguales o similares.<\/p>\n\n<p>Este lenguaje jur\u00eddico puede ser muy confuso para el jurado, y los tribunales han tenido dificultades para encontrar una redacci\u00f3n f\u00e1cil de entender. Esta falta de claridad suele ser aprovechada por los abogados defensores, quienes alegan que su cliente no fue negligente al chocar la parte trasera de su veh\u00edculo. Los clientes deben reunir y presentar pruebas exhaustivas para justificar eficazmente sus reclamaciones por da\u00f1os y perjuicios. Para ello, trabajar con un abogado con experiencia en negligencia en Austin, Texas, que comprenda los matices de la prueba de da\u00f1os en los procedimientos legales, puede fortalecer significativamente el caso del demandante.  <\/p>\n\n<h2 class=\"wp-block-heading\">As\u00ed que aqu\u00ed est\u00e1 el motivo por el cual alguien podr\u00eda chocar su auto y lastimarlo y aun as\u00ed ser considerado inocente:<\/h2>\n\n<p>(y salirse con la suya aunque usted no haya hecho nada malo)<\/p>\n\n<ol class=\"wp-block-list\">\n<li>La persona que te golpe\u00f3 tuvo una emergencia repentina . Por ejemplo, estaban evitando una colisi\u00f3n frontal con otro veh\u00edculo, o tal vez un ni\u00f1o se cruz\u00f3 frente a ellos.<\/li>\n\n\n\n<li>La persona que lo golpe\u00f3 tuvo un ataque card\u00edaco u otra enfermedad. Si alguien sufre un ataque card\u00edaco y no puede conducir, seguir\u00e1 utilizando los cuidados habituales hasta que se produzca el ataque. Sin embargo, si tienen antecedentes de problemas card\u00edacos, estos pueden ser diferentes.<\/li>\n\n\n\n<li>La defensa del estornudo. \u00abMe detuvieron en el tr\u00e1fico con frenadas y arranques, quit\u00e9 el pie del freno cuando el tr\u00e1fico avanzaba, estornud\u00f3 y pis\u00e9 accidentalmente el acelerador\u00bb. Por loco que parezca, he escuchado a los abogados defensores usarlo y alardear de que han ganado casos con \u00e9l. Recuerde, el demandante tiene la carga de probar que el conductor no estaba usando el mismo cuidado que usar\u00eda otro conductor en circunstancias similares.<\/li>\n\n\n\n<li>El acusado llam\u00f3 a la polic\u00eda. Ok, esta no es una defensa real, pero una vez perd\u00ed un caso y luego les pregunt\u00e9 a los miembros del jurado por qu\u00e9 no votaron por mi cliente, quien fue golpeado por detr\u00e1s por el acusado. La respuesta me sorprendi\u00f3. Pensaron que alguien que llam\u00f3 a la polic\u00eda despu\u00e9s de un accidente estaba mostrando una prudencia normal. Moraleja de la historia: hay que dejar claro que el cuidado ordinario se aplica al momento de la colisi\u00f3n y no a lo que se hizo o no se hizo despu\u00e9s.<\/li>\n<\/ol>\n\n<p>Si puede probar que la otra parte fue negligente, y no hay ning\u00fan argumento de que usted tambi\u00e9n tuvo la culpa, est\u00e1 a la mitad del camino para probar su caso. Ahora viene la parte dif\u00edcil: probar sus da\u00f1os.<\/p>\n\n<h2 class=\"wp-block-heading\">Entendiendo la Ley sobre Negligencia Comparativa en Texas<\/h2>\n\n<p>En Texas, <a href=\"https:\/\/statutes.capitol.texas.gov\/Docs\/CP\/htm\/CP.33.htm\">el concepto legal de negligencia comparativa<\/a> se utiliza en casos de lesiones personales para determinar el grado de culpa de cada parte involucrada en un accidente. Texas aplica una regla de negligencia comparativa modificada, espec\u00edficamente la regla de exclusi\u00f3n del 51%. <\/p>\n\n<p>Bajo esta regla, el demandante a\u00fan puede obtener una indemnizaci\u00f3n por da\u00f1os y perjuicios, pero la cantidad que puede recuperar se reduce seg\u00fan su porcentaje de culpa. Un demandante no puede obtener una indemnizaci\u00f3n por da\u00f1os y perjuicios si se le determina que tiene un 51% o m\u00e1s de culpa en el accidente. Si tiene un 50% o menos de culpa, a\u00fan puede obtener una indemnizaci\u00f3n por da\u00f1os y perjuicios incluso si tiene una culpa parcial.  <\/p>\n\n<p>Recuerde que la ley de Texas sobre negligencia comparativa puede ser compleja y variar seg\u00fan las circunstancias espec\u00edficas de cada caso. Se recomienda consultar con un abogado especializado en negligencia en Austin, Texas, especializado en lesiones personales para quienes se vean involucrados en estos casos. <\/p>\n\n<h3 class=\"wp-block-heading\">Comun\u00edquese con un abogado de negligencia en Austin TX ahora!<\/h3>\n\n<p>Puede hablar con nuestro abogado inmediatamente llam\u00e1ndonos al (512) 246-9191 o <a href=\"https:\/\/austinaccidentlawyer.com\/practice-areas\/distracted-driver\/#contact\">completando el formulario.<\/a><\/p>\n","protected":false},"excerpt":{"rendered":"<p>Su Sistema de Apoyo Legal: Abogado de Negligencia en Austin, TX Al enfrentarse a asuntos legales relacionados con negligencia, contar con la representaci\u00f3n adecuada es crucial. Los casos de negligencia pueden ser complejos y requieren experiencia para abordarlos efectivamente. Aqu\u00ed es donde un abogado especializado en negligencia en Austin, Texas, entra en acci\u00f3n. Con su&#8230;<\/p>\n","protected":false},"author":2,"featured_media":29910,"parent":34924,"menu_order":0,"comment_status":"open","ping_status":"closed","template":"","meta":{"_analytify_skip_tracking":false,"footnotes":""},"tags":[],"class_list":["post-23652","page","type-page","status-publish","has-post-thumbnail","hentry"],"_links":{"self":[{"href":"https:\/\/austinaccidentlawyer.com\/es\/wp-json\/wp\/v2\/pages\/23652","targetHints":{"allow":["GET"]}}],"collection":[{"href":"https:\/\/austinaccidentlawyer.com\/es\/wp-json\/wp\/v2\/pages"}],"about":[{"href":"https:\/\/austinaccidentlawyer.com\/es\/wp-json\/wp\/v2\/types\/page"}],"author":[{"embeddable":true,"href":"https:\/\/austinaccidentlawyer.com\/es\/wp-json\/wp\/v2\/users\/2"}],"replies":[{"embeddable":true,"href":"https:\/\/austinaccidentlawyer.com\/es\/wp-json\/wp\/v2\/comments?post=23652"}],"version-history":[{"count":0,"href":"https:\/\/austinaccidentlawyer.com\/es\/wp-json\/wp\/v2\/pages\/23652\/revisions"}],"up":[{"embeddable":true,"href":"https:\/\/austinaccidentlawyer.com\/es\/wp-json\/wp\/v2\/pages\/34924"}],"wp:featuredmedia":[{"embeddable":true,"href":"https:\/\/austinaccidentlawyer.com\/es\/wp-json\/wp\/v2\/media\/29910"}],"wp:attachment":[{"href":"https:\/\/austinaccidentlawyer.com\/es\/wp-json\/wp\/v2\/media?parent=23652"}],"wp:term":[{"taxonomy":"post_tag","embeddable":true,"href":"https:\/\/austinaccidentlawyer.com\/es\/wp-json\/wp\/v2\/tags?post=23652"}],"curies":[{"name":"wp","href":"https:\/\/api.w.org\/{rel}","templated":true}]}}