{"id":23661,"date":"2024-04-26T09:55:21","date_gmt":"2024-04-26T14:55:21","guid":{"rendered":"http:\/\/3.131.240.186\/sin-seguro-medico-no-hay-problema\/"},"modified":"2026-04-20T16:59:18","modified_gmt":"2026-04-20T21:59:18","slug":"sin-seguro-medico-no-hay-problema","status":"publish","type":"page","link":"https:\/\/austinaccidentlawyer.com\/es\/areas-de-practica\/sin-seguro-medico-no-hay-problema\/","title":{"rendered":"Sin seguro m\u00e9dico, no hay problema"},"content":{"rendered":"<h1>Sin seguro m\u00e9dico, no hay problema<\/h1>\n<p>Si ha resultado <a href=\"https:\/\/austinaccidentlawyer.com\/es\/areas-de-practica\/negligencia\/\">lesionado debido al descuido de otra persona<\/a> y no tiene seguro m\u00e9dico, podr\u00eda enfrentarse a un dilema grave.<\/p>\n<h2>No puede esperar su tratamiento<\/h2>\n<h3>Esperar puede empeorar el dolor y permanecer m\u00e1s tiempo<\/h3>\n<p>Sabe por el sentido com\u00fan que cuanto antes reciba tratamiento para un problema, m\u00e1s f\u00e1cil ser\u00e1 tratarlo. Una onza de prevenci\u00f3n vale m\u00e1s que una libra de cura. Los estudios tambi\u00e9n muestran que cuanto m\u00e1s tiempo se tarda en comenzar el tratamiento, m\u00e1s prolongada y dolorosa ser\u00e1 la recuperaci\u00f3n.<\/p>\n<h3>Esperar le dificulta hacer un reclamo<\/h3>\n<p>Las compa\u00f1\u00edas de seguros se\u00f1alan un reclamo como posiblemente fraudulento si no recibe tratamiento m\u00e9dico dentro de los primeros cuatro d\u00edas de un accidente. Despu\u00e9s de treinta d\u00edas, lo tratan como autom\u00e1ticamente fraudulento, por lo que cuanto m\u00e1s espere hasta que lo traten, m\u00e1s dif\u00edcil ser\u00e1 reclamarles. Si tienes que ir a juicio, te enfrentas al mismo problema con el jurado: el abogado de seguros dir\u00e1 \u00ab\u00bfpor qu\u00e9 no recibi\u00f3 tratamiento? Si estaba sufriendo como dice estar, \u00bfpor qu\u00e9 no fue al m\u00e9dico?\u00bb. \u00bfcuanto antes?\u00bb<\/p>\n<p>Recuerde, las compa\u00f1\u00edas de seguros han gastado millones de d\u00f3lares para perjudicar a los posibles jurados y hacerles creer que todos est\u00e1n tratando de aprovechar \u00abel sistema\u00bb y est\u00e1n fingiendo sus lesiones. \u00bfQuiere darle munici\u00f3n a los abogados de la compa\u00f1\u00eda de seguros?<\/p>\n<h2>La soluci\u00f3n para no tener seguro m\u00e9dico: cont\u00e1ctenos de inmediato<\/h2>\n<p><img decoding=\"async\" class=\"aligncenter wp-image-23113 size-full\" src=\"https:\/\/austinaccidentlawyer.com\/wp-content\/uploads\/2013\/03\/andresr19178_lehyze-2.jpg\" alt=\"doctor taking care of accident victim with no health insurance\" width=\"200\" height=\"200\" srcset=\"https:\/\/austinaccidentlawyer.com\/wp-content\/uploads\/2013\/03\/andresr19178_lehyze-2.jpg 200w, https:\/\/austinaccidentlawyer.com\/wp-content\/uploads\/2013\/03\/andresr19178_lehyze-2-150x150.jpg 150w\" sizes=\"(max-width: 200px) 100vw, 200px\" \/><\/p>\n<p>La soluci\u00f3n es bastante sencilla. Hemos estado haciendo esto durante mucho tiempo y muchos, muchos de nuestros clientes est\u00e1n lesionados pero no pueden permitirse tener un seguro m\u00e9dico. Algunos tienen seguro m\u00e9dico pero no pueden pagar el deducible. Algunos tienen seguro m\u00e9dico, pero el m\u00e9dico que quieren ver no acepta el seguro. No se preocupe, estamos en contacto con una red de proveedores m\u00e9dicos y prestamistas que pueden ayudarlo con su recuperaci\u00f3n, desde algo tan simple como ver a un m\u00e9dico, fisioterapeuta y \/ o quiropr\u00e1ctico hasta cosas m\u00e1s complejas como resonancias magn\u00e9ticas e inyecciones para el dolor.<\/p>\n<p>No reciba una <a href=\"https:\/\/austinaccidentlawyer.com\/what-is-my-case-worth\/\">compensaci\u00f3n<\/a> menor de la que se merece solo porque no tiene o no puede pagar el tratamiento que se merece. Todo el mundo merece estar sano y nadie deber\u00eda quitarle la salud por haber sido descuidado; la salud es algo a lo que no se le puede poner precio.<\/p>\n<p>\u00bfNo tienes seguro m\u00e9dico?  No te preocupes.  Si ha resultado lesionado y no tiene seguro m\u00e9dico, no puede pagar los deducibles o su seguro no cubre el tratamiento que necesita, <a title=\"Contact an Austin Accident Lawyer\" href=\"https:\/\/austinaccidentlawyer.com\/about-us\/contact-us\/\">comun\u00edquese con<\/a> los <a title=\"Abogado de accidentes de Austin\" href=\"https:\/\/austinaccidentlawyer.com\/es\/\">abogados de accidentes de Austin<\/a> en Traub Law Office, PC al (512) 246-9191.<\/p>\n","protected":false},"excerpt":{"rendered":"<p>Sin seguro m\u00e9dico, no hay problema Si ha resultado lesionado debido al descuido de otra persona y no tiene seguro m\u00e9dico, podr\u00eda enfrentarse a un dilema grave. No puede esperar su tratamiento Esperar puede empeorar el dolor y permanecer m\u00e1s tiempo Sabe por el sentido com\u00fan que cuanto antes reciba tratamiento para un problema, m\u00e1s&#8230;<\/p>\n","protected":false},"author":2,"featured_media":23113,"parent":34924,"menu_order":0,"comment_status":"open","ping_status":"closed","template":"","meta":{"_analytify_skip_tracking":false,"footnotes":""},"tags":[],"class_list":["post-23661","page","type-page","status-publish","has-post-thumbnail","hentry"],"_links":{"self":[{"href":"https:\/\/austinaccidentlawyer.com\/es\/wp-json\/wp\/v2\/pages\/23661","targetHints":{"allow":["GET"]}}],"collection":[{"href":"https:\/\/austinaccidentlawyer.com\/es\/wp-json\/wp\/v2\/pages"}],"about":[{"href":"https:\/\/austinaccidentlawyer.com\/es\/wp-json\/wp\/v2\/types\/page"}],"author":[{"embeddable":true,"href":"https:\/\/austinaccidentlawyer.com\/es\/wp-json\/wp\/v2\/users\/2"}],"replies":[{"embeddable":true,"href":"https:\/\/austinaccidentlawyer.com\/es\/wp-json\/wp\/v2\/comments?post=23661"}],"version-history":[{"count":0,"href":"https:\/\/austinaccidentlawyer.com\/es\/wp-json\/wp\/v2\/pages\/23661\/revisions"}],"up":[{"embeddable":true,"href":"https:\/\/austinaccidentlawyer.com\/es\/wp-json\/wp\/v2\/pages\/34924"}],"wp:featuredmedia":[{"embeddable":true,"href":"https:\/\/austinaccidentlawyer.com\/es\/wp-json\/wp\/v2\/media\/23113"}],"wp:attachment":[{"href":"https:\/\/austinaccidentlawyer.com\/es\/wp-json\/wp\/v2\/media?parent=23661"}],"wp:term":[{"taxonomy":"post_tag","embeddable":true,"href":"https:\/\/austinaccidentlawyer.com\/es\/wp-json\/wp\/v2\/tags?post=23661"}],"curies":[{"name":"wp","href":"https:\/\/api.w.org\/{rel}","templated":true}]}}