{"id":31380,"date":"2025-05-29T10:03:00","date_gmt":"2025-05-29T15:03:00","guid":{"rendered":"https:\/\/austinaccidentlawyer.com\/como-elegir-a-su-abogado-de-accidentes\/"},"modified":"2026-01-18T20:04:12","modified_gmt":"2026-01-19T01:04:12","slug":"como-elegir-a-su-abogado-de-accidentes","status":"publish","type":"page","link":"https:\/\/austinaccidentlawyer.com\/es\/como-elegir-a-su-abogado-de-accidentes\/","title":{"rendered":"C\u00f3mo Elegir a su Abogado de Accidentes"},"content":{"rendered":"<h1>C\u00f3mo Elegir a su Abogado de Accidentes<\/h1>\n\n<h3 class=\"has-green-color has-text-color wp-block-heading\" id=\"h-access-to-your-lawyer\">Acceso a su Abogado<\/h3>\n\n<p>En los despachos de abogados m\u00e1s grandes, rara vez se puede hablar con el abogado. Si no es importante hablar con la persona a cargo de su caso, no se preocupe por esta secci\u00f3n. Nuestros clientes generalmente prefieren hablar con la persona que conoce la ley y c\u00f3mo se aplica a su caso. Quieren saber que sus llamadas ser\u00e1n devueltas con prontitud y que sus correos electr\u00f3nicos ser\u00e1n respondidos.   <\/p>\n\n<h3 class=\"wp-block-heading\">Experiencia<\/h3>\n\n<p>En el \u00e1mbito legal, la experiencia es fundamental. Le conviene elegir un abogado especializado en el \u00e1rea legal en la que necesita ayuda. Un buen abogado de divorcios no es necesariamente un buen abogado de negligencia o accidentes. Aseg\u00farese de que el abogado que contrate tenga amplia experiencia con su tipo de lesi\u00f3n, la causa de la lesi\u00f3n o, preferiblemente, ambas. Andrew se ha dedicado exclusivamente a demandas por lesiones desde 2007.    <\/p>\n\n<h3 class=\"wp-block-heading\">Resultados del Juicio<\/h3>\n\n<p>Algunos abogados nunca han visto un tribunal o solo lo han hecho una o dos veces en su carrera. Aseg\u00farese de preguntarle a su abogado cu\u00e1ndo fue la \u00faltima vez que llev\u00f3 un caso y cu\u00e1l fue el resultado. Si no ha llevado un caso en varios a\u00f1os, tenga cuidado. Las empresas aseguradoras saben qui\u00e9n lleva los casos a juicio y qui\u00e9n no. Suponga lo peor: que la aseguradora rechazar\u00e1, retrasar\u00e1 y le ofrecer\u00e1 una miseria del valor de su reclamaci\u00f3n, oblig\u00e1ndolo a ir a juicio para obtener justicia. Si la aseguradora sabe que su abogado no ir\u00e1 a juicio, c\u00f3mo cree que eso afecta la valoraci\u00f3n de su caso? Nuestro bufete ha obtenido un veredicto entre los 100 mejores de todo Texas dos a\u00f1os consecutivos (en todos los juicios, no solo en lesiones personales)!      <\/p>\n\n<h3 class=\"wp-block-heading\">Resultados del Acuerdo<\/h3>\n\n<p>No se deje enga\u00f1ar por los altos resultados de los acuerdos. Si le dijera que resolv\u00ed un caso por $1,000,000, podr\u00eda sonar genial, pero qu\u00e9 pasa si <a href=\"https:\/\/austinaccidentlawyer.com\/?page_id=977\">el valor del caso<\/a> es de $2,000,000? Los resultados de los acuerdos por s\u00ed solos no tienen importancia. Necesita saber si se admiti\u00f3 o se impugn\u00f3 la responsabilidad, d\u00f3nde hubo factores que hicieron que este caso se destacara (como un conductor ebrio), cu\u00e1les fueron las lesiones, qu\u00e9 tan dolorosas fueron, cu\u00e1nto duraron y c\u00f3mo afectaron la vida de esa persona. Por supuesto, la cantidad del seguro disponible tambi\u00e9n es importante y generalmente limita la cantidad que se puede recuperar. Pero a veces, un abogado con experiencia recuperar\u00e1 m\u00e1s que los l\u00edmites de la p\u00f3liza para su cliente. Lo hemos hecho muchas veces con la resoluci\u00f3n final para nuestros clientes desde 5 veces el l\u00edmite de la p\u00f3liza hasta 40 veces el l\u00edmite de la p\u00f3liza.     <\/p>\n\n<h3 class=\"wp-block-heading\">Reputaci\u00f3n<\/h3>\n\n<p>Todos los factores mencionados influyen en la reputaci\u00f3n de un abogado: la experiencia, los resultados de los acuerdos y los juicios, as\u00ed como las opiniones de los clientes y otros abogados, influyen en su reputaci\u00f3n. Generalmente, ser\u00e1 mejor trabajar con un abogado con buena reputaci\u00f3n que con uno sin ella. Investigue la reputaci\u00f3n de su posible abogado en l\u00ednea antes de contratarlo.  <\/p>\n","protected":false},"excerpt":{"rendered":"<p>C\u00f3mo Elegir a su Abogado de Accidentes Acceso a su Abogado En los despachos de abogados m\u00e1s grandes, rara vez se puede hablar con el abogado. Si no es importante hablar con la persona a cargo de su caso, no se preocupe por esta secci\u00f3n. Nuestros clientes generalmente prefieren hablar con la persona que conoce&#8230;<\/p>\n","protected":false},"author":2,"featured_media":0,"parent":0,"menu_order":0,"comment_status":"closed","ping_status":"closed","template":"","meta":{"_analytify_skip_tracking":false,"footnotes":""},"tags":[],"class_list":[],"_links":{"self":[{"href":"https:\/\/austinaccidentlawyer.com\/es\/wp-json\/wp\/v2\/pages\/31380","targetHints":{"allow":["GET"]}}],"collection":[{"href":"https:\/\/austinaccidentlawyer.com\/es\/wp-json\/wp\/v2\/pages"}],"about":[{"href":"https:\/\/austinaccidentlawyer.com\/es\/wp-json\/wp\/v2\/types\/page"}],"author":[{"embeddable":true,"href":"https:\/\/austinaccidentlawyer.com\/es\/wp-json\/wp\/v2\/users\/2"}],"replies":[{"embeddable":true,"href":"https:\/\/austinaccidentlawyer.com\/es\/wp-json\/wp\/v2\/comments?post=31380"}],"version-history":[{"count":0,"href":"https:\/\/austinaccidentlawyer.com\/es\/wp-json\/wp\/v2\/pages\/31380\/revisions"}],"wp:attachment":[{"href":"https:\/\/austinaccidentlawyer.com\/es\/wp-json\/wp\/v2\/media?parent=31380"}],"wp:term":[{"taxonomy":"post_tag","embeddable":true,"href":"https:\/\/austinaccidentlawyer.com\/es\/wp-json\/wp\/v2\/tags?post=31380"}],"curies":[{"name":"wp","href":"https:\/\/api.w.org\/{rel}","templated":true}]}}