{"id":31579,"date":"2025-06-18T13:59:29","date_gmt":"2025-06-18T18:59:29","guid":{"rendered":"https:\/\/austinaccidentlawyer.com\/garantia-de-satisfaccion-del-servicio-al-cliente-de-30-dias\/"},"modified":"2026-03-10T13:53:00","modified_gmt":"2026-03-10T18:53:00","slug":"garantia-de-satisfaccion-del-servicio-al-cliente-de-30-dias","status":"publish","type":"page","link":"https:\/\/austinaccidentlawyer.com\/es\/garantia-de-satisfaccion-del-servicio-al-cliente-de-30-dias\/","title":{"rendered":"Nuestra Garant\u00eda de Satisfacci\u00f3n de Servicio al Cliente de 30 D\u00edas"},"content":{"rendered":"\n<h1 class=\"wp-block-heading\">Nuestra Garant\u00eda de Satisfacci\u00f3n de Servicio al Cliente de 30 D\u00edas<\/h1>\n\n<figure class=\"wp-block-image alignright size-full\"><img decoding=\"async\" width=\"116\" height=\"237\" src=\"https:\/\/austinaccidentlawyer.com\/wp-content\/uploads\/2025\/01\/No_Fee_30_Day_Promise_v1.png\" alt=\"No Fee 30 Day Promise v1\" class=\"wp-image-30644\"\/><\/figure>\n\n<p>Elegir un abogado puede ser un proceso intimidante y, dado que su caso de lesiones personales puede tardar meses, si no a\u00f1os, en resolverse, es importante que tenga una buena relaci\u00f3n de trabajo con el bufete de abogados que elija.<\/p>\n\n<p>Aunque ning\u00fan abogado puede garantizar resultados espec\u00edficos, queremos que se sienta totalmente c\u00f3modo con su elecci\u00f3n. Por ello, ofrecemos a nuestros clientes de lesiones personales una Garant\u00eda de Satisfacci\u00f3n de 30 D\u00edas. Si durante los primeros treinta d\u00edas de nuestro compromiso usted decide llevar su caso a otro abogado, no le cobraremos honorarios ni gastos. Enviaremos su expediente a su nuevo representante sin hacer preguntas.  <\/p>\n\n<p>No podemos garantizar que ganaremos su caso ni que obtendremos una cantidad espec\u00edfica de dinero, pero s\u00ed podemos prometerle algo: le ofreceremos un servicio al cliente excepcional, lo trataremos con justicia y respeto, y siempre lo pondremos a usted primero. Estoy convencido de que, si nos da treinta d\u00edas para demostrarlo, quedar\u00e1 complacido con lo que nuestra firma le ofrece. Si no cumplimos con esta promesa, usted puede elegir a otro abogado sin ning\u00fan riesgo.  <\/p>\n\n<p>Gracias por confiar en nosotros!<\/p>\n\n<p>Andrew Traub, Abogado Director<\/p>\n","protected":false},"excerpt":{"rendered":"<p>Nuestra Garant\u00eda de Satisfacci\u00f3n de Servicio al Cliente de 30 D\u00edas Elegir un abogado puede ser un proceso intimidante y, dado que su caso de lesiones personales puede tardar meses, si no a\u00f1os, en resolverse, es importante que tenga una buena relaci\u00f3n de trabajo con el bufete de abogados que elija. Aunque ning\u00fan abogado puede&#8230;<\/p>\n","protected":false},"author":2,"featured_media":30645,"parent":0,"menu_order":0,"comment_status":"closed","ping_status":"closed","template":"","meta":{"_analytify_skip_tracking":false,"footnotes":""},"tags":[],"class_list":[],"_links":{"self":[{"href":"https:\/\/austinaccidentlawyer.com\/es\/wp-json\/wp\/v2\/pages\/31579","targetHints":{"allow":["GET"]}}],"collection":[{"href":"https:\/\/austinaccidentlawyer.com\/es\/wp-json\/wp\/v2\/pages"}],"about":[{"href":"https:\/\/austinaccidentlawyer.com\/es\/wp-json\/wp\/v2\/types\/page"}],"author":[{"embeddable":true,"href":"https:\/\/austinaccidentlawyer.com\/es\/wp-json\/wp\/v2\/users\/2"}],"replies":[{"embeddable":true,"href":"https:\/\/austinaccidentlawyer.com\/es\/wp-json\/wp\/v2\/comments?post=31579"}],"version-history":[{"count":0,"href":"https:\/\/austinaccidentlawyer.com\/es\/wp-json\/wp\/v2\/pages\/31579\/revisions"}],"wp:featuredmedia":[{"embeddable":true,"href":"https:\/\/austinaccidentlawyer.com\/es\/wp-json\/wp\/v2\/media\/30645"}],"wp:attachment":[{"href":"https:\/\/austinaccidentlawyer.com\/es\/wp-json\/wp\/v2\/media?parent=31579"}],"wp:term":[{"taxonomy":"post_tag","embeddable":true,"href":"https:\/\/austinaccidentlawyer.com\/es\/wp-json\/wp\/v2\/tags?post=31579"}],"curies":[{"name":"wp","href":"https:\/\/api.w.org\/{rel}","templated":true}]}}