{"id":31585,"date":"2025-06-26T11:05:37","date_gmt":"2025-06-26T16:05:37","guid":{"rendered":"https:\/\/austinaccidentlawyer.com\/abogados-de-accidentes-de-camiones\/abogado-de-accidentes-de-camiones-trailer\/"},"modified":"2025-06-26T11:05:38","modified_gmt":"2025-06-26T16:05:38","slug":"abogado-de-accidentes-de-camiones-trailer","status":"publish","type":"page","link":"https:\/\/austinaccidentlawyer.com\/es\/areas-de-practica\/abogados-de-accidentes-de-camiones\/abogado-de-accidentes-de-camiones-trailer\/","title":{"rendered":"Abogado de accidentes de camiones trailer"},"content":{"rendered":"\n<h1 class=\"wp-block-heading\">El Papel de un Abogado de Accidentes de Camiones Trailer en Texas en su recuperaci\u00f3n<\/h1>\n\n<p>Si el n\u00famero de accidentes con camiones 18-wheeler es bajo en comparaci\u00f3n con los accidentes de autom\u00f3viles, el porcentaje de accidentes de veh\u00edculos comerciales que resultan en <a href=\"https:\/\/austinaccidentlawyer.com\/practice-areas\/austin-personal-injury-attorney-lawyer\/\" data-type=\"page\" data-id=\"880\">lesiones graves<\/a> o muertes es muy alto. Debido al tama\u00f1o de un tracto-cami\u00f3n (que puede pesar hasta 80,000 libras), los da\u00f1os causados \u200b\u200bpor una colisi\u00f3n suelen ser graves, incluso a baja velocidad. Cada a\u00f1o, casi 4,000 accidentes de <a href=\"https:\/\/austinaccidentlawyer.com\/practice-areas\/commercial-vehicle-accident-lawyers\/\" data-type=\"page\" data-id=\"26962\">veh\u00edculos comerciales<\/a> resultan en una muerte, y m\u00e1s de 73,000 accidentes de camiones resultan en lesiones.  <\/p>\n\n<figure class=\"wp-block-image\"><img decoding=\"async\" width=\"1200\" height=\"808\" src=\"https:\/\/austinaccidentlawyer.com\/wp-content\/uploads\/2024\/08\/practice-areas_truck-accidents_trailer-truck-accidents-lawyer.webp\" alt=\"Dos camiones trailer estuvieron involucrados en un accidente en una carretera muy transitada, lo que resalta los peligros de las colisiones de camiones y es relevante para los reclamos por lesiones personales.\" class=\"wp-image-29868\" srcset=\"https:\/\/austinaccidentlawyer.com\/wp-content\/uploads\/2024\/08\/practice-areas_truck-accidents_trailer-truck-accidents-lawyer.webp 1200w, https:\/\/austinaccidentlawyer.com\/wp-content\/uploads\/2024\/08\/practice-areas_truck-accidents_trailer-truck-accidents-lawyer-300x202.webp 300w, https:\/\/austinaccidentlawyer.com\/wp-content\/uploads\/2024\/08\/practice-areas_truck-accidents_trailer-truck-accidents-lawyer-1024x689.webp 1024w, https:\/\/austinaccidentlawyer.com\/wp-content\/uploads\/2024\/08\/practice-areas_truck-accidents_trailer-truck-accidents-lawyer-768x517.webp 768w\" sizes=\"(max-width: 1200px) 100vw, 1200px\" \/><\/figure>\n\n<p>Nuestros abogados expertos en accidentes de camiones con remolque en Texas llevan m\u00e1s de dos d\u00e9cadas ayudando a familias tejanas a obtener la m\u00e1xima compensaci\u00f3n tras una colisi\u00f3n con un cami\u00f3n trailer. Ponga a nuestro equipo de accidentes de camiones a trabajar para usted! <\/p>\n\n<p>Texas tiene el mayor porcentaje de accidentes mortales con <a href=\"https:\/\/austinaccidentlawyer.com\/practice-areas\/austin-wrongful-death-lawyer-attorney\/\" data-type=\"page\" data-id=\"65\">camiones de 18 ruedas <\/a>de cualquier estado del pa\u00eds. Adem\u00e1s, seg\u00fan los \u00faltimos casos reportados, Texas registr\u00f3 m\u00e1s de 600 muertes y 14,000 heridos en accidentes de camiones en un solo a\u00f1o. <a href=\"https:\/\/ftp.txdot.gov\/pub\/txdot-info\/trf\/crash_statistics\/2021\/30.pdf\">Tan solo en el condado de Travis, se registraron 17 muertes en accidentes de veh\u00edculos comerciales <\/a>y casi 598 heridos en accidentes de camiones el a\u00f1o pasado. <\/p>\n\n<h2 class=\"wp-block-heading\">REGULACI\u00d3N FEDERAL DE LAS EMPRESAS DE TRANSPORTE POR CAMIONES<\/h2>\n\n<p>Las empresas de transporte, conocidas como \u00abAuto-transportistas\u00bb, est\u00e1n reguladas por el Reglamento Federal de Seguridad de Auto-transportistas, que establece el nivel m\u00ednimo de conducta segura tanto para el conductor del cami\u00f3n como para la empresa. Estas regulaciones federales se han adoptado en el estado de Texas. Estas normas de seguridad establecen las normas b\u00e1sicas de conducta para los conductores y el transportista, y abarcan aspectos como la conducci\u00f3n en condiciones adversas, los requisitos de mantenimiento, las horas que un conductor de cami\u00f3n puede conducir legalmente y las cualificaciones de los camioneros.  <\/p>\n\n<h2 class=\"wp-block-heading\">Normas de circulaci\u00f3n de Camiones 18-wheeler que se Infringen con Frecuencia<\/h2>\n\n<h3 class=\"wp-block-heading\"><strong>1. Libro de registro y horas de servicio de infracciones<\/strong><\/h3>\n\n<p>Los conductores de tracto-camiones deben llevar un registro de sus actividades que incluya lo siguiente:<\/p>\n\n<ul class=\"wp-block-list\">\n<li>el n\u00famero total de horas que pasan al volante cada d\u00eda (porque est\u00e1n limitadas por ley)<\/li>\n\n\n\n<li>el tiempo que est\u00e1n en el trabajo o el reloj de su empleador (porque el tiempo total est\u00e1 limitado por ley)<\/li>\n\n\n\n<li>horas conduciendo entre destinos<\/li>\n\n\n\n<li>Descansos y estado fuera de servicio<\/li>\n<\/ul>\n\n<p>Una de las infracciones m\u00e1s graves, y a menudo pasadas por alto, en la industria del transporte por carretera es la falsificaci\u00f3n de registros de conducci\u00f3n. Cuando los conductores registran horas incorrectas, pueden exceder los l\u00edmites legales de conducci\u00f3n, lo que pone a los operadores, peligrosamente fatigados, al volante de enormes veh\u00edculos comerciales. <\/p>\n\n<p>El problema suele agravarse por la presi\u00f3n de la empresa. Algunas empresas de transporte ofrecen bonificaciones o incentivos que incentivan a los conductores a saltarse los descansos obligatorios o a extender sus horas de trabajo m\u00e1s all\u00e1 de los l\u00edmites legales. Esta cultura de recortar gastos pone a todos en riesgo. La fatiga del conductor reduce la atenci\u00f3n, disminuye el tiempo de reacci\u00f3n y aumenta dr\u00e1sticamente la probabilidad de un accidente devastador.   <\/p>\n\n<h3 class=\"wp-block-heading\"><strong>2. Normas de conducci\u00f3n comercial<\/strong><\/h3>\n\n<p>Los conductores deben ser competentes en la operaci\u00f3n del cami\u00f3n grande, incluyendo:<\/p>\n\n<ul class=\"wp-block-list\">\n<li>maniobrar con seguridad el tracto- trailer<\/li>\n\n\n\n<li>Retroceder y estacionar el cami\u00f3n grande<\/li>\n\n\n\n<li>inspecciones previas y posterioes al viaje<\/li>\n\n\n\n<li>Normas especiales para el transporte de mercanc\u00edas peligrosas.<\/li>\n<\/ul>\n\n<h2 class=\"wp-block-heading\">Tipos de accidentes de camiones que aceptamos<\/h2>\n\n<p>Durante m\u00e1s de 20 a\u00f1os, nuestros abogados especializados en accidentes de camiones trailer en Texas han ayudado a personas como usted despu\u00e9s de un accidente grave. Algunos de los tipos de accidentes que atendemos incluyen: <\/p>\n\n<ul class=\"wp-block-list\">\n<li>Accidentes de camiones 18-wheeler<\/li>\n\n\n\n<li>Accidentes de camiones cisterna<\/li>\n\n\n\n<li>Accidentes de camiones de basura<\/li>\n\n\n\n<li><a href=\"https:\/\/austinaccidentlawyer.com\/practice-areas\/austin-truck-accident-lawyers\/fedex-truck-accident-lawyer-in-austin\/\" data-type=\"page\" data-id=\"26830\">Accidentes de camiones de FedEx<\/a><\/li>\n\n\n\n<li><a href=\"https:\/\/austinaccidentlawyer.com\/practice-areas\/austin-truck-accident-lawyers\/ups-truck-accident-attorney-in-austin\/\" data-type=\"page\" data-id=\"26834\">Accidentes de camiones UPS<\/a><\/li>\n\n\n\n<li><a href=\"https:\/\/austinaccidentlawyer.com\/practice-areas\/austin-truck-accident-lawyers\/austin-bus-accident-lawyer\/\" data-type=\"page\" data-id=\"26843\">Accidentes de autob\u00fas<\/a><\/li>\n\n\n\n<li><a href=\"https:\/\/austinaccidentlawyer.com\/practice-areas\/uber-accident-lawyer\/\" data-type=\"page\" data-id=\"24234\">Accidentes de Uber y Lyft<\/a><\/li>\n\n\n\n<li>Accidentes de camiones de volteo<\/li>\n\n\n\n<li><a href=\"https:\/\/austinaccidentlawyer.com\/practice-areas\/commercial-vehicle-accident-lawyers\/\" data-type=\"page\" data-id=\"26962\">Accidentes de veh\u00edculos comerciales<\/a><\/li>\n<\/ul>\n\n<h2 class=\"wp-block-heading\"><strong>Tipos de lesiones en accidentes de camiones 18-wheeler<\/strong><\/h2>\n\n<p>Las colisiones con camiones 18-wheeler suelen causar lesiones catastr\u00f3ficas debido al gran tama\u00f1o y peso de estos veh\u00edculos. Las v\u00edctimas suelen enfrentar largas recuperaciones, discapacidades permanentes o consecuencias a\u00fan peores. Las lesiones comunes en accidentes de cami\u00f3n incluyen:  <\/p>\n\n<ul class=\"wp-block-list\">\n<li>Lesiones cerebrales traum\u00e1ticas (LCT)<\/li>\n\n\n\n<li>Da\u00f1os en la m\u00e9dula espinal, incluida par\u00e1lisis<\/li>\n\n\n\n<li>Lesiones de cuello y espalda<\/li>\n\n\n\n<li>Quemaduras graves o desfiguraci\u00f3n<\/li>\n\n\n\n<li>Huesos rotos o aplastados<\/li>\n\n\n\n<li>Amputaciones o p\u00e9rdida de extremidades<\/li>\n\n\n\n<li>Da\u00f1o a \u00f3rganos internos<\/li>\n\n\n\n<li>Muerte por negligencia<strong><br\/><\/strong><\/li>\n<\/ul>\n\n<p>Estas lesiones suelen requerir m\u00faltiples cirug\u00edas, hospitalizaciones prolongadas y rehabilitaci\u00f3n a largo plazo. El impacto emocional y econ\u00f3mico, especialmente cuando la v\u00edctima ya no puede trabajar ni cuidar de su familia, puede ser abrumador. <\/p>\n\n<p>Por eso es fundamental contar con un abogado con experiencia en accidentes de cami\u00f3n. Un equipo legal capacitado puede luchar por la compensaci\u00f3n que necesita para recuperarse y proteger su futuro. <\/p>\n\n<h2 class=\"wp-block-heading\">CAUSAS COMUNES DE ACCIDENTES DE CAMIONES EN AUSTIN<\/h2>\n\n<p>La mayor\u00eda de los accidentes con tractocamiones se deben a errores del conductor. Estos pueden ser, por ejemplo: <\/p>\n\n<ul class=\"wp-block-list\">\n<li>Siguiendo demasiado de cerca,<\/li>\n\n\n\n<li>No mantener una vigilancia adecuada,<\/li>\n\n\n\n<li>no mantener una distancia segura,<\/li>\n\n\n\n<li>no ceder el derecho de paso,<\/li>\n\n\n\n<li>no ver un veh\u00edculo en un punto ciego,<\/li>\n\n\n\n<li>exceso de velocidad o viajar demasiado r\u00e1pido para las condiciones de la carretera,<\/li>\n\n\n\n<li>conducir bajo fatiga o despu\u00e9s de que el conductor haya sido descalificado legalmente para operar un veh\u00edculo motorizado comercial, o<\/li>\n\n\n\n<li>Conducir un veh\u00edculo peligroso.<\/li>\n\n\n\n<li>Utilizando registros de tel\u00e9fonos celulares para demostrar la distracci\u00f3n del conductor<\/li>\n<\/ul>\n\n<p>Las empresas de transporte pueden compartir la responsabilidad legal con los conductores que operan el veh\u00edculo en el trabajo. Adem\u00e1s, pueden ser responsables de un accidente por no contratar conductores cualificados, no implementar las pol\u00edticas de seguridad, no realizar el mantenimiento adecuado del cami\u00f3n y el remolque o de componentes como neum\u00e1ticos y frenos, e infringir las normas de seguridad. <\/p>\n\n<h3 class=\"wp-block-heading\">Qu\u00e9 debe hacer si resulta lesionado en un accidente con un veh\u00edculo motorizado comercial:<\/h3>\n\n<h4 class=\"wp-block-heading\"><strong>1. Llamar a la polic\u00eda o esperar a un oficial investigador.<\/strong><\/h4>\n\n<p>Si puede hablar con el agente de polic\u00eda que investiga el accidente, aseg\u00farese de contarle su versi\u00f3n de los hechos. Su \u00fanica oportunidad de hablar con \u00e9l podr\u00eda ser en el hospital. Los camioneros son muy defensivos con su licencia de conducir comercial y a menudo niegan su responsabilidad cuando causan un accidente. Podr\u00edan llamar a su compa\u00f1\u00eda para reportar el accidente incluso antes de ir a ver c\u00f3mo est\u00e1 usted, y la compa\u00f1\u00eda enviar\u00e1 a sus abogados para reunir pruebas que les favorezcan.   <\/p>\n\n<p>Los informes policiales pueden aportar pruebas, especialmente en accidentes con lesiones graves, ya que el agente puede reconstruir o recrear el accidente. Independientemente de si las opiniones del agente pueden presentarse como prueba en una demanda por accidente de cami\u00f3n, sus observaciones f\u00e1cticas, como la escena del accidente, los escombros y las marcas en la carretera, as\u00ed como la informaci\u00f3n de los testigos, el clima, etc., pueden ser admitidas en un juicio. <\/p>\n\n<p>Los datos del GPS y los m\u00f3dulos de control de bolsas de aire (ACM) son vitales en las investigaciones de accidentes de camiones. El GPS muestra la velocidad, la ubicaci\u00f3n y la ruta del cami\u00f3n, mientras que los ACM registran detalles clave del accidente, como el frenado, la velocidad y la direcci\u00f3n. Esta tecnolog\u00eda ayuda a confirmar lo sucedido y puede exponer errores del conductor o descartar reclamaciones falsas.  <\/p>\n\n<h4 class=\"wp-block-heading\"><strong>2. Tomar fotograf\u00edas<\/strong><\/h4>\n\n<p>Use su celular para tomar fotograf\u00edas del lugar del accidente, los veh\u00edculos y la posici\u00f3n de reposo del cami\u00f3n y de su veh\u00edculo. Si puede, fotograf\u00ede con seguridad el lugar del impacto y cualquier marca de derrape u otra se\u00f1alizaci\u00f3n en la carretera. <\/p>\n\n<h4 class=\"wp-block-heading\"><strong>3. Identificar a los testigos<\/strong><\/h4>\n\n<p>Algunas de las pruebas m\u00e1s contundentes pueden provenir de testigos independientes del accidente. Estos suelen ser otros conductores que se encontraban en la zona en el momento del accidente y lo presenciaron. Es importante no confiar en que el agente que investiga el accidente registre el nombre y la informaci\u00f3n de contacto de los testigos. A menudo, los agentes est\u00e1n m\u00e1s interesados \u200b\u200ben la seguridad en el lugar de los hechos que en documentar a los testigos independientes.   <\/p>\n\n<h4 class=\"wp-block-heading\"><strong>4. Registrar declaraciones del conductor<\/strong><\/h4>\n\n<p>Si el conductor del cami\u00f3n le habla sobre c\u00f3mo ocurri\u00f3 el accidente, es importante que grabe sus declaraciones, ya sea en video en su tel\u00e9fono inteligente o anotando lo que dijo. Puede ser algo tan simple como que el conductor diga: \u00abNo lo vi, lo siento\u00bb <\/p>\n\n<h4 class=\"wp-block-heading\"><strong>5. Obtenga el tratamiento m\u00e9dico necesario<\/strong><\/h4>\n\n<p>En la mayor\u00eda de los casos, tras una colisi\u00f3n con un cami\u00f3n de 18 ruedas, las v\u00edctimas sobrevivientes son trasladadas al hospital en ambulancia. Las v\u00edctimas de accidentes con veh\u00edculos comerciales deben seguir al pie de la letra las instrucciones de su m\u00e9dico. No se deje vencer ni falte a sus citas, ya que su salud y bienestar pueden estar en juego. Adem\u00e1s, es importante comprender que las salas de emergencias son precisamente para eso: emergencias. Muchos hospitales no atender\u00e1n afecciones que no pongan en peligro la vida, incluso si requieren cirug\u00eda. El hospital lo remitir\u00e1 a un especialista o a su m\u00e9dico de cabecera para su seguimiento.     <\/p>\n\n<p><strong>6. Qu\u00e9 da\u00f1os pueden recuperar las v\u00edctimas de accidentes de camiones?<\/strong><\/p>\n\n<p>Si ha resultado lesionado en un accidente con un veh\u00edculo comercial, la ley de Texas le permite solicitar una compensaci\u00f3n por una amplia gama de da\u00f1os, que incluyen:<\/p>\n\n<ul class=\"wp-block-list\">\n<li><strong>Gastos m\u00e9dicos<\/strong>: Cubre los costos actuales y futuros de atenci\u00f3n hospitalaria, cirug\u00edas, rehabilitaci\u00f3n, medicamentos y equipo m\u00e9dico.<\/li>\n\n\n\n<li><strong>P\u00e9rdida de ingresos<\/strong>: incluye los salarios perdidos debido al tiempo fuera del trabajo y la disminuci\u00f3n de la capacidad de ingresos futuros si sus lesiones afectan su capacidad para trabajar.<\/li>\n\n\n\n<li><strong>Da\u00f1os a la propiedad<\/strong>: Compensaci\u00f3n para reparar o reemplazar su veh\u00edculo y cualquier propiedad personal da\u00f1ada en la colisi\u00f3n.<\/li>\n\n\n\n<li><strong>Dolor y sufrimiento<\/strong>: Por el dolor f\u00edsico y la angustia emocional causada por el accidente y sus consecuencias.<\/li>\n\n\n\n<li><strong>Costos adicionales de bolsillo<\/strong>: Esto puede incluir transporte a citas m\u00e9dicas, modificaciones en el hogar debido a una discapacidad y otros gastos relacionados.<\/li>\n<\/ul>\n\n<p>Una documentaci\u00f3n minuciosa es fundamental: mantenga un registro de todos los gastos, tratamientos y comunicaciones. Un abogado experto puede ayudarle a garantizar que reciba la compensaci\u00f3n completa a la que tiene derecho. <\/p>\n\n<h3 class=\"wp-block-heading\">Carreteras de Austin donde ocurren accidentes de camiones con frecuencia<\/h3>\n\n<p>Los lugares comunes donde ocurren accidentes de camiones 18-wheeler cerca de Austin incluyen US 290, I 10, US 281 y I 35.<\/p>\n\n<h3 class=\"wp-block-heading\">ABOGADO DE ACCIDENTES DE CAMIONES CON REMOLQUE TX<\/h3>\n\n<p>Nuestra <a href=\"https:\/\/austinaccidentlawyer.com\/practice-areas\/austin-truck-accident-lawyers\/\" data-type=\"page\" data-id=\"31\">oficina principal de abogados especializados en accidentes de camiones trailer en Texas.<\/a> Atendemos citas y ofrecemos consultas a domicilio y en el hospital. <\/p>\n\n<p>Hemos obtenido excelentes resultados para nuestros clientes de accidentes de camiones y veh\u00edculos comerciales. Si bien cada caso es \u00fanico y se basa en sus propios m\u00e9ritos, contamos con m\u00e1s de dos d\u00e9cadas de experiencia en litigios de camiones. No querr\u00e1 que un abogado aprenda sobre la marcha en su caso. Le recomendamos que <a href=\"https:\/\/austinaccidentlawyer.com\/resources\/\" data-type=\"page\" data-id=\"1191\">investigue a fondo al abogado <\/a>que est\u00e9 considerando para su caso de accidente de cami\u00f3n.   <\/p>\n\n<p>No deje que la compa\u00f1\u00eda de seguros se encargue de su reclamaci\u00f3n. Las aseguradoras del conductor del cami\u00f3n suelen contactar a la persona lesionada inmediatamente despu\u00e9s del accidente. El ajustador busca establecer una buena relaci\u00f3n con la v\u00edctima e inferir que no necesita un abogado que la represente en el caso. A menudo se usan palabras como \u00abaceptamos la responsabilidad\u00bb, y la gente confunde eso con que le pagaremos lo justo. No es as\u00ed: las aseguradoras intentan pagar lo menos posible en cada reclamaci\u00f3n para maximizar su rentabilidad. Si una compa\u00f1\u00eda de seguros puede pagarle diez centavos por cada d\u00f3lar, lo har\u00e1 sin pesta\u00f1ear.     <\/p>\n\n<p>La \u00fanica manera de maximizar su compensaci\u00f3n es contratar al mejor abogado de accidentes de camiones trailer Texas que pueda para su caso. <\/p>\n\n<p><a href=\"#contact\">Cont\u00e1ctenos<\/a> si est\u00e1 buscando un abogado con experiencia en accidentes de camiones trailer en Texas.<\/p>\n","protected":false},"excerpt":{"rendered":"<p>El Papel de un Abogado de Accidentes de Camiones Trailer en Texas en su recuperaci\u00f3n Si el n\u00famero de accidentes con camiones 18-wheeler es bajo en comparaci\u00f3n con los accidentes de autom\u00f3viles, el porcentaje de accidentes de veh\u00edculos comerciales que resultan en lesiones graves o muertes es muy alto. Debido al tama\u00f1o de un tracto-cami\u00f3n&#8230;<\/p>\n","protected":false},"author":2,"featured_media":29869,"parent":23454,"menu_order":0,"comment_status":"closed","ping_status":"closed","template":"","meta":{"_analytify_skip_tracking":false,"footnotes":""},"tags":[],"class_list":[],"_links":{"self":[{"href":"https:\/\/austinaccidentlawyer.com\/es\/wp-json\/wp\/v2\/pages\/31585","targetHints":{"allow":["GET"]}}],"collection":[{"href":"https:\/\/austinaccidentlawyer.com\/es\/wp-json\/wp\/v2\/pages"}],"about":[{"href":"https:\/\/austinaccidentlawyer.com\/es\/wp-json\/wp\/v2\/types\/page"}],"author":[{"embeddable":true,"href":"https:\/\/austinaccidentlawyer.com\/es\/wp-json\/wp\/v2\/users\/2"}],"replies":[{"embeddable":true,"href":"https:\/\/austinaccidentlawyer.com\/es\/wp-json\/wp\/v2\/comments?post=31585"}],"version-history":[{"count":0,"href":"https:\/\/austinaccidentlawyer.com\/es\/wp-json\/wp\/v2\/pages\/31585\/revisions"}],"up":[{"embeddable":true,"href":"https:\/\/austinaccidentlawyer.com\/es\/wp-json\/wp\/v2\/pages\/23454"}],"wp:featuredmedia":[{"embeddable":true,"href":"https:\/\/austinaccidentlawyer.com\/es\/wp-json\/wp\/v2\/media\/29869"}],"wp:attachment":[{"href":"https:\/\/austinaccidentlawyer.com\/es\/wp-json\/wp\/v2\/media?parent=31585"}],"wp:term":[{"taxonomy":"post_tag","embeddable":true,"href":"https:\/\/austinaccidentlawyer.com\/es\/wp-json\/wp\/v2\/tags?post=31585"}],"curies":[{"name":"wp","href":"https:\/\/api.w.org\/{rel}","templated":true}]}}