{"id":31587,"date":"2025-06-26T11:40:14","date_gmt":"2025-06-26T16:40:14","guid":{"rendered":"https:\/\/austinaccidentlawyer.com\/lesiones-cerebrales-traumaticas-tbi\/conmocion-cerebral-debido-a-un-traumatismo\/"},"modified":"2026-01-06T02:31:38","modified_gmt":"2026-01-06T07:31:38","slug":"conmocion-cerebral-debido-a-un-traumatismo","status":"publish","type":"page","link":"https:\/\/austinaccidentlawyer.com\/es\/lesiones-cerebrales-traumaticas-tbi\/conmocion-cerebral-debido-a-un-traumatismo\/","title":{"rendered":"Conmoci\u00f3n cerebral debido a un traumatismo"},"content":{"rendered":"<h1>Conmoci\u00f3n cerebral debido a un traumatismo<\/h1>\n\n<figure class=\"wp-block-image aligncenter size-full is-resized\"><img decoding=\"async\" width=\"533\" height=\"800\" src=\"https:\/\/austinaccidentlawyer.com\/wp-content\/uploads\/2018\/10\/90497-5.jpg\" alt=\"dolor de cabeza\" class=\"wp-image-8149\" style=\"width:301px;height:452px\" srcset=\"https:\/\/austinaccidentlawyer.com\/wp-content\/uploads\/2018\/10\/90497-5.jpg 533w, https:\/\/austinaccidentlawyer.com\/wp-content\/uploads\/2018\/10\/90497-5-200x300.jpg 200w, https:\/\/austinaccidentlawyer.com\/wp-content\/uploads\/2018\/10\/90497-5-480x720.jpg 480w\" sizes=\"(max-width: 533px) 100vw, 533px\" \/><\/figure>\n\n<p>Una conmoci\u00f3n cerebral es un tipo de lesi\u00f3n cerebral traum\u00e1tica que ocurre cuando la cabeza de una persona recibe un golpe con una fuerza que provoca que el cerebro se mueva dentro del cr\u00e1neo. Este movimiento puede causar da\u00f1o cerebral y alterar su funcionamiento normal. <\/p>\n\n<h2 class=\"wp-block-heading\">S\u00edntomas de conmoci\u00f3n cerebral<\/h2>\n\n<p>Los s\u00edntomas de una conmoci\u00f3n cerebral pueden incluir dolor de cabeza, mareos, confusi\u00f3n, p\u00e9rdida de memoria, n\u00e1useas, fatiga, visi\u00f3n borrosa y dificultad para concentrarse. Es importante buscar atenci\u00f3n m\u00e9dica si sospecha que tiene una conmoci\u00f3n cerebral, ya que algunos s\u00edntomas pueden no aparecer hasta d\u00edas o semanas despu\u00e9s de la lesi\u00f3n. <\/p>\n\n<h2 class=\"wp-block-heading\">Tratamiento de conmoci\u00f3n cerebral<\/h2>\n\n<p>La mejor manera de tratar una conmoci\u00f3n cerebral es permitir que el cerebro sane. Esto puede implicar descanso, tanto f\u00edsico como mental, y evitar actividades que puedan empeorar los s\u00edntomas. En algunos casos, se pueden recetar medicamentos para controlar s\u00edntomas como dolor de cabeza o n\u00e1useas. En casos graves, puede ser necesaria una cirug\u00eda para tratar la conmoci\u00f3n cerebral.   <\/p>\n\n<p>Tambi\u00e9n es importante buscar atenci\u00f3n m\u00e9dica si los s\u00edntomas persisten o empeoran, ya que retrasar el tratamiento puede provocar complicaciones m\u00e1s graves. Si ha sufrido una conmoci\u00f3n cerebral, tambi\u00e9n es importante tomar medidas para prevenir futuras conmociones cerebrales, como usar equipo de protecci\u00f3n al practicar deportes de contacto y usar el cintur\u00f3n de seguridad al conducir. <\/p>\n\n<h3 class=\"wp-block-heading\">Recursos sobre conmoci\u00f3n cerebral<\/h3>\n\n<p>Hay varios recursos disponibles para el tratamiento de las conmociones cerebrales, incluidos m\u00e9dicos de atenci\u00f3n primaria, neur\u00f3logos y m\u00e9dicos especialistas en medicina deportiva.<\/p>\n\n<p>Los m\u00e9dicos de atenci\u00f3n primaria pueden diagnosticar y tratar las conmociones cerebrales y derivar a los pacientes a especialistas si es necesario. Los neur\u00f3logos son especialistas en el cerebro y el sistema nervioso y pueden brindar atenci\u00f3n avanzada para conmociones cerebrales y otras lesiones cerebrales. Los m\u00e9dicos especialistas en medicina deportiva son especialistas en el tratamiento de lesiones relacionadas con la actividad f\u00edsica y pueden brindar atenci\u00f3n a los atletas que han sufrido una conmoci\u00f3n cerebral.  <\/p>\n\n<p>Adem\u00e1s de consultar con un m\u00e9dico, otros recursos para tratar las conmociones cerebrales incluyen centros de rehabilitaci\u00f3n y cl\u00ednicas de fisioterapia. Estos centros pueden brindar atenci\u00f3n especializada a las personas que se recuperan de una conmoci\u00f3n cerebral y ayudarlas a recuperar la fuerza y \u200b\u200bla coordinaci\u00f3n. <\/p>\n\n<p>Si ha sufrido una conmoci\u00f3n cerebral, es importante buscar atenci\u00f3n m\u00e9dica inmediata. Mientras tanto, tambi\u00e9n puede informarse sobre los s\u00edntomas y las mejores pr\u00e1cticas para tratar una conmoci\u00f3n cerebral visitando sitios web confiables como los<a href=\"https:\/\/www.cdc.gov\/\"> Centros para el Control y la Prevenci\u00f3n de Enfermedades (CDC) <\/a>y la<a href=\"https:\/\/www.biausa.org\/\"> Asociaci\u00f3n Estadounidense de Lesiones Cerebrales.<\/a> <\/p>\n","protected":false},"excerpt":{"rendered":"<p>Conmoci\u00f3n cerebral debido a un traumatismo Una conmoci\u00f3n cerebral es un tipo de lesi\u00f3n cerebral traum\u00e1tica que ocurre cuando la cabeza de una persona recibe un golpe con una fuerza que provoca que el cerebro se mueva dentro del cr\u00e1neo. Este movimiento puede causar da\u00f1o cerebral y alterar su funcionamiento normal. S\u00edntomas de conmoci\u00f3n cerebral&#8230;<\/p>\n","protected":false},"author":2,"featured_media":0,"parent":23327,"menu_order":0,"comment_status":"closed","ping_status":"closed","template":"","meta":{"_analytify_skip_tracking":false,"footnotes":""},"tags":[],"class_list":[],"_links":{"self":[{"href":"https:\/\/austinaccidentlawyer.com\/es\/wp-json\/wp\/v2\/pages\/31587","targetHints":{"allow":["GET"]}}],"collection":[{"href":"https:\/\/austinaccidentlawyer.com\/es\/wp-json\/wp\/v2\/pages"}],"about":[{"href":"https:\/\/austinaccidentlawyer.com\/es\/wp-json\/wp\/v2\/types\/page"}],"author":[{"embeddable":true,"href":"https:\/\/austinaccidentlawyer.com\/es\/wp-json\/wp\/v2\/users\/2"}],"replies":[{"embeddable":true,"href":"https:\/\/austinaccidentlawyer.com\/es\/wp-json\/wp\/v2\/comments?post=31587"}],"version-history":[{"count":0,"href":"https:\/\/austinaccidentlawyer.com\/es\/wp-json\/wp\/v2\/pages\/31587\/revisions"}],"up":[{"embeddable":true,"href":"https:\/\/austinaccidentlawyer.com\/es\/wp-json\/wp\/v2\/pages\/23327"}],"wp:attachment":[{"href":"https:\/\/austinaccidentlawyer.com\/es\/wp-json\/wp\/v2\/media?parent=31587"}],"wp:term":[{"taxonomy":"post_tag","embeddable":true,"href":"https:\/\/austinaccidentlawyer.com\/es\/wp-json\/wp\/v2\/tags?post=31587"}],"curies":[{"name":"wp","href":"https:\/\/api.w.org\/{rel}","templated":true}]}}