{"id":31600,"date":"2025-07-02T15:06:55","date_gmt":"2025-07-02T20:06:55","guid":{"rendered":"https:\/\/austinaccidentlawyer.com\/abogados-de-accidentes-automovilisticos-en-austin\/cuanto-tiempo-se-tarda-en-resolver-un-reclamo-por-accidente-automovilistico\/"},"modified":"2025-10-08T02:44:53","modified_gmt":"2025-10-08T07:44:53","slug":"cuanto-tiempo-se-tarda-en-resolver-un-reclamo-por-accidente-automovilistico","status":"publish","type":"page","link":"https:\/\/austinaccidentlawyer.com\/es\/areas-de-practica\/abogados-de-accidentes-automovilisticos-en-austin\/cuanto-tiempo-se-tarda-en-resolver-un-reclamo-por-accidente-automovilistico\/","title":{"rendered":"Cu\u00e1nto tiempo se tarda en resolver un reclamo por accidente automovil\u00edstico?"},"content":{"rendered":"<h1>Cu\u00e1nto tiempo se tarda en resolver un reclamo por accidente automovil\u00edstico?<\/h1>\n\n<p><strong>Hola, Hablemos de accidentes automovil\u00edsticos y c\u00f3mo obtener lo que le corresponde!<\/strong><\/p>\n<div style=\"--video-image:url(&#039;https:\/\/austinaccidentlawyer.com\/wp-content\/uploads\/2023\/10\/how-long.webp&#039;);\" class=\"video-popup\"><a href=\"https:\/\/youtu.be\/B1bwluKUG8w\"> <div class=\"play-button-container\">\n            <div class=\"play-button\">\n                <svg>\n                    <title>\n                        Play Button                    <\/title>\n                    <polygon points=\"10 33 10 1 34 17\">\n                        Play Video                    <\/polygon>\n                <\/svg>\n            <\/div>\n        <\/div> <\/a>\n<\/div>\n\n<p>Uf! Los accidentes de coche nunca son pan comido, y cuando te han perjudicado, clasificar toda la documentaci\u00f3n de la reclamaci\u00f3n por lesiones puede ser un aut\u00e9ntico rollo. Quiz\u00e1s te preguntes: \u00abCu\u00e1nto tiempo va a tardar esto?\u00bb. La verdad es que podr\u00eda tardar desde unos meses hasta unos a\u00f1os, y s\u00ed, cada caso es \u00fanico.   <\/p>\n\n<p><strong>Su amable abogado de lesiones personales<\/strong><\/p>\n\n<p>Pero no temas! Un abogado experto en lesiones personales es como tu superh\u00e9roe legal: se encarga de todo el papeleo, evita la jerga legal y te mantiene al tanto para que no te quedes con la cabeza llena de preguntas sobre lo que sucede con tu reclamaci\u00f3n. <\/p>\n\n<p><strong>La paciencia es una virtud (de la que a veces nos quedamos sin)<\/strong><\/p>\n\n<p>Navegar por el laberinto de tr\u00e1mites de seguros no es tarea f\u00e1cil. Desde investigar los detalles del accidente hasta revisar las facturas m\u00e9dicas, las aseguradoras se toman su tiempo para calcular cu\u00e1nto dinero ofrecerle. <\/p>\n\n<p><strong>Ah, esas molestas compa\u00f1\u00edas de seguros!<\/strong><\/p>\n\n<p>Existe una verdad no escrita, casi un secreto a voces, ampliamente aceptada en nuestra sociedad: las compa\u00f1\u00edas de seguros, como muchas otras empresas, priorizan su potencial de ganancias por encima de todo. Si bien esto puede no reflejar exclusivamente la perspectiva de todas las compa\u00f1\u00edas de seguros, es innegable que algunas son propensas a adoptar estas t\u00e1cticas mercenarias. Esta propensi\u00f3n puede manifestarse de diversas formas, una de ellas en la forma en que gestionan las reclamaciones de seguros. En su incesante b\u00fasqueda de beneficios, pueden emplear t\u00e1cticas dilatorias en su reclamaci\u00f3n, insinuando sutilmente cierta inercia que implica que no tienen prisa por resolverla. La intenci\u00f3n oculta tras esta estrategia suele ser agotar al reclamante, dej\u00e1ndolo fatigado y desilusionado por el tedioso y engorroso proceso de reclamar lo que le corresponde por derecho. Esto, desafortunadamente, lo llevar\u00eda a considerar aceptar una indemnizaci\u00f3n menor. Por qu\u00e9 har\u00edan esto?, se preguntar\u00e1. La respuesta es simple: es una estratagema astuta para presionar por una resoluci\u00f3n m\u00e1s r\u00e1pida, aunque menos beneficiosa, que les permita minimizar sus pagos. Es una maniobra enga\u00f1osa, verdad?        <\/p>\n\n<p><strong>Un poco m\u00e1s sobre las t\u00e1cticas dilatorias<\/strong><\/p>\n\n<p>Al demorarse, las aseguradoras pueden seguir ganando intereses sobre las primas que pagamos e incluso podr\u00edan presionar a la gente a aceptar ofertas muy bajas por desesperaci\u00f3n. No es buena idea, pero es una treta para algunos. <\/p>\n\n<p><strong>C\u00f3mo defenderse de las grandes aseguradoras malas<\/strong><\/p>\n\n<p>Antes de elegir una aseguradora, investigue un poco. Investigue cualquier queja o disputa legal que hayan tenido. Si algo le huele mal, ser\u00eda prudente buscar otra compa\u00f1\u00eda. Y si alguna vez siente que una aseguradora est\u00e1 jugando sucio, un abogado especializado en <a href=\"https:\/\/austinaccidentlawyer.com\/es\/liquidaciones-de-seguros\/\" data-type=\"page\" data-id=\"71\">reclamaciones de seguros<\/a> de Texas podr\u00eda ser su nuevo mejor amigo.   <\/p>\n\n<p><strong>As\u00ed es como un abogado especializado en accidentes automovil\u00edsticos interviene para ayudar<\/strong><\/p>\n\n<p>Su abogado cumple una funci\u00f3n m\u00e1s amplia que simplemente decodificar la compleja jerga legal: su funci\u00f3n principal es garantizar que la compa\u00f1\u00eda de seguros le brinde un trato justo. Con una amplia gama de tareas a su cargo, se encarga de todo, desde la evaluaci\u00f3n minuciosa de los detalles de su informaci\u00f3n m\u00e9dica hasta la gesti\u00f3n y presentaci\u00f3n meticulosa de las pruebas. Su abogado est\u00e1 al tanto de todo, dedicado a defender su causa y a obtener el mejor resultado posible para usted. Su experiencia en la jerga legal y el panorama de los seguros contribuye en gran medida a su lucha por la justicia, garantizando que no se escatime ning\u00fan recurso y que se utilicen todos los recursos disponibles. En esencia, su representante legal act\u00faa como su escudo personal contra una posible explotaci\u00f3n por parte de la compa\u00f1\u00eda de seguros, desempe\u00f1ando un papel fundamental en su b\u00fasqueda de una indemnizaci\u00f3n justa.    <\/p>\n\n<p><strong>Cuando los retrasos son demasiado largos<\/strong><\/p>\n\n<p>Si te encuentras en un juego de espera, aqu\u00ed tienes una mini gu\u00eda de supervivencia:<\/p>\n\n<ul class=\"wp-block-list\">\n<li>Conozca sus derechos como asegurado.<\/li>\n\n\n\n<li>Entregue su documentaci\u00f3n lo antes posible.<\/li>\n\n\n\n<li>Hable con su abogado antes de aceptar cualquier oferta.<\/li>\n\n\n\n<li>Mantenga un registro ordenado de todo lo relacionado con los accidentes.<\/li>\n<\/ul>\n\n<p>Comprender los detalles de los reclamos por accidentes automovil\u00edsticos y tener un abogado estelar a su lado lo ayudar\u00e1 a navegar a trav\u00e9s del caos, asegur\u00e1ndose de obtener la compensaci\u00f3n que se merece.<\/p>\n\n<p><strong>Resumiendo<\/strong><\/p>\n\n<p>Al tratar con reclamaciones, la paciencia es m\u00e1s que una virtud: es tu escudo contra ofertas bajas. Si te encuentras en un limbo de compensaci\u00f3n, probablemente sea hora de recurrir a la justicia. <\/p>\n\n<p>Un abogado con experiencia en lesiones personales puede asesorarle sobre la mejor manera de proceder con su reclamo y ayudarle a garantizar una indemnizaci\u00f3n justa y oportuna. No espere, contacte hoy mismo con un <a href=\"https:\/\/austinaccidentlawyer.com\/practice-areas\/austin-car-accident-lawyers\/\" data-type=\"page\" data-id=\"33\">abogado con experiencia en accidentes de auto <\/a>para obtener la ayuda que necesita. Llame al Bufete de Abogados Traub al <a href=\"tel:+15122469191\">(512) 246-9191<\/a> o <a href=\"#contact\">complete el formulario<\/a> para obtener m\u00e1s informaci\u00f3n.  <\/p>\n","protected":false},"excerpt":{"rendered":"<p>Cu\u00e1nto tiempo se tarda en resolver un reclamo por accidente automovil\u00edstico? Hola, Hablemos de accidentes automovil\u00edsticos y c\u00f3mo obtener lo que le corresponde! Uf! Los accidentes de coche nunca son pan comido, y cuando te han perjudicado, clasificar toda la documentaci\u00f3n de la reclamaci\u00f3n por lesiones puede ser un aut\u00e9ntico rollo. Quiz\u00e1s te preguntes: \u00abCu\u00e1nto&#8230;<\/p>\n","protected":false},"author":2,"featured_media":0,"parent":23598,"menu_order":0,"comment_status":"closed","ping_status":"closed","template":"","meta":{"_analytify_skip_tracking":false,"footnotes":""},"tags":[],"class_list":[],"_links":{"self":[{"href":"https:\/\/austinaccidentlawyer.com\/es\/wp-json\/wp\/v2\/pages\/31600","targetHints":{"allow":["GET"]}}],"collection":[{"href":"https:\/\/austinaccidentlawyer.com\/es\/wp-json\/wp\/v2\/pages"}],"about":[{"href":"https:\/\/austinaccidentlawyer.com\/es\/wp-json\/wp\/v2\/types\/page"}],"author":[{"embeddable":true,"href":"https:\/\/austinaccidentlawyer.com\/es\/wp-json\/wp\/v2\/users\/2"}],"replies":[{"embeddable":true,"href":"https:\/\/austinaccidentlawyer.com\/es\/wp-json\/wp\/v2\/comments?post=31600"}],"version-history":[{"count":0,"href":"https:\/\/austinaccidentlawyer.com\/es\/wp-json\/wp\/v2\/pages\/31600\/revisions"}],"up":[{"embeddable":true,"href":"https:\/\/austinaccidentlawyer.com\/es\/wp-json\/wp\/v2\/pages\/23598"}],"wp:attachment":[{"href":"https:\/\/austinaccidentlawyer.com\/es\/wp-json\/wp\/v2\/media?parent=31600"}],"wp:term":[{"taxonomy":"post_tag","embeddable":true,"href":"https:\/\/austinaccidentlawyer.com\/es\/wp-json\/wp\/v2\/tags?post=31600"}],"curies":[{"name":"wp","href":"https:\/\/api.w.org\/{rel}","templated":true}]}}