{"id":32744,"date":"2025-11-07T15:08:12","date_gmt":"2025-11-07T20:08:12","guid":{"rendered":"https:\/\/austinaccidentlawyer.com\/negligencia\/abogado-de-brutalidad-policial\/comprender-las-denuncias-por-brutalidad-policial\/"},"modified":"2026-04-24T16:41:01","modified_gmt":"2026-04-24T21:41:01","slug":"comprender-las-denuncias-por-brutalidad-policial","status":"publish","type":"page","link":"https:\/\/austinaccidentlawyer.com\/es\/areas-de-practica\/negligencia\/abogado-de-brutalidad-policial\/comprender-las-denuncias-por-brutalidad-policial\/","title":{"rendered":"Comprender las denuncias por brutalidad policial"},"content":{"rendered":"\n<h1 class=\"wp-block-heading\">Comprender las denuncias por brutalidad policial<\/h1>\n\n<p>La brutalidad policial, un problema social profundamente preocupante, implica el uso excesivo o innecesario de la fuerza por parte de los agentes del orden contra la poblaci\u00f3n civil. Esto puede manifestarse de diversas formas, como agresi\u00f3n f\u00edsica, abuso verbal, intimidaci\u00f3n o discriminaci\u00f3n racial. Las v\u00edctimas de estos actos tienen derecho a buscar justicia, siempre que se cumplan ciertas condiciones. Este art\u00edculo analiza dichas condiciones y cita casos en los que las v\u00edctimas presentaron denuncias exitosas contra la brutalidad policial.   <\/p>\n<div style=\"--video-image:url(https:\/\/austinaccidentlawyer.com\/wp-content\/uploads\/2024\/05\/PoliceBrutalityThumbnail.jpg);\" class=\"video-popup wp-block-rls-video\">\n\t\t\t<a href=\"https:\/\/youtu.be\/q8Sy5PwmLN8\" target=\"_blank\" rel=\"noopener noreferrer\" aria-label=\"Play video\">\n\t\t\t<div class=\"play-button-container\">\n\t\t\t\t<div class=\"play-button\">\n\t\t\t\t\t<svg viewBox=\"0 0 44 44\" xmlns=\"http:\/\/www.w3.org\/2000\/svg\">\n\t\t\t\t\t\t<polygon points=\"10 33 10 1 34 17\"><\/polygon>\n\t\t\t\t\t<\/svg>\n\t\t\t\t<\/div>\n\t\t\t<\/div>\n\t\t<\/a>\n\t<\/div>\n\n<h2 class=\"wp-block-heading\">Requisitos para presentar una denuncia por brutalidad policial:<\/h2>\n\n<ol class=\"wp-block-list\">\n<li>Violaci\u00f3n de derechos constitucionales: Una condici\u00f3n esencial es que se hayan violado los derechos constitucionales de la v\u00edctima. Esto generalmente implica la Cuarta Enmienda, que protege a los ciudadanos de registros e incautaciones irrazonables, y la Octava Enmienda, que protege contra castigos crueles e inusuales. Si estos derechos se violan mediante mala conducta policial, se puede presentar una demanda.  <\/li>\n\n\n\n<li>Uso excesivo o innecesario de la fuerza: Para que una reclamaci\u00f3n sea v\u00e1lida, el agente debe haber empleado una fuerza considerada excesiva o innecesaria dadas las circunstancias. Lo que se considera excesivo puede ser subjetivo y suele determinarse en funci\u00f3n de factores como la gravedad del delito, la amenaza que representa el sospechoso y su resistencia al arresto. <\/li>\n\n\n\n<li>Lesiones o da\u00f1os: La v\u00edctima debe haber sufrido alg\u00fan tipo de da\u00f1o, ya sea f\u00edsico o psicol\u00f3gico, debido a la mala conducta del agente. Este da\u00f1o puede abarcar desde lesiones corporales hasta traumas emocionales. <\/li>\n<\/ol>\n\n<p>Casos publicados de denuncias exitosas por brutalidad policial:<\/p>\n\n<ol class=\"wp-block-list\">\n<li>Caso de Rodney King: Quiz\u00e1s uno de los casos m\u00e1s famosos de brutalidad policial sea el de Rodney King en Los \u00c1ngeles en 1991. Cuatro agentes golpearon brutalmente a King, y el acto qued\u00f3 grabado en video. Inicialmente, los agentes fueron absueltos en un tribunal estatal, lo que desencaden\u00f3 los tristemente c\u00e9lebres disturbios de Los \u00c1ngeles. Sin embargo, posteriormente se presentaron cargos federales contra los agentes por violaci\u00f3n de los derechos civiles de King, y dos de ellos fueron declarados culpables.   <\/li>\n\n\n\n<li>El asesinato de Laquan McDonald: En Chicago, en 2014, Laquan McDonald, un adolescente afroamericano, recibi\u00f3 16 disparos de un polic\u00eda blanco. El agente fue declarado culpable de homicidio en segundo grado y 16 cargos de agresi\u00f3n con agravantes, lo que constituye un caso excepcional en el que un polic\u00eda rinde cuentas por un tiroteo ocurrido en acto de servicio. <\/li>\n\n\n\n<li>La muerte de George Floyd: El caso que desat\u00f3 protestas mundiales contra la brutalidad policial fue el asesinato de George Floyd en Minneapolis en 2020. El agente Derek Chauvin presion\u00f3 su rodilla contra el cuello de Floyd durante m\u00e1s de nueve minutos, caus\u00e1ndole la muerte. Chauvin fue declarado culpable de homicidio involuntario en segundo grado, homicidio en tercer grado y homicidio culposo en segundo grado en 2021.  <\/li>\n<\/ol>\n\n<p>Estas condiciones y casos sirven de gu\u00eda para comprender cu\u00e1ndo una persona podr\u00eda tener un <a href=\"https:\/\/austinaccidentlawyer.com\/practice-areas\/legal-recourse-for-victims-of-police-brutality-in-austin-texas\/\" data-type=\"page\" data-id=\"27311\">reclamo v\u00e1lido por brutalidad policial.<\/a> Si bien cada caso es \u00fanico, el denominador com\u00fan es que nadie, ni siquiera las fuerzas del orden, est\u00e1 por encima de la ley. Si cree haber sido v\u00edctima de brutalidad policial, consulte con un abogado de confianza que pueda asesorarlo sobre sus opciones legales seg\u00fan su situaci\u00f3n particular.  <\/p>\n\n<h3 class=\"wp-block-heading\"><strong>Comprender la mala conducta policial y los casos de derechos civiles <\/strong><\/h3>\n\n<p>La Ley de Derechos Civiles de 1871 (42 U.S.C. \u00a71983) permite demandar a quienes violan sus derechos constitucionales, ya sean polic\u00edas o funcionarios p\u00fablicos. Las v\u00edctimas pueden exigir responsabilidades no solo a los agentes, sino tambi\u00e9n a las ciudades o departamentos si sus pol\u00edticas o pr\u00e1cticas fomentan la mala conducta. <\/p>\n\n<p>Cuando la mala conducta policial provoca una muerte injusta, las familias pueden obtener una indemnizaci\u00f3n por la p\u00e9rdida de la vida, el dolor y el sufrimiento, la angustia emocional y, en ocasiones, da\u00f1os punitivos para castigar las faltas graves.<\/p>\n\n<p>Otras formas de mala conducta incluyen detenciones ilegales y lesiones causadas por veh\u00edculos policiales, ambas situaciones que pueden justificar acciones legales.<\/p>\n\n<p>Si ha sido v\u00edctima de abuso policial, es recomendable consultar con un abogado especializado en este tipo de casos. Un abogado puede evaluar su caso, recopilar pruebas y asesorarlo en la presentaci\u00f3n de una reclamaci\u00f3n o demanda para proteger sus derechos. <\/p>\n\n<p>Los clientes suelen valorar a los bufetes de abogados que demuestran empat\u00eda, dedicaci\u00f3n y una comunicaci\u00f3n clara, lo que les ayuda a sentirse apoyados mientras buscan justicia.<\/p>\n\n<p>Un ejemplo bien conocido es el caso de Amadou Diallo (1999) en Nueva York, donde un hombre desarmado fue abatido a tiros por la polic\u00eda, lo que result\u00f3 en un acuerdo por muerte injusta de 3 millones de d\u00f3lares que atrajo la atenci\u00f3n nacional sobre el uso excesivo de la fuerza y \u200b\u200bla discriminaci\u00f3n racial.<\/p>\n\n<p><\/p>\n","protected":false},"excerpt":{"rendered":"<p>Comprender las denuncias por brutalidad policial La brutalidad policial, un problema social profundamente preocupante, implica el uso excesivo o innecesario de la fuerza por parte de los agentes del orden contra la poblaci\u00f3n civil. Esto puede manifestarse de diversas formas, como agresi\u00f3n f\u00edsica, abuso verbal, intimidaci\u00f3n o discriminaci\u00f3n racial. Las v\u00edctimas de estos actos tienen&#8230;<\/p>\n","protected":false},"author":2,"featured_media":0,"parent":31392,"menu_order":0,"comment_status":"closed","ping_status":"closed","template":"","meta":{"_analytify_skip_tracking":false,"footnotes":""},"tags":[],"class_list":["post-32744","page","type-page","status-publish","hentry"],"_links":{"self":[{"href":"https:\/\/austinaccidentlawyer.com\/es\/wp-json\/wp\/v2\/pages\/32744","targetHints":{"allow":["GET"]}}],"collection":[{"href":"https:\/\/austinaccidentlawyer.com\/es\/wp-json\/wp\/v2\/pages"}],"about":[{"href":"https:\/\/austinaccidentlawyer.com\/es\/wp-json\/wp\/v2\/types\/page"}],"author":[{"embeddable":true,"href":"https:\/\/austinaccidentlawyer.com\/es\/wp-json\/wp\/v2\/users\/2"}],"replies":[{"embeddable":true,"href":"https:\/\/austinaccidentlawyer.com\/es\/wp-json\/wp\/v2\/comments?post=32744"}],"version-history":[{"count":0,"href":"https:\/\/austinaccidentlawyer.com\/es\/wp-json\/wp\/v2\/pages\/32744\/revisions"}],"up":[{"embeddable":true,"href":"https:\/\/austinaccidentlawyer.com\/es\/wp-json\/wp\/v2\/pages\/31392"}],"wp:attachment":[{"href":"https:\/\/austinaccidentlawyer.com\/es\/wp-json\/wp\/v2\/media?parent=32744"}],"wp:term":[{"taxonomy":"post_tag","embeddable":true,"href":"https:\/\/austinaccidentlawyer.com\/es\/wp-json\/wp\/v2\/tags?post=32744"}],"curies":[{"name":"wp","href":"https:\/\/api.w.org\/{rel}","templated":true}]}}