{"id":32888,"date":"2025-12-08T17:19:29","date_gmt":"2025-12-08T22:19:29","guid":{"rendered":"https:\/\/austinaccidentlawyer.com\/abogado-de-accidentes-de-vehiculos-en-austin\/"},"modified":"2026-04-20T16:59:18","modified_gmt":"2026-04-20T21:59:18","slug":"abogado-de-accidentes-de-vehiculos-en-austin","status":"publish","type":"page","link":"https:\/\/austinaccidentlawyer.com\/es\/areas-de-practica\/abogado-de-accidentes-de-vehiculos-en-austin\/","title":{"rendered":"Abogado de accidentes de veh\u00edculos en Austin"},"content":{"rendered":"<h1><b>The Traub Law Office &#8211; Abogado de confianza especializado en accidentes de tr\u00e1fico en Austin, Texas<\/b><\/h1>\n\n<p><\/p>\n<div class=\"wp-block-image\">\n<figure class=\"aligncenter size-full is-resized\"><img decoding=\"async\" width=\"740\" height=\"493\" src=\"https:\/\/austinaccidentlawyer.com\/wp-content\/uploads\/2024\/03\/vehicle-accident-1.webp\" alt=\"Una imagen para abogado de accidentes de veh&#xED;culos\" class=\"wp-image-28976\" style=\"width:695px;height:auto\" srcset=\"https:\/\/austinaccidentlawyer.com\/wp-content\/uploads\/2024\/03\/vehicle-accident-1.webp 740w, https:\/\/austinaccidentlawyer.com\/wp-content\/uploads\/2024\/03\/vehicle-accident-1-300x200.webp 300w\" sizes=\"(max-width: 740px) 100vw, 740px\" \/><\/figure>\n<\/div>\n<p>Los accidentes automovil\u00edsticos son una triste realidad en las carreteras de Austin, que a menudo resultan en lesiones graves, trauma emocional y dificultades econ\u00f3micas inesperadas. Si usted o un ser querido ha resultado herido en un accidente automovil\u00edstico, el Bufete de Abogados Traub est\u00e1 aqu\u00ed para apoyarle en cada paso del proceso. <\/p>\n\n<p>Nuestro abogado especializado en accidentes de tr\u00e1fico en Austin, Texas, ofrece representaci\u00f3n legal compasiva y estrat\u00e9gica para ayudar a las v\u00edctimas de lesiones a obtener una compensaci\u00f3n completa y justa por sus gastos m\u00e9dicos, p\u00e9rdida de ingresos, sufrimiento emocional y m\u00e1s. Con un profundo conocimiento de las leyes de tr\u00e1nsito de Texas y las t\u00e1cticas de las aseguradoras, trabajamos incansablemente para proteger sus derechos y garantizar el resultado que merece. <\/p>\n\n<h2 class=\"wp-block-heading\"><strong>Por qu\u00e9 elegir The Traub Law Office?<\/strong><\/h2>\n\n<p>Al afrontar las consecuencias de un accidente, elegir la representaci\u00f3n legal adecuada puede marcar una gran diferencia. Esto es lo que nos distingue: <\/p>\n\n<ul class=\"wp-block-list\">\n<li><strong>Amplia experiencia<\/strong>: con a\u00f1os de \u00e9xito comprobado en el manejo de una amplia gama de reclamos por accidentes vehiculares, sabemos c\u00f3mo construir casos s\u00f3lidos basados \u200b\u200ben evidencia.<\/li>\n\n\n\n<li><strong>Enfoque personalizado<\/strong>: tratamos a cada cliente con atenci\u00f3n individualizada, adaptando nuestras estrategias legales a su situaci\u00f3n \u00fanica.<\/li>\n\n\n\n<li><strong>Sin costos iniciales: <\/strong>trabajamos con honorarios de contingencia: usted no paga nada a menos que ganemos su caso.<\/li>\n\n\n\n<li><strong>S\u00f3lida trayectoria:<\/strong> nuestra firma ha ayudado a numerosos clientes en Austin a recuperar acuerdos y veredictos importantes.<\/li>\n\n\n\n<li><strong>Conocimiento local profundo:<\/strong> como firma con sede en Austin, estamos familiarizados con los tribunales locales, las tendencias de accidentes y los desaf\u00edos espec\u00edficos de los casos de Texas.<\/li>\n<\/ul>\n\n<h3 class=\"wp-block-heading\"><strong>Tipos de accidentes de veh\u00edculos que manejamos<\/strong><\/h3>\n\n<p>El bufete de abogados Traub representa a clientes involucrados en una amplia variedad de accidentes automovil\u00edsticos, incluidos:<\/p>\n\n<ul class=\"wp-block-list\">\n<li><strong>Accidentes automovil\u00edsticos<\/strong>: ya sea un peque\u00f1o choque o una colisi\u00f3n importante, ayudamos a los clientes a obtener una compensaci\u00f3n justa por sus lesiones y p\u00e9rdidas.<\/li>\n\n\n\n<li><strong>Accidentes de camiones:<\/strong> los choques que involucran camiones comerciales grandes a menudo resultan en lesiones graves; responsabilizamos a las empresas de transporte.<\/li>\n\n\n\n<li>Accidentes de motocicleta: Los motociclistas enfrentan mayores riesgos. Defendemos sus derechos y su seguridad. <\/li>\n\n\n\n<li><strong>Accidentes de peatones<\/strong>: si fue atropellado mientras caminaba, lo ayudaremos a buscar una compensaci\u00f3n contra los conductores negligentes.<\/li>\n\n\n\n<li>Accidentes de bicicleta: los ciclistas lesionados debido a la negligencia del conductor merecen protecci\u00f3n legal y compensaci\u00f3n.<\/li>\n\n\n\n<li>Accidentes de viajes compartidos: Te has visto involucrado en un accidente de Uber o Lyft? Entendemos las complejidades de la responsabilidad civil en viajes compartidos. <\/li>\n\n\n\n<li><strong>Accidentes por conducir ebrio<\/strong>: luchamos para responsabilizar a los conductores ebrios por el da\u00f1o que causan.<\/li>\n\n\n\n<li><strong>Accidentes de choque y fuga:<\/strong> si el conductor culpable huy\u00f3 de la escena, exploramos todas las opciones legales para garantizar justicia.<\/li>\n\n\n\n<li><strong>Colisiones en intersecciones y sem\u00e1foros en rojo<\/strong>: los accidentes en las intersecciones son comunes y, a menudo, graves; buscamos la m\u00e1xima compensaci\u00f3n por estos incidentes.<\/li>\n<\/ul>\n\n<p>Cualquiera que sea la naturaleza de su accidente, nuestro equipo legal est\u00e1 preparado para investigar exhaustivamente y defenderlo.<\/p>\n\n<h2 class=\"wp-block-heading\">Culpa comparativa en Texas<\/h2>\n\n<p>En Texas, se aplica una regla de \u00abculpa comparativa modificada\u00bb a las reclamaciones por accidentes de tr\u00e1nsito. As\u00ed es como funciona: <\/p>\n\n<ul class=\"wp-block-list\">\n<li>Si usted es parcialmente culpable, su compensaci\u00f3n se reducir\u00e1 seg\u00fan su porcentaje de culpa.<\/li>\n\n\n\n<li>A\u00fan puedes recuperar da\u00f1os si tienes menos del 50% de culpa.<\/li>\n\n\n\n<li>Si usted tiene un 50% o m\u00e1s de culpa, no podr\u00e1 recibir compensaci\u00f3n.<\/li>\n<\/ul>\n\n<p>Nuestros abogados experimentados le ayudar\u00e1n a navegar esta compleja regla y luchar por la m\u00e1xima compensaci\u00f3n que usted merece.<\/p>\n\n<h2 class=\"wp-block-heading\"><strong>Qu\u00e9 hacer despu\u00e9s de un accidente automovil\u00edstico en Austin<\/strong><\/h2>\n\n<p>Es fundamental tomar las medidas adecuadas despu\u00e9s de un accidente. Esto es lo que debe hacer para protegerse y proteger su reclamaci\u00f3n: <\/p>\n\n<ol class=\"wp-block-list\">\n<li><strong>Garantice la seguridad:<\/strong> dir\u00edjase a un \u00e1rea segura y verifique que usted y los dem\u00e1s no tengan lesiones.<\/li>\n\n\n\n<li><strong>Llame al 911<\/strong>: reporte el accidente. Un informe policial es vital para su reclamaci\u00f3n. <\/li>\n\n\n\n<li>Busque atenci\u00f3n m\u00e9dica: algunas lesiones no son evidentes de inmediato. Consulte con un profesional m\u00e9dico. <\/li>\n\n\n\n<li><strong>Documente la escena<\/strong>: tome fotograf\u00edas de los veh\u00edculos, la escena, los da\u00f1os y las lesiones.<\/li>\n\n\n\n<li><strong>Intercambio de informaci\u00f3n:<\/strong> obtenga detalles de contacto y seguro de todos los involucrados.<\/li>\n\n\n\n<li><strong>Evite admitir culpa<\/strong>: c\u00ed\u00f1ase a los hechos cuando hable con la polic\u00eda y otras personas.<\/li>\n\n\n\n<li><strong>Comun\u00edquese con un abogado lo antes posible:<\/strong> la orientaci\u00f3n legal puede proteger sus derechos y ayudarlo a abordar reclamos de seguros complejos.<\/li>\n<\/ol>\n\n<h2 class=\"wp-block-heading\"><strong>Lesiones comunes en accidentes de veh\u00edculos<\/strong><\/h2>\n\n<p>Los accidentes automovil\u00edsticos pueden causar una amplia gama de lesiones, desde leves hasta graves. Las lesiones m\u00e1s comunes incluyen: <\/p>\n\n<ul class=\"wp-block-list\">\n<li><strong>Latigazo cervical<\/strong>: a menudo causado por un impacto repentino que provoca lesiones en el cuello y tejidos blandos.<\/li>\n\n\n\n<li><strong>Huesos rotos:<\/strong> incluye fracturas en brazos, piernas, costillas y otras \u00e1reas.<\/li>\n\n\n\n<li><strong>Lesiones cerebrales traum\u00e1ticas (LCT):<\/strong> pueden variar desde conmociones cerebrales hasta da\u00f1os cerebrales graves.<\/li>\n\n\n\n<li>Lesiones de la m\u00e9dula espinal: pueden causar problemas de movilidad o par\u00e1lisis.<\/li>\n\n\n\n<li>Lesiones internas, como da\u00f1os a los \u00f3rganos, que pueden poner en peligro la vida si no se tratan.<\/li>\n\n\n\n<li>Cortes y laceraciones: pueden provocar cicatrices o infecciones permanentes.<\/li>\n\n\n\n<li>Quemaduras: causadas por incendios, explosiones o superficies calientes en accidentes graves.<\/li>\n<\/ul>\n\n<p>Si ha sufrido alguna de estas o lesiones similares, nuestra firma puede ayudarlo a buscar la compensaci\u00f3n necesaria para su recuperaci\u00f3n y bienestar futuro.<\/p>\n\n<h2 class=\"wp-block-heading\"><strong>Compensaci\u00f3n a la que podr\u00eda tener derecho<\/strong><\/h2>\n\n<p>Las v\u00edctimas de accidentes en Austin pueden ser elegibles para una variedad de tipos de compensaci\u00f3n, que incluyen:<\/p>\n\n<ul class=\"wp-block-list\">\n<li><strong>Costos m\u00e9dicos<\/strong>: atenci\u00f3n de emergencia, cirug\u00edas, medicamentos, fisioterapia y tratamiento continuo.<\/li>\n\n\n\n<li>P\u00e9rdida de ingresos: salarios perdidos debido al tiempo fuera del trabajo, incluidas las posibles ganancias futuras.<\/li>\n\n\n\n<li>Dolor y sufrimiento: angustia emocional, trauma psicol\u00f3gico y reducci\u00f3n del disfrute de la vida.<\/li>\n\n\n\n<li>Da\u00f1os a la propiedad: reparaci\u00f3n o reemplazo del veh\u00edculo y cualquier propiedad personal perdida en el accidente.<\/li>\n\n\n\n<li>Necesidades m\u00e9dicas futuras: incluida rehabilitaci\u00f3n, atenci\u00f3n domiciliaria o dispositivos m\u00e9dicos.<\/li>\n\n\n\n<li>Da\u00f1os por muerte por negligencia: para familias que han perdido a un ser querido en un accidente fatal.<\/li>\n<\/ul>\n\n<p>Buscamos una compensaci\u00f3n completa a trav\u00e9s de una negociaci\u00f3n experta o litigio, dependiendo de lo que sea necesario para proteger sus intereses.<\/p>\n\n<h2 class=\"wp-block-heading\">Estatuto de limitaciones en Texas<\/h2>\n\n<p>Don&#8217;t miss the deadline to file your claim! In Texas, you have two years from the date of the accident to initiate a lawsuit. Failing to do so can result in losing your right to pursue compensation.  <\/p>\n\n<p>Nuestro equipo se asegurar\u00e1 de que:<\/p>\n\n<ul class=\"wp-block-list\">\n<li>Su reclamaci\u00f3n se presenta a tiempo<\/li>\n\n\n\n<li>Se conservan pruebas valiosas<\/li>\n\n\n\n<li>Sus opciones legales siguen abiertas<\/li>\n<\/ul>\n\n<h2 class=\"wp-block-heading\"><strong>C\u00f3mo nuestro abogado de accidentes de veh\u00edculos le apoya<\/strong><\/h2>\n\n<p>Manejar una reclamaci\u00f3n por lesiones personales en solitario puede ser abrumador, especialmente cuando se enfrenta a peritos de seguros agresivos. As\u00ed es como The Traub Law Office le ayuda: <\/p>\n\n<ul class=\"wp-block-list\">\n<li><strong>Investigaci\u00f3n exhaustiva de casos<\/strong>: recopilamos pruebas, analizamos informes policiales y trabajamos con expertos cuando es necesario.<\/li>\n\n\n\n<li><strong>Negociaci\u00f3n experta<\/strong>: manejamos toda la comunicaci\u00f3n con las aseguradoras para lograr un acuerdo justo.<\/li>\n\n\n\n<li><strong>Apoyo en litigios<\/strong>: si las negociaciones se estancan, estamos totalmente preparados para llevar su caso a los tribunales.<\/li>\n\n\n\n<li><strong>Orientaci\u00f3n jur\u00eddica continua:<\/strong> le mantenemos informado en todo momento y ofrecemos respuestas claras a sus preguntas legales.<\/li>\n<\/ul>\n\n<p>Somos implacables en la defensa de la justicia y el mejor resultado financiero posible en su caso.<\/p>\n\n<h2 class=\"wp-block-heading\"><strong>Estad\u00edsticas de accidentes vehiculares en Austin<\/strong><\/h2>\n\n<p>Comprender los riesgos en las carreteras de Austin refuerza la importancia de una representaci\u00f3n legal s\u00f3lida. Seg\u00fan el Departamento de Transporte de Texas (TxDOT) <\/p>\n\n<ul class=\"wp-block-list\">\n<li>En 2022, Austin fue testigo de m\u00e1s de 14.000 accidentes automovil\u00edsticos, muchos de ellos con heridos o fallecidos.<\/li>\n\n\n\n<li>El condado de Travis experiment\u00f3 m\u00e1s de 500 muertes relacionadas con el tr\u00e1fico en un solo a\u00f1o.<\/li>\n\n\n\n<li>Los principales factores que contribuyeron incluyeron la <strong>conducci\u00f3n distra\u00edda<\/strong> y el exceso de <strong>velocidad.<\/strong><\/li>\n<\/ul>\n\n<p>These statistics highlight the importance of driving defensively and the value of legal support when accidents happen.<\/p>\n\n<h2 class=\"wp-block-heading\"><strong>Tome una consulta gratuita con The Traub Law Office<\/strong><\/h2>\n\n<p>En el Bufete de Abogados Traub, nos comprometemos a estar a su lado despu\u00e9s de un accidente automovil\u00edstico grave. Ya sea negociando con compa\u00f1\u00edas de seguros o litigando en los tribunales, nuestro experimentado equipo legal se esfuerza por garantizar justicia y una compensaci\u00f3n significativa para cada cliente que atendemos. <\/p>\n\n<p><strong>No enfrentes este proceso solo.<\/strong> Deje que nuestro experto abogado especializado en accidentes de tr\u00e1fico en Austin le ayude a dar el primer paso hacia la recuperaci\u00f3n. Cont\u00e1ctenos hoy mismo para una <strong>consulta gratuita<\/strong>; estamos listos para proteger sus derechos y ayudarle a seguir adelante. <\/p>\n\n<p><\/p>\n","protected":false},"excerpt":{"rendered":"<p>The Traub Law Office &#8211; Abogado de confianza especializado en accidentes de tr\u00e1fico en Austin, Texas Los accidentes automovil\u00edsticos son una triste realidad en las carreteras de Austin, que a menudo resultan en lesiones graves, trauma emocional y dificultades econ\u00f3micas inesperadas. Si usted o un ser querido ha resultado herido en un accidente automovil\u00edstico, el&#8230;<\/p>\n","protected":false},"author":2,"featured_media":0,"parent":34924,"menu_order":0,"comment_status":"closed","ping_status":"closed","template":"","meta":{"_analytify_skip_tracking":false,"footnotes":""},"tags":[],"class_list":["post-32888","page","type-page","status-publish","hentry"],"_links":{"self":[{"href":"https:\/\/austinaccidentlawyer.com\/es\/wp-json\/wp\/v2\/pages\/32888","targetHints":{"allow":["GET"]}}],"collection":[{"href":"https:\/\/austinaccidentlawyer.com\/es\/wp-json\/wp\/v2\/pages"}],"about":[{"href":"https:\/\/austinaccidentlawyer.com\/es\/wp-json\/wp\/v2\/types\/page"}],"author":[{"embeddable":true,"href":"https:\/\/austinaccidentlawyer.com\/es\/wp-json\/wp\/v2\/users\/2"}],"replies":[{"embeddable":true,"href":"https:\/\/austinaccidentlawyer.com\/es\/wp-json\/wp\/v2\/comments?post=32888"}],"version-history":[{"count":0,"href":"https:\/\/austinaccidentlawyer.com\/es\/wp-json\/wp\/v2\/pages\/32888\/revisions"}],"up":[{"embeddable":true,"href":"https:\/\/austinaccidentlawyer.com\/es\/wp-json\/wp\/v2\/pages\/34924"}],"wp:attachment":[{"href":"https:\/\/austinaccidentlawyer.com\/es\/wp-json\/wp\/v2\/media?parent=32888"}],"wp:term":[{"taxonomy":"post_tag","embeddable":true,"href":"https:\/\/austinaccidentlawyer.com\/es\/wp-json\/wp\/v2\/tags?post=32888"}],"curies":[{"name":"wp","href":"https:\/\/api.w.org\/{rel}","templated":true}]}}