{"id":33199,"date":"2026-01-14T15:36:11","date_gmt":"2026-01-14T20:36:11","guid":{"rendered":"https:\/\/austinaccidentlawyer.com\/necesito-un-abogado-para-llegar-a-un-acuerdo-en-mi-caso-de-lesiones\/"},"modified":"2026-01-14T15:36:11","modified_gmt":"2026-01-14T20:36:11","slug":"necesito-un-abogado-para-llegar-a-un-acuerdo-en-mi-caso-de-lesiones","status":"publish","type":"page","link":"https:\/\/austinaccidentlawyer.com\/es\/necesito-un-abogado-para-llegar-a-un-acuerdo-en-mi-caso-de-lesiones\/","title":{"rendered":"Necesito un abogado para llegar a un acuerdo en mi caso de lesiones?"},"content":{"rendered":"<p>Una de las preguntas m\u00e1s frecuentes que recibimos es: \u00ab\u00bfNecesito un abogado especializado en lesiones personales en Texas o no?\u00bb<\/p>\n<p>Desde tu punto de vista, tienes un caso s\u00f3lido, as\u00ed que \u00bfpor qu\u00e9 aceptar menos del 100% de lo que podr\u00edas negociar por tu cuenta?<\/p>\n<p>Le recomiendo que se tome un tiempo para investigar por su cuenta antes de firmar cualquier documento con un abogado especializado en lesiones personales o con una compa\u00f1\u00eda de seguros. Aseg\u00farese de que los abogados con los que se ponga en contacto tengan disponible un libro que le sirva de gu\u00eda, como los que ofrecemos gratuitamente en este sitio web. <\/p>\n<p>En ciertas circunstancias, sin duda puede resolver su caso por su cuenta, siempre y cuando pueda responder afirmativamente a dos preguntas. Primero, fue su atenci\u00f3n m\u00e9dica de corta duraci\u00f3n? Es decir, \u00bfsufri\u00f3 un accidente y acudi\u00f3 al hospital o consult\u00f3 a un m\u00e9dico poco despu\u00e9s, pero finalmente se recuper\u00f3 por completo en pocos d\u00edas o semanas? Segundo, no existe ninguna duda sobre qui\u00e9n es el responsable? Si la responsabilidad es completamente clara y su tratamiento fue m\u00ednimo, probablemente pueda resolver su caso sin necesidad de un abogado.    <\/p>\n<p>Por otro lado, cuanto m\u00e1s compleja sea la lesi\u00f3n personal, m\u00e1s probable ser\u00e1 que necesite un <a href=\"https:\/\/austinaccidentlawyer.com\/es\/\">abogado especializado en lesiones personales en Texas<\/a> que pueda aportar un valor a\u00f1adido a su caso. A continuaci\u00f3n, se presentan algunos escenarios en los que hemos podido ayudar enormemente a nuestros clientes y en los que usted podr\u00eda necesitar un abogado: <\/p>\n<ul>\n<li><a title=\"Sin seguro m\u00e9dico, no hay problema\" href=\"https:\/\/austinaccidentlawyer.com\/personal-injury-services\/no-health-insurance-no-problem\/\">No tienes seguro m\u00e9dico.<\/a><\/li>\n<li>Sus<a title=\"Abogado de Austin especializado en lesiones personales graves\" href=\"https:\/\/austinaccidentlawyer.com\/personal-injury-services\/serious-personal-injury\/\"> heridas son graves.<\/a><\/li>\n<li>Tus lesiones no desaparecen, ni siquiera despu\u00e9s de haber recibido tratamiento durante varios meses.<\/li>\n<li>Tienes una<a title=\"Abogados de Austin especializados en lesiones cerebrales\" href=\"https:\/\/austinaccidentlawyer.com\/personal-injury-services\/serious-personal-injury\/austin-brain-injury-lawyers\/\"> lesi\u00f3n en la cabeza.<\/a><\/li>\n<li>Tienes un <a title=\"Abogados de Austin especializados en lesiones de espalda\" href=\"https:\/\/austinaccidentlawyer.com\/personal-injury-services\/serious-personal-injury\/austin-back-injury-lawyers\/\">hueso roto o una fractura.<\/a><\/li>\n<li><a title=\"Muerte por negligencia \/ Muerte accidental\" href=\"https:\/\/austinaccidentlawyer.com\/personal-injury-services\/wrongful-death\/\">Hubo una v\u00edctima mortal.<\/a><\/li>\n<li>La compa\u00f1\u00eda de seguros no admite responsabilidad alguna.<\/li>\n<li>Varios coches estuvieron implicados.<\/li>\n<li>Has perdido mucho tiempo de trabajo.<\/li>\n<li>Has sido degradado o has perdido tu trabajo como consecuencia del accidente.<\/li>\n<li>No puedes desempe\u00f1ar el mismo trabajo que antes del accidente.<\/li>\n<li>No puedes rendir al mismo nivel en tu trabajo que antes del accidente.<\/li>\n<li>Usted padece una afecci\u00f3n preexistente que se agrav\u00f3 a causa del accidente.<\/li>\n<li>Te atropell\u00f3 un cami\u00f3n.<\/li>\n<li>El otro conductor estaba borracho, drogado,<a title=\"Accidentes causados \u200b\u200bpor conductores distra\u00eddos\" href=\"https:\/\/austinaccidentlawyer.com\/personal-injury-services\/distracted-driver\/\"> leyendo un libro (s\u00ed, eso ocurre) o hablando por tel\u00e9fono.<\/a><\/li>\n<li>Necesitaste cirug\u00eda como consecuencia del accidente.<\/li>\n<li>No est\u00e1s seguro de qu\u00e9 tipo de m\u00e9dico debes consultar.<\/li>\n<\/ul>\n<p>En la mayor\u00eda de los casos que acabo de mencionar, es m\u00e1s conveniente contratar a un especialista que intentar resolver el caso por su cuenta, ya que existen muchos riesgos. Busque un abogado de lesiones personales con amplia experiencia en la evaluaci\u00f3n y el manejo de casos similares al suyo en su \u00e1rea geogr\u00e1fica. Lo que haya conseguido su t\u00edo en Arizona por su lesi\u00f3n personal no es relevante.  <\/p>\n<p>Recuerde que, una vez que llegue a un acuerdo, no habr\u00e1 vuelta atr\u00e1s. No tendr\u00e1 una segunda oportunidad, por lo que es muy importante hacerlo bien a la primera. Si necesita cirug\u00eda o pierde su trabajo despu\u00e9s de llegar a un acuerdo, no podr\u00e1 solicitar una indemnizaci\u00f3n adicional.  <\/p>\n<p>En resumen, no, no necesita un abogado especializado en lesiones personales para cada caso. En casos menores, podemos reunirnos con usted y asesorarlo durante todo el proceso a nuestra tarifa por hora, si lo desea. La mayor\u00eda de los abogados de lesiones personales ofrecen una consulta inicial gratuita, y le recomendamos que aproveche esta oportunidad. \u00a1Es un recurso excelente!   <\/p>\n<p>Por supuesto, tenemos <a href=\"https:\/\/austinaccidentlawyer.com\/video\/\">videos gratuitos para todos sobre reclamaciones por accidentes<\/a> y much\u00edsima informaci\u00f3n en este sitio web. Adem\u00e1s, pueden solicitar nuestras gu\u00edas para el consumidor de forma gratuita, incluyendo <a title=\"Informe gratuito de accidentes de Texas\" href=\"https:\/\/austinaccidentlawyer.com\/about-us\/free-texas-accident-report\/\">\u00abLos siete pecados capitales que pueden arruinar su reclamaci\u00f3n por lesiones<\/a>\u00ab, para obtener m\u00e1s informaci\u00f3n sobre las reclamaciones por lesiones personales en Texas.<\/p>\n","protected":false},"excerpt":{"rendered":"<p>Una de las preguntas m\u00e1s frecuentes que recibimos es: \u00ab\u00bfNecesito un abogado especializado en lesiones personales en Texas o no?\u00bb Desde tu punto de vista, tienes un caso s\u00f3lido, as\u00ed que \u00bfpor qu\u00e9 aceptar menos del 100% de lo que podr\u00edas negociar por tu cuenta? Le recomiendo que se tome un tiempo para investigar por&#8230;<\/p>\n","protected":false},"author":2,"featured_media":0,"parent":0,"menu_order":0,"comment_status":"open","ping_status":"closed","template":"","meta":{"_analytify_skip_tracking":false,"footnotes":""},"tags":[],"class_list":[],"_links":{"self":[{"href":"https:\/\/austinaccidentlawyer.com\/es\/wp-json\/wp\/v2\/pages\/33199","targetHints":{"allow":["GET"]}}],"collection":[{"href":"https:\/\/austinaccidentlawyer.com\/es\/wp-json\/wp\/v2\/pages"}],"about":[{"href":"https:\/\/austinaccidentlawyer.com\/es\/wp-json\/wp\/v2\/types\/page"}],"author":[{"embeddable":true,"href":"https:\/\/austinaccidentlawyer.com\/es\/wp-json\/wp\/v2\/users\/2"}],"replies":[{"embeddable":true,"href":"https:\/\/austinaccidentlawyer.com\/es\/wp-json\/wp\/v2\/comments?post=33199"}],"version-history":[{"count":0,"href":"https:\/\/austinaccidentlawyer.com\/es\/wp-json\/wp\/v2\/pages\/33199\/revisions"}],"wp:attachment":[{"href":"https:\/\/austinaccidentlawyer.com\/es\/wp-json\/wp\/v2\/media?parent=33199"}],"wp:term":[{"taxonomy":"post_tag","embeddable":true,"href":"https:\/\/austinaccidentlawyer.com\/es\/wp-json\/wp\/v2\/tags?post=33199"}],"curies":[{"name":"wp","href":"https:\/\/api.w.org\/{rel}","templated":true}]}}